{"id":930,"date":"2024-02-16T12:23:57","date_gmt":"2024-02-16T11:23:57","guid":{"rendered":"http:\/\/lyfx.ai\/?page_id=930"},"modified":"2026-02-10T08:54:39","modified_gmt":"2026-02-10T07:54:39","slug":"references","status":"publish","type":"page","link":"https:\/\/lyfx.ai\/pt\/references\/","title":{"rendered":"Hist\u00f3rias de sucesso"},"content":{"rendered":"<div class=\"wp-block-uagb-container uagb-block-006fd12b alignfull uagb-is-root-container\">\n<div style=\"height:50px\" aria-hidden=\"true\" class=\"wp-block-spacer\"><\/div>\n\n\n\n<div class=\"wp-block-cover has-ast-global-color-7-color has-text-color has-link-color wp-elements-efc0a888e03872c7f15323ace93457a6\"><img loading=\"lazy\" decoding=\"async\" width=\"1024\" height=\"288\" class=\"wp-block-cover__image-background wp-image-2500 size-large\" alt=\"\" src=\"http:\/\/lyfx.ai\/wp-content\/uploads\/2025\/07\/lyfX-Herobild-Ressourcen-1024x288.png\" style=\"object-position:10% 50%\" data-object-fit=\"cover\" data-object-position=\"10% 50%\" srcset=\"https:\/\/lyfx.ai\/wp-content\/uploads\/2025\/07\/lyfX-Herobild-Ressourcen-1024x288.png 1024w, https:\/\/lyfx.ai\/wp-content\/uploads\/2025\/07\/lyfX-Herobild-Ressourcen-300x84.png 300w, https:\/\/lyfx.ai\/wp-content\/uploads\/2025\/07\/lyfX-Herobild-Ressourcen-768x216.png 768w, https:\/\/lyfx.ai\/wp-content\/uploads\/2025\/07\/lyfX-Herobild-Ressourcen-1536x432.png 1536w, https:\/\/lyfx.ai\/wp-content\/uploads\/2025\/07\/lyfX-Herobild-Ressourcen-18x5.png 18w, https:\/\/lyfx.ai\/wp-content\/uploads\/2025\/07\/lyfX-Herobild-Ressourcen.png 1920w\" sizes=\"auto, (max-width: 1024px) 100vw, 1024px\" \/><span aria-hidden=\"true\" class=\"wp-block-cover__background has-background-dim-0 has-background-dim\" style=\"background-color:#485165\"><\/span><div class=\"wp-block-cover__inner-container is-layout-flow wp-block-cover-is-layout-flow\">\n<h1 class=\"wp-block-heading has-text-align-left has-ast-global-color-7-color has-text-color has-link-color has-x-large-font-size wp-elements-f78632377e884b8d492a87e7f7cb442e\" style=\"margin-right:var(--wp--preset--spacing--50);margin-left:var(--wp--preset--spacing--50)\">Hist\u00f3rias de sucesso<\/h1>\n<\/div><\/div>\n\n\n\n<div style=\"height:30px\" aria-hidden=\"true\" class=\"wp-block-spacer\"><\/div>\n<\/div>\n\n\n\n<div class=\"wp-block-uagb-container uagb-block-c87932e0 alignfull uagb-is-root-container\"><div class=\"uagb-container-inner-blocks-wrap\">\n<div style=\"height:40px\" aria-hidden=\"true\" class=\"wp-block-spacer\"><\/div>\n\n\n\n<div class=\"wp-block-uagb-testimonial uagb-slick-carousel uagb-tm__arrow-outside uagb-block-05f3274f\"><div class=\"is-carousel uagb-tm__columns-1 uagb-tm__items\"><div class=\"uagb-testimonial__wrap  uagb-tm__imgicon-style-circle uagb-tm__image-position-bottom uagb-tm__bg-type-color\"><div class=\"uagb-tm__content\"><div class=\"uagb-tm__overlay\"><\/div><div class=\"uagb-tm__text-wrap\"><div class=\"uagb-tm__desc\">Trabalhar com a equipa lyfX.ai foi uma experi\u00eancia fant\u00e1stica. O projeto decorreu sem problemas, a equipa esteve sempre dispon\u00edvel para responder \u00e0s nossas perguntas e obtivemos muitos conhecimentos novos.<\/div><div class=\"uagb-tm__meta-inner\"><div class=\"uagb-tm__image-content\"><div class=\"uagb-tm__image\"><img decoding=\"async\" class=\"uagb-tm-img-src\" src=\"http:\/\/lyfx.ai\/wp-content\/uploads\/2024\/03\/Scott-150x150.jpeg\" alt=\"\" width=\"125\" height=\"125\" loading=\"lazy\"\/><\/div><\/div><div class=\"uagb-testimonial-details\"><span class=\"uagb-tm__author-name\">Scott Foxhoven<\/span><span class=\"uagb-tm__company\">The Mosaic Co., EUA<\/span><\/div><\/div><\/div><\/div><\/div><div class=\"uagb-testimonial__wrap  uagb-tm__imgicon-style-circle uagb-tm__image-position-bottom uagb-tm__bg-type-color\"><div class=\"uagb-tm__content\"><div class=\"uagb-tm__overlay\"><\/div><div class=\"uagb-tm__text-wrap\"><div class=\"uagb-tm__desc\">A sua abordagem de vanguarda validou de forma independente o efeito do nosso produto e forneceu-nos novas ideias para um maior desenvolvimento. Uma parceria verdadeiramente valiosa!<\/div><div class=\"uagb-tm__meta-inner\"><div class=\"uagb-tm__image-content\"><div class=\"uagb-tm__image\"><img decoding=\"async\" class=\"uagb-tm-img-src\" src=\"http:\/\/lyfx.ai\/wp-content\/uploads\/2024\/02\/Ed-150x150.png\" alt=\"\" width=\"125\" height=\"125\" loading=\"lazy\"\/><\/div><\/div><div class=\"uagb-testimonial-details\"><span class=\"uagb-tm__author-name\">Edward Fuch<\/span><span class=\"uagb-tm__company\">Folium Science, Reino Unido<\/span><\/div><\/div><\/div><\/div><\/div><div class=\"uagb-testimonial__wrap  uagb-tm__imgicon-style-circle uagb-tm__image-position-bottom uagb-tm__bg-type-color\"><div class=\"uagb-tm__content\"><div class=\"uagb-tm__overlay\"><\/div><div class=\"uagb-tm__text-wrap\"><div class=\"uagb-tm__desc\">A sua vis\u00e3o da IA, juntamente com a sua abordagem anal\u00edtica \u00e0 resolu\u00e7\u00e3o de problemas, ajudaram-me realmente a reavaliar a minha abordagem empresarial \u00e0 IA.<\/div><div class=\"uagb-tm__meta-inner\"><div class=\"uagb-tm__image-content\"><div class=\"uagb-tm__image\"><img decoding=\"async\" class=\"uagb-tm-img-src\" src=\"http:\/\/lyfx.ai\/wp-content\/uploads\/2024\/03\/Jez-150x150.jpeg\" alt=\"\" width=\"125\" height=\"125\" loading=\"lazy\"\/><\/div><\/div><div class=\"uagb-testimonial-details\"><span class=\"uagb-tm__author-name\">Jez (Jeremy) Lofts<\/span><span class=\"uagb-tm__company\">Oxford Strategic, Reino Unido<\/span><\/div><\/div><\/div><\/div><\/div><div class=\"uagb-testimonial__wrap  uagb-tm__imgicon-style-circle uagb-tm__image-position-bottom uagb-tm__bg-type-color\"><div class=\"uagb-tm__content\"><div class=\"uagb-tm__overlay\"><\/div><div class=\"uagb-tm__text-wrap\"><div class=\"uagb-tm__desc\">Gra\u00e7as \u00e0 sua orienta\u00e7\u00e3o, muitos funcion\u00e1rios j\u00e1 integraram ferramentas de IA nos seus fluxos de trabalho, aumentando a produtividade e tendo um impacto tang\u00edvel.<\/div><div class=\"uagb-tm__meta-inner\"><div class=\"uagb-tm__image-content\"><div class=\"uagb-tm__image\"><img decoding=\"async\" class=\"uagb-tm-img-src\" src=\"http:\/\/lyfx.ai\/wp-content\/uploads\/2024\/09\/Markus_Pfaender-150x150.jpeg\" alt=\"\" width=\"125\" height=\"125\" loading=\"lazy\"\/><\/div><\/div><div class=\"uagb-testimonial-details\"><span class=\"uagb-tm__author-name\">Dr. Markus Pf\u00e4nder<\/span><span class=\"uagb-tm__company\">K-UTEC Salt Technologies AG, Alemanha<\/span><\/div><\/div><\/div><\/div><\/div><div class=\"uagb-testimonial__wrap  uagb-tm__imgicon-style-circle uagb-tm__image-position-bottom uagb-tm__bg-type-color\"><div class=\"uagb-tm__content\"><div class=\"uagb-tm__overlay\"><\/div><div class=\"uagb-tm__text-wrap\"><div class=\"uagb-tm__desc\">O workshop sobre IA organizado pela lyfX.ai foi excelente. Foi simultaneamente estimulante e altamente pr\u00e1tico, e os colegas sa\u00edram com conhecimentos pr\u00e1ticos e uma compreens\u00e3o mais profunda de como utilizar a IA de forma eficaz.<\/div><div class=\"uagb-tm__meta-inner\"><div class=\"uagb-tm__image-content\"><div class=\"uagb-tm__image\"><img decoding=\"async\" class=\"uagb-tm-img-src\" src=\"http:\/\/lyfx.ai\/wp-content\/uploads\/2025\/11\/Headshot_Octavia-150x150.jpeg\" alt=\"\" width=\"125\" height=\"125\" loading=\"lazy\"\/><\/div><\/div><div class=\"uagb-testimonial-details\"><span class=\"uagb-tm__author-name\">Octavia Andersen<\/span><span class=\"uagb-tm__company\">Stardollar Partners, Reino Unido<\/span><\/div><\/div><\/div><\/div><\/div><\/div><\/div>\n\n\n\n<div style=\"height:0px\" aria-hidden=\"true\" class=\"wp-block-spacer\"><\/div>\n<\/div><\/div>\n\n\n\n<div class=\"wp-block-uagb-container uagb-block-32c6b5e1 alignfull uagb-is-root-container\"><div class=\"uagb-container-inner-blocks-wrap\">\n<h3 class=\"wp-block-heading has-text-align-center\"><a href=\"https:\/\/lyfx.ai\/pt\/team\/#our_story\" target=\"_blank\" rel=\"noopener\" title=\"Equipa\">lyfX.ai: A nossa hist\u00f3ria<\/a><\/h3>\n\n\n\n<div style=\"height:20px\" aria-hidden=\"true\" class=\"wp-block-spacer\"><\/div>\n\n\n\n<div style=\"height:50px\" aria-hidden=\"true\" class=\"wp-block-spacer\"><\/div>\n<\/div><\/div>\n\n\n\n<div id=\"ref_AI\" class=\"wp-block-uagb-container uagb-block-659d0995 alignfull uagb-is-root-container\"><div class=\"uagb-container-inner-blocks-wrap\">\n<div class=\"wp-block-media-text is-stacked-on-mobile is-image-fill-element\" style=\"grid-template-columns:15% auto\"><figure class=\"wp-block-media-text__media\"><img loading=\"lazy\" decoding=\"async\" width=\"1024\" height=\"1024\" src=\"http:\/\/lyfx.ai\/wp-content\/uploads\/2025\/02\/CS_AI_office.jpg\" alt=\"Snapshot of successful AI integration case study with measurable outcomes.\" class=\"wp-image-1657 size-full\" style=\"object-position:50% 50%\" srcset=\"https:\/\/lyfx.ai\/wp-content\/uploads\/2025\/02\/CS_AI_office.jpg 1024w, https:\/\/lyfx.ai\/wp-content\/uploads\/2025\/02\/CS_AI_office-300x300.jpg 300w, https:\/\/lyfx.ai\/wp-content\/uploads\/2025\/02\/CS_AI_office-150x150.jpg 150w, https:\/\/lyfx.ai\/wp-content\/uploads\/2025\/02\/CS_AI_office-768x768.jpg 768w\" sizes=\"auto, (max-width: 1024px) 100vw, 1024px\" \/><\/figure><div class=\"wp-block-media-text__content\">\n<h4 class=\"wp-block-heading\"><strong>IA<\/strong> em Engenharia de processos<\/h4>\n\n\n\n<h3 class=\"wp-block-heading\" id=\"case-study-1\">Aumentar a efici\u00eancia atrav\u00e9s da IA<\/h3>\n\n\n\n<p>Uma PME do sector dos processos pretendia relat\u00f3rios mais r\u00e1pidos, mais consistentes e menos dependentes de reda\u00e7\u00e3o repetitiva.<\/p>\n\n\n\n<p>Trabalh\u00e1mos lado a lado: sess\u00f5es pr\u00e1ticas de apoio, ferramentas leves que se adaptavam ao fluxo de trabalho existente e apoio do ChatGPT quando este ajudava em partes da an\u00e1lise.<\/p>\n\n\n\n<p>Resultado: relat\u00f3rios mais r\u00e1pidos, resultados mais consistentes e uma equipa que se sente \u00e0 vontade para utilizar a IA no trabalho di\u00e1rio.<\/p>\n<\/div><\/div>\n\n\n\n<div style=\"height:66px\" aria-hidden=\"true\" class=\"wp-block-spacer\"><\/div>\n<\/div><\/div>\n\n\n\n<div id=\"ref_analysis\" class=\"wp-block-uagb-container uagb-block-bb609323 alignfull uagb-is-root-container\"><div class=\"uagb-container-inner-blocks-wrap\">\n<div class=\"wp-block-media-text has-media-on-the-right is-stacked-on-mobile is-image-fill-element\" style=\"grid-template-columns:auto 15%\"><div class=\"wp-block-media-text__content\">\n<h4 class=\"wp-block-heading\">An\u00e1lise avan\u00e7ada de dados em AgTech<\/h4>\n\n\n\n<h3 class=\"wp-block-heading\" id=\"case-study-2\">Gest\u00e3o de nutrientes baseada em dados para<br>Rendimentos melhorados<\/h3>\n\n\n\n<p>A quest\u00e3o \u00e9: como \u00e9 que as estrat\u00e9gias de nutrientes afectam o rendimento do milho em diferentes locais e como \u00e9 que transformamos dados de campo confusos em decis\u00f5es?<\/p>\n\n\n\n<p>Explor\u00e1mos os dados em conjunto, utiliz\u00e1mos uma an\u00e1lise baseada em quartis e modelos preditivos (incluindo redes neuronais) e reduzimos as vari\u00e1veis que realmente alteram o rendimento.<\/p>\n\n\n\n<p>Descobrimos que o momento do f\u00f3sforo \u00e9 uma alavanca fundamental e identific\u00e1mos sinais do solo e da planta que prev\u00eaem um rendimento acima da m\u00e9dia com uma precis\u00e3o de 70%+, permitindo uma fertiliza\u00e7\u00e3o mais direcionada.<\/p>\n<\/div><figure class=\"wp-block-media-text__media\"><img loading=\"lazy\" decoding=\"async\" width=\"1024\" height=\"1024\" src=\"http:\/\/lyfx.ai\/wp-content\/uploads\/2025\/02\/CS_soil.jpg\" alt=\"\" class=\"wp-image-1658 size-full\" style=\"object-position:50% 50%\" srcset=\"https:\/\/lyfx.ai\/wp-content\/uploads\/2025\/02\/CS_soil.jpg 1024w, https:\/\/lyfx.ai\/wp-content\/uploads\/2025\/02\/CS_soil-300x300.jpg 300w, https:\/\/lyfx.ai\/wp-content\/uploads\/2025\/02\/CS_soil-150x150.jpg 150w, https:\/\/lyfx.ai\/wp-content\/uploads\/2025\/02\/CS_soil-768x768.jpg 768w\" sizes=\"auto, (max-width: 1024px) 100vw, 1024px\" \/><\/figure><\/div>\n\n\n\n<div style=\"height:66px\" aria-hidden=\"true\" class=\"wp-block-spacer\"><\/div>\n<\/div><\/div>\n\n\n\n<div id=\"ref_consultancy\" class=\"wp-block-uagb-container uagb-block-8e2f98c4 alignfull uagb-is-root-container\"><div class=\"uagb-container-inner-blocks-wrap\">\n<div class=\"wp-block-media-text is-stacked-on-mobile is-image-fill-element\" style=\"grid-template-columns:15% auto\"><figure class=\"wp-block-media-text__media\"><img loading=\"lazy\" decoding=\"async\" width=\"1024\" height=\"1024\" src=\"http:\/\/lyfx.ai\/wp-content\/uploads\/2025\/02\/CS_carbon_credits.jpg\" alt=\"Image of a technician checking a product's carbon credits potential\" class=\"wp-image-1677 size-full\" style=\"object-position:50% 50%\" srcset=\"https:\/\/lyfx.ai\/wp-content\/uploads\/2025\/02\/CS_carbon_credits.jpg 1024w, https:\/\/lyfx.ai\/wp-content\/uploads\/2025\/02\/CS_carbon_credits-300x300.jpg 300w, https:\/\/lyfx.ai\/wp-content\/uploads\/2025\/02\/CS_carbon_credits-150x150.jpg 150w, https:\/\/lyfx.ai\/wp-content\/uploads\/2025\/02\/CS_carbon_credits-768x768.jpg 768w\" sizes=\"auto, (max-width: 1024px) 100vw, 1024px\" \/><\/figure><div class=\"wp-block-media-text__content\">\n<h4 class=\"wp-block-heading\">Estudo de viabilidade do cr\u00e9dito de carbono<\/h4>\n\n\n\n<h3 class=\"wp-block-heading\">Desbloquear o potencial de cr\u00e9dito de carbono<\/h3>\n\n\n\n<p>Poder\u00e1 a substitui\u00e7\u00e3o de um fumigante de elevado PAG por uma alternativa de menor impacte apoiar um caso cred\u00edvel de cr\u00e9dito de carbono, e far\u00e1 sentido em termos comerciais?<\/p>\n\n\n\n<p>Alinh\u00e1mos os pressupostos desde o in\u00edcio, quantific\u00e1mos as emiss\u00f5es com estimativas conservadoras e constru\u00edmos um modelo financeiro para testar a viabilidade face \u00e0 metodologia e \u00e0s restri\u00e7\u00f5es do mercado.<\/p>\n\n\n\n<p>Resultado: potencial de redu\u00e7\u00e3o significativo, um caso de neg\u00f3cio cred\u00edvel e pr\u00f3ximos passos claros para valida\u00e7\u00e3o e execu\u00e7\u00e3o.<\/p>\n<\/div><\/div>\n\n\n\n<div style=\"height:66px\" aria-hidden=\"true\" class=\"wp-block-spacer\"><\/div>\n<\/div><\/div>\n\n\n\n<div id=\"ref_analysis\" class=\"wp-block-uagb-container uagb-block-fc64952d alignfull uagb-is-root-container\"><div class=\"uagb-container-inner-blocks-wrap\">\n<div class=\"wp-block-media-text has-media-on-the-right is-stacked-on-mobile is-image-fill-element\" style=\"grid-template-columns:auto 15%\"><div class=\"wp-block-media-text__content\">\n<h4 class=\"wp-block-heading\">An\u00e1lise avan\u00e7ada de dados em AgTech<\/h4>\n\n\n\n<h3 class=\"wp-block-heading\">A an\u00e1lise avan\u00e7ada apoia os pioneiros na gest\u00e3o da sa\u00fade das aves de capoeira<\/h3>\n\n\n\n<p>Validar a efic\u00e1cia de forma independente e compreender os factores de desempenho em todas as condi\u00e7\u00f5es, com base em quase 7000 medi\u00e7\u00f5es.<\/p>\n\n\n\n<p>Combin\u00e1mos estat\u00edsticas avan\u00e7adas com modela\u00e7\u00e3o probabil\u00edstica para captar efeitos que as an\u00e1lises padr\u00e3o n\u00e3o detectam, especialmente perto dos limites de dete\u00e7\u00e3o.<\/p>\n\n\n\n<p>Confirm\u00e1mos uma forte efic\u00e1cia e revel\u00e1mos uma melhor perce\u00e7\u00e3o do desempenho em cen\u00e1rios de alto risco, refor\u00e7ando a base de provas e moldando os pr\u00f3ximos ensaios.<\/p>\n<\/div><figure class=\"wp-block-media-text__media\"><img loading=\"lazy\" decoding=\"async\" width=\"1024\" height=\"1024\" src=\"http:\/\/lyfx.ai\/wp-content\/uploads\/2025\/02\/CS_poultry.jpg\" alt=\"Image of Advanced Analysis in  Poultry Health Management\" class=\"wp-image-1656 size-full\" style=\"object-position:50% 50%\" srcset=\"https:\/\/lyfx.ai\/wp-content\/uploads\/2025\/02\/CS_poultry.jpg 1024w, https:\/\/lyfx.ai\/wp-content\/uploads\/2025\/02\/CS_poultry-300x300.jpg 300w, https:\/\/lyfx.ai\/wp-content\/uploads\/2025\/02\/CS_poultry-150x150.jpg 150w, https:\/\/lyfx.ai\/wp-content\/uploads\/2025\/02\/CS_poultry-768x768.jpg 768w\" sizes=\"auto, (max-width: 1024px) 100vw, 1024px\" \/><\/figure><\/div>\n\n\n\n<div style=\"height:66px\" aria-hidden=\"true\" class=\"wp-block-spacer\"><\/div>\n<\/div><\/div>\n\n\n\n<div class=\"wp-block-uagb-container uagb-block-74367799 alignfull uagb-is-root-container\"><div class=\"uagb-container-inner-blocks-wrap\">\n<div class=\"wp-block-media-text is-stacked-on-mobile is-image-fill-element\" style=\"grid-template-columns:15% auto\"><figure class=\"wp-block-media-text__media\"><img loading=\"lazy\" decoding=\"async\" width=\"1024\" height=\"1024\" src=\"http:\/\/lyfx.ai\/wp-content\/uploads\/2025\/05\/Corn_field.jpg\" alt=\"\" class=\"wp-image-2191 size-full\" style=\"object-position:50% 50%\" srcset=\"https:\/\/lyfx.ai\/wp-content\/uploads\/2025\/05\/Corn_field.jpg 1024w, https:\/\/lyfx.ai\/wp-content\/uploads\/2025\/05\/Corn_field-300x300.jpg 300w, https:\/\/lyfx.ai\/wp-content\/uploads\/2025\/05\/Corn_field-150x150.jpg 150w, https:\/\/lyfx.ai\/wp-content\/uploads\/2025\/05\/Corn_field-768x768.jpg 768w, https:\/\/lyfx.ai\/wp-content\/uploads\/2025\/05\/Corn_field-12x12.jpg 12w\" sizes=\"auto, (max-width: 1024px) 100vw, 1024px\" \/><\/figure><div class=\"wp-block-media-text__content\">\n<h4 class=\"wp-block-heading\">An\u00e1lise avan\u00e7ada de dados em AgTech<\/h4>\n\n\n\n<h3 class=\"wp-block-heading\">Informa\u00e7\u00f5es baseadas em dados para o melhoramento do solo<\/h3>\n\n\n\n<p>Descobrir quando e onde um potenciador de solo funciona, utilizando grandes ensaios de campo com resultados altamente vari\u00e1veis e mais de 40 vari\u00e1veis.<\/p>\n\n\n\n<p>Compar\u00e1mos casos \u201cbons\u201d e \u201cmaus\u201d, model\u00e1mos os factores de resposta utilizando modelos de aprendizagem autom\u00e1tica e identific\u00e1mos janelas de taxa de aplica\u00e7\u00e3o e efeitos do tipo de solo.<\/p>\n\n\n\n<p>O resultado foi uma mudan\u00e7a de orienta\u00e7\u00e3o \u00fanica para recomenda\u00e7\u00f5es espec\u00edficas para cada local, melhorando a consist\u00eancia e reduzindo os riscos negativos.<\/p>\n<\/div><\/div>\n\n\n\n<div style=\"height:40px\" aria-hidden=\"true\" class=\"wp-block-spacer\"><\/div>\n\n\n\n<div class=\"wp-block-uagb-buttons uagb-buttons__outer-wrap uagb-btn__default-btn uagb-btn-tablet__default-btn uagb-btn-mobile__default-btn uagb-block-a8b9c0d1\"><div class=\"uagb-buttons__wrap uagb-buttons-layout-wrap\">\n<div class=\"wp-block-uagb-buttons-child uagb-buttons__outer-wrap uagb-block-b9c0d1e2 wp-block-button\"><div class=\"uagb-button__wrapper\"><a class=\"uagb-buttons-repeater wp-block-button__link\" aria-label=\"\" href=\"https:\/\/calendly.com\/lyfx\/intro-call-lyfx\" rel=\"follow noopener\" target=\"_blank\" role=\"button\"><div class=\"uagb-button__link\">Marcar uma chamada<\/div><\/a><\/div><\/div>\n\n\n\n<div class=\"wp-block-uagb-buttons-child uagb-buttons__outer-wrap uagb-block-852c97cc wp-block-button\"><div class=\"uagb-button__wrapper\"><a class=\"uagb-buttons-repeater wp-block-button__link\" aria-label=\"\" href=\"https:\/\/lyfx.ai\/pt\/contact\/\" rel=\"follow noopener\" target=\"_blank\" role=\"button\"><div class=\"uagb-button__link\">Mensagem<\/div><\/a><\/div><\/div>\n<\/div><\/div>\n<\/div><\/div>\n\n\n\n<p><\/p>","protected":false},"excerpt":{"rendered":"<p>lyfX.ai: Our Story AI in Process Engineering Enhancing Efficiency Through AI A process-industry SME wanted reporting that is faster, more consistent, and less dependent on repetitive drafting. We worked side by side: hands-on prompting sessions, lightweight tooling that fit their existing workflow, and ChatGPT support where it helped with parts of the analysis. Result: faster [&hellip;]<\/p>\n","protected":false},"author":1,"featured_media":0,"parent":0,"menu_order":0,"comment_status":"closed","ping_status":"closed","template":"","meta":{"_uag_custom_page_level_css":"","site-sidebar-layout":"no-sidebar","site-content-layout":"page-builder","ast-site-content-layout":"full-width-container","site-content-style":"unboxed","site-sidebar-style":"unboxed","ast-global-header-display":"","ast-banner-title-visibility":"","ast-main-header-display":"","ast-hfb-above-header-display":"","ast-hfb-below-header-display":"","ast-hfb-mobile-header-display":"","site-post-title":"disabled","ast-breadcrumbs-content":"","ast-featured-img":"disabled","footer-sml-layout":"","ast-disable-related-posts":"","theme-transparent-header-meta":"enabled","adv-header-id-meta":"","stick-header-meta":"","header-above-stick-meta":"","header-main-stick-meta":"","header-below-stick-meta":"","astra-migrate-meta-layouts":"set","ast-page-background-enabled":"default","ast-page-background-meta":{"desktop":{"background-color":"var(--ast-global-color-4)","background-image":"","background-repeat":"repeat","background-position":"center center","background-size":"auto","background-attachment":"scroll","background-type":"","background-media":"","overlay-type":"","overlay-color":"","overlay-opacity":"","overlay-gradient":""},"tablet":{"background-color":"","background-image":"","background-repeat":"repeat","background-position":"center center","background-size":"auto","background-attachment":"scroll","background-type":"","background-media":"","overlay-type":"","overlay-color":"","overlay-opacity":"","overlay-gradient":""},"mobile":{"background-color":"","background-image":"","background-repeat":"repeat","background-position":"center center","background-size":"auto","background-attachment":"scroll","background-type":"","background-media":"","overlay-type":"","overlay-color":"","overlay-opacity":"","overlay-gradient":""}},"ast-content-background-meta":{"desktop":{"background-color":"var(--ast-global-color-5)","background-image":"","background-repeat":"repeat","background-position":"center center","background-size":"auto","background-attachment":"scroll","background-type":"","background-media":"","overlay-type":"","overlay-color":"","overlay-opacity":"","overlay-gradient":""},"tablet":{"background-color":"var(--ast-global-color-5)","background-image":"","background-repeat":"repeat","background-position":"center center","background-size":"auto","background-attachment":"scroll","background-type":"","background-media":"","overlay-type":"","overlay-color":"","overlay-opacity":"","overlay-gradient":""},"mobile":{"background-color":"var(--ast-global-color-5)","background-image":"","background-repeat":"repeat","background-position":"center center","background-size":"auto","background-attachment":"scroll","background-type":"","background-media":"","overlay-type":"","overlay-color":"","overlay-opacity":"","overlay-gradient":""}},"footnotes":""},"class_list":["post-930","page","type-page","status-publish","hentry"],"aioseo_notices":[],"uagb_featured_image_src":{"full":false,"thumbnail":false,"medium":false,"medium_large":false,"large":false,"1536x1536":false,"2048x2048":false,"trp-custom-language-flag":false},"uagb_author_info":{"display_name":"Andre Moreira","author_link":"https:\/\/lyfx.ai\/pt\/author\/amoreira\/"},"uagb_comment_info":0,"uagb_excerpt":"lyfX.ai: Our Story AI in Process Engineering Enhancing Efficiency Through AI A process-industry SME wanted reporting that is faster, more consistent, and less dependent on repetitive drafting. We worked side by side: hands-on prompting sessions, lightweight tooling that fit their existing workflow, and ChatGPT support where it helped with parts of the analysis. Result: faster&hellip;","_links":{"self":[{"href":"https:\/\/lyfx.ai\/pt\/wp-json\/wp\/v2\/pages\/930","targetHints":{"allow":["GET"]}}],"collection":[{"href":"https:\/\/lyfx.ai\/pt\/wp-json\/wp\/v2\/pages"}],"about":[{"href":"https:\/\/lyfx.ai\/pt\/wp-json\/wp\/v2\/types\/page"}],"author":[{"embeddable":true,"href":"https:\/\/lyfx.ai\/pt\/wp-json\/wp\/v2\/users\/1"}],"replies":[{"embeddable":true,"href":"https:\/\/lyfx.ai\/pt\/wp-json\/wp\/v2\/comments?post=930"}],"version-history":[{"count":10,"href":"https:\/\/lyfx.ai\/pt\/wp-json\/wp\/v2\/pages\/930\/revisions"}],"predecessor-version":[{"id":3350,"href":"https:\/\/lyfx.ai\/pt\/wp-json\/wp\/v2\/pages\/930\/revisions\/3350"}],"wp:attachment":[{"href":"https:\/\/lyfx.ai\/pt\/wp-json\/wp\/v2\/media?parent=930"}],"curies":[{"name":"wp","href":"https:\/\/api.w.org\/{rel}","templated":true}]}}