{"id":2371,"date":"2025-06-05T23:26:21","date_gmt":"2025-06-05T21:26:21","guid":{"rendered":"https:\/\/lyfx.ai\/?page_id=2371"},"modified":"2026-04-28T10:42:45","modified_gmt":"2026-04-28T08:42:45","slug":"services","status":"publish","type":"page","link":"https:\/\/lyfx.ai\/pt\/services\/","title":{"rendered":"O que fazemos"},"content":{"rendered":"<div class=\"wp-block-uagb-container uagb-block-b7223fb6 alignfull uagb-is-root-container\">\n<div style=\"height:70px\" aria-hidden=\"true\" class=\"wp-block-spacer\"><\/div>\n\n\n\n<div class=\"wp-block-cover\"><img loading=\"lazy\" decoding=\"async\" width=\"1024\" height=\"288\" class=\"wp-block-cover__image-background wp-image-2501 size-large\" alt=\"\" src=\"http:\/\/lyfx.ai\/wp-content\/uploads\/2025\/07\/lyfX-Herobild-Dienstleistungen-1024x288.png\" data-object-fit=\"cover\" srcset=\"https:\/\/lyfx.ai\/wp-content\/uploads\/2025\/07\/lyfX-Herobild-Dienstleistungen-1024x288.png 1024w, https:\/\/lyfx.ai\/wp-content\/uploads\/2025\/07\/lyfX-Herobild-Dienstleistungen-300x84.png 300w, https:\/\/lyfx.ai\/wp-content\/uploads\/2025\/07\/lyfX-Herobild-Dienstleistungen-768x216.png 768w, https:\/\/lyfx.ai\/wp-content\/uploads\/2025\/07\/lyfX-Herobild-Dienstleistungen-1536x432.png 1536w, https:\/\/lyfx.ai\/wp-content\/uploads\/2025\/07\/lyfX-Herobild-Dienstleistungen-18x5.png 18w, https:\/\/lyfx.ai\/wp-content\/uploads\/2025\/07\/lyfX-Herobild-Dienstleistungen.png 1920w\" sizes=\"auto, (max-width: 1024px) 100vw, 1024px\" \/><span aria-hidden=\"true\" class=\"wp-block-cover__background has-background-dim-0 has-background-dim\" style=\"background-color:#182238\"><\/span><div class=\"wp-block-cover__inner-container is-layout-flow wp-block-cover-is-layout-flow\">\n<h1 class=\"wp-block-heading has-text-align-left has-ast-global-color-7-color has-text-color has-link-color has-x-large-font-size wp-elements-107514234b77e96cd9dfe737e799a796\" style=\"margin-right:var(--wp--preset--spacing--50);margin-left:var(--wp--preset--spacing--50)\">\n        O que fazemos\n      <\/h1>\n<\/div><\/div>\n\n\n\n<div style=\"height:30px\" aria-hidden=\"true\" class=\"wp-block-spacer\"><\/div>\n<\/div>\n\n\n\n<div class=\"wp-block-uagb-container uagb-block-5a9edaca alignfull uagb-is-root-container\"><div class=\"uagb-container-inner-blocks-wrap\">\n<div style=\"height:40px\" aria-hidden=\"true\" class=\"wp-block-spacer\"><\/div>\n\n\n\n<h2 class=\"wp-block-heading\">Produtos<\/h2>\n\n\n\n<p>\n      Desenvolvemos produtos de dados e de IA para empresas industriais. Com os seus\n      utilizadores, validamos ideias rapidamente, concebemos experi\u00eancias f\u00e1ceis de utilizar e constru\u00edmos\n      sistemas fi\u00e1veis que podem entrar em produ\u00e7\u00e3o.\n    <\/p>\n\n\n\n<p>\n      Combinamos estrat\u00e9gia, design, dados e engenharia para passar do prot\u00f3tipo\n      para a produ\u00e7\u00e3o com resultados claros.\n    <\/p>\n\n\n\n<div class=\"wp-block-uagb-container uagb-block-657008e0\">\n<blockquote class=\"wp-block-quote is-layout-flow wp-block-quote-is-layout-flow\">\n<p>\n          lyfX.ai tem-nos ajudado a adotar ferramentas modernas de IA no nosso trabalho di\u00e1rio.\n          Muitos colegas utilizam estas ferramentas no seu trabalho di\u00e1rio, aumentando\n          aumentando a produtividade e tendo um impacto tang\u00edvel.\n        <\/p>\n\n\n\n<p class=\"has-text-align-right\">Dr. Markus Pf\u00e4nder<\/p>\n\n\n\n<p class=\"has-text-align-right\">K-UTEC AG Salt Technologies, Alemanha<\/p>\n<\/blockquote>\n<\/div>\n\n\n\n<div style=\"height:50px\" aria-hidden=\"true\" class=\"wp-block-spacer\"><\/div>\n\n\n\n<div class=\"wp-block-uagb-buttons uagb-buttons__outer-wrap uagb-btn__default-btn uagb-btn-tablet__default-btn uagb-btn-mobile__default-btn uagb-block-236d6bdc\"><div class=\"uagb-buttons__wrap uagb-buttons-layout-wrap\">\n<div class=\"wp-block-uagb-buttons-child uagb-buttons__outer-wrap uagb-block-4f33a9c1 wp-block-button\"><div class=\"uagb-button__wrapper\"><a class=\"uagb-buttons-repeater wp-block-button__link\" aria-label=\"\" href=\"https:\/\/lyfx.ai\/pt\/pfd-bench\/\" rel=\"follow noopener\" target=\"_blank\" role=\"button\"><div class=\"uagb-button__link\">Destaque do produto: Banco PFD<\/div><\/a><\/div><\/div>\n<\/div><\/div>\n\n\n\n<div style=\"height:50px\" aria-hidden=\"true\" class=\"wp-block-spacer\"><\/div>\n\n\n\n<figure class=\"wp-block-image aligncenter size-large\"><img loading=\"lazy\" decoding=\"async\" width=\"1024\" height=\"683\" src=\"http:\/\/lyfx.ai\/wp-content\/uploads\/2025\/11\/shutterstock_2658852275-1024x683.jpg\" alt=\"Two managers discussing about a new application and its features.\" class=\"wp-image-2902\" srcset=\"https:\/\/lyfx.ai\/wp-content\/uploads\/2025\/11\/shutterstock_2658852275-1024x683.jpg 1024w, https:\/\/lyfx.ai\/wp-content\/uploads\/2025\/11\/shutterstock_2658852275-300x200.jpg 300w, https:\/\/lyfx.ai\/wp-content\/uploads\/2025\/11\/shutterstock_2658852275-768x512.jpg 768w, https:\/\/lyfx.ai\/wp-content\/uploads\/2025\/11\/shutterstock_2658852275-1536x1024.jpg 1536w, https:\/\/lyfx.ai\/wp-content\/uploads\/2025\/11\/shutterstock_2658852275-2048x1365.jpg 2048w, https:\/\/lyfx.ai\/wp-content\/uploads\/2025\/11\/shutterstock_2658852275-18x12.jpg 18w\" sizes=\"auto, (max-width: 1024px) 100vw, 1024px\" \/><\/figure>\n\n\n\n<div style=\"height:50px\" aria-hidden=\"true\" class=\"wp-block-spacer\"><\/div>\n\n\n\n<hr class=\"wp-block-separator has-text-color has-ast-global-color-1-color has-alpha-channel-opacity has-ast-global-color-1-background-color has-background is-style-wide\"\/>\n\n\n\n<div style=\"height:50px\" aria-hidden=\"true\" class=\"wp-block-spacer\"><\/div>\n\n\n\n<h2 class=\"wp-block-heading\">Data<\/h2>\n\n\n\n<p>\n      Trabalhamos consigo para avaliar e estruturar os seus dados para que possa confiar neles.\n      Em seguida, exploramo-los em conjunto para revelar padr\u00f5es, criar as m\u00e9tricas certas,\n      e transformar os insights em melhores decis\u00f5es.\n    <\/p>\n\n\n\n<p>Quando a IA faz sentido, desenvolvemos em conjunto casos de utiliza\u00e7\u00e3o pr\u00e1ticos, enviamos rapidamente uma primeira vers\u00e3o e integramos a IA nos fluxos de trabalho quotidianos para que seja utilizada. <\/p>\n\n\n\n<div class=\"wp-block-uagb-container uagb-block-52c3ca14\">\n<blockquote class=\"wp-block-quote is-layout-flow wp-block-quote-is-layout-flow\">\n<p>\n          Trabalhar com a equipa lyfX.ai foi uma grande experi\u00eancia. O projeto correu\n          correu bem, a equipa esteve sempre presente para responder \u00e0s nossas perguntas e\n          e obtivemos muitos conhecimentos novos.\n        <\/p>\n\n\n\n<p class=\"has-text-align-right\">Scott Foxhoven, PhD<\/p>\n\n\n\n<p class=\"has-text-align-right\">The Mosaic Company, EUA<\/p>\n<\/blockquote>\n<\/div>\n\n\n\n<div style=\"height:30px\" aria-hidden=\"true\" class=\"wp-block-spacer\"><\/div>\n\n\n\n<figure class=\"wp-block-image aligncenter size-large\"><img loading=\"lazy\" decoding=\"async\" width=\"1024\" height=\"576\" src=\"http:\/\/lyfx.ai\/wp-content\/uploads\/2025\/06\/shutterstock_1361025671-1024x576.jpg\" alt=\"Scientist in a analytical lab collecting data for analysis.\" class=\"wp-image-2404\" srcset=\"https:\/\/lyfx.ai\/wp-content\/uploads\/2025\/06\/shutterstock_1361025671-1024x576.jpg 1024w, https:\/\/lyfx.ai\/wp-content\/uploads\/2025\/06\/shutterstock_1361025671-300x169.jpg 300w, https:\/\/lyfx.ai\/wp-content\/uploads\/2025\/06\/shutterstock_1361025671-768x432.jpg 768w, https:\/\/lyfx.ai\/wp-content\/uploads\/2025\/06\/shutterstock_1361025671-1536x864.jpg 1536w, https:\/\/lyfx.ai\/wp-content\/uploads\/2025\/06\/shutterstock_1361025671-2048x1152.jpg 2048w, https:\/\/lyfx.ai\/wp-content\/uploads\/2025\/06\/shutterstock_1361025671-18x10.jpg 18w\" sizes=\"auto, (max-width: 1024px) 100vw, 1024px\" \/><\/figure>\n\n\n\n<div style=\"height:50px\" aria-hidden=\"true\" class=\"wp-block-spacer\"><\/div>\n\n\n\n<hr class=\"wp-block-separator has-text-color has-ast-global-color-1-color has-alpha-channel-opacity has-ast-global-color-1-background-color has-background is-style-wide\"\/>\n\n\n\n<div style=\"height:50px\" aria-hidden=\"true\" class=\"wp-block-spacer\"><\/div>\n\n\n\n<h2 class=\"wp-block-heading\">Workshops<\/h2>\n\n\n\n<p>\n      Como n\u00f3s pr\u00f3prios constru\u00edmos produtos de IA, os workshops s\u00e3o pr\u00e1ticos: casos de\n      casos de utiliza\u00e7\u00e3o reais, ferramentas reais e resultados reais, e n\u00e3o apresenta\u00e7\u00f5es de diapositivos.\n    <\/p>\n\n\n\n<p>\n      Trabalhamos em conjunto num pequeno conjunto de fluxos de trabalho concretos, desde a solicita\u00e7\u00e3o\n      aos agentes de codifica\u00e7\u00e3o. O utilizador sai com exemplos de trabalho, padr\u00f5es reutiliz\u00e1veis e\n      um pr\u00f3ximo passo claro para aplic\u00e1-los no trabalho quotidiano.\n    <\/p>\n\n\n\n<div class=\"wp-block-uagb-container uagb-block-73926824\">\n<blockquote class=\"wp-block-quote is-layout-flow wp-block-quote-is-layout-flow\">\n<p>\n          O workshop sobre IA organizado pela lyfX.ai foi excelente. Foi simultaneamente\n          instigante e altamente pr\u00e1tico. O feedback da equipa da\n          equipa da Stardollar foi extremamente positivo.\n        <\/p>\n\n\n\n<p class=\"has-text-align-right\">Octavia Andersen<\/p>\n\n\n\n<p class=\"has-text-align-right\">Stardollar Partners, Reino Unido<\/p>\n<\/blockquote>\n<\/div>\n\n\n\n<div style=\"height:30px\" aria-hidden=\"true\" class=\"wp-block-spacer\"><\/div>\n\n\n\n<figure class=\"wp-block-image aligncenter size-large\"><img loading=\"lazy\" decoding=\"async\" width=\"1024\" height=\"683\" src=\"http:\/\/lyfx.ai\/wp-content\/uploads\/2025\/06\/shutterstock_1843016377-1024x683.jpg\" alt=\"Team discussing the latest AI use cases as part of a workshop.\" class=\"wp-image-2406\" srcset=\"https:\/\/lyfx.ai\/wp-content\/uploads\/2025\/06\/shutterstock_1843016377-1024x683.jpg 1024w, https:\/\/lyfx.ai\/wp-content\/uploads\/2025\/06\/shutterstock_1843016377-300x200.jpg 300w, https:\/\/lyfx.ai\/wp-content\/uploads\/2025\/06\/shutterstock_1843016377-768x512.jpg 768w, https:\/\/lyfx.ai\/wp-content\/uploads\/2025\/06\/shutterstock_1843016377-1536x1024.jpg 1536w, https:\/\/lyfx.ai\/wp-content\/uploads\/2025\/06\/shutterstock_1843016377-2048x1365.jpg 2048w, https:\/\/lyfx.ai\/wp-content\/uploads\/2025\/06\/shutterstock_1843016377-18x12.jpg 18w\" sizes=\"auto, (max-width: 1024px) 100vw, 1024px\" \/><\/figure>\n\n\n\n<div style=\"height:50px\" aria-hidden=\"true\" class=\"wp-block-spacer\"><\/div>\n\n\n\n<hr class=\"wp-block-separator has-text-color has-ast-global-color-1-color has-alpha-channel-opacity has-ast-global-color-1-background-color has-background is-style-wide\"\/>\n\n\n\n<div style=\"height:50px\" aria-hidden=\"true\" class=\"wp-block-spacer\"><\/div>\n\n\n\n<h2 class=\"wp-block-heading\">Vamos conversar<\/h2>\n\n\n\n<p>Pretende explorar em conjunto um caso de utiliza\u00e7\u00e3o ou apenas verificar se \u00e9 adequado? Marque uma breve chamada. Sem compromisso, sem diapositivos. <\/p>\n\n\n\n<div style=\"height:20px\" aria-hidden=\"true\" class=\"wp-block-spacer\"><\/div>\n\n\n\n<div class=\"wp-block-uagb-buttons uagb-buttons__outer-wrap uagb-btn__default-btn uagb-btn-tablet__default-btn uagb-btn-mobile__default-btn uagb-block-a8b9c0d1\"><div class=\"uagb-buttons__wrap uagb-buttons-layout-wrap\">\n<div class=\"wp-block-uagb-buttons-child uagb-buttons__outer-wrap uagb-block-b9c0d1e2 wp-block-button\"><div class=\"uagb-button__wrapper\"><a class=\"uagb-buttons-repeater wp-block-button__link\" aria-label=\"\" href=\"https:\/\/calendly.com\/lyfx\/intro-call-lyfx\" rel=\"follow noopener\" target=\"_blank\" role=\"button\"><div class=\"uagb-button__link\">Marcar uma chamada<\/div><\/a><\/div><\/div>\n\n\n\n<div class=\"wp-block-uagb-buttons-child uagb-buttons__outer-wrap uagb-block-852c97cc wp-block-button\"><div class=\"uagb-button__wrapper\"><a class=\"uagb-buttons-repeater wp-block-button__link\" aria-label=\"\" href=\"https:\/\/lyfx.ai\/pt\/contact\/\" rel=\"follow noopener\" target=\"_blank\" role=\"button\"><div class=\"uagb-button__link\">Mensagem<\/div><\/a><\/div><\/div>\n<\/div><\/div>\n<\/div><\/div>\n\n\n\n<p><\/p>","protected":false},"excerpt":{"rendered":"<p>Products We develop Data and AI products for manufacturing companies. With your users, we validate ideas fast, design user-friendly experiences, and build reliable systems that can go live in production. We combine strategy, design, data, and engineering to move from prototype to production with clear outcomes. lyfX.ai has been helping us adopt modern AI tools [&hellip;]<\/p>\n","protected":false},"author":1,"featured_media":0,"parent":0,"menu_order":0,"comment_status":"closed","ping_status":"closed","template":"","meta":{"_uag_custom_page_level_css":"","site-sidebar-layout":"no-sidebar","site-content-layout":"page-builder","ast-site-content-layout":"full-width-container","site-content-style":"unboxed","site-sidebar-style":"unboxed","ast-global-header-display":"","ast-banner-title-visibility":"","ast-main-header-display":"","ast-hfb-above-header-display":"","ast-hfb-below-header-display":"","ast-hfb-mobile-header-display":"","site-post-title":"disabled","ast-breadcrumbs-content":"","ast-featured-img":"disabled","footer-sml-layout":"","ast-disable-related-posts":"","theme-transparent-header-meta":"enabled","adv-header-id-meta":"","stick-header-meta":"","header-above-stick-meta":"","header-main-stick-meta":"","header-below-stick-meta":"","astra-migrate-meta-layouts":"set","ast-page-background-enabled":"default","ast-page-background-meta":{"desktop":{"background-color":"var(--ast-global-color-4)","background-image":"","background-repeat":"repeat","background-position":"center center","background-size":"auto","background-attachment":"scroll","background-type":"","background-media":"","overlay-type":"","overlay-color":"","overlay-opacity":"","overlay-gradient":""},"tablet":{"background-color":"","background-image":"","background-repeat":"repeat","background-position":"center center","background-size":"auto","background-attachment":"scroll","background-type":"","background-media":"","overlay-type":"","overlay-color":"","overlay-opacity":"","overlay-gradient":""},"mobile":{"background-color":"","background-image":"","background-repeat":"repeat","background-position":"center center","background-size":"auto","background-attachment":"scroll","background-type":"","background-media":"","overlay-type":"","overlay-color":"","overlay-opacity":"","overlay-gradient":""}},"ast-content-background-meta":{"desktop":{"background-color":"var(--ast-global-color-5)","background-image":"","background-repeat":"repeat","background-position":"center center","background-size":"auto","background-attachment":"scroll","background-type":"","background-media":"","overlay-type":"","overlay-color":"","overlay-opacity":"","overlay-gradient":""},"tablet":{"background-color":"var(--ast-global-color-5)","background-image":"","background-repeat":"repeat","background-position":"center center","background-size":"auto","background-attachment":"scroll","background-type":"","background-media":"","overlay-type":"","overlay-color":"","overlay-opacity":"","overlay-gradient":""},"mobile":{"background-color":"var(--ast-global-color-5)","background-image":"","background-repeat":"repeat","background-position":"center center","background-size":"auto","background-attachment":"scroll","background-type":"","background-media":"","overlay-type":"","overlay-color":"","overlay-opacity":"","overlay-gradient":""}},"footnotes":""},"class_list":["post-2371","page","type-page","status-publish","hentry"],"aioseo_notices":[],"uagb_featured_image_src":{"full":false,"thumbnail":false,"medium":false,"medium_large":false,"large":false,"1536x1536":false,"2048x2048":false,"trp-custom-language-flag":false},"uagb_author_info":{"display_name":"Andre Moreira","author_link":"https:\/\/lyfx.ai\/pt\/author\/amoreira\/"},"uagb_comment_info":0,"uagb_excerpt":"Products We develop Data and AI products for manufacturing companies. With your users, we validate ideas fast, design user-friendly experiences, and build reliable systems that can go live in production. We combine strategy, design, data, and engineering to move from prototype to production with clear outcomes. lyfX.ai has been helping us adopt modern AI tools&hellip;","_links":{"self":[{"href":"https:\/\/lyfx.ai\/pt\/wp-json\/wp\/v2\/pages\/2371","targetHints":{"allow":["GET"]}}],"collection":[{"href":"https:\/\/lyfx.ai\/pt\/wp-json\/wp\/v2\/pages"}],"about":[{"href":"https:\/\/lyfx.ai\/pt\/wp-json\/wp\/v2\/types\/page"}],"author":[{"embeddable":true,"href":"https:\/\/lyfx.ai\/pt\/wp-json\/wp\/v2\/users\/1"}],"replies":[{"embeddable":true,"href":"https:\/\/lyfx.ai\/pt\/wp-json\/wp\/v2\/comments?post=2371"}],"version-history":[{"count":9,"href":"https:\/\/lyfx.ai\/pt\/wp-json\/wp\/v2\/pages\/2371\/revisions"}],"predecessor-version":[{"id":3398,"href":"https:\/\/lyfx.ai\/pt\/wp-json\/wp\/v2\/pages\/2371\/revisions\/3398"}],"wp:attachment":[{"href":"https:\/\/lyfx.ai\/pt\/wp-json\/wp\/v2\/media?parent=2371"}],"curies":[{"name":"wp","href":"https:\/\/api.w.org\/{rel}","templated":true}]}}