{"id":2278,"date":"2025-06-02T11:38:18","date_gmt":"2025-06-02T09:38:18","guid":{"rendered":"https:\/\/lyfx.ai\/?page_id=2278"},"modified":"2025-09-01T06:42:54","modified_gmt":"2025-09-01T04:42:54","slug":"trade-show-crystallization","status":"publish","type":"page","link":"https:\/\/lyfx.ai\/pt\/trade-show-crystallization\/","title":{"rendered":"feira - cristaliza\u00e7\u00e3o"},"content":{"rendered":"<div class=\"wp-block-uagb-container uagb-block-5e1948c5 alignfull uagb-is-root-container\"><div class=\"uagb-container-inner-blocks-wrap\">\n<div style=\"height:100px\" aria-hidden=\"true\" class=\"wp-block-spacer\"><\/div>\n\n\n\n<h1 class=\"wp-block-heading\">Tecnologias de cristaliza\u00e7\u00e3o<\/h1>\n<\/div><\/div>\n\n\n\n<div class=\"wp-block-uagb-container uagb-block-65bfa760 alignfull uagb-is-root-container\"><div class=\"uagb-container-inner-blocks-wrap\">\n<div style=\"height:20px\" aria-hidden=\"true\" class=\"wp-block-spacer\"><\/div>\n\n\n\n<h2 class=\"wp-block-heading has-text-align-center\">Oportunidade de colabora\u00e7\u00e3o<\/h2>\n\n\n\n<div style=\"height:20px\" aria-hidden=\"true\" class=\"wp-block-spacer\"><\/div>\n\n\n\n<p><a href=\"http:\/\/www.k-utec.de\/en\" target=\"_blank\" rel=\"noopener\" title=\"\">K-UTEC AG Tecnologias do sal<\/a>, A lyfX.ai \u00e9 uma empresa de engenharia especializada no processamento de minerais e sal. Eles t\u00eam uma profunda experi\u00eancia na transforma\u00e7\u00e3o de salmouras complexas e licores-m\u00e3e em cristais de alta pureza precisamente definidos. O seu trabalho utiliza uma base de dados propriet\u00e1ria sobre solubilidade e termodin\u00e2mica de salmouras multicomponentes, apoiada por capacidades avan\u00e7adas de cristaliza\u00e7\u00e3o.<\/p>\n\n\n\n<p>A K-UTEC projeta processos de cristaliza\u00e7\u00e3o fracionada, a frio e semeada para alcan\u00e7ar distribui\u00e7\u00f5es espec\u00edficas de tamanho de part\u00edcula e n\u00edveis consistentemente baixos de impureza (abaixo de ppm). As suas solu\u00e7\u00f5es s\u00e3o robustas, escalando sem problemas desde os ensaios laboratoriais at\u00e9 \u00e0s opera\u00e7\u00f5es \u00e0 escala industrial que lidam com milhares de toneladas. Projectos recentes not\u00e1veis incluem uma f\u00e1brica de cristaliza\u00e7\u00e3o a frio de um milh\u00e3o de toneladas por ano para KCl na Jord\u00e2nia, e instala\u00e7\u00f5es que produzem sulfato de pot\u00e1ssio de grau farmac\u00eautico e carbonato de l\u00edtio de grau de bateria. <\/p>\n\n\n\n<p>A K-UTEC enfrenta com sucesso materiais inorg\u00e2nicos e org\u00e2nicos desafiantes, fornecendo cristais optimizados que melhoram os processos a jusante.<\/p>\n\n\n\n<div style=\"height:20px\" aria-hidden=\"true\" class=\"wp-block-spacer\"><\/div>\n\n\n\n<div style=\"height:20px\" aria-hidden=\"true\" class=\"wp-block-spacer\"><\/div>\n<\/div><\/div>\n\n\n\n<div class=\"wp-block-uagb-container uagb-block-7f40e216 alignfull uagb-is-root-container\"><div class=\"uagb-container-inner-blocks-wrap\">\n<ul class=\"wp-block-list\">\n<li style=\"padding-top:var(--wp--preset--spacing--30);padding-bottom:var(--wp--preset--spacing--30)\"><strong>Motor termodin\u00e2mico pr\u00f3prio<\/strong> - dados internos de solubilidade e termoqu\u00edmicos para salmouras multicomponentes; as partes s\u00e3o estritamente propriet\u00e1rias, fornecendo rotas que os concorrentes n\u00e3o podem copiar<\/li>\n\n\n\n<li style=\"padding-top:var(--wp--preset--spacing--30);padding-bottom:var(--wp--preset--spacing--30)\"><strong>Kit de ferramentas de engenharia de cristais<\/strong> - cristaliza\u00e7\u00e3o fraccionada (evapora\u00e7\u00e3o ou arrefecimento), cristaliza\u00e7\u00e3o a frio, convers\u00f5es glaserite e cainite-escoenite, precipita\u00e7\u00e3o semeada; tudo comprovado na ind\u00fastria<\/li>\n\n\n\n<li style=\"padding-top:var(--wp--preset--spacing--30);padding-bottom:var(--wp--preset--spacing--30)\"><strong>Controlo morfol\u00f3gico<\/strong> - capacidade de ajustar a nuclea\u00e7\u00e3o e o crescimento para obter uma distribui\u00e7\u00e3o estreita do tamanho do gr\u00e3o, uma forma de fluxo livre e um m\u00ednimo de impurezas oclusas<\/li>\n\n\n\n<li><strong>Centro de testes de bancada e \u00e0 escala piloto<\/strong> - Centro de testes com mais de 2.000 m\u00b2 equipado com a mais moderna tecnologia de processo em v\u00e1rios tamanhos<\/li>\n\n\n\n<li style=\"padding-top:var(--wp--preset--spacing--30);padding-bottom:var(--wp--preset--spacing--30)\"><strong>Escala que tranquiliza<\/strong> - O projeto de uma f\u00e1brica de KCl de cristaliza\u00e7\u00e3o a frio de 1 Mt a-\u00b9 (Arab Potash, Jord\u00e2nia) e de uma linha de 100 kt a-\u00b9 de glaserite para SOP (CINIS Fertilizer, Su\u00e9cia) mostra confian\u00e7a em ambos os extremos da escala<\/li>\n\n\n\n<li><strong>Experi\u00eancia comprovada em materiais org\u00e2nicos<\/strong> - incluindo cristaliza\u00e7\u00e3o de alanina (amino\u00e1cido), separa\u00e7\u00e3o de enanti\u00f3meros atrav\u00e9s de t\u00e9cnicas avan\u00e7adas de cristaliza\u00e7\u00e3o e outros projectos relacionados.<\/li>\n\n\n\n<li style=\"padding-top:var(--wp--preset--spacing--30);padding-bottom:var(--wp--preset--spacing--30)\"><strong>Envolvimento de ponta a ponta<\/strong> - A an\u00e1lise dos dados de explora\u00e7\u00e3o, a modela\u00e7\u00e3o do processo, as campanhas-piloto, a engenharia b\u00e1sica e de pormenor, a entrada em funcionamento e a otimiza\u00e7\u00e3o da renova\u00e7\u00e3o s\u00e3o efectuadas internamente<\/li>\n\n\n\n<li style=\"padding-top:var(--wp--preset--spacing--30);padding-bottom:var(--wp--preset--spacing--30)\"><strong>Neutro em termos de OEM, orientado para a sustentabilidade<\/strong> - capacidade de integrar o hardware de cristaliza\u00e7\u00e3o mais eficiente em termos energ\u00e9ticos do mercado e de recuperar subprodutos para reduzir os res\u00edduos e a pegada h\u00eddrica.<\/li>\n<\/ul>\n<\/div><\/div>\n\n\n\n<div class=\"wp-block-uagb-container uagb-block-abd5aec8 alignfull uagb-is-root-container\"><div class=\"uagb-container-inner-blocks-wrap\">\n<blockquote class=\"wp-block-quote is-layout-flow wp-block-quote-is-layout-flow\">\n<p>Teremos todo o gosto em p\u00f4-lo em contacto com os colegas certos no K-UTEC para explorar esta oportunidade!<\/p>\n<\/blockquote>\n<\/div><\/div>\n\n\n\n<p><\/p>","protected":false},"excerpt":{"rendered":"<p>Crystallization technologies Collaboration opportunity K-UTEC AG Salt Technologies, a valued client of lyfX.ai, is an engineering firm specialized in mineral and salt processing. They have deep expertise\u00a0 in transforming complex brines and mother liquors into precisely defined, high-purity crystals. Their work leverages a proprietary database on solubility and thermodynamics of multi-component brines, supported by advanced [&hellip;]<\/p>\n","protected":false},"author":1,"featured_media":0,"parent":0,"menu_order":0,"comment_status":"closed","ping_status":"closed","template":"","meta":{"_uag_custom_page_level_css":"","site-sidebar-layout":"default","site-content-layout":"","ast-site-content-layout":"default","site-content-style":"default","site-sidebar-style":"default","ast-global-header-display":"","ast-banner-title-visibility":"","ast-main-header-display":"","ast-hfb-above-header-display":"","ast-hfb-below-header-display":"","ast-hfb-mobile-header-display":"","site-post-title":"disabled","ast-breadcrumbs-content":"","ast-featured-img":"","footer-sml-layout":"","ast-disable-related-posts":"","theme-transparent-header-meta":"","adv-header-id-meta":"","stick-header-meta":"","header-above-stick-meta":"","header-main-stick-meta":"","header-below-stick-meta":"","astra-migrate-meta-layouts":"set","ast-page-background-enabled":"default","ast-page-background-meta":{"desktop":{"background-color":"var(--ast-global-color-4)","background-image":"","background-repeat":"repeat","background-position":"center center","background-size":"auto","background-attachment":"scroll","background-type":"","background-media":"","overlay-type":"","overlay-color":"","overlay-gradient":""},"tablet":{"background-color":"","background-image":"","background-repeat":"repeat","background-position":"center center","background-size":"auto","background-attachment":"scroll","background-type":"","background-media":"","overlay-type":"","overlay-color":"","overlay-gradient":""},"mobile":{"background-color":"","background-image":"","background-repeat":"repeat","background-position":"center center","background-size":"auto","background-attachment":"scroll","background-type":"","background-media":"","overlay-type":"","overlay-color":"","overlay-gradient":""}},"ast-content-background-meta":{"desktop":{"background-color":"var(--ast-global-color-5)","background-image":"","background-repeat":"repeat","background-position":"center center","background-size":"auto","background-attachment":"scroll","background-type":"","background-media":"","overlay-type":"","overlay-color":"","overlay-gradient":""},"tablet":{"background-color":"var(--ast-global-color-5)","background-image":"","background-repeat":"repeat","background-position":"center center","background-size":"auto","background-attachment":"scroll","background-type":"","background-media":"","overlay-type":"","overlay-color":"","overlay-gradient":""},"mobile":{"background-color":"var(--ast-global-color-5)","background-image":"","background-repeat":"repeat","background-position":"center center","background-size":"auto","background-attachment":"scroll","background-type":"","background-media":"","overlay-type":"","overlay-color":"","overlay-gradient":""}},"footnotes":""},"class_list":["post-2278","page","type-page","status-publish","hentry"],"aioseo_notices":[],"uagb_featured_image_src":{"full":false,"thumbnail":false,"medium":false,"medium_large":false,"large":false,"1536x1536":false,"2048x2048":false,"trp-custom-language-flag":false},"uagb_author_info":{"display_name":"Andre Moreira","author_link":"https:\/\/lyfx.ai\/pt\/author\/amoreira\/"},"uagb_comment_info":0,"uagb_excerpt":"Crystallization technologies Collaboration opportunity K-UTEC AG Salt Technologies, a valued client of lyfX.ai, is an engineering firm specialized in mineral and salt processing. They have deep expertise\u00a0 in transforming complex brines and mother liquors into precisely defined, high-purity crystals. Their work leverages a proprietary database on solubility and thermodynamics of multi-component brines, supported by advanced&hellip;","_links":{"self":[{"href":"https:\/\/lyfx.ai\/pt\/wp-json\/wp\/v2\/pages\/2278","targetHints":{"allow":["GET"]}}],"collection":[{"href":"https:\/\/lyfx.ai\/pt\/wp-json\/wp\/v2\/pages"}],"about":[{"href":"https:\/\/lyfx.ai\/pt\/wp-json\/wp\/v2\/types\/page"}],"author":[{"embeddable":true,"href":"https:\/\/lyfx.ai\/pt\/wp-json\/wp\/v2\/users\/1"}],"replies":[{"embeddable":true,"href":"https:\/\/lyfx.ai\/pt\/wp-json\/wp\/v2\/comments?post=2278"}],"version-history":[{"count":10,"href":"https:\/\/lyfx.ai\/pt\/wp-json\/wp\/v2\/pages\/2278\/revisions"}],"predecessor-version":[{"id":2839,"href":"https:\/\/lyfx.ai\/pt\/wp-json\/wp\/v2\/pages\/2278\/revisions\/2839"}],"wp:attachment":[{"href":"https:\/\/lyfx.ai\/pt\/wp-json\/wp\/v2\/media?parent=2278"}],"curies":[{"name":"wp","href":"https:\/\/api.w.org\/{rel}","templated":true}]}}