{"id":2268,"date":"2025-06-02T11:31:35","date_gmt":"2025-06-02T09:31:35","guid":{"rendered":"https:\/\/lyfx.ai\/?page_id=2268"},"modified":"2025-09-01T06:41:40","modified_gmt":"2025-09-01T04:41:40","slug":"trade-show-agents","status":"publish","type":"page","link":"https:\/\/lyfx.ai\/pt\/trade-show-agents\/","title":{"rendered":"feira de neg\u00f3cios - agentes"},"content":{"rendered":"<div class=\"wp-block-uagb-container uagb-block-98d043cf alignfull uagb-is-root-container\"><div class=\"uagb-container-inner-blocks-wrap\">\n<div style=\"height:100px\" aria-hidden=\"true\" class=\"wp-block-spacer\"><\/div>\n\n\n\n<h1 class=\"wp-block-heading\"><span style=\"text-decoration: underline;\"><a href=\"https:\/\/agents.lyfx.ai\/agents\/home\" target=\"_blank\" rel=\"noopener\" title=\"\">Agentes de IA inteligentes<\/a><\/span> para os sectores de produ\u00e7\u00e3o<\/h1>\n\n\n\n<ul class=\"wp-block-list\">\n<li>Automatizar fluxos de trabalho utilizando IA<\/li>\n\n\n\n<li>Incluir uma pessoa no circuito para garantir a exatid\u00e3o e a conformidade.<\/li>\n<\/ul>\n<\/div><\/div>\n\n\n\n<div class=\"wp-block-uagb-container uagb-block-65bfa760 alignfull uagb-is-root-container\"><div class=\"uagb-container-inner-blocks-wrap\">\n<div style=\"height:20px\" aria-hidden=\"true\" class=\"wp-block-spacer\"><\/div>\n\n\n\n<h2 class=\"wp-block-heading has-text-align-center\">Possibilidades infinitas<\/h2>\n\n\n\n<div style=\"height:20px\" aria-hidden=\"true\" class=\"wp-block-spacer\"><\/div>\n\n\n\n<div class=\"wp-block-columns is-layout-flex wp-container-core-columns-is-layout-f130efbf wp-block-columns-is-layout-flex\" style=\"padding-top:var(--wp--preset--spacing--30);padding-right:var(--wp--preset--spacing--30);padding-bottom:var(--wp--preset--spacing--30);padding-left:var(--wp--preset--spacing--30)\">\n<div class=\"wp-block-column is-layout-flow wp-block-column-is-layout-flow\">\n<h3 class=\"wp-block-heading\">\ud83c\udf31 <a href=\"https:\/\/agents.lyfx.ai\/agent\/cccalc\/\" target=\"_blank\" rel=\"noopener\" title=\"\">C\u00e1lculos de emiss\u00f5es de carbono (experimente!)<\/a><\/h3>\n\n\n\n<p>Calcule o GWP, as pegadas de produ\u00e7\u00e3o, as emiss\u00f5es de transporte e o valor dos cr\u00e9ditos de carbono com precis\u00e3o e conformidade regulamentar.<\/p>\n\n\n\n<p>Integra\u00e7\u00e3o da base de dados GWP<br>Transporte em v\u00e1rias etapas<br>Avalia\u00e7\u00e3o de cr\u00e9ditos de carbono<br>Conformidade regulamentar<\/p>\n<\/div>\n\n\n\n<div class=\"wp-block-column is-layout-flow wp-block-column-is-layout-flow\">\n<h3 class=\"wp-block-heading\">\ud83d\udee1\ufe0f Avalia\u00e7\u00f5es de seguran\u00e7a qu\u00edmica<\/h3>\n\n\n\n<p>An\u00e1lise automatizada de fichas de dados de seguran\u00e7a, avalia\u00e7\u00f5es de risco e verifica\u00e7\u00e3o de conformidade para seguran\u00e7a no local de trabalho e ambiental.<\/p>\n\n\n\n<p>\u2713 An\u00e1lise SDS<br>Gera\u00e7\u00e3o da matriz de risco<br>Recomenda\u00e7\u00f5es de EPI<br>Actualiza\u00e7\u00f5es regulamentares<\/p>\n<\/div>\n<\/div>\n\n\n\n<div class=\"wp-block-columns is-layout-flex wp-container-core-columns-is-layout-6dbbbada wp-block-columns-is-layout-flex\" style=\"padding-top:var(--wp--preset--spacing--30);padding-right:var(--wp--preset--spacing--30);padding-bottom:var(--wp--preset--spacing--30);padding-left:var(--wp--preset--spacing--30)\">\n<div class=\"wp-block-column is-layout-flow wp-block-column-is-layout-flow\">\n<h3 class=\"wp-block-heading\">\ud83d\udee3\ufe0f Otimiza\u00e7\u00e3o da cadeia de fornecimento<\/h3>\n\n\n\n<p>Otimize as cadeias de fornecimento de produtos qu\u00edmicos para custo, sustentabilidade e gerenciamento de riscos com suporte a decis\u00f5es baseado em IA.<\/p>\n\n\n\n<p>Otimiza\u00e7\u00e3o de rotas<br>An\u00e1lise de custos<br>Avalia\u00e7\u00e3o dos riscos<br>M\u00e9tricas de sustentabilidade<\/p>\n<\/div>\n\n\n\n<div class=\"wp-block-column is-layout-flow wp-block-column-is-layout-flow\">\n<h3 class=\"wp-block-heading\">Planeamento de experi\u00eancias de I&amp;D<\/h3>\n\n\n\n<p>Conceber experi\u00eancias, prever resultados e otimizar formula\u00e7\u00f5es utilizando fluxos de trabalho de investiga\u00e7\u00e3o e desenvolvimento assistidos por IA.<\/p>\n\n\n\n<p>Conce\u00e7\u00e3o experimental<br>Previs\u00e3o do resultado<br>\u2713 Otimiza\u00e7\u00e3o da formula\u00e7\u00e3o<br>Explora\u00e7\u00e3o da literatura<\/p>\n<\/div>\n<\/div>\n\n\n\n<div class=\"wp-block-columns is-layout-flex wp-container-core-columns-is-layout-6dbbbada wp-block-columns-is-layout-flex\" style=\"padding-top:var(--wp--preset--spacing--30);padding-right:var(--wp--preset--spacing--30);padding-bottom:var(--wp--preset--spacing--30);padding-left:var(--wp--preset--spacing--30)\">\n<div class=\"wp-block-column is-layout-flow wp-block-column-is-layout-flow\">\n<h3 class=\"wp-block-heading\">Automa\u00e7\u00e3o do controlo de qualidade<\/h3>\n\n\n\n<p>Automatize os processos de controlo de qualidade, analise os resultados dos testes e gere relat\u00f3rios de conformidade com fluxos de trabalho inteligentes.<\/p>\n\n\n\n<p>An\u00e1lise dos resultados dos testes<br>Dete\u00e7\u00e3o de tend\u00eancias<br>Relat\u00f3rios de conformidade<br>Dete\u00e7\u00e3o de anomalias<\/p>\n<\/div>\n\n\n\n<div class=\"wp-block-column has-border-color has-ast-global-color-1-border-color is-layout-flow wp-block-column-is-layout-flow\" style=\"padding-top:var(--wp--preset--spacing--20);padding-right:var(--wp--preset--spacing--20);padding-bottom:var(--wp--preset--spacing--20);padding-left:var(--wp--preset--spacing--20)\">\n<h3 class=\"wp-block-heading has-ast-global-color-2-color has-text-color has-link-color wp-elements-0c3c6e239f2f2f332f774118ca78ed9c\">\ud83d\udccb <strong>O seu caso de utiliza\u00e7\u00e3o<\/strong><\/h3>\n\n\n\n<p><strong>Solu\u00e7\u00f5es de IA personalizadas para os seus desafios \u00fanicos - criadas s\u00f3 para si.<\/strong><\/p>\n\n\n\n<p>An\u00e1lise personalizada<br>\u2713 Integra\u00e7\u00f5es flex\u00edveis<br>Solu\u00e7\u00f5es de precis\u00e3o<br>Apoio especializado<\/p>\n<\/div>\n<\/div>\n<\/div><\/div>\n\n\n\n<p><\/p>\n\n\n\n<div class=\"wp-block-uagb-container uagb-block-0fc76f12 alignfull uagb-is-root-container\"><div class=\"uagb-container-inner-blocks-wrap\">\n<blockquote class=\"wp-block-quote is-layout-flow wp-block-quote-is-layout-flow\">\n<p>Fale hoje com os nossos especialistas para descobrir como a IA pode melhorar os seus fluxos de trabalho!<\/p>\n<\/blockquote>\n<\/div><\/div>","protected":false},"excerpt":{"rendered":"<p>Intelligent AI Agents for Producing Industries Endless Possibilities \ud83c\udf31 Carbon Emissions Calculations (try it!) Calculate GWP, production footprints, transportation emissions, and carbon credits value with precision and regulatory compliance. \u2713 GWP Database Integration\u2713 Multi-step Transportation\u2713 Carbon Credits Valuation\u2713 Regulatory Compliance \ud83d\udee1\ufe0f Chemical Safety Assessments Automated safety data sheet analysis, risk assessments, and compliance checking for [&hellip;]<\/p>\n","protected":false},"author":1,"featured_media":0,"parent":0,"menu_order":0,"comment_status":"closed","ping_status":"closed","template":"","meta":{"_uag_custom_page_level_css":"","site-sidebar-layout":"default","site-content-layout":"","ast-site-content-layout":"default","site-content-style":"default","site-sidebar-style":"default","ast-global-header-display":"","ast-banner-title-visibility":"","ast-main-header-display":"","ast-hfb-above-header-display":"","ast-hfb-below-header-display":"","ast-hfb-mobile-header-display":"","site-post-title":"disabled","ast-breadcrumbs-content":"","ast-featured-img":"","footer-sml-layout":"","ast-disable-related-posts":"","theme-transparent-header-meta":"","adv-header-id-meta":"","stick-header-meta":"","header-above-stick-meta":"","header-main-stick-meta":"","header-below-stick-meta":"","astra-migrate-meta-layouts":"set","ast-page-background-enabled":"default","ast-page-background-meta":{"desktop":{"background-color":"var(--ast-global-color-4)","background-image":"","background-repeat":"repeat","background-position":"center center","background-size":"auto","background-attachment":"scroll","background-type":"","background-media":"","overlay-type":"","overlay-color":"","overlay-gradient":""},"tablet":{"background-color":"","background-image":"","background-repeat":"repeat","background-position":"center center","background-size":"auto","background-attachment":"scroll","background-type":"","background-media":"","overlay-type":"","overlay-color":"","overlay-gradient":""},"mobile":{"background-color":"","background-image":"","background-repeat":"repeat","background-position":"center center","background-size":"auto","background-attachment":"scroll","background-type":"","background-media":"","overlay-type":"","overlay-color":"","overlay-gradient":""}},"ast-content-background-meta":{"desktop":{"background-color":"var(--ast-global-color-5)","background-image":"","background-repeat":"repeat","background-position":"center center","background-size":"auto","background-attachment":"scroll","background-type":"","background-media":"","overlay-type":"","overlay-color":"","overlay-gradient":""},"tablet":{"background-color":"var(--ast-global-color-5)","background-image":"","background-repeat":"repeat","background-position":"center center","background-size":"auto","background-attachment":"scroll","background-type":"","background-media":"","overlay-type":"","overlay-color":"","overlay-gradient":""},"mobile":{"background-color":"var(--ast-global-color-5)","background-image":"","background-repeat":"repeat","background-position":"center center","background-size":"auto","background-attachment":"scroll","background-type":"","background-media":"","overlay-type":"","overlay-color":"","overlay-gradient":""}},"footnotes":""},"class_list":["post-2268","page","type-page","status-publish","hentry"],"aioseo_notices":[],"uagb_featured_image_src":{"full":false,"thumbnail":false,"medium":false,"medium_large":false,"large":false,"1536x1536":false,"2048x2048":false,"trp-custom-language-flag":false},"uagb_author_info":{"display_name":"Andre Moreira","author_link":"https:\/\/lyfx.ai\/pt\/author\/amoreira\/"},"uagb_comment_info":0,"uagb_excerpt":"Intelligent AI Agents for Producing Industries Endless Possibilities \ud83c\udf31 Carbon Emissions Calculations (try it!) Calculate GWP, production footprints, transportation emissions, and carbon credits value with precision and regulatory compliance. \u2713 GWP Database Integration\u2713 Multi-step Transportation\u2713 Carbon Credits Valuation\u2713 Regulatory Compliance \ud83d\udee1\ufe0f Chemical Safety Assessments Automated safety data sheet analysis, risk assessments, and compliance checking for&hellip;","_links":{"self":[{"href":"https:\/\/lyfx.ai\/pt\/wp-json\/wp\/v2\/pages\/2268","targetHints":{"allow":["GET"]}}],"collection":[{"href":"https:\/\/lyfx.ai\/pt\/wp-json\/wp\/v2\/pages"}],"about":[{"href":"https:\/\/lyfx.ai\/pt\/wp-json\/wp\/v2\/types\/page"}],"author":[{"embeddable":true,"href":"https:\/\/lyfx.ai\/pt\/wp-json\/wp\/v2\/users\/1"}],"replies":[{"embeddable":true,"href":"https:\/\/lyfx.ai\/pt\/wp-json\/wp\/v2\/comments?post=2268"}],"version-history":[{"count":10,"href":"https:\/\/lyfx.ai\/pt\/wp-json\/wp\/v2\/pages\/2268\/revisions"}],"predecessor-version":[{"id":2838,"href":"https:\/\/lyfx.ai\/pt\/wp-json\/wp\/v2\/pages\/2268\/revisions\/2838"}],"wp:attachment":[{"href":"https:\/\/lyfx.ai\/pt\/wp-json\/wp\/v2\/media?parent=2268"}],"curies":[{"name":"wp","href":"https:\/\/api.w.org\/{rel}","templated":true}]}}