{"id":2237,"date":"2025-05-25T09:40:40","date_gmt":"2025-05-25T07:40:40","guid":{"rendered":"https:\/\/lyfx.ai\/?page_id=2237"},"modified":"2026-02-14T06:02:40","modified_gmt":"2026-02-14T05:02:40","slug":"home","status":"publish","type":"page","link":"https:\/\/lyfx.ai\/pt\/","title":{"rendered":"IA para as ind\u00fastrias de processo"},"content":{"rendered":"<div class=\"wp-block-uagb-container uagb-block-e41475a9 alignfull uagb-is-root-container\">\n<div style=\"height:50px\" aria-hidden=\"true\" class=\"wp-block-spacer\"><\/div>\n\n\n\n<div class=\"wp-block-cover\"><img loading=\"lazy\" decoding=\"async\" width=\"1920\" height=\"540\" class=\"wp-block-cover__image-background wp-image-2498 size-full\" alt=\"\" src=\"https:\/\/lyfx.ai\/wp-content\/uploads\/2025\/07\/lyfX-Herobild-Startseite.png\" style=\"object-position:0% 0%\" data-object-fit=\"cover\" data-object-position=\"0% 0%\" srcset=\"https:\/\/lyfx.ai\/wp-content\/uploads\/2025\/07\/lyfX-Herobild-Startseite.png 1920w, https:\/\/lyfx.ai\/wp-content\/uploads\/2025\/07\/lyfX-Herobild-Startseite-300x84.png 300w, https:\/\/lyfx.ai\/wp-content\/uploads\/2025\/07\/lyfX-Herobild-Startseite-1024x288.png 1024w, https:\/\/lyfx.ai\/wp-content\/uploads\/2025\/07\/lyfX-Herobild-Startseite-768x216.png 768w, https:\/\/lyfx.ai\/wp-content\/uploads\/2025\/07\/lyfX-Herobild-Startseite-1536x432.png 1536w, https:\/\/lyfx.ai\/wp-content\/uploads\/2025\/07\/lyfX-Herobild-Startseite-18x5.png 18w\" sizes=\"auto, (max-width: 1920px) 100vw, 1920px\" \/><span aria-hidden=\"true\" class=\"wp-block-cover__background has-background-dim-0 has-background-dim\" style=\"background-color:#3a3a49\"><\/span><div class=\"wp-block-cover__inner-container is-layout-flow wp-block-cover-is-layout-flow\">\n<h1 class=\"wp-block-heading has-text-align-left has-ast-global-color-7-color has-text-color has-link-color has-x-large-font-size wp-elements-7e78b8cedfdb28d65fc3b3a69855c31f\" style=\"margin-right:var(--wp--preset--spacing--50);margin-left:var(--wp--preset--spacing--50);padding-top:0;padding-right:0;padding-bottom:0;padding-left:0\">IA para as ind\u00fastrias de processo<\/h1>\n\n\n\n<h3 class=\"wp-block-heading has-ast-global-color-7-color has-text-color has-link-color has-large-font-size wp-elements-608fc7a245aee6f1b3067669897dc7e6\" style=\"margin-right:var(--wp--preset--spacing--50);margin-left:var(--wp--preset--spacing--50)\">lyfX.ai<\/h3>\n<\/div><\/div>\n\n\n\n<div style=\"height:30px\" aria-hidden=\"true\" class=\"wp-block-spacer\"><\/div>\n<\/div>\n\n\n\n<div class=\"wp-block-uagb-container uagb-block-5a9edaca alignfull uagb-is-root-container\"><div class=\"uagb-container-inner-blocks-wrap\">\n<div class=\"wp-block-uagb-container uagb-block-e1228f8b\">\n<p><strong>Os dados e a IA est\u00e3o a remodelar a forma como o trabalho \u00e9 feito. As empresas que aprenderem rapidamente e redesenharem os seus fluxos de trabalho com a IA em mente sair\u00e3o na frente.<\/strong><\/p>\n\n\n\n<p>A lyfX.ai (\u201clife-x-ai\u201d) cria solu\u00e7\u00f5es de dados e de IA com equipas das ind\u00fastrias de processamento (produtos qu\u00edmicos, fertilizantes, energia). Concentramo-nos em problemas concretos, fluxos de trabalho reais e resultados prontos a produzir. Trazemos conhecimento do dom\u00ednio mais ci\u00eancia de dados e IA moderna para melhorar a efici\u00eancia, reduzir o risco e apoiar o crescimento.<\/p>\n\n\n\n<h4 class=\"wp-block-heading\">Benef\u00edcios tang\u00edveis<\/h4>\n\n\n\n<p>A <a href=\"https:\/\/blogs.microsoft.com\/blog\/2024\/11\/12\/idcs-2024-ai-opportunity-study-top-five-ai-trends-to-watch\/\" target=\"_blank\" rel=\"noopener\" title=\"\">Microsoft<\/a>-O estudo encomendado pela IDC relata um ROI m\u00e9dio de <strong>$3,7 por cada $1 investido em IA generativa<\/strong>, com os melhores desempenhos acima de <strong>10x<\/strong>, e o valor realizado em cerca de <strong>13 meses<\/strong>.<\/p>\n\n\n\n<p>Quer explorar os nossos produtos ou um caso de utiliza\u00e7\u00e3o em conjunto?<\/p>\n\n\n\n<div class=\"wp-block-uagb-buttons uagb-buttons__outer-wrap uagb-btn__default-btn uagb-btn-tablet__default-btn uagb-btn-mobile__default-btn uagb-block-a8b9c0d1\"><div class=\"uagb-buttons__wrap uagb-buttons-layout-wrap\">\n<div class=\"wp-block-uagb-buttons-child uagb-buttons__outer-wrap uagb-block-b9c0d1e2 wp-block-button\"><div class=\"uagb-button__wrapper\"><a class=\"uagb-buttons-repeater wp-block-button__link\" aria-label=\"\" href=\"https:\/\/calendly.com\/lyfx\/intro-call-lyfx\" rel=\"follow noopener\" target=\"_blank\" role=\"button\"><div class=\"uagb-button__link\">Marcar uma chamada<\/div><\/a><\/div><\/div>\n\n\n\n<div class=\"wp-block-uagb-buttons-child uagb-buttons__outer-wrap uagb-block-852c97cc wp-block-button\"><div class=\"uagb-button__wrapper\"><a class=\"uagb-buttons-repeater wp-block-button__link\" aria-label=\"\" href=\"https:\/\/lyfx.ai\/pt\/contact\/\" rel=\"follow noopener\" target=\"_blank\" role=\"button\"><div class=\"uagb-button__link\">Mensagem<\/div><\/a><\/div><\/div>\n<\/div><\/div>\n<\/div>\n\n\n\n<div style=\"height:20px\" aria-hidden=\"true\" class=\"wp-block-spacer\"><\/div>\n<\/div><\/div>\n\n\n\n<div class=\"wp-block-uagb-container uagb-block-62e011d5 alignfull uagb-is-root-container\"><div class=\"uagb-container-inner-blocks-wrap\">\n<div class=\"wp-block-uagb-container uagb-block-c87932e0 alignfull uagb-is-root-container\"><div class=\"uagb-container-inner-blocks-wrap\">\n<div style=\"height:40px\" aria-hidden=\"true\" class=\"wp-block-spacer\"><\/div>\n\n\n\n<div class=\"wp-block-uagb-testimonial uagb-slick-carousel uagb-tm__arrow-outside uagb-block-05f3274f\"><div class=\"is-carousel uagb-tm__columns-1 uagb-tm__items\"><div class=\"uagb-testimonial__wrap  uagb-tm__imgicon-style-circle uagb-tm__image-position-bottom uagb-tm__bg-type-color\"><div class=\"uagb-tm__content\"><div class=\"uagb-tm__overlay\"><\/div><div class=\"uagb-tm__text-wrap\"><div class=\"uagb-tm__desc\">Trabalhar com a equipa lyfX.ai foi uma experi\u00eancia fant\u00e1stica. O projeto decorreu sem problemas, a equipa esteve sempre dispon\u00edvel para responder \u00e0s nossas perguntas e obtivemos muitos conhecimentos novos.<\/div><div class=\"uagb-tm__meta-inner\"><div class=\"uagb-tm__image-content\"><div class=\"uagb-tm__image\"><img decoding=\"async\" class=\"uagb-tm-img-src\" src=\"http:\/\/lyfx.ai\/wp-content\/uploads\/2024\/03\/Scott-150x150.jpeg\" alt=\"\" width=\"125\" height=\"125\" loading=\"lazy\"\/><\/div><\/div><div class=\"uagb-testimonial-details\"><span class=\"uagb-tm__author-name\">Scott Foxhoven<\/span><span class=\"uagb-tm__company\">The Mosaic Co., EUA<\/span><\/div><\/div><\/div><\/div><\/div><div class=\"uagb-testimonial__wrap  uagb-tm__imgicon-style-circle uagb-tm__image-position-bottom uagb-tm__bg-type-color\"><div class=\"uagb-tm__content\"><div class=\"uagb-tm__overlay\"><\/div><div class=\"uagb-tm__text-wrap\"><div class=\"uagb-tm__desc\">A sua abordagem de vanguarda validou de forma independente o efeito do nosso produto e forneceu-nos novas ideias para um maior desenvolvimento. Uma parceria verdadeiramente valiosa!<\/div><div class=\"uagb-tm__meta-inner\"><div class=\"uagb-tm__image-content\"><div class=\"uagb-tm__image\"><img decoding=\"async\" class=\"uagb-tm-img-src\" src=\"http:\/\/lyfx.ai\/wp-content\/uploads\/2024\/02\/Ed-150x150.png\" alt=\"\" width=\"125\" height=\"125\" loading=\"lazy\"\/><\/div><\/div><div class=\"uagb-testimonial-details\"><span class=\"uagb-tm__author-name\">Edward Fuch<\/span><span class=\"uagb-tm__company\">Folium Science, Reino Unido<\/span><\/div><\/div><\/div><\/div><\/div><div class=\"uagb-testimonial__wrap  uagb-tm__imgicon-style-circle uagb-tm__image-position-bottom uagb-tm__bg-type-color\"><div class=\"uagb-tm__content\"><div class=\"uagb-tm__overlay\"><\/div><div class=\"uagb-tm__text-wrap\"><div class=\"uagb-tm__desc\">A sua vis\u00e3o da IA, juntamente com a sua abordagem anal\u00edtica \u00e0 resolu\u00e7\u00e3o de problemas, ajudaram-me realmente a reavaliar a minha abordagem empresarial \u00e0 IA.<\/div><div class=\"uagb-tm__meta-inner\"><div class=\"uagb-tm__image-content\"><div class=\"uagb-tm__image\"><img decoding=\"async\" class=\"uagb-tm-img-src\" src=\"http:\/\/lyfx.ai\/wp-content\/uploads\/2024\/03\/Jez-150x150.jpeg\" alt=\"\" width=\"125\" height=\"125\" loading=\"lazy\"\/><\/div><\/div><div class=\"uagb-testimonial-details\"><span class=\"uagb-tm__author-name\">Jez (Jeremy) Lofts<\/span><span class=\"uagb-tm__company\">Oxford Strategic, Reino Unido<\/span><\/div><\/div><\/div><\/div><\/div><div class=\"uagb-testimonial__wrap  uagb-tm__imgicon-style-circle uagb-tm__image-position-bottom uagb-tm__bg-type-color\"><div class=\"uagb-tm__content\"><div class=\"uagb-tm__overlay\"><\/div><div class=\"uagb-tm__text-wrap\"><div class=\"uagb-tm__desc\">Gra\u00e7as \u00e0 sua orienta\u00e7\u00e3o, muitos funcion\u00e1rios j\u00e1 integraram ferramentas de IA nos seus fluxos de trabalho, aumentando a produtividade e tendo um impacto tang\u00edvel.<\/div><div class=\"uagb-tm__meta-inner\"><div class=\"uagb-tm__image-content\"><div class=\"uagb-tm__image\"><img decoding=\"async\" class=\"uagb-tm-img-src\" src=\"http:\/\/lyfx.ai\/wp-content\/uploads\/2024\/09\/Markus_Pfaender-150x150.jpeg\" alt=\"\" width=\"125\" height=\"125\" loading=\"lazy\"\/><\/div><\/div><div class=\"uagb-testimonial-details\"><span class=\"uagb-tm__author-name\">Dr. Markus Pf\u00e4nder<\/span><span class=\"uagb-tm__company\">K-UTEC Salt Technologies AG, Alemanha<\/span><\/div><\/div><\/div><\/div><\/div><div class=\"uagb-testimonial__wrap  uagb-tm__imgicon-style-circle uagb-tm__image-position-bottom uagb-tm__bg-type-color\"><div class=\"uagb-tm__content\"><div class=\"uagb-tm__overlay\"><\/div><div class=\"uagb-tm__text-wrap\"><div class=\"uagb-tm__desc\">O workshop sobre IA organizado pela lyfX.ai foi excelente. Foi simultaneamente estimulante e altamente pr\u00e1tico, e os colegas sa\u00edram com conhecimentos pr\u00e1ticos e uma compreens\u00e3o mais profunda de como utilizar a IA de forma eficaz.<\/div><div class=\"uagb-tm__meta-inner\"><div class=\"uagb-tm__image-content\"><div class=\"uagb-tm__image\"><img decoding=\"async\" class=\"uagb-tm-img-src\" src=\"http:\/\/lyfx.ai\/wp-content\/uploads\/2025\/11\/Headshot_Octavia-150x150.jpeg\" alt=\"\" width=\"125\" height=\"125\" loading=\"lazy\"\/><\/div><\/div><div class=\"uagb-testimonial-details\"><span class=\"uagb-tm__author-name\">Octavia Andersen<\/span><span class=\"uagb-tm__company\">Stardollar Partners, Reino Unido<\/span><\/div><\/div><\/div><\/div><\/div><\/div><\/div>\n\n\n\n<div style=\"height:0px\" aria-hidden=\"true\" class=\"wp-block-spacer\"><\/div>\n<\/div><\/div>\n<\/div><\/div>\n\n\n\n<p><\/p>","protected":false},"excerpt":{"rendered":"<p>Data and AI are reshaping how work gets done. The companies that learn fast and redesign their workflows with AI in mind will pull ahead. lyfX.ai (\u201clife-x-ai\u201d) builds data and AI solutions with teams in the process industries (chemicals, fertilizer, energy). We focus on concrete problems, real workflows, and production-ready results. We bring domain knowledge [&hellip;]<\/p>\n","protected":false},"author":1,"featured_media":2496,"parent":0,"menu_order":0,"comment_status":"closed","ping_status":"closed","template":"","meta":{"_uag_custom_page_level_css":"","site-sidebar-layout":"default","site-content-layout":"page-builder","ast-site-content-layout":"default","site-content-style":"default","site-sidebar-style":"default","ast-global-header-display":"","ast-banner-title-visibility":"","ast-main-header-display":"","ast-hfb-above-header-display":"","ast-hfb-below-header-display":"","ast-hfb-mobile-header-display":"","site-post-title":"","ast-breadcrumbs-content":"","ast-featured-img":"disabled","footer-sml-layout":"","ast-disable-related-posts":"","theme-transparent-header-meta":"enabled","adv-header-id-meta":"","stick-header-meta":"","header-above-stick-meta":"","header-main-stick-meta":"","header-below-stick-meta":"","astra-migrate-meta-layouts":"set","ast-page-background-enabled":"default","ast-page-background-meta":{"desktop":{"background-color":"var(--ast-global-color-4)","background-image":"","background-repeat":"repeat","background-position":"center center","background-size":"auto","background-attachment":"scroll","background-type":"","background-media":"","overlay-type":"","overlay-color":"","overlay-gradient":""},"tablet":{"background-color":"","background-image":"","background-repeat":"repeat","background-position":"center center","background-size":"auto","background-attachment":"scroll","background-type":"","background-media":"","overlay-type":"","overlay-color":"","overlay-gradient":""},"mobile":{"background-color":"","background-image":"","background-repeat":"repeat","background-position":"center center","background-size":"auto","background-attachment":"scroll","background-type":"","background-media":"","overlay-type":"","overlay-color":"","overlay-gradient":""}},"ast-content-background-meta":{"desktop":{"background-color":"var(--ast-global-color-5)","background-image":"","background-repeat":"repeat","background-position":"center center","background-size":"auto","background-attachment":"scroll","background-type":"","background-media":"","overlay-type":"","overlay-color":"","overlay-gradient":""},"tablet":{"background-color":"var(--ast-global-color-5)","background-image":"","background-repeat":"repeat","background-position":"center center","background-size":"auto","background-attachment":"scroll","background-type":"","background-media":"","overlay-type":"","overlay-color":"","overlay-gradient":""},"mobile":{"background-color":"var(--ast-global-color-5)","background-image":"","background-repeat":"repeat","background-position":"center center","background-size":"auto","background-attachment":"scroll","background-type":"","background-media":"","overlay-type":"","overlay-color":"","overlay-gradient":""}},"footnotes":""},"class_list":["post-2237","page","type-page","status-publish","has-post-thumbnail","hentry"],"aioseo_notices":[],"uagb_featured_image_src":{"full":["https:\/\/lyfx.ai\/wp-content\/uploads\/2025\/07\/lyfX.ai-Favicon.png",32,32,false],"thumbnail":["https:\/\/lyfx.ai\/wp-content\/uploads\/2025\/07\/lyfX.ai-Favicon.png",32,32,false],"medium":["https:\/\/lyfx.ai\/wp-content\/uploads\/2025\/07\/lyfX.ai-Favicon.png",32,32,false],"medium_large":["https:\/\/lyfx.ai\/wp-content\/uploads\/2025\/07\/lyfX.ai-Favicon.png",32,32,false],"large":["https:\/\/lyfx.ai\/wp-content\/uploads\/2025\/07\/lyfX.ai-Favicon.png",32,32,false],"1536x1536":["https:\/\/lyfx.ai\/wp-content\/uploads\/2025\/07\/lyfX.ai-Favicon.png",32,32,false],"2048x2048":["https:\/\/lyfx.ai\/wp-content\/uploads\/2025\/07\/lyfX.ai-Favicon.png",32,32,false],"trp-custom-language-flag":["https:\/\/lyfx.ai\/wp-content\/uploads\/2025\/07\/lyfX.ai-Favicon-12x12.png",12,12,true]},"uagb_author_info":{"display_name":"Andre Moreira","author_link":"https:\/\/lyfx.ai\/pt\/author\/amoreira\/"},"uagb_comment_info":0,"uagb_excerpt":"Data and AI are reshaping how work gets done. The companies that learn fast and redesign their workflows with AI in mind will pull ahead. lyfX.ai (\u201clife-x-ai\u201d) builds data and AI solutions with teams in the process industries (chemicals, fertilizer, energy). We focus on concrete problems, real workflows, and production-ready results. We bring domain knowledge&hellip;","_links":{"self":[{"href":"https:\/\/lyfx.ai\/pt\/wp-json\/wp\/v2\/pages\/2237","targetHints":{"allow":["GET"]}}],"collection":[{"href":"https:\/\/lyfx.ai\/pt\/wp-json\/wp\/v2\/pages"}],"about":[{"href":"https:\/\/lyfx.ai\/pt\/wp-json\/wp\/v2\/types\/page"}],"author":[{"embeddable":true,"href":"https:\/\/lyfx.ai\/pt\/wp-json\/wp\/v2\/users\/1"}],"replies":[{"embeddable":true,"href":"https:\/\/lyfx.ai\/pt\/wp-json\/wp\/v2\/comments?post=2237"}],"version-history":[{"count":9,"href":"https:\/\/lyfx.ai\/pt\/wp-json\/wp\/v2\/pages\/2237\/revisions"}],"predecessor-version":[{"id":3388,"href":"https:\/\/lyfx.ai\/pt\/wp-json\/wp\/v2\/pages\/2237\/revisions\/3388"}],"wp:featuredmedia":[{"embeddable":true,"href":"https:\/\/lyfx.ai\/pt\/wp-json\/wp\/v2\/media\/2496"}],"wp:attachment":[{"href":"https:\/\/lyfx.ai\/pt\/wp-json\/wp\/v2\/media?parent=2237"}],"curies":[{"name":"wp","href":"https:\/\/api.w.org\/{rel}","templated":true}]}}