{"id":2033,"date":"2025-04-08T13:44:54","date_gmt":"2025-04-08T11:44:54","guid":{"rendered":"https:\/\/lyfx.ai\/?page_id=2033"},"modified":"2025-07-12T22:57:29","modified_gmt":"2025-07-12T20:57:29","slug":"ai-glossary","status":"publish","type":"page","link":"https:\/\/lyfx.ai\/pt\/ai-glossary\/","title":{"rendered":"Gloss\u00e1rio de IA e aprendizagem autom\u00e1tica"},"content":{"rendered":"<div class=\"wp-block-uagb-container uagb-block-8bbdfd71 alignfull uagb-is-root-container\">\n<div style=\"height:70px\" aria-hidden=\"true\" class=\"wp-block-spacer\"><\/div>\n\n\n\n<div class=\"wp-block-cover has-ast-global-color-1-color has-text-color has-link-color wp-elements-1849a5b4074683a00cb9622349b36a5b\"><img loading=\"lazy\" decoding=\"async\" width=\"1024\" height=\"288\" class=\"wp-block-cover__image-background wp-image-2501 size-large\" alt=\"\" src=\"http:\/\/lyfx.ai\/wp-content\/uploads\/2025\/07\/lyfX-Herobild-Dienstleistungen-1024x288.png\" data-object-fit=\"cover\" srcset=\"https:\/\/lyfx.ai\/wp-content\/uploads\/2025\/07\/lyfX-Herobild-Dienstleistungen-1024x288.png 1024w, https:\/\/lyfx.ai\/wp-content\/uploads\/2025\/07\/lyfX-Herobild-Dienstleistungen-300x84.png 300w, https:\/\/lyfx.ai\/wp-content\/uploads\/2025\/07\/lyfX-Herobild-Dienstleistungen-768x216.png 768w, https:\/\/lyfx.ai\/wp-content\/uploads\/2025\/07\/lyfX-Herobild-Dienstleistungen-1536x432.png 1536w, https:\/\/lyfx.ai\/wp-content\/uploads\/2025\/07\/lyfX-Herobild-Dienstleistungen-18x5.png 18w, https:\/\/lyfx.ai\/wp-content\/uploads\/2025\/07\/lyfX-Herobild-Dienstleistungen.png 1920w\" sizes=\"auto, (max-width: 1024px) 100vw, 1024px\" \/><span aria-hidden=\"true\" class=\"wp-block-cover__background has-background-dim-0 has-background-dim\" style=\"background-color:#182238\"><\/span><div class=\"wp-block-cover__inner-container is-layout-flow wp-block-cover-is-layout-flow\">\n<h1 class=\"wp-block-heading has-text-align-left has-ast-global-color-1-color has-text-color has-link-color has-x-large-font-size wp-elements-3370c99dbea67c2c2d1c70550b98d0af\" style=\"margin-right:var(--wp--preset--spacing--50);margin-left:var(--wp--preset--spacing--50)\">Dados e IA<\/h1>\n<\/div><\/div>\n\n\n\n<div style=\"height:30px\" aria-hidden=\"true\" class=\"wp-block-spacer\"><\/div>\n<\/div>\n\n\n\n<div class=\"wp-block-uagb-container uagb-block-5a9edaca alignfull uagb-is-root-container\"><div class=\"uagb-container-inner-blocks-wrap\">\n<div class=\"wp-block-uagb-container uagb-block-fb72af9e\">\n<h3 class=\"wp-block-heading\">Gloss\u00e1rio de IA e aprendizagem autom\u00e1tica<\/h3>\n\n\n\n<p><em>Conte\u00fados gerados por IA<\/em><\/p>\n\n\n\n<h4 class=\"wp-block-heading\">Algoritmo<\/h4>\n\n\n\n<p>Um conjunto de regras ou instru\u00e7\u00f5es passo a passo que um computador segue para resolver um problema ou efetuar uma tarefa. Os algoritmos em IA podem variar entre regras de decis\u00e3o simples e procedimentos matem\u00e1ticos complexos.<\/p>\n\n\n\n<h4 class=\"wp-block-heading\">Intelig\u00eancia Artificial (IA)<\/h4>\n\n\n\n<p>O dom\u00ednio da ci\u00eancia da computa\u00e7\u00e3o centra-se na cria\u00e7\u00e3o de sistemas capazes de realizar tarefas que normalmente requerem a intelig\u00eancia humana. Isto inclui o racioc\u00ednio, a aprendizagem, o planeamento, a perce\u00e7\u00e3o, a compreens\u00e3o da linguagem e a resolu\u00e7\u00e3o de problemas.<\/p>\n\n\n\n<h4 class=\"wp-block-heading\">Preconceito<\/h4>\n\n\n\n<p>Qualquer erro sistem\u00e1tico que leve um modelo a produzir consistentemente resultados enviesados numa dire\u00e7\u00e3o. O enviesamento pode ter origem em dados de forma\u00e7\u00e3o desequilibrados, pressupostos errados na conce\u00e7\u00e3o do modelo ou na forma como os dados foram recolhidos. A resolu\u00e7\u00e3o dos enviesamentos \u00e9 crucial para criar sistemas de IA justos e equitativos.<\/p>\n\n\n\n<h4 class=\"wp-block-heading\">Agrupamento<\/h4>\n\n\n\n<p>Uma t\u00e9cnica de aprendizagem n\u00e3o supervisionada que agrupa pontos de dados semelhantes com base nas suas carater\u00edsticas. Ao contr\u00e1rio da classifica\u00e7\u00e3o, o agrupamento n\u00e3o utiliza etiquetas predefinidas. Os algoritmos de agrupamento comuns incluem K-means, DBSCAN e agrupamento hier\u00e1rquico.<\/p>\n\n\n\n<h4 class=\"wp-block-heading\">Vis\u00e3o computacional<\/h4>\n\n\n\n<p>Um dom\u00ednio da IA que permite aos computadores interpretar e compreender a informa\u00e7\u00e3o visual do mundo. Inclui o reconhecimento de imagens, a dete\u00e7\u00e3o de objectos, a reconstru\u00e7\u00e3o de cenas e a an\u00e1lise de v\u00eddeo. Os sistemas de vis\u00e3o computacional t\u00eam como objetivo reproduzir e exceder as capacidades visuais humanas.<\/p>\n\n\n\n<h4 class=\"wp-block-heading\">\u00c1rvore de decis\u00e3o<\/h4>\n\n\n\n<p>Um modelo preditivo que utiliza uma estrutura em forma de \u00e1rvore de decis\u00f5es e as suas poss\u00edveis consequ\u00eancias. Cada n\u00f3 interno representa uma decis\u00e3o baseada numa carater\u00edstica, cada ramo representa um resultado dessa decis\u00e3o e cada n\u00f3 folha representa uma etiqueta de classe ou previs\u00e3o de valor.<\/p>\n\n\n\n<h4 class=\"wp-block-heading\">Aprendizagem profunda<\/h4>\n\n\n\n<p>Um subconjunto especializado da aprendizagem autom\u00e1tica que utiliza redes neuronais artificiais com v\u00e1rias camadas (da\u00ed o termo \u201cprofunda\u201d) para extrair progressivamente carater\u00edsticas de n\u00edvel superior a partir de dados brutos. A aprendizagem profunda revolucionou dom\u00ednios como o reconhecimento de imagens, o processamento de linguagem natural e os jogos.<\/p>\n\n\n\n<h4 class=\"wp-block-heading\">Redu\u00e7\u00e3o da dimensionalidade<\/h4>\n\n\n\n<p>Um conjunto de t\u00e9cnicas utilizadas para reduzir o n\u00famero de carater\u00edsticas num conjunto de dados, preservando o m\u00e1ximo de informa\u00e7\u00e3o poss\u00edvel. Isto ajuda a combater a \u201cmaldi\u00e7\u00e3o da dimensionalidade\u201d, melhora a efici\u00eancia computacional e pode tornar os padr\u00f5es mais evidentes. Os m\u00e9todos comuns incluem PCA, t-SNE e autoencoders.<\/p>\n\n\n\n<h4 class=\"wp-block-heading\">M\u00e9todos de conjunto<\/h4>\n\n\n\n<p>T\u00e9cnicas que combinam v\u00e1rios modelos para melhorar o desempenho global. Ao tirar partido dos pontos fortes de diferentes modelos, os conjuntos atingem normalmente uma maior precis\u00e3o e robustez do que os modelos individuais. As abordagens mais populares incluem bagging, boosting e stacking.<\/p>\n\n\n\n<h4 class=\"wp-block-heading\">IA explic\u00e1vel (XAI)<\/h4>\n\n\n\n<p>Um dom\u00ednio emergente centrado em tornar as decis\u00f5es da IA transparentes e interpret\u00e1veis para os seres humanos. A XAI visa desenvolver m\u00e9todos e ferramentas que ajudem os utilizadores a compreender por que raz\u00e3o um sistema de IA tomou uma determinada decis\u00e3o, o que \u00e9 crucial para criar confian\u00e7a e garantir a responsabiliza\u00e7\u00e3o em aplica\u00e7\u00f5es de alto risco.<\/p>\n\n\n\n<h4 class=\"wp-block-heading\">Carater\u00edstica<\/h4>\n\n\n\n<p>Uma propriedade mensur\u00e1vel ou carater\u00edstica do fen\u00f3meno que est\u00e1 a ser observado. As carater\u00edsticas s\u00e3o os dados utilizados pelos modelos de aprendizagem autom\u00e1tica para efetuar previs\u00f5es. Uma boa sele\u00e7\u00e3o e engenharia de carater\u00edsticas s\u00e3o frequentemente cruciais para o desempenho do modelo.<\/p>\n\n\n\n<h4 class=\"wp-block-heading\">Redes Adversariais Generativas (GANs)<\/h4>\n\n\n\n<p>Uma estrutura em que duas redes neuronais - um gerador e um discriminador - competem entre si. O gerador cria amostras de dados sint\u00e9ticos, enquanto o discriminador tenta distinguir entre amostras reais e falsas. Atrav\u00e9s deste processo contradit\u00f3rio, as GAN podem produzir conte\u00fados sint\u00e9ticos extremamente realistas.<\/p>\n\n\n\n<h4 class=\"wp-block-heading\">Descida de gradiente<\/h4>\n\n\n\n<p>Um algoritmo de otimiza\u00e7\u00e3o utilizado para minimizar uma fun\u00e7\u00e3o movendo-se iterativamente na dire\u00e7\u00e3o da descida mais \u00edngreme. Na aprendizagem autom\u00e1tica, \u00e9 utilizado para encontrar os pesos ideais para um modelo, minimizando a fun\u00e7\u00e3o de perda. As variantes incluem a descida de gradiente estoc\u00e1stica (SGD) e a descida de gradiente em mini-lote.<\/p>\n\n\n\n<h4 class=\"wp-block-heading\">Hiperpar\u00e2metros<\/h4>\n\n\n\n<p>Defini\u00e7\u00f5es de configura\u00e7\u00e3o especificadas antes do treino de um modelo que controlam o processo de aprendizagem. Ao contr\u00e1rio dos par\u00e2metros do modelo (pesos e enviesamentos) que s\u00e3o aprendidos durante o treino, os hiperpar\u00e2metros t\u00eam de ser definidos manualmente ou ajustados utilizando t\u00e9cnicas como a pesquisa em grelha ou a otimiza\u00e7\u00e3o bayesiana.<\/p>\n\n\n\n<h4 class=\"wp-block-heading\">Etiqueta<\/h4>\n\n\n\n<p>A vari\u00e1vel-alvo ou resultado que um modelo de aprendizagem supervisionada pretende prever. As etiquetas s\u00e3o as \u201crespostas\u201d fornecidas nos dados de treino que o modelo aprende a associar a carater\u00edsticas de entrada espec\u00edficas.<\/p>\n\n\n\n<h4 class=\"wp-block-heading\">Fun\u00e7\u00e3o de perda<\/h4>\n\n\n\n<p>Uma fun\u00e7\u00e3o matem\u00e1tica que mede a diferen\u00e7a entre as previs\u00f5es de um modelo e os valores reais. O objetivo durante a forma\u00e7\u00e3o \u00e9 minimizar esta fun\u00e7\u00e3o. As fun\u00e7\u00f5es de perda comuns incluem o erro quadr\u00e1tico m\u00e9dio para regress\u00e3o e a entropia cruzada para classifica\u00e7\u00e3o.<\/p>\n\n\n\n<h4 class=\"wp-block-heading\">Aprendizagem autom\u00e1tica (ML)<\/h4>\n\n\n\n<p>Um subconjunto da IA em que os sistemas aprendem padr\u00f5es a partir de dados sem serem explicitamente programados com regras. Os algoritmos de aprendizagem autom\u00e1tica melhoram o seu desempenho com a experi\u00eancia, adaptando o seu comportamento com base na exposi\u00e7\u00e3o a mais dados.<\/p>\n\n\n\n<h4 class=\"wp-block-heading\">Modelo<\/h4>\n\n\n\n<p>Uma representa\u00e7\u00e3o matem\u00e1tica ou computacional que capta padr\u00f5es nos dados. Na aprendizagem autom\u00e1tica, os modelos definem a rela\u00e7\u00e3o entre as carater\u00edsticas de entrada e as previs\u00f5es de sa\u00edda. Os modelos podem variar desde equa\u00e7\u00f5es lineares simples at\u00e9 redes neurais complexas com milh\u00f5es de par\u00e2metros.<\/p>\n\n\n\n<h4 class=\"wp-block-heading\">Processamento de linguagem natural (PNL)<\/h4>\n\n\n\n<p>O dom\u00ednio da IA que se preocupa em permitir que os computadores compreendam, interpretem e gerem linguagem humana. A PNL engloba tarefas como a an\u00e1lise de sentimentos, a tradu\u00e7\u00e3o autom\u00e1tica, a resposta a perguntas e o resumo de textos.<\/p>\n\n\n\n<h4 class=\"wp-block-heading\">Rede Neural<\/h4>\n\n\n\n<p>Um sistema de computa\u00e7\u00e3o inspirado nas redes neuronais biol\u00f3gicas do c\u00e9rebro humano. \u00c9 constitu\u00eddo por n\u00f3s interligados (neur\u00f3nios) organizados em camadas que processam a informa\u00e7\u00e3o ajustando a for\u00e7a das liga\u00e7\u00f5es. As redes neuronais constituem a base da aprendizagem profunda.<\/p>\n\n\n\n<h4 class=\"wp-block-heading\">Sobreajuste<\/h4>\n\n\n\n<p>Um erro de modela\u00e7\u00e3o em que um modelo aprende os dados de treino de forma demasiado perfeita, incluindo o ru\u00eddo e os valores at\u00edpicos. Um modelo sobreajustado tem um bom desempenho nos dados de treino, mas n\u00e3o consegue generalizar para dados novos e n\u00e3o vistos. T\u00e9cnicas como a regulariza\u00e7\u00e3o e a valida\u00e7\u00e3o cruzada ajudam a evitar o sobreajuste.<\/p>\n\n\n\n<h4 class=\"wp-block-heading\">Floresta aleat\u00f3ria<\/h4>\n\n\n\n<p>Um m\u00e9todo de aprendizagem em conjunto que combina v\u00e1rias \u00e1rvores de decis\u00e3o para melhorar a precis\u00e3o e controlar o sobreajuste. Cada \u00e1rvore da floresta \u00e9 treinada num subconjunto aleat\u00f3rio de dados e carater\u00edsticas, e a previs\u00e3o final \u00e9 normalmente a m\u00e9dia (para regress\u00e3o) ou o voto maiorit\u00e1rio (para classifica\u00e7\u00e3o) de todas as \u00e1rvores.<\/p>\n\n\n\n<h4 class=\"wp-block-heading\">Regulariza\u00e7\u00e3o<\/h4>\n\n\n\n<p>Um conjunto de t\u00e9cnicas utilizadas para evitar o sobreajuste, adicionando um termo de penaliza\u00e7\u00e3o \u00e0 fun\u00e7\u00e3o de perda que desencoraja modelos complexos. Os m\u00e9todos de regulariza\u00e7\u00e3o comuns incluem L1 (Lasso), L2 (Ridge), desist\u00eancia e paragem antecipada.<\/p>\n\n\n\n<h4 class=\"wp-block-heading\">Aprendizagem por refor\u00e7o<\/h4>\n\n\n\n<p>Um tipo de aprendizagem autom\u00e1tica em que um agente aprende a tomar decis\u00f5es atrav\u00e9s de ac\u00e7\u00f5es num ambiente para maximizar as recompensas cumulativas. O agente aprende por tentativa e erro, recebendo feedback sob a forma de recompensas ou penaliza\u00e7\u00f5es. Esta abordagem tem sido bem sucedida em dom\u00ednios como os jogos e a rob\u00f3tica.<\/p>\n\n\n\n<h4 class=\"wp-block-heading\">M\u00e1quina de vetor de suporte (SVM)<\/h4>\n\n\n\n<p>Um algoritmo de aprendizagem supervisionada que encontra o hiperplano \u00f3timo para separar diferentes classes no espa\u00e7o de carater\u00edsticas. Os SVMs t\u00eam como objetivo maximizar a margem entre classes e podem lidar com a classifica\u00e7\u00e3o linear e n\u00e3o linear atrav\u00e9s da utiliza\u00e7\u00e3o de fun\u00e7\u00f5es de kernel.<\/p>\n\n\n\n<h4 class=\"wp-block-heading\">Aprendizagem supervisionada<\/h4>\n\n\n\n<p>Um paradigma de aprendizagem autom\u00e1tica em que os algoritmos aprendem a partir de dados de treino rotulados. O modelo aprende a mapear as entradas para as sa\u00eddas com base em exemplos de pares de entrada-sa\u00edda, permitindo-lhe fazer previs\u00f5es sobre dados novos e n\u00e3o vistos.<\/p>\n\n\n\n<h4 class=\"wp-block-heading\">Dados de teste<\/h4>\n\n\n\n<p>Um subconjunto de dados utilizado para avaliar o desempenho de um modelo ap\u00f3s a forma\u00e7\u00e3o. Estes dados s\u00e3o mantidos separados do processo de forma\u00e7\u00e3o para fornecer uma avalia\u00e7\u00e3o imparcial do grau de generaliza\u00e7\u00e3o do modelo a exemplos novos e n\u00e3o vistos.<\/p>\n\n\n\n<h4 class=\"wp-block-heading\">Dados de treino<\/h4>\n\n\n\n<p>O conjunto de dados utilizado para ensinar um modelo de aprendizagem autom\u00e1tica. Cont\u00e9m exemplos com carater\u00edsticas e (na aprendizagem supervisionada) as etiquetas correspondentes. A qualidade, quantidade e diversidade dos dados de treino t\u00eam um impacto significativo no desempenho do modelo.<\/p>\n\n\n\n<h4 class=\"wp-block-heading\">Aprendizagem por transfer\u00eancia<\/h4>\n\n\n\n<p>Uma t\u00e9cnica em que o conhecimento adquirido com o treino de um modelo numa tarefa \u00e9 aplicado a uma tarefa diferente mas relacionada. Esta abordagem \u00e9 particularmente \u00fatil quando os dados dispon\u00edveis para a tarefa-alvo s\u00e3o limitados, uma vez que aproveita os conhecimentos pr\u00e9-existentes de um dom\u00ednio de origem.<\/p>\n\n\n\n<h4 class=\"wp-block-heading\">Subadapta\u00e7\u00e3o<\/h4>\n\n\n\n<p>Um erro de modela\u00e7\u00e3o em que um modelo \u00e9 demasiado simples para captar os padr\u00f5es subjacentes nos dados. Um modelo subajustado tem um desempenho fraco nos dados de treino e de teste. As solu\u00e7\u00f5es incluem a utiliza\u00e7\u00e3o de modelos mais complexos, a adi\u00e7\u00e3o de carater\u00edsticas ou a redu\u00e7\u00e3o da regulariza\u00e7\u00e3o.<\/p>\n\n\n\n<h4 class=\"wp-block-heading\">Aprendizagem n\u00e3o supervisionada<\/h4>\n\n\n\n<p>Uma abordagem de aprendizagem autom\u00e1tica em que os algoritmos identificam padr\u00f5es em dados n\u00e3o rotulados. Sem orienta\u00e7\u00e3o expl\u00edcita sobre o que prever, estes modelos descobrem estruturas, rela\u00e7\u00f5es ou agrupamentos ocultos nos dados. As aplica\u00e7\u00f5es comuns incluem o agrupamento, a redu\u00e7\u00e3o da dimensionalidade e a dete\u00e7\u00e3o de anomalias.<\/p>\n\n\n\n<h4 class=\"wp-block-heading\">Desvio<\/h4>\n\n\n\n<p>Uma medida de quanto as previs\u00f5es de um modelo mudariam se fossem treinadas em dados diferentes. Uma vari\u00e2ncia elevada indica que um modelo \u00e9 demasiado sens\u00edvel a flutua\u00e7\u00f5es nos dados de treino, levando frequentemente a um sobreajuste. O compromisso entre a polariza\u00e7\u00e3o e a vari\u00e2ncia \u00e9 um conceito fundamental na sele\u00e7\u00e3o de modelos de aprendizagem autom\u00e1tica.<\/p>\n\n\n\n<hr class=\"wp-block-separator has-text-color has-ast-global-color-2-color has-alpha-channel-opacity has-ast-global-color-2-background-color has-background is-style-wide\"\/>\n\n\n\n<div class=\"wp-block-group is-layout-constrained wp-block-group-is-layout-constrained\" style=\"padding-top:var(--wp--preset--spacing--20);padding-bottom:var(--wp--preset--spacing--20)\">\n<h3 class=\"wp-block-heading\">Mais<\/h3>\n\n\n\n<p>Precisa de ajuda para compreender os dados e a IA? Temos a experi\u00eancia, as compet\u00eancias e a rede para o orientar. Contacte-nos para come\u00e7ar.<\/p>\n\n\n\n<ul class=\"wp-block-list\">\n<li><a href=\"mailto: info@lyfx.ai\">Contactar-nos<\/a><\/li>\n\n\n\n<li><a href=\"http:\/\/lyfx.ai\/wp-content\/uploads\/2025\/02\/AI-and-Data-Readiness-Check-in-a-nutshell.pdf\" target=\"_blank\" rel=\"noreferrer noopener\">Verifica\u00e7\u00e3o da prepara\u00e7\u00e3o para IA e dados<\/a><\/li>\n<\/ul>\n<\/div>\n<\/div>\n<\/div><\/div>\n\n\n\n<p><\/p>","protected":false},"excerpt":{"rendered":"<p>AI and Machine Learning Glossary AI generated content Algorithm A step-by-step set of rules or instructions that a computer follows to solve a problem or perform a task. Algorithms in AI can range from simple decision rules to complex mathematical procedures. Artificial Intelligence (AI) The field of computer science focused on creating systems that can [&hellip;]<\/p>\n","protected":false},"author":1,"featured_media":0,"parent":0,"menu_order":0,"comment_status":"closed","ping_status":"closed","template":"","meta":{"_uag_custom_page_level_css":"","site-sidebar-layout":"no-sidebar","site-content-layout":"page-builder","ast-site-content-layout":"full-width-container","site-content-style":"unboxed","site-sidebar-style":"unboxed","ast-global-header-display":"","ast-banner-title-visibility":"","ast-main-header-display":"","ast-hfb-above-header-display":"","ast-hfb-below-header-display":"","ast-hfb-mobile-header-display":"","site-post-title":"disabled","ast-breadcrumbs-content":"","ast-featured-img":"disabled","footer-sml-layout":"","ast-disable-related-posts":"","theme-transparent-header-meta":"enabled","adv-header-id-meta":"","stick-header-meta":"","header-above-stick-meta":"","header-main-stick-meta":"","header-below-stick-meta":"","astra-migrate-meta-layouts":"set","ast-page-background-enabled":"default","ast-page-background-meta":{"desktop":{"background-color":"var(--ast-global-color-4)","background-image":"","background-repeat":"repeat","background-position":"center center","background-size":"auto","background-attachment":"scroll","background-type":"","background-media":"","overlay-type":"","overlay-color":"","overlay-opacity":"","overlay-gradient":""},"tablet":{"background-color":"","background-image":"","background-repeat":"repeat","background-position":"center center","background-size":"auto","background-attachment":"scroll","background-type":"","background-media":"","overlay-type":"","overlay-color":"","overlay-opacity":"","overlay-gradient":""},"mobile":{"background-color":"","background-image":"","background-repeat":"repeat","background-position":"center center","background-size":"auto","background-attachment":"scroll","background-type":"","background-media":"","overlay-type":"","overlay-color":"","overlay-opacity":"","overlay-gradient":""}},"ast-content-background-meta":{"desktop":{"background-color":"var(--ast-global-color-5)","background-image":"","background-repeat":"repeat","background-position":"center center","background-size":"auto","background-attachment":"scroll","background-type":"","background-media":"","overlay-type":"","overlay-color":"","overlay-opacity":"","overlay-gradient":""},"tablet":{"background-color":"var(--ast-global-color-5)","background-image":"","background-repeat":"repeat","background-position":"center center","background-size":"auto","background-attachment":"scroll","background-type":"","background-media":"","overlay-type":"","overlay-color":"","overlay-opacity":"","overlay-gradient":""},"mobile":{"background-color":"var(--ast-global-color-5)","background-image":"","background-repeat":"repeat","background-position":"center center","background-size":"auto","background-attachment":"scroll","background-type":"","background-media":"","overlay-type":"","overlay-color":"","overlay-opacity":"","overlay-gradient":""}},"footnotes":""},"class_list":["post-2033","page","type-page","status-publish","hentry"],"aioseo_notices":[],"uagb_featured_image_src":{"full":false,"thumbnail":false,"medium":false,"medium_large":false,"large":false,"1536x1536":false,"2048x2048":false,"trp-custom-language-flag":false},"uagb_author_info":{"display_name":"Andre Moreira","author_link":"https:\/\/lyfx.ai\/pt\/author\/amoreira\/"},"uagb_comment_info":0,"uagb_excerpt":"AI and Machine Learning Glossary AI generated content Algorithm A step-by-step set of rules or instructions that a computer follows to solve a problem or perform a task. Algorithms in AI can range from simple decision rules to complex mathematical procedures. Artificial Intelligence (AI) The field of computer science focused on creating systems that can&hellip;","_links":{"self":[{"href":"https:\/\/lyfx.ai\/pt\/wp-json\/wp\/v2\/pages\/2033","targetHints":{"allow":["GET"]}}],"collection":[{"href":"https:\/\/lyfx.ai\/pt\/wp-json\/wp\/v2\/pages"}],"about":[{"href":"https:\/\/lyfx.ai\/pt\/wp-json\/wp\/v2\/types\/page"}],"author":[{"embeddable":true,"href":"https:\/\/lyfx.ai\/pt\/wp-json\/wp\/v2\/users\/1"}],"replies":[{"embeddable":true,"href":"https:\/\/lyfx.ai\/pt\/wp-json\/wp\/v2\/comments?post=2033"}],"version-history":[{"count":6,"href":"https:\/\/lyfx.ai\/pt\/wp-json\/wp\/v2\/pages\/2033\/revisions"}],"predecessor-version":[{"id":2686,"href":"https:\/\/lyfx.ai\/pt\/wp-json\/wp\/v2\/pages\/2033\/revisions\/2686"}],"wp:attachment":[{"href":"https:\/\/lyfx.ai\/pt\/wp-json\/wp\/v2\/media?parent=2033"}],"curies":[{"name":"wp","href":"https:\/\/api.w.org\/{rel}","templated":true}]}}