{"id":1844,"date":"2025-03-24T14:45:52","date_gmt":"2025-03-24T13:45:52","guid":{"rendered":"https:\/\/lyfx.ai\/?page_id=1844"},"modified":"2025-07-12T22:54:21","modified_gmt":"2025-07-12T20:54:21","slug":"carbon-credits","status":"publish","type":"page","link":"https:\/\/lyfx.ai\/pt\/carbon-credits\/","title":{"rendered":"Cr\u00e9ditos de carbono"},"content":{"rendered":"<div class=\"wp-block-uagb-container uagb-block-8b781be5 alignfull uagb-is-root-container\">\n<div style=\"height:70px\" aria-hidden=\"true\" class=\"wp-block-spacer\"><\/div>\n\n\n\n<div class=\"wp-block-cover\" style=\"min-height:430px;aspect-ratio:unset;\"><img loading=\"lazy\" decoding=\"async\" width=\"1024\" height=\"288\" class=\"wp-block-cover__image-background wp-image-2497 size-large\" alt=\"\" src=\"http:\/\/lyfx.ai\/wp-content\/uploads\/2025\/07\/lyfX-Herobild-Team-1024x288.png\" data-object-fit=\"cover\" srcset=\"https:\/\/lyfx.ai\/wp-content\/uploads\/2025\/07\/lyfX-Herobild-Team-1024x288.png 1024w, https:\/\/lyfx.ai\/wp-content\/uploads\/2025\/07\/lyfX-Herobild-Team-300x84.png 300w, https:\/\/lyfx.ai\/wp-content\/uploads\/2025\/07\/lyfX-Herobild-Team-768x216.png 768w, https:\/\/lyfx.ai\/wp-content\/uploads\/2025\/07\/lyfX-Herobild-Team-1536x432.png 1536w, https:\/\/lyfx.ai\/wp-content\/uploads\/2025\/07\/lyfX-Herobild-Team-18x5.png 18w, https:\/\/lyfx.ai\/wp-content\/uploads\/2025\/07\/lyfX-Herobild-Team.png 1920w\" sizes=\"auto, (max-width: 1024px) 100vw, 1024px\" \/><span aria-hidden=\"true\" class=\"wp-block-cover__background has-background-dim\" style=\"background-color:#1e2e56\"><\/span><div class=\"wp-block-cover__inner-container is-layout-flow wp-block-cover-is-layout-flow\">\n<h1 class=\"wp-block-heading has-text-align-left has-ast-global-color-2-color has-text-color has-link-color has-x-large-font-size wp-elements-bc2cf285ea58d7722ec25a602f417b0b\" style=\"margin-right:var(--wp--preset--spacing--50);margin-left:var(--wp--preset--spacing--50)\">Cr\u00e9ditos de carbono<\/h1>\n<\/div><\/div>\n\n\n\n<div style=\"height:30px\" aria-hidden=\"true\" class=\"wp-block-spacer\"><\/div>\n<\/div>\n\n\n\n<div class=\"wp-block-uagb-container uagb-block-5a9edaca alignfull uagb-is-root-container\"><div class=\"uagb-container-inner-blocks-wrap\">\n<div class=\"wp-block-uagb-container uagb-block-fb72af9e\">\n<h3 class=\"wp-block-heading\">Desmistificando os cr\u00e9ditos de carbono<\/h3>\n\n\n\n<p><strong>Os cr\u00e9ditos de carbono s\u00e3o certificados que representam a redu\u00e7\u00e3o ou elimina\u00e7\u00e3o de uma tonelada m\u00e9trica de di\u00f3xido de carbono (CO2) ou o seu equivalente noutros gases com efeito de estufa (CO2e). <\/strong>Estes cr\u00e9ditos s\u00e3o normalmente adquiridos por empresas ou indiv\u00edduos que procuram compensar as suas emiss\u00f5es de carbono e melhorar as suas credenciais de sustentabilidade. O mercado de cr\u00e9ditos de carbono divide-se, em termos gerais, em duas categorias: mercados de conformidade e mercados volunt\u00e1rios.<\/p>\n\n\n\n<p>Os mercados de conformidade funcionam ao abrigo de sistemas legalmente obrigat\u00f3rios, como o Sistema de Com\u00e9rcio de Licen\u00e7as de Emiss\u00e3o da Uni\u00e3o Europeia (RCLE-UE). Este sistema de limita\u00e7\u00e3o e com\u00e9rcio exige que os grandes emissores adquiram licen\u00e7as correspondentes \u00e0s suas emiss\u00f5es. Cada licen\u00e7a permite a emiss\u00e3o de uma tonelada de CO2. As empresas que emitem menos do que as suas licen\u00e7as podem vender o excedente, enquanto as que excedem os seus limites t\u00eam de comprar licen\u00e7as adicionais. A conce\u00e7\u00e3o do sistema garante que as emiss\u00f5es s\u00e3o reduzidas de acordo com os objectivos clim\u00e1ticos estabelecidos.<\/p>\n\n\n\n<p>Ao contr\u00e1rio dos mercados volunt\u00e1rios, em que as empresas estabelecem os seus pr\u00f3prios objectivos, o RCLE-UE regula rigorosamente a quantidade de CO2 que ind\u00fastrias como a produ\u00e7\u00e3o de energia, a ind\u00fastria transformadora pesada (por exemplo, a\u00e7o, cimento) e a avia\u00e7\u00e3o podem emitir. O com\u00e9rcio de licen\u00e7as ajuda as empresas a cumprir as suas obriga\u00e7\u00f5es regulamentares de uma forma rent\u00e1vel.<\/p>\n\n\n\n<p>Os Mercados Volunt\u00e1rios de Carbono (VCM) proporcionam uma abordagem flex\u00edvel e orientada para o mercado para empresas e indiv\u00edduos que pretendem atingir a neutralidade carb\u00f3nica ou demonstrar responsabilidade ambiental. Ao contr\u00e1rio dos mercados de conformidade, os MCV n\u00e3o s\u00e3o legalmente obrigat\u00f3rios, mas s\u00e3o orientados por objectivos empresariais internos e pelas expectativas dos consumidores.<\/p>\n\n\n\n<p>Os cr\u00e9ditos de carbono em VCMs s\u00e3o emitidos de acordo com estruturas estabelecidas por organismos normalizados, como o Verified Carbon Standard (VCS) ou o Gold Standard da Verra. Estes fornecem quadros rigorosos para garantir que as redu\u00e7\u00f5es ou remo\u00e7\u00f5es de emiss\u00f5es creditadas s\u00e3o reais, adicionais, permanentes e quantificadas com exatid\u00e3o. As metodologias aprovadas oferecem diretrizes adaptadas a v\u00e1rios tipos de projectos (por exemplo, refloresta\u00e7\u00e3o, energias renov\u00e1veis, melhorias de processos industriais). Cada metodologia est\u00e1 estruturada de forma a garantir uma monitoriza\u00e7\u00e3o, comunica\u00e7\u00e3o e verifica\u00e7\u00e3o abrangentes das redu\u00e7\u00f5es de emiss\u00f5es.<\/p>\n\n\n\n<p>A integridade dos cr\u00e9ditos de carbono depende em grande medida dos dados - da sua qualidade, fiabilidade e transpar\u00eancia. A recolha de dados precisos e consistentes \u00e9 essencial para estabelecer linhas de base cred\u00edveis, verificar as redu\u00e7\u00f5es e garantir que os cr\u00e9ditos reflectem genuinamente os benef\u00edcios ambientais pretendidos.<\/p>\n\n\n\n<p>Os cr\u00e9ditos podem ser comprados e vendidos em mercados internacionais, sendo os pre\u00e7os frequentemente influenciados pela oferta, procura e credibilidade percebida. As MCV permitem a atribui\u00e7\u00e3o de cr\u00e9ditos a uma gama mais vasta de actividades, incluindo solu\u00e7\u00f5es baseadas na natureza, inova\u00e7\u00f5es tecnol\u00f3gicas e melhorias industriais.<\/p>\n\n\n\n<p>Um aspeto importante da gera\u00e7\u00e3o de cr\u00e9ditos de carbono \u00e9 a adicionalidade. Para que um projeto de cr\u00e9ditos de carbono seja eleg\u00edvel, deve demonstrar que as redu\u00e7\u00f5es de emiss\u00f5es n\u00e3o teriam ocorrido sem a implementa\u00e7\u00e3o do projeto. Isto implica demonstrar que o projeto enfrenta barreiras financeiras, t\u00e9cnicas ou de mercado que o impedem de se realizar em circunst\u00e2ncias normais.<\/p>\n\n\n\n<p>Embora as barreiras financeiras sejam normalmente utilizadas para provar a adicionalidade, as barreiras n\u00e3o financeiras, como a resist\u00eancia do mercado, os desafios regulamentares ou a falta de familiaridade com as novas tecnologias, tamb\u00e9m podem ser considera\u00e7\u00f5es v\u00e1lidas. A demonstra\u00e7\u00e3o da adicionalidade \u00e9 fundamental para garantir a credibilidade e a integridade dos cr\u00e9ditos de carbono.<\/p>\n\n\n\n<h4 class=\"wp-block-heading\"><strong>Custos e calend\u00e1rio<\/strong><\/h4>\n\n\n\n<p>Os custos associados ao desenvolvimento de projectos para mercados volunt\u00e1rios incluem a adapta\u00e7\u00e3o de metodologias existentes ou a cria\u00e7\u00e3o de novas metodologias, a valida\u00e7\u00e3o por organiza\u00e7\u00f5es terceiras e o registo do projeto em organismos normalizados. Os custos adicionais resultam das actividades de monitoriza\u00e7\u00e3o e verifica\u00e7\u00e3o em curso, bem como das taxas administrativas pagas a organismos de normaliza\u00e7\u00e3o como o Verra ou o Gold Standard.<\/p>\n\n\n\n<p>O prazo para o desenvolvimento e registo de um projeto varia consoante se adapte uma metodologia existente ou se crie uma nova. Em geral, este processo pode demorar entre 12 e 24 meses, desde o desenvolvimento da metodologia at\u00e9 ao registo do projeto e \u00e0 emiss\u00e3o do cr\u00e9dito.<\/p>\n\n\n\n<p>(<em>Conte\u00fados gerados por IA<\/em>)<\/p>\n\n\n\n<hr class=\"wp-block-separator has-text-color has-ast-global-color-2-color has-alpha-channel-opacity has-ast-global-color-2-background-color has-background is-style-wide\"\/>\n\n\n\n<h3 class=\"wp-block-heading\">Mais<\/h3>\n\n\n\n<p>Precisa de ajuda para compreender os cr\u00e9ditos de carbono? Temos a experi\u00eancia, as compet\u00eancias em mat\u00e9ria de dados e a rede para o orientar. Contacte-nos para come\u00e7ar.<\/p>\n\n\n\n<ul class=\"wp-block-list\">\n<li><a href=\"mailto: info@lyfx.ai\">Contactar-nos<\/a><\/li>\n\n\n\n<li><a href=\"https:\/\/lyfx.ai\/pt\/carbon-credits\/\">Desmistificando os cr\u00e9ditos de carbono<\/a><\/li>\n\n\n\n<li><a href=\"https:\/\/lyfx.ai\/pt\/carbon-credits-glossary\/\">Gloss\u00e1rio de cr\u00e9ditos de carbono<\/a><\/li>\n\n\n\n<li>Calculadora de cr\u00e9ditos de carbono com IA<\/li>\n<\/ul>\n<\/div>\n<\/div><\/div>\n\n\n\n<p><\/p>","protected":false},"excerpt":{"rendered":"<p>Demystifying Carbon Credits Carbon credits are certificates representing the reduction or removal of one metric ton of carbon dioxide (CO2) or its equivalent in other greenhouse gases (CO2e). These credits are typically purchased by companies or individuals looking to offset their carbon emissions and enhance their sustainability credentials. The carbon credit market is broadly divided [&hellip;]<\/p>\n","protected":false},"author":1,"featured_media":0,"parent":0,"menu_order":0,"comment_status":"closed","ping_status":"closed","template":"","meta":{"_uag_custom_page_level_css":"","site-sidebar-layout":"no-sidebar","site-content-layout":"page-builder","ast-site-content-layout":"full-width-container","site-content-style":"unboxed","site-sidebar-style":"unboxed","ast-global-header-display":"","ast-banner-title-visibility":"","ast-main-header-display":"","ast-hfb-above-header-display":"","ast-hfb-below-header-display":"","ast-hfb-mobile-header-display":"","site-post-title":"disabled","ast-breadcrumbs-content":"","ast-featured-img":"disabled","footer-sml-layout":"","ast-disable-related-posts":"","theme-transparent-header-meta":"enabled","adv-header-id-meta":"","stick-header-meta":"","header-above-stick-meta":"","header-main-stick-meta":"","header-below-stick-meta":"","astra-migrate-meta-layouts":"set","ast-page-background-enabled":"default","ast-page-background-meta":{"desktop":{"background-color":"var(--ast-global-color-4)","background-image":"","background-repeat":"repeat","background-position":"center center","background-size":"auto","background-attachment":"scroll","background-type":"","background-media":"","overlay-type":"","overlay-color":"","overlay-opacity":"","overlay-gradient":""},"tablet":{"background-color":"","background-image":"","background-repeat":"repeat","background-position":"center center","background-size":"auto","background-attachment":"scroll","background-type":"","background-media":"","overlay-type":"","overlay-color":"","overlay-opacity":"","overlay-gradient":""},"mobile":{"background-color":"","background-image":"","background-repeat":"repeat","background-position":"center center","background-size":"auto","background-attachment":"scroll","background-type":"","background-media":"","overlay-type":"","overlay-color":"","overlay-opacity":"","overlay-gradient":""}},"ast-content-background-meta":{"desktop":{"background-color":"var(--ast-global-color-5)","background-image":"","background-repeat":"repeat","background-position":"center center","background-size":"auto","background-attachment":"scroll","background-type":"","background-media":"","overlay-type":"","overlay-color":"","overlay-opacity":"","overlay-gradient":""},"tablet":{"background-color":"var(--ast-global-color-5)","background-image":"","background-repeat":"repeat","background-position":"center center","background-size":"auto","background-attachment":"scroll","background-type":"","background-media":"","overlay-type":"","overlay-color":"","overlay-opacity":"","overlay-gradient":""},"mobile":{"background-color":"var(--ast-global-color-5)","background-image":"","background-repeat":"repeat","background-position":"center center","background-size":"auto","background-attachment":"scroll","background-type":"","background-media":"","overlay-type":"","overlay-color":"","overlay-opacity":"","overlay-gradient":""}},"footnotes":""},"class_list":["post-1844","page","type-page","status-publish","hentry"],"aioseo_notices":[],"uagb_featured_image_src":{"full":false,"thumbnail":false,"medium":false,"medium_large":false,"large":false,"1536x1536":false,"2048x2048":false,"trp-custom-language-flag":false},"uagb_author_info":{"display_name":"Andre Moreira","author_link":"https:\/\/lyfx.ai\/pt\/author\/amoreira\/"},"uagb_comment_info":0,"uagb_excerpt":"Demystifying Carbon Credits Carbon credits are certificates representing the reduction or removal of one metric ton of carbon dioxide (CO2) or its equivalent in other greenhouse gases (CO2e). These credits are typically purchased by companies or individuals looking to offset their carbon emissions and enhance their sustainability credentials. The carbon credit market is broadly divided&hellip;","_links":{"self":[{"href":"https:\/\/lyfx.ai\/pt\/wp-json\/wp\/v2\/pages\/1844","targetHints":{"allow":["GET"]}}],"collection":[{"href":"https:\/\/lyfx.ai\/pt\/wp-json\/wp\/v2\/pages"}],"about":[{"href":"https:\/\/lyfx.ai\/pt\/wp-json\/wp\/v2\/types\/page"}],"author":[{"embeddable":true,"href":"https:\/\/lyfx.ai\/pt\/wp-json\/wp\/v2\/users\/1"}],"replies":[{"embeddable":true,"href":"https:\/\/lyfx.ai\/pt\/wp-json\/wp\/v2\/comments?post=1844"}],"version-history":[{"count":9,"href":"https:\/\/lyfx.ai\/pt\/wp-json\/wp\/v2\/pages\/1844\/revisions"}],"predecessor-version":[{"id":2683,"href":"https:\/\/lyfx.ai\/pt\/wp-json\/wp\/v2\/pages\/1844\/revisions\/2683"}],"wp:attachment":[{"href":"https:\/\/lyfx.ai\/pt\/wp-json\/wp\/v2\/media?parent=1844"}],"curies":[{"name":"wp","href":"https:\/\/api.w.org\/{rel}","templated":true}]}}