{"id":2278,"date":"2025-06-02T11:38:18","date_gmt":"2025-06-02T09:38:18","guid":{"rendered":"https:\/\/lyfx.ai\/?page_id=2278"},"modified":"2025-09-01T06:42:54","modified_gmt":"2025-09-01T04:42:54","slug":"trade-show-crystallization","status":"publish","type":"page","link":"https:\/\/lyfx.ai\/es\/trade-show-crystallization\/","title":{"rendered":"feria - cristalizaci\u00f3n"},"content":{"rendered":"<div class=\"wp-block-uagb-container uagb-block-5e1948c5 alignfull uagb-is-root-container\"><div class=\"uagb-container-inner-blocks-wrap\">\n<div style=\"height:100px\" aria-hidden=\"true\" class=\"wp-block-spacer\"><\/div>\n\n\n\n<h1 class=\"wp-block-heading\">Tecnolog\u00edas de cristalizaci\u00f3n<\/h1>\n<\/div><\/div>\n\n\n\n<div class=\"wp-block-uagb-container uagb-block-65bfa760 alignfull uagb-is-root-container\"><div class=\"uagb-container-inner-blocks-wrap\">\n<div style=\"height:20px\" aria-hidden=\"true\" class=\"wp-block-spacer\"><\/div>\n\n\n\n<h2 class=\"wp-block-heading has-text-align-center\">Oportunidad de colaboraci\u00f3n<\/h2>\n\n\n\n<div style=\"height:20px\" aria-hidden=\"true\" class=\"wp-block-spacer\"><\/div>\n\n\n\n<p><a href=\"http:\/\/www.k-utec.de\/en\" target=\"_blank\" rel=\"noopener\" title=\"\">K-UTEC AG Tecnolog\u00edas de la sal<\/a>, un valioso cliente de lyfX.ai, es una empresa de ingenier\u00eda especializada en el procesamiento de minerales y sal. Tienen una gran experiencia en la transformaci\u00f3n de salmueras y licores madre complejos en cristales definidos con precisi\u00f3n y de gran pureza. Su trabajo aprovecha una base de datos propia sobre solubilidad y termodin\u00e1mica de salmueras multicomponente, respaldada por capacidades avanzadas de cristalizaci\u00f3n.<\/p>\n\n\n\n<p>K-UTEC dise\u00f1a procesos de cristalizaci\u00f3n fraccionada, en fr\u00edo y sembrada para conseguir distribuciones espec\u00edficas del tama\u00f1o de las part\u00edculas y niveles de impurezas sistem\u00e1ticamente bajos (por debajo de ppm). Sus soluciones son robustas y pueden escalarse sin problemas desde ensayos de laboratorio hasta operaciones a escala industrial con miles de toneladas. Entre los proyectos recientes m\u00e1s destacados figuran una planta de cristalizaci\u00f3n en fr\u00edo de KCl de un mill\u00f3n de toneladas al a\u00f1o en Jordania e instalaciones de producci\u00f3n de sulfato de potasa de calidad farmac\u00e9utica y carbonato de litio para bater\u00edas. <\/p>\n\n\n\n<p>K-UTEC aborda con \u00e9xito materiales inorg\u00e1nicos y org\u00e1nicos dif\u00edciles, proporcionando cristales optimizados que mejoran los procesos posteriores.<\/p>\n\n\n\n<div style=\"height:20px\" aria-hidden=\"true\" class=\"wp-block-spacer\"><\/div>\n\n\n\n<div style=\"height:20px\" aria-hidden=\"true\" class=\"wp-block-spacer\"><\/div>\n<\/div><\/div>\n\n\n\n<div class=\"wp-block-uagb-container uagb-block-7f40e216 alignfull uagb-is-root-container\"><div class=\"uagb-container-inner-blocks-wrap\">\n<ul class=\"wp-block-list\">\n<li style=\"padding-top:var(--wp--preset--spacing--30);padding-bottom:var(--wp--preset--spacing--30)\"><strong>Motor termodin\u00e1mico propio<\/strong> - datos internos de solubilidad y termoqu\u00edmica para salmueras multicomponentes; algunas partes son estrictamente propiedad de la empresa, por lo que los competidores no pueden copiarlas<\/li>\n\n\n\n<li style=\"padding-top:var(--wp--preset--spacing--30);padding-bottom:var(--wp--preset--spacing--30)\"><strong>Kit de herramientas de ingenier\u00eda del cristal<\/strong> - cristalizaci\u00f3n fraccionada (evaporaci\u00f3n o enfriamiento), cristalizaci\u00f3n en fr\u00edo, conversiones glaserita y kainita-choenita, precipitaci\u00f3n sembrada; todo ello probado en la industria<\/li>\n\n\n\n<li style=\"padding-top:var(--wp--preset--spacing--30);padding-bottom:var(--wp--preset--spacing--30)\"><strong>Control morfol\u00f3gico<\/strong> - capacidad de ajustar la nucleaci\u00f3n y el crecimiento para obtener una distribuci\u00f3n granulom\u00e9trica estrecha, una forma fluida y un m\u00ednimo de impurezas ocluidas<\/li>\n\n\n\n<li><strong>Centro de pruebas a escala piloto y de banco<\/strong> - Centro de pruebas de m\u00e1s de 2.000 m\u00b2 equipado con la tecnolog\u00eda de proceso m\u00e1s avanzada en varios tama\u00f1os<\/li>\n\n\n\n<li style=\"padding-top:var(--wp--preset--spacing--30);padding-bottom:var(--wp--preset--spacing--30)\"><strong>Escala que tranquiliza<\/strong> - El dise\u00f1o de una planta de cristalizaci\u00f3n en fr\u00edo de KCl de 1 Mt a-\u00b9 (Arab Potash, Jordania) y de una l\u00ednea de conversi\u00f3n de glaserita en SOP de 100 kt a-\u00b9 (CINIS Fertilizer, Suecia) muestra confianza en ambos extremos de la escala.<\/li>\n\n\n\n<li><strong>Experiencia demostrada en materiales org\u00e1nicos<\/strong> - incluida la cristalizaci\u00f3n de alanina (amino\u00e1cido), la separaci\u00f3n de enanti\u00f3meros mediante t\u00e9cnicas avanzadas de cristalizaci\u00f3n y otros proyectos relacionados.<\/li>\n\n\n\n<li style=\"padding-top:var(--wp--preset--spacing--30);padding-bottom:var(--wp--preset--spacing--30)\"><strong>Compromiso de principio a fin<\/strong> - revisi\u00f3n de datos de exploraci\u00f3n, modelizaci\u00f3n de procesos, campa\u00f1as piloto, ingenier\u00eda b\u00e1sica y de detalle, puesta en marcha y optimizaci\u00f3n de la modernizaci\u00f3n.<\/li>\n\n\n\n<li style=\"padding-top:var(--wp--preset--spacing--30);padding-bottom:var(--wp--preset--spacing--30)\"><strong>Neutralidad OEM y sostenibilidad<\/strong> - capacidad de integrar el hardware cristalizador de mayor eficiencia energ\u00e9tica del mercado y recuperar los subproductos para reducir los residuos y la huella h\u00eddrica.<\/li>\n<\/ul>\n<\/div><\/div>\n\n\n\n<div class=\"wp-block-uagb-container uagb-block-abd5aec8 alignfull uagb-is-root-container\"><div class=\"uagb-container-inner-blocks-wrap\">\n<blockquote class=\"wp-block-quote is-layout-flow wp-block-quote-is-layout-flow\">\n<p>Estaremos encantados de ponerte en contacto con los compa\u00f1eros adecuados de K-UTEC para explorar esta oportunidad.<\/p>\n<\/blockquote>\n<\/div><\/div>\n\n\n\n<p><\/p>","protected":false},"excerpt":{"rendered":"<p>Crystallization technologies Collaboration opportunity K-UTEC AG Salt Technologies, a valued client of lyfX.ai, is an engineering firm specialized in mineral and salt processing. They have deep expertise\u00a0 in transforming complex brines and mother liquors into precisely defined, high-purity crystals. Their work leverages a proprietary database on solubility and thermodynamics of multi-component brines, supported by advanced [&hellip;]<\/p>\n","protected":false},"author":1,"featured_media":0,"parent":0,"menu_order":0,"comment_status":"closed","ping_status":"closed","template":"","meta":{"_uag_custom_page_level_css":"","site-sidebar-layout":"default","site-content-layout":"","ast-site-content-layout":"default","site-content-style":"default","site-sidebar-style":"default","ast-global-header-display":"","ast-banner-title-visibility":"","ast-main-header-display":"","ast-hfb-above-header-display":"","ast-hfb-below-header-display":"","ast-hfb-mobile-header-display":"","site-post-title":"disabled","ast-breadcrumbs-content":"","ast-featured-img":"","footer-sml-layout":"","ast-disable-related-posts":"","theme-transparent-header-meta":"","adv-header-id-meta":"","stick-header-meta":"","header-above-stick-meta":"","header-main-stick-meta":"","header-below-stick-meta":"","astra-migrate-meta-layouts":"set","ast-page-background-enabled":"default","ast-page-background-meta":{"desktop":{"background-color":"var(--ast-global-color-4)","background-image":"","background-repeat":"repeat","background-position":"center center","background-size":"auto","background-attachment":"scroll","background-type":"","background-media":"","overlay-type":"","overlay-color":"","overlay-gradient":""},"tablet":{"background-color":"","background-image":"","background-repeat":"repeat","background-position":"center center","background-size":"auto","background-attachment":"scroll","background-type":"","background-media":"","overlay-type":"","overlay-color":"","overlay-gradient":""},"mobile":{"background-color":"","background-image":"","background-repeat":"repeat","background-position":"center center","background-size":"auto","background-attachment":"scroll","background-type":"","background-media":"","overlay-type":"","overlay-color":"","overlay-gradient":""}},"ast-content-background-meta":{"desktop":{"background-color":"var(--ast-global-color-5)","background-image":"","background-repeat":"repeat","background-position":"center center","background-size":"auto","background-attachment":"scroll","background-type":"","background-media":"","overlay-type":"","overlay-color":"","overlay-gradient":""},"tablet":{"background-color":"var(--ast-global-color-5)","background-image":"","background-repeat":"repeat","background-position":"center center","background-size":"auto","background-attachment":"scroll","background-type":"","background-media":"","overlay-type":"","overlay-color":"","overlay-gradient":""},"mobile":{"background-color":"var(--ast-global-color-5)","background-image":"","background-repeat":"repeat","background-position":"center center","background-size":"auto","background-attachment":"scroll","background-type":"","background-media":"","overlay-type":"","overlay-color":"","overlay-gradient":""}},"footnotes":""},"class_list":["post-2278","page","type-page","status-publish","hentry"],"aioseo_notices":[],"uagb_featured_image_src":{"full":false,"thumbnail":false,"medium":false,"medium_large":false,"large":false,"1536x1536":false,"2048x2048":false,"trp-custom-language-flag":false},"uagb_author_info":{"display_name":"Andre Moreira","author_link":"https:\/\/lyfx.ai\/es\/author\/amoreira\/"},"uagb_comment_info":0,"uagb_excerpt":"Crystallization technologies Collaboration opportunity K-UTEC AG Salt Technologies, a valued client of lyfX.ai, is an engineering firm specialized in mineral and salt processing. They have deep expertise\u00a0 in transforming complex brines and mother liquors into precisely defined, high-purity crystals. Their work leverages a proprietary database on solubility and thermodynamics of multi-component brines, supported by advanced&hellip;","_links":{"self":[{"href":"https:\/\/lyfx.ai\/es\/wp-json\/wp\/v2\/pages\/2278","targetHints":{"allow":["GET"]}}],"collection":[{"href":"https:\/\/lyfx.ai\/es\/wp-json\/wp\/v2\/pages"}],"about":[{"href":"https:\/\/lyfx.ai\/es\/wp-json\/wp\/v2\/types\/page"}],"author":[{"embeddable":true,"href":"https:\/\/lyfx.ai\/es\/wp-json\/wp\/v2\/users\/1"}],"replies":[{"embeddable":true,"href":"https:\/\/lyfx.ai\/es\/wp-json\/wp\/v2\/comments?post=2278"}],"version-history":[{"count":10,"href":"https:\/\/lyfx.ai\/es\/wp-json\/wp\/v2\/pages\/2278\/revisions"}],"predecessor-version":[{"id":2839,"href":"https:\/\/lyfx.ai\/es\/wp-json\/wp\/v2\/pages\/2278\/revisions\/2839"}],"wp:attachment":[{"href":"https:\/\/lyfx.ai\/es\/wp-json\/wp\/v2\/media?parent=2278"}],"curies":[{"name":"wp","href":"https:\/\/api.w.org\/{rel}","templated":true}]}}