{"id":2268,"date":"2025-06-02T11:31:35","date_gmt":"2025-06-02T09:31:35","guid":{"rendered":"https:\/\/lyfx.ai\/?page_id=2268"},"modified":"2025-09-01T06:41:40","modified_gmt":"2025-09-01T04:41:40","slug":"trade-show-agents","status":"publish","type":"page","link":"https:\/\/lyfx.ai\/es\/trade-show-agents\/","title":{"rendered":"feria - agentes"},"content":{"rendered":"<div class=\"wp-block-uagb-container uagb-block-98d043cf alignfull uagb-is-root-container\"><div class=\"uagb-container-inner-blocks-wrap\">\n<div style=\"height:100px\" aria-hidden=\"true\" class=\"wp-block-spacer\"><\/div>\n\n\n\n<h1 class=\"wp-block-heading\"><span style=\"text-decoration: underline;\"><a href=\"https:\/\/agents.lyfx.ai\/agents\/home\" target=\"_blank\" rel=\"noopener\" title=\"\">Agentes inteligentes de IA<\/a><\/span> para las industrias productoras<\/h1>\n\n\n\n<ul class=\"wp-block-list\">\n<li>Automatice los flujos de trabajo mediante IA<\/li>\n\n\n\n<li>Incluir a una persona en el bucle para garantizar la precisi\u00f3n y el cumplimiento.<\/li>\n<\/ul>\n<\/div><\/div>\n\n\n\n<div class=\"wp-block-uagb-container uagb-block-65bfa760 alignfull uagb-is-root-container\"><div class=\"uagb-container-inner-blocks-wrap\">\n<div style=\"height:20px\" aria-hidden=\"true\" class=\"wp-block-spacer\"><\/div>\n\n\n\n<h2 class=\"wp-block-heading has-text-align-center\">Posibilidades infinitas<\/h2>\n\n\n\n<div style=\"height:20px\" aria-hidden=\"true\" class=\"wp-block-spacer\"><\/div>\n\n\n\n<div class=\"wp-block-columns is-layout-flex wp-container-core-columns-is-layout-f130efbf wp-block-columns-is-layout-flex\" style=\"padding-top:var(--wp--preset--spacing--30);padding-right:var(--wp--preset--spacing--30);padding-bottom:var(--wp--preset--spacing--30);padding-left:var(--wp--preset--spacing--30)\">\n<div class=\"wp-block-column is-layout-flow wp-block-column-is-layout-flow\">\n<h3 class=\"wp-block-heading\">\ud83c\udf31 <a href=\"https:\/\/agents.lyfx.ai\/agent\/cccalc\/\" target=\"_blank\" rel=\"noopener\" title=\"\">C\u00e1lculo de emisiones de carbono (\u00a1pru\u00e9belo!)<\/a><\/h3>\n\n\n\n<p>Calcule el GWP, las huellas de producci\u00f3n, las emisiones de transporte y el valor de los cr\u00e9ditos de carbono con precisi\u00f3n y cumpliendo la normativa.<\/p>\n\n\n\n<p>\u2713 Integraci\u00f3n de la base de datos GWP<br>\u2713 Transporte en varias etapas<br>\u2713 Valoraci\u00f3n de cr\u00e9ditos de carbono<br>\u2713 Cumplimiento de la normativa<\/p>\n<\/div>\n\n\n\n<div class=\"wp-block-column is-layout-flow wp-block-column-is-layout-flow\">\n<h3 class=\"wp-block-heading\">\ud83d\udee1\ufe0f Evaluaciones de la seguridad qu\u00edmica<\/h3>\n\n\n\n<p>An\u00e1lisis automatizado de fichas de datos de seguridad, evaluaciones de riesgos y comprobaci\u00f3n del cumplimiento de la normativa en materia de seguridad laboral y medioambiental.<\/p>\n\n\n\n<p>\u2713 An\u00e1lisis SDS<br>\u2713 Generaci\u00f3n de la matriz de riesgos<br>\u2713 Recomendaciones sobre EPI<br>Actualizaciones reglamentarias<\/p>\n<\/div>\n<\/div>\n\n\n\n<div class=\"wp-block-columns is-layout-flex wp-container-core-columns-is-layout-6dbbbada wp-block-columns-is-layout-flex\" style=\"padding-top:var(--wp--preset--spacing--30);padding-right:var(--wp--preset--spacing--30);padding-bottom:var(--wp--preset--spacing--30);padding-left:var(--wp--preset--spacing--30)\">\n<div class=\"wp-block-column is-layout-flow wp-block-column-is-layout-flow\">\n<h3 class=\"wp-block-heading\">\ud83d\udee3\ufe0f Optimizaci\u00f3n de la cadena de suministro<\/h3>\n\n\n\n<p>Optimice las cadenas de suministro de productos qu\u00edmicos en cuanto a costes, sostenibilidad y gesti\u00f3n de riesgos con ayuda para la toma de decisiones basada en IA.<\/p>\n\n\n\n<p>\u2713 Optimizaci\u00f3n de rutas<br>\u2713 An\u00e1lisis de costes<br>\u2713 Evaluaci\u00f3n de riesgos<br>\u2713 M\u00e9tricas de sostenibilidad<\/p>\n<\/div>\n\n\n\n<div class=\"wp-block-column is-layout-flow wp-block-column-is-layout-flow\">\n<h3 class=\"wp-block-heading\">\ud83e\uddea Planificaci\u00f3n de experimentos de I+D<\/h3>\n\n\n\n<p>Dise\u00f1e experimentos, prediga resultados y optimice formulaciones utilizando flujos de trabajo de investigaci\u00f3n y desarrollo asistidos por IA.<\/p>\n\n\n\n<p>\u2713 Dise\u00f1o experimental<br>\u2713 Predicci\u00f3n de resultados<br>\u2713 Optimizaci\u00f3n de la formulaci\u00f3n<br>\u2713 B\u00fasqueda de bibliograf\u00eda<\/p>\n<\/div>\n<\/div>\n\n\n\n<div class=\"wp-block-columns is-layout-flex wp-container-core-columns-is-layout-6dbbbada wp-block-columns-is-layout-flex\" style=\"padding-top:var(--wp--preset--spacing--30);padding-right:var(--wp--preset--spacing--30);padding-bottom:var(--wp--preset--spacing--30);padding-left:var(--wp--preset--spacing--30)\">\n<div class=\"wp-block-column is-layout-flow wp-block-column-is-layout-flow\">\n<h3 class=\"wp-block-heading\">\ud83d\udd2c Automatizaci\u00f3n del control de calidad<\/h3>\n\n\n\n<p>Automatice los procesos de control de calidad, analice los resultados de las pruebas y genere informes de conformidad con flujos de trabajo inteligentes.<\/p>\n\n\n\n<p>\u2713 An\u00e1lisis de los resultados de las pruebas<br>\u2713 Detecci\u00f3n de tendencias<br>Informes de cumplimiento<br>\u2713 Detecci\u00f3n de anomal\u00edas<\/p>\n<\/div>\n\n\n\n<div class=\"wp-block-column has-border-color has-ast-global-color-1-border-color is-layout-flow wp-block-column-is-layout-flow\" style=\"padding-top:var(--wp--preset--spacing--20);padding-right:var(--wp--preset--spacing--20);padding-bottom:var(--wp--preset--spacing--20);padding-left:var(--wp--preset--spacing--20)\">\n<h3 class=\"wp-block-heading has-ast-global-color-2-color has-text-color has-link-color wp-elements-0c3c6e239f2f2f332f774118ca78ed9c\">\ud83d\udccb <strong>Su caso pr\u00e1ctico<\/strong><\/h3>\n\n\n\n<p><strong>Adapte las soluciones de IA a sus retos espec\u00edficos, creadas exclusivamente para usted.<\/strong><\/p>\n\n\n\n<p>\u2713 An\u00e1lisis personalizado<br>Integraciones flexibles<br>\u2713 Soluciones de precisi\u00f3n<br>\u2713 Asistencia experta<\/p>\n<\/div>\n<\/div>\n<\/div><\/div>\n\n\n\n<p><\/p>\n\n\n\n<div class=\"wp-block-uagb-container uagb-block-0fc76f12 alignfull uagb-is-root-container\"><div class=\"uagb-container-inner-blocks-wrap\">\n<blockquote class=\"wp-block-quote is-layout-flow wp-block-quote-is-layout-flow\">\n<p>Hable hoy mismo con nuestros expertos para descubrir c\u00f3mo la IA puede mejorar sus flujos de trabajo.<\/p>\n<\/blockquote>\n<\/div><\/div>","protected":false},"excerpt":{"rendered":"<p>Intelligent AI Agents for Producing Industries Endless Possibilities \ud83c\udf31 Carbon Emissions Calculations (try it!) Calculate GWP, production footprints, transportation emissions, and carbon credits value with precision and regulatory compliance. \u2713 GWP Database Integration\u2713 Multi-step Transportation\u2713 Carbon Credits Valuation\u2713 Regulatory Compliance \ud83d\udee1\ufe0f Chemical Safety Assessments Automated safety data sheet analysis, risk assessments, and compliance checking for [&hellip;]<\/p>\n","protected":false},"author":1,"featured_media":0,"parent":0,"menu_order":0,"comment_status":"closed","ping_status":"closed","template":"","meta":{"_uag_custom_page_level_css":"","site-sidebar-layout":"default","site-content-layout":"","ast-site-content-layout":"default","site-content-style":"default","site-sidebar-style":"default","ast-global-header-display":"","ast-banner-title-visibility":"","ast-main-header-display":"","ast-hfb-above-header-display":"","ast-hfb-below-header-display":"","ast-hfb-mobile-header-display":"","site-post-title":"disabled","ast-breadcrumbs-content":"","ast-featured-img":"","footer-sml-layout":"","ast-disable-related-posts":"","theme-transparent-header-meta":"","adv-header-id-meta":"","stick-header-meta":"","header-above-stick-meta":"","header-main-stick-meta":"","header-below-stick-meta":"","astra-migrate-meta-layouts":"set","ast-page-background-enabled":"default","ast-page-background-meta":{"desktop":{"background-color":"var(--ast-global-color-4)","background-image":"","background-repeat":"repeat","background-position":"center center","background-size":"auto","background-attachment":"scroll","background-type":"","background-media":"","overlay-type":"","overlay-color":"","overlay-gradient":""},"tablet":{"background-color":"","background-image":"","background-repeat":"repeat","background-position":"center center","background-size":"auto","background-attachment":"scroll","background-type":"","background-media":"","overlay-type":"","overlay-color":"","overlay-gradient":""},"mobile":{"background-color":"","background-image":"","background-repeat":"repeat","background-position":"center center","background-size":"auto","background-attachment":"scroll","background-type":"","background-media":"","overlay-type":"","overlay-color":"","overlay-gradient":""}},"ast-content-background-meta":{"desktop":{"background-color":"var(--ast-global-color-5)","background-image":"","background-repeat":"repeat","background-position":"center center","background-size":"auto","background-attachment":"scroll","background-type":"","background-media":"","overlay-type":"","overlay-color":"","overlay-gradient":""},"tablet":{"background-color":"var(--ast-global-color-5)","background-image":"","background-repeat":"repeat","background-position":"center center","background-size":"auto","background-attachment":"scroll","background-type":"","background-media":"","overlay-type":"","overlay-color":"","overlay-gradient":""},"mobile":{"background-color":"var(--ast-global-color-5)","background-image":"","background-repeat":"repeat","background-position":"center center","background-size":"auto","background-attachment":"scroll","background-type":"","background-media":"","overlay-type":"","overlay-color":"","overlay-gradient":""}},"footnotes":""},"class_list":["post-2268","page","type-page","status-publish","hentry"],"aioseo_notices":[],"uagb_featured_image_src":{"full":false,"thumbnail":false,"medium":false,"medium_large":false,"large":false,"1536x1536":false,"2048x2048":false,"trp-custom-language-flag":false},"uagb_author_info":{"display_name":"Andre Moreira","author_link":"https:\/\/lyfx.ai\/es\/author\/amoreira\/"},"uagb_comment_info":0,"uagb_excerpt":"Intelligent AI Agents for Producing Industries Endless Possibilities \ud83c\udf31 Carbon Emissions Calculations (try it!) Calculate GWP, production footprints, transportation emissions, and carbon credits value with precision and regulatory compliance. \u2713 GWP Database Integration\u2713 Multi-step Transportation\u2713 Carbon Credits Valuation\u2713 Regulatory Compliance \ud83d\udee1\ufe0f Chemical Safety Assessments Automated safety data sheet analysis, risk assessments, and compliance checking for&hellip;","_links":{"self":[{"href":"https:\/\/lyfx.ai\/es\/wp-json\/wp\/v2\/pages\/2268","targetHints":{"allow":["GET"]}}],"collection":[{"href":"https:\/\/lyfx.ai\/es\/wp-json\/wp\/v2\/pages"}],"about":[{"href":"https:\/\/lyfx.ai\/es\/wp-json\/wp\/v2\/types\/page"}],"author":[{"embeddable":true,"href":"https:\/\/lyfx.ai\/es\/wp-json\/wp\/v2\/users\/1"}],"replies":[{"embeddable":true,"href":"https:\/\/lyfx.ai\/es\/wp-json\/wp\/v2\/comments?post=2268"}],"version-history":[{"count":10,"href":"https:\/\/lyfx.ai\/es\/wp-json\/wp\/v2\/pages\/2268\/revisions"}],"predecessor-version":[{"id":2838,"href":"https:\/\/lyfx.ai\/es\/wp-json\/wp\/v2\/pages\/2268\/revisions\/2838"}],"wp:attachment":[{"href":"https:\/\/lyfx.ai\/es\/wp-json\/wp\/v2\/media?parent=2268"}],"curies":[{"name":"wp","href":"https:\/\/api.w.org\/{rel}","templated":true}]}}