{"id":2033,"date":"2025-04-08T13:44:54","date_gmt":"2025-04-08T11:44:54","guid":{"rendered":"https:\/\/lyfx.ai\/?page_id=2033"},"modified":"2025-07-12T22:57:29","modified_gmt":"2025-07-12T20:57:29","slug":"ai-glossary","status":"publish","type":"page","link":"https:\/\/lyfx.ai\/es\/ai-glossary\/","title":{"rendered":"Glosario de IA y aprendizaje autom\u00e1tico"},"content":{"rendered":"<div class=\"wp-block-uagb-container uagb-block-8bbdfd71 alignfull uagb-is-root-container\">\n<div style=\"height:70px\" aria-hidden=\"true\" class=\"wp-block-spacer\"><\/div>\n\n\n\n<div class=\"wp-block-cover has-ast-global-color-1-color has-text-color has-link-color wp-elements-1849a5b4074683a00cb9622349b36a5b\"><img loading=\"lazy\" decoding=\"async\" width=\"1024\" height=\"288\" class=\"wp-block-cover__image-background wp-image-2501 size-large\" alt=\"\" src=\"http:\/\/lyfx.ai\/wp-content\/uploads\/2025\/07\/lyfX-Herobild-Dienstleistungen-1024x288.png\" data-object-fit=\"cover\" srcset=\"https:\/\/lyfx.ai\/wp-content\/uploads\/2025\/07\/lyfX-Herobild-Dienstleistungen-1024x288.png 1024w, https:\/\/lyfx.ai\/wp-content\/uploads\/2025\/07\/lyfX-Herobild-Dienstleistungen-300x84.png 300w, https:\/\/lyfx.ai\/wp-content\/uploads\/2025\/07\/lyfX-Herobild-Dienstleistungen-768x216.png 768w, https:\/\/lyfx.ai\/wp-content\/uploads\/2025\/07\/lyfX-Herobild-Dienstleistungen-1536x432.png 1536w, https:\/\/lyfx.ai\/wp-content\/uploads\/2025\/07\/lyfX-Herobild-Dienstleistungen-18x5.png 18w, https:\/\/lyfx.ai\/wp-content\/uploads\/2025\/07\/lyfX-Herobild-Dienstleistungen.png 1920w\" sizes=\"auto, (max-width: 1024px) 100vw, 1024px\" \/><span aria-hidden=\"true\" class=\"wp-block-cover__background has-background-dim-0 has-background-dim\" style=\"background-color:#182238\"><\/span><div class=\"wp-block-cover__inner-container is-layout-flow wp-block-cover-is-layout-flow\">\n<h1 class=\"wp-block-heading has-text-align-left has-ast-global-color-1-color has-text-color has-link-color has-x-large-font-size wp-elements-3370c99dbea67c2c2d1c70550b98d0af\" style=\"margin-right:var(--wp--preset--spacing--50);margin-left:var(--wp--preset--spacing--50)\">Datos e IA<\/h1>\n<\/div><\/div>\n\n\n\n<div style=\"height:30px\" aria-hidden=\"true\" class=\"wp-block-spacer\"><\/div>\n<\/div>\n\n\n\n<div class=\"wp-block-uagb-container uagb-block-5a9edaca alignfull uagb-is-root-container\"><div class=\"uagb-container-inner-blocks-wrap\">\n<div class=\"wp-block-uagb-container uagb-block-fb72af9e\">\n<h3 class=\"wp-block-heading\">Glosario de IA y aprendizaje autom\u00e1tico<\/h3>\n\n\n\n<p><em>Contenidos generados por IA<\/em><\/p>\n\n\n\n<h4 class=\"wp-block-heading\">Algoritmo<\/h4>\n\n\n\n<p>Conjunto de reglas o instrucciones paso a paso que sigue un ordenador para resolver un problema o realizar una tarea. Los algoritmos de IA pueden ir desde simples reglas de decisi\u00f3n hasta complejos procedimientos matem\u00e1ticos.<\/p>\n\n\n\n<h4 class=\"wp-block-heading\">Inteligencia Artificial (IA)<\/h4>\n\n\n\n<p>Campo de la inform\u00e1tica centrado en la creaci\u00f3n de sistemas capaces de realizar tareas que normalmente requieren inteligencia humana. Esto incluye el razonamiento, el aprendizaje, la planificaci\u00f3n, la percepci\u00f3n, la comprensi\u00f3n del lenguaje y la resoluci\u00f3n de problemas.<\/p>\n\n\n\n<h4 class=\"wp-block-heading\">Sesgo<\/h4>\n\n\n\n<p>Cualquier error sistem\u00e1tico que lleve a un modelo a producir sistem\u00e1ticamente resultados sesgados en una direcci\u00f3n. El sesgo puede tener su origen en datos de entrenamiento desequilibrados, suposiciones err\u00f3neas en el dise\u00f1o del modelo o la forma en que se recopilaron los datos. Abordar el sesgo es crucial para crear sistemas de IA justos y equitativos.<\/p>\n\n\n\n<h4 class=\"wp-block-heading\">Agrupaci\u00f3n<\/h4>\n\n\n\n<p>T\u00e9cnica de aprendizaje no supervisado que agrupa puntos de datos similares en funci\u00f3n de sus rasgos o caracter\u00edsticas. A diferencia de la clasificaci\u00f3n, el clustering no utiliza etiquetas predefinidas. Entre los algoritmos de agrupaci\u00f3n m\u00e1s comunes se encuentran K-means, DBSCAN y la agrupaci\u00f3n jer\u00e1rquica.<\/p>\n\n\n\n<h4 class=\"wp-block-heading\">Visi\u00f3n por ordenador<\/h4>\n\n\n\n<p>Campo de la IA que permite a los ordenadores interpretar y comprender la informaci\u00f3n visual del mundo. Incluye el reconocimiento de im\u00e1genes, la detecci\u00f3n de objetos, la reconstrucci\u00f3n de escenas y el an\u00e1lisis de v\u00eddeo. Los sistemas de visi\u00f3n por ordenador pretenden reproducir y superar las capacidades visuales humanas.<\/p>\n\n\n\n<h4 class=\"wp-block-heading\">\u00c1rbol de decisi\u00f3n<\/h4>\n\n\n\n<p>Modelo predictivo que utiliza una estructura arborescente de decisiones y sus posibles consecuencias. Cada nodo interno representa una decisi\u00f3n basada en una caracter\u00edstica, cada rama representa un resultado de esa decisi\u00f3n y cada nodo hoja representa una etiqueta de clase o predicci\u00f3n de valor.<\/p>\n\n\n\n<h4 class=\"wp-block-heading\">Aprendizaje profundo<\/h4>\n\n\n\n<p>Subconjunto especializado del aprendizaje autom\u00e1tico que utiliza redes neuronales artificiales con m\u00faltiples capas (de ah\u00ed lo de \u201cprofundo\u201d) para extraer progresivamente caracter\u00edsticas de nivel superior a partir de datos de entrada sin procesar. El aprendizaje profundo ha revolucionado campos como el reconocimiento de im\u00e1genes, el procesamiento del lenguaje natural y los juegos.<\/p>\n\n\n\n<h4 class=\"wp-block-heading\">Reducci\u00f3n de la dimensionalidad<\/h4>\n\n\n\n<p>Conjunto de t\u00e9cnicas utilizadas para reducir el n\u00famero de caracter\u00edsticas de un conjunto de datos conservando toda la informaci\u00f3n posible. Esto ayuda a combatir la \u201cmaldici\u00f3n de la dimensionalidad\u201d, mejora la eficiencia computacional y puede hacer que los patrones sean m\u00e1s evidentes. Entre los m\u00e9todos m\u00e1s comunes se encuentran el PCA, el t-SNE y los autocodificadores.<\/p>\n\n\n\n<h4 class=\"wp-block-heading\">M\u00e9todos de conjunto<\/h4>\n\n\n\n<p>T\u00e9cnicas que combinan varios modelos para mejorar el rendimiento global. Al aprovechar los puntos fuertes de los distintos modelos, los conjuntos suelen lograr una mayor precisi\u00f3n y solidez que los modelos individuales. Entre los m\u00e9todos m\u00e1s populares se encuentran el bagging, el boosting y el stacking.<\/p>\n\n\n\n<h4 class=\"wp-block-heading\">IA explicable (XAI)<\/h4>\n\n\n\n<p>Un campo emergente centrado en hacer que las decisiones de la IA sean transparentes e interpretables para los humanos. El objetivo de la XAI es desarrollar m\u00e9todos y herramientas que ayuden a los usuarios a entender por qu\u00e9 un sistema de IA ha tomado una decisi\u00f3n determinada, lo que es crucial para generar confianza y garantizar la responsabilidad en aplicaciones de alto riesgo.<\/p>\n\n\n\n<h4 class=\"wp-block-heading\">Caracter\u00edstica<\/h4>\n\n\n\n<p>Propiedad o caracter\u00edstica mensurable del fen\u00f3meno observado. Las caracter\u00edsticas son las entradas que utilizan los modelos de aprendizaje autom\u00e1tico para hacer predicciones. Una buena selecci\u00f3n e ingenier\u00eda de caracter\u00edsticas suele ser crucial para el rendimiento del modelo.<\/p>\n\n\n\n<h4 class=\"wp-block-heading\">Redes generativas adversariales (GAN)<\/h4>\n\n\n\n<p>Un marco en el que dos redes neuronales -un generador y un discriminador- compiten entre s\u00ed. El generador crea muestras de datos sint\u00e9ticos, mientras que el discriminador intenta distinguir entre muestras reales y falsas. Mediante este proceso contradictorio, las GAN pueden producir contenidos sint\u00e9ticos extraordinariamente realistas.<\/p>\n\n\n\n<h4 class=\"wp-block-heading\">Descenso gradual<\/h4>\n\n\n\n<p>Algoritmo de optimizaci\u00f3n utilizado para minimizar una funci\u00f3n movi\u00e9ndose iterativamente en la direcci\u00f3n del descenso m\u00e1s pronunciado. En el aprendizaje autom\u00e1tico, se utiliza para encontrar los pesos \u00f3ptimos de un modelo minimizando la funci\u00f3n de p\u00e9rdida. Las variantes incluyen el descenso de gradiente estoc\u00e1stico (SGD) y el descenso de gradiente en mini lotes.<\/p>\n\n\n\n<h4 class=\"wp-block-heading\">Hiperpar\u00e1metros<\/h4>\n\n\n\n<p>Ajustes de configuraci\u00f3n especificados antes de entrenar un modelo que controlan el proceso de aprendizaje. A diferencia de los par\u00e1metros del modelo (pesos y sesgos) que se aprenden durante el entrenamiento, los hiperpar\u00e1metros deben establecerse manualmente o ajustarse mediante t\u00e9cnicas como la b\u00fasqueda en cuadr\u00edcula o la optimizaci\u00f3n bayesiana.<\/p>\n\n\n\n<h4 class=\"wp-block-heading\">Etiqueta<\/h4>\n\n\n\n<p>Variable objetivo o resultado que un modelo de aprendizaje supervisado pretende predecir. Las etiquetas son las \u201crespuestas\u201d proporcionadas en los datos de entrenamiento que el modelo aprende a asociar con caracter\u00edsticas de entrada espec\u00edficas.<\/p>\n\n\n\n<h4 class=\"wp-block-heading\">Funci\u00f3n de p\u00e9rdida<\/h4>\n\n\n\n<p>Funci\u00f3n matem\u00e1tica que mide la diferencia entre las predicciones de un modelo y los valores reales. El objetivo durante el entrenamiento es minimizar esta funci\u00f3n. Las funciones de p\u00e9rdida m\u00e1s habituales son el error cuadr\u00e1tico medio en regresi\u00f3n y la entrop\u00eda cruzada en clasificaci\u00f3n.<\/p>\n\n\n\n<h4 class=\"wp-block-heading\">Aprendizaje autom\u00e1tico (ML)<\/h4>\n\n\n\n<p>Un subconjunto de la IA en el que los sistemas aprenden patrones a partir de los datos sin estar expl\u00edcitamente programados con reglas. Los algoritmos de ML mejoran su rendimiento con la experiencia, adaptando su comportamiento en funci\u00f3n de la exposici\u00f3n a m\u00e1s datos.<\/p>\n\n\n\n<h4 class=\"wp-block-heading\">Modelo<\/h4>\n\n\n\n<p>Representaci\u00f3n matem\u00e1tica o computacional que capta patrones en los datos. En el aprendizaje autom\u00e1tico, los modelos definen la relaci\u00f3n entre las caracter\u00edsticas de entrada y las predicciones de salida. Los modelos pueden ir desde simples ecuaciones lineales a complejas redes neuronales con millones de par\u00e1metros.<\/p>\n\n\n\n<h4 class=\"wp-block-heading\">Procesamiento del lenguaje natural (PLN)<\/h4>\n\n\n\n<p>Campo de la Inteligencia Artificial que se ocupa de capacitar a los ordenadores para comprender, interpretar y generar lenguaje humano. La PLN abarca tareas como el an\u00e1lisis de sentimientos, la traducci\u00f3n autom\u00e1tica, la respuesta a preguntas y el resumen de textos.<\/p>\n\n\n\n<h4 class=\"wp-block-heading\">Red neuronal<\/h4>\n\n\n\n<p>Sistema inform\u00e1tico inspirado en las redes neuronales biol\u00f3gicas del cerebro humano. Consiste en nodos interconectados (neuronas) organizados en capas que procesan la informaci\u00f3n ajustando la fuerza de las conexiones. Las redes neuronales constituyen la base del aprendizaje profundo.<\/p>\n\n\n\n<h4 class=\"wp-block-heading\">Sobreajuste<\/h4>\n\n\n\n<p>Error de modelizaci\u00f3n por el que un modelo aprende los datos de entrenamiento de forma demasiado perfecta, incluidos el ruido y los valores at\u00edpicos. Un modelo sobreajustado funciona bien con los datos de entrenamiento, pero no generaliza a datos nuevos que no se han visto. T\u00e9cnicas como la regularizaci\u00f3n y la validaci\u00f3n cruzada ayudan a evitar el sobreajuste.<\/p>\n\n\n\n<h4 class=\"wp-block-heading\">Bosque aleatorio<\/h4>\n\n\n\n<p>M\u00e9todo de aprendizaje conjunto que combina varios \u00e1rboles de decisi\u00f3n para mejorar la precisi\u00f3n y controlar el sobreajuste. Cada \u00e1rbol del bosque se entrena con un subconjunto aleatorio de datos y caracter\u00edsticas, y la predicci\u00f3n final suele ser la media (para regresi\u00f3n) o el voto mayoritario (para clasificaci\u00f3n) de todos los \u00e1rboles.<\/p>\n\n\n\n<h4 class=\"wp-block-heading\">Regularizaci\u00f3n<\/h4>\n\n\n\n<p>Conjunto de t\u00e9cnicas utilizadas para evitar el sobreajuste a\u00f1adiendo un t\u00e9rmino de penalizaci\u00f3n a la funci\u00f3n de p\u00e9rdida que desincentiva los modelos complejos. Los m\u00e9todos de regularizaci\u00f3n habituales son L1 (Lasso), L2 (Ridge), abandono y detenci\u00f3n temprana.<\/p>\n\n\n\n<h4 class=\"wp-block-heading\">Aprendizaje por refuerzo<\/h4>\n\n\n\n<p>Tipo de aprendizaje autom\u00e1tico en el que un agente aprende a tomar decisiones realizando acciones en un entorno para maximizar las recompensas acumuladas. El agente aprende por ensayo y error, recibiendo informaci\u00f3n en forma de recompensas o penalizaciones. Este enfoque ha tenido \u00e9xito en \u00e1mbitos como los juegos y la rob\u00f3tica.<\/p>\n\n\n\n<h4 class=\"wp-block-heading\">M\u00e1quina de vectores soporte (SVM)<\/h4>\n\n\n\n<p>Algoritmo de aprendizaje supervisado que encuentra el hiperplano \u00f3ptimo para separar las distintas clases en el espacio de caracter\u00edsticas. El objetivo de las SVM es maximizar el margen entre clases y, mediante el uso de funciones de n\u00facleo, pueden realizar clasificaciones lineales y no lineales.<\/p>\n\n\n\n<h4 class=\"wp-block-heading\">Aprendizaje supervisado<\/h4>\n\n\n\n<p>Paradigma de aprendizaje autom\u00e1tico en el que los algoritmos aprenden a partir de datos de entrenamiento etiquetados. El modelo aprende a asignar entradas a salidas bas\u00e1ndose en pares de entrada-salida de ejemplo, lo que le permite hacer predicciones sobre nuevos datos no vistos.<\/p>\n\n\n\n<h4 class=\"wp-block-heading\">Datos de las pruebas<\/h4>\n\n\n\n<p>Subconjunto de datos utilizado para evaluar el rendimiento de un modelo despu\u00e9s del entrenamiento. Estos datos se mantienen separados del proceso de entrenamiento para proporcionar una evaluaci\u00f3n imparcial de lo bien que el modelo generaliza a nuevos ejemplos no vistos.<\/p>\n\n\n\n<h4 class=\"wp-block-heading\">Datos de formaci\u00f3n<\/h4>\n\n\n\n<p>Conjunto de datos utilizado para ense\u00f1ar un modelo de aprendizaje autom\u00e1tico. Contiene ejemplos con caracter\u00edsticas y (en el aprendizaje supervisado) sus etiquetas correspondientes. La calidad, cantidad y diversidad de los datos de entrenamiento influyen significativamente en el rendimiento del modelo.<\/p>\n\n\n\n<h4 class=\"wp-block-heading\">Aprendizaje por transferencia<\/h4>\n\n\n\n<p>T\u00e9cnica en la que los conocimientos adquiridos mediante el entrenamiento de un modelo en una tarea se aplican a una tarea diferente pero relacionada. Este enfoque es especialmente \u00fatil cuando se dispone de datos limitados para la tarea de destino, ya que aprovecha el conocimiento preexistente de un dominio de origen.<\/p>\n\n\n\n<h4 class=\"wp-block-heading\">Insuficiente<\/h4>\n\n\n\n<p>Un error de modelizaci\u00f3n en el que un modelo es demasiado simple para captar los patrones subyacentes en los datos. Un modelo poco ajustado obtiene malos resultados tanto en los datos de entrenamiento como en los de prueba. Las soluciones incluyen el uso de modelos m\u00e1s complejos, la adici\u00f3n de caracter\u00edsticas o la reducci\u00f3n de la regularizaci\u00f3n.<\/p>\n\n\n\n<h4 class=\"wp-block-heading\">Aprendizaje no supervisado<\/h4>\n\n\n\n<p>Enfoque de aprendizaje autom\u00e1tico en el que los algoritmos identifican patrones en datos no etiquetados. Sin orientaci\u00f3n expl\u00edcita sobre qu\u00e9 predecir, estos modelos descubren estructuras, relaciones o agrupaciones ocultas en los datos. Las aplicaciones m\u00e1s comunes son la agrupaci\u00f3n, la reducci\u00f3n de la dimensionalidad y la detecci\u00f3n de anomal\u00edas.<\/p>\n\n\n\n<h4 class=\"wp-block-heading\">Desviaci\u00f3n<\/h4>\n\n\n\n<p>Medida de cu\u00e1nto cambiar\u00edan las predicciones de un modelo si se entrenara con datos diferentes. Una varianza elevada indica que un modelo es demasiado sensible a las fluctuaciones de los datos de entrenamiento, lo que a menudo conduce a un ajuste excesivo. El equilibrio entre sesgo y varianza es un concepto fundamental en la selecci\u00f3n de modelos de aprendizaje autom\u00e1tico.<\/p>\n\n\n\n<hr class=\"wp-block-separator has-text-color has-ast-global-color-2-color has-alpha-channel-opacity has-ast-global-color-2-background-color has-background is-style-wide\"\/>\n\n\n\n<div class=\"wp-block-group is-layout-constrained wp-block-group-is-layout-constrained\" style=\"padding-top:var(--wp--preset--spacing--20);padding-bottom:var(--wp--preset--spacing--20)\">\n<h3 class=\"wp-block-heading\">M\u00e1s<\/h3>\n\n\n\n<p>\u00bfNecesita ayuda para entender los datos y la IA? Tenemos la experiencia, las habilidades y la red para guiarle. P\u00f3ngase en contacto con nosotros para empezar.<\/p>\n\n\n\n<ul class=\"wp-block-list\">\n<li><a href=\"mailto: info@lyfx.ai\">P\u00f3ngase en contacto con nosotros<\/a><\/li>\n\n\n\n<li><a href=\"http:\/\/lyfx.ai\/wp-content\/uploads\/2025\/02\/AI-and-Data-Readiness-Check-in-a-nutshell.pdf\" target=\"_blank\" rel=\"noreferrer noopener\">Verificaci\u00f3n de la preparaci\u00f3n para la IA y los datos<\/a><\/li>\n<\/ul>\n<\/div>\n<\/div>\n<\/div><\/div>\n\n\n\n<p><\/p>","protected":false},"excerpt":{"rendered":"<p>AI and Machine Learning Glossary AI generated content Algorithm A step-by-step set of rules or instructions that a computer follows to solve a problem or perform a task. Algorithms in AI can range from simple decision rules to complex mathematical procedures. Artificial Intelligence (AI) The field of computer science focused on creating systems that can [&hellip;]<\/p>\n","protected":false},"author":1,"featured_media":0,"parent":0,"menu_order":0,"comment_status":"closed","ping_status":"closed","template":"","meta":{"_uag_custom_page_level_css":"","site-sidebar-layout":"no-sidebar","site-content-layout":"page-builder","ast-site-content-layout":"full-width-container","site-content-style":"unboxed","site-sidebar-style":"unboxed","ast-global-header-display":"","ast-banner-title-visibility":"","ast-main-header-display":"","ast-hfb-above-header-display":"","ast-hfb-below-header-display":"","ast-hfb-mobile-header-display":"","site-post-title":"disabled","ast-breadcrumbs-content":"","ast-featured-img":"disabled","footer-sml-layout":"","ast-disable-related-posts":"","theme-transparent-header-meta":"enabled","adv-header-id-meta":"","stick-header-meta":"","header-above-stick-meta":"","header-main-stick-meta":"","header-below-stick-meta":"","astra-migrate-meta-layouts":"set","ast-page-background-enabled":"default","ast-page-background-meta":{"desktop":{"background-color":"var(--ast-global-color-4)","background-image":"","background-repeat":"repeat","background-position":"center center","background-size":"auto","background-attachment":"scroll","background-type":"","background-media":"","overlay-type":"","overlay-color":"","overlay-opacity":"","overlay-gradient":""},"tablet":{"background-color":"","background-image":"","background-repeat":"repeat","background-position":"center center","background-size":"auto","background-attachment":"scroll","background-type":"","background-media":"","overlay-type":"","overlay-color":"","overlay-opacity":"","overlay-gradient":""},"mobile":{"background-color":"","background-image":"","background-repeat":"repeat","background-position":"center center","background-size":"auto","background-attachment":"scroll","background-type":"","background-media":"","overlay-type":"","overlay-color":"","overlay-opacity":"","overlay-gradient":""}},"ast-content-background-meta":{"desktop":{"background-color":"var(--ast-global-color-5)","background-image":"","background-repeat":"repeat","background-position":"center center","background-size":"auto","background-attachment":"scroll","background-type":"","background-media":"","overlay-type":"","overlay-color":"","overlay-opacity":"","overlay-gradient":""},"tablet":{"background-color":"var(--ast-global-color-5)","background-image":"","background-repeat":"repeat","background-position":"center center","background-size":"auto","background-attachment":"scroll","background-type":"","background-media":"","overlay-type":"","overlay-color":"","overlay-opacity":"","overlay-gradient":""},"mobile":{"background-color":"var(--ast-global-color-5)","background-image":"","background-repeat":"repeat","background-position":"center center","background-size":"auto","background-attachment":"scroll","background-type":"","background-media":"","overlay-type":"","overlay-color":"","overlay-opacity":"","overlay-gradient":""}},"footnotes":""},"class_list":["post-2033","page","type-page","status-publish","hentry"],"aioseo_notices":[],"uagb_featured_image_src":{"full":false,"thumbnail":false,"medium":false,"medium_large":false,"large":false,"1536x1536":false,"2048x2048":false,"trp-custom-language-flag":false},"uagb_author_info":{"display_name":"Andre Moreira","author_link":"https:\/\/lyfx.ai\/es\/author\/amoreira\/"},"uagb_comment_info":0,"uagb_excerpt":"AI and Machine Learning Glossary AI generated content Algorithm A step-by-step set of rules or instructions that a computer follows to solve a problem or perform a task. Algorithms in AI can range from simple decision rules to complex mathematical procedures. Artificial Intelligence (AI) The field of computer science focused on creating systems that can&hellip;","_links":{"self":[{"href":"https:\/\/lyfx.ai\/es\/wp-json\/wp\/v2\/pages\/2033","targetHints":{"allow":["GET"]}}],"collection":[{"href":"https:\/\/lyfx.ai\/es\/wp-json\/wp\/v2\/pages"}],"about":[{"href":"https:\/\/lyfx.ai\/es\/wp-json\/wp\/v2\/types\/page"}],"author":[{"embeddable":true,"href":"https:\/\/lyfx.ai\/es\/wp-json\/wp\/v2\/users\/1"}],"replies":[{"embeddable":true,"href":"https:\/\/lyfx.ai\/es\/wp-json\/wp\/v2\/comments?post=2033"}],"version-history":[{"count":6,"href":"https:\/\/lyfx.ai\/es\/wp-json\/wp\/v2\/pages\/2033\/revisions"}],"predecessor-version":[{"id":2686,"href":"https:\/\/lyfx.ai\/es\/wp-json\/wp\/v2\/pages\/2033\/revisions\/2686"}],"wp:attachment":[{"href":"https:\/\/lyfx.ai\/es\/wp-json\/wp\/v2\/media?parent=2033"}],"curies":[{"name":"wp","href":"https:\/\/api.w.org\/{rel}","templated":true}]}}