{"id":1844,"date":"2025-03-24T14:45:52","date_gmt":"2025-03-24T13:45:52","guid":{"rendered":"https:\/\/lyfx.ai\/?page_id=1844"},"modified":"2025-07-12T22:54:21","modified_gmt":"2025-07-12T20:54:21","slug":"carbon-credits","status":"publish","type":"page","link":"https:\/\/lyfx.ai\/es\/carbon-credits\/","title":{"rendered":"Cr\u00e9ditos de carbono"},"content":{"rendered":"<div class=\"wp-block-uagb-container uagb-block-8b781be5 alignfull uagb-is-root-container\">\n<div style=\"height:70px\" aria-hidden=\"true\" class=\"wp-block-spacer\"><\/div>\n\n\n\n<div class=\"wp-block-cover\" style=\"min-height:430px;aspect-ratio:unset;\"><img loading=\"lazy\" decoding=\"async\" width=\"1024\" height=\"288\" class=\"wp-block-cover__image-background wp-image-2497 size-large\" alt=\"\" src=\"http:\/\/lyfx.ai\/wp-content\/uploads\/2025\/07\/lyfX-Herobild-Team-1024x288.png\" data-object-fit=\"cover\" srcset=\"https:\/\/lyfx.ai\/wp-content\/uploads\/2025\/07\/lyfX-Herobild-Team-1024x288.png 1024w, https:\/\/lyfx.ai\/wp-content\/uploads\/2025\/07\/lyfX-Herobild-Team-300x84.png 300w, https:\/\/lyfx.ai\/wp-content\/uploads\/2025\/07\/lyfX-Herobild-Team-768x216.png 768w, https:\/\/lyfx.ai\/wp-content\/uploads\/2025\/07\/lyfX-Herobild-Team-1536x432.png 1536w, https:\/\/lyfx.ai\/wp-content\/uploads\/2025\/07\/lyfX-Herobild-Team-18x5.png 18w, https:\/\/lyfx.ai\/wp-content\/uploads\/2025\/07\/lyfX-Herobild-Team.png 1920w\" sizes=\"auto, (max-width: 1024px) 100vw, 1024px\" \/><span aria-hidden=\"true\" class=\"wp-block-cover__background has-background-dim\" style=\"background-color:#1e2e56\"><\/span><div class=\"wp-block-cover__inner-container is-layout-flow wp-block-cover-is-layout-flow\">\n<h1 class=\"wp-block-heading has-text-align-left has-ast-global-color-2-color has-text-color has-link-color has-x-large-font-size wp-elements-bc2cf285ea58d7722ec25a602f417b0b\" style=\"margin-right:var(--wp--preset--spacing--50);margin-left:var(--wp--preset--spacing--50)\">Cr\u00e9ditos de carbono<\/h1>\n<\/div><\/div>\n\n\n\n<div style=\"height:30px\" aria-hidden=\"true\" class=\"wp-block-spacer\"><\/div>\n<\/div>\n\n\n\n<div class=\"wp-block-uagb-container uagb-block-5a9edaca alignfull uagb-is-root-container\"><div class=\"uagb-container-inner-blocks-wrap\">\n<div class=\"wp-block-uagb-container uagb-block-fb72af9e\">\n<h3 class=\"wp-block-heading\">Desmitificar los cr\u00e9ditos de carbono<\/h3>\n\n\n\n<p><strong>Los cr\u00e9ditos de carbono son certificados que representan la reducci\u00f3n o eliminaci\u00f3n de una tonelada m\u00e9trica de di\u00f3xido de carbono (CO2) o su equivalente en otros gases de efecto invernadero (CO2e). <\/strong>Estos cr\u00e9ditos suelen ser adquiridos por empresas o particulares que buscan compensar sus emisiones de carbono y mejorar sus credenciales de sostenibilidad. El mercado de cr\u00e9ditos de carbono se divide a grandes rasgos en dos categor\u00edas: mercados de cumplimiento y mercados voluntarios.<\/p>\n\n\n\n<p>Los mercados de cumplimiento funcionan con arreglo a sistemas legalmente obligatorios, como el Sistema de Comercio de Emisiones de la Uni\u00f3n Europea (RCCDE). Este sistema de comercio con fijaci\u00f3n previa de l\u00edmites m\u00e1ximos exige que los grandes emisores adquieran derechos de emisi\u00f3n correspondientes a sus emisiones. Cada derecho permite la emisi\u00f3n de una tonelada de CO2. Las empresas que emiten menos de lo que les corresponde pueden vender el excedente, mientras que las que superan sus l\u00edmites deben comprar derechos adicionales. El dise\u00f1o del sistema garantiza que las emisiones se reduzcan de acuerdo con los objetivos clim\u00e1ticos establecidos.<\/p>\n\n\n\n<p>A diferencia de los mercados voluntarios, en los que las empresas fijan sus propios objetivos, el RCCDE regula estrictamente la cantidad de CO2 que pueden emitir industrias como la generaci\u00f3n de electricidad, la fabricaci\u00f3n pesada (por ejemplo, acero, cemento) y la aviaci\u00f3n. El comercio de derechos ayuda a las empresas a cumplir sus obligaciones reglamentarias de forma rentable.<\/p>\n\n\n\n<p>Los Mercados Voluntarios de Carbono (MVC) ofrecen un enfoque flexible y orientado al mercado a las empresas y particulares que desean alcanzar la neutralidad de carbono o demostrar su responsabilidad medioambiental. A diferencia de los mercados de cumplimiento, los mercados voluntarios de carbono no son obligatorios, sino que se rigen por objetivos corporativos internos y expectativas de los consumidores.<\/p>\n\n\n\n<p>Los cr\u00e9ditos de carbono de los MVC se emiten de acuerdo con marcos establecidos por organismos de normalizaci\u00f3n como Verified Carbon Standard (VCS) o Gold Standard de Verra. \u00c9stos proporcionan marcos rigurosos para garantizar que las reducciones o eliminaciones de emisiones acreditadas son reales, adicionales, permanentes y cuantificadas con precisi\u00f3n. Las metodolog\u00edas aprobadas ofrecen directrices adaptadas a diversos tipos de proyectos (por ejemplo, reforestaci\u00f3n, energ\u00edas renovables, mejoras de procesos industriales). Cada metodolog\u00eda est\u00e1 estructurada para garantizar un seguimiento, notificaci\u00f3n y verificaci\u00f3n exhaustivos de las reducciones de emisiones.<\/p>\n\n\n\n<p>La integridad de los cr\u00e9ditos de carbono depende en gran medida de la calidad, fiabilidad y transparencia de los datos. La recopilaci\u00f3n de datos precisos y coherentes es esencial para establecer bases de referencia cre\u00edbles, verificar las reducciones y garantizar que los cr\u00e9ditos reflejen realmente los beneficios medioambientales previstos.<\/p>\n\n\n\n<p>Los cr\u00e9ditos pueden comprarse y venderse en los mercados internacionales, y los precios suelen estar influidos por la oferta, la demanda y la credibilidad percibida. Los MCV permiten acreditar una gama m\u00e1s amplia de actividades, incluidas las soluciones basadas en la naturaleza, las innovaciones tecnol\u00f3gicas y las mejoras industriales.<\/p>\n\n\n\n<p>Un aspecto importante de la generaci\u00f3n de cr\u00e9ditos de carbono es la adicionalidad. Para que un proyecto de cr\u00e9ditos de carbono sea elegible, debe demostrar que la reducci\u00f3n de emisiones no se habr\u00eda producido sin la ejecuci\u00f3n del proyecto. Esto implica demostrar que el proyecto se enfrenta a barreras financieras, t\u00e9cnicas o de mercado que impiden que se lleve a cabo en circunstancias normales.<\/p>\n\n\n\n<p>Aunque los obst\u00e1culos financieros suelen utilizarse para demostrar la adicionalidad, los obst\u00e1culos no financieros, como la resistencia del mercado, los problemas normativos o la falta de familiaridad con las nuevas tecnolog\u00edas, tambi\u00e9n pueden ser consideraciones v\u00e1lidas. Demostrar la adicionalidad es fundamental para garantizar la credibilidad y la integridad de los cr\u00e9ditos de carbono.<\/p>\n\n\n\n<h4 class=\"wp-block-heading\"><strong>Costes y calendario<\/strong><\/h4>\n\n\n\n<p>Los costes asociados al desarrollo de proyectos para mercados voluntarios incluyen la adaptaci\u00f3n de metodolog\u00edas existentes o la creaci\u00f3n de otras nuevas, la validaci\u00f3n por parte de organizaciones terceras y el registro del proyecto en organismos de normalizaci\u00f3n. Los costes adicionales se derivan de las actividades de seguimiento y verificaci\u00f3n en curso, as\u00ed como de las tasas administrativas abonadas a organismos de normalizaci\u00f3n como Verra o Gold Standard.<\/p>\n\n\n\n<p>El plazo para desarrollar y registrar un proyecto var\u00eda en funci\u00f3n de si se adapta una metodolog\u00eda existente o se crea una nueva. Por lo general, este proceso puede durar entre 12 y 24 meses, desde el desarrollo de la metodolog\u00eda hasta el registro del proyecto y la emisi\u00f3n del cr\u00e9dito.<\/p>\n\n\n\n<p>(<em>Contenidos generados por IA<\/em>)<\/p>\n\n\n\n<hr class=\"wp-block-separator has-text-color has-ast-global-color-2-color has-alpha-channel-opacity has-ast-global-color-2-background-color has-background is-style-wide\"\/>\n\n\n\n<h3 class=\"wp-block-heading\">M\u00e1s<\/h3>\n\n\n\n<p>\u00bfNecesita ayuda para entender los cr\u00e9ditos de carbono? Tenemos la experiencia, los datos y la red para guiarle. P\u00f3ngase en contacto con nosotros para empezar.<\/p>\n\n\n\n<ul class=\"wp-block-list\">\n<li><a href=\"mailto: info@lyfx.ai\">P\u00f3ngase en contacto con nosotros<\/a><\/li>\n\n\n\n<li><a href=\"https:\/\/lyfx.ai\/es\/carbon-credits\/\">Desmitificar los cr\u00e9ditos de carbono<\/a><\/li>\n\n\n\n<li><a href=\"https:\/\/lyfx.ai\/es\/carbon-credits-glossary\/\">Glosario de cr\u00e9ditos de carbono<\/a><\/li>\n\n\n\n<li>Calculadora de cr\u00e9ditos de carbono con inteligencia artificial<\/li>\n<\/ul>\n<\/div>\n<\/div><\/div>\n\n\n\n<p><\/p>","protected":false},"excerpt":{"rendered":"<p>Demystifying Carbon Credits Carbon credits are certificates representing the reduction or removal of one metric ton of carbon dioxide (CO2) or its equivalent in other greenhouse gases (CO2e). These credits are typically purchased by companies or individuals looking to offset their carbon emissions and enhance their sustainability credentials. The carbon credit market is broadly divided [&hellip;]<\/p>\n","protected":false},"author":1,"featured_media":0,"parent":0,"menu_order":0,"comment_status":"closed","ping_status":"closed","template":"","meta":{"_uag_custom_page_level_css":"","site-sidebar-layout":"no-sidebar","site-content-layout":"page-builder","ast-site-content-layout":"full-width-container","site-content-style":"unboxed","site-sidebar-style":"unboxed","ast-global-header-display":"","ast-banner-title-visibility":"","ast-main-header-display":"","ast-hfb-above-header-display":"","ast-hfb-below-header-display":"","ast-hfb-mobile-header-display":"","site-post-title":"disabled","ast-breadcrumbs-content":"","ast-featured-img":"disabled","footer-sml-layout":"","ast-disable-related-posts":"","theme-transparent-header-meta":"enabled","adv-header-id-meta":"","stick-header-meta":"","header-above-stick-meta":"","header-main-stick-meta":"","header-below-stick-meta":"","astra-migrate-meta-layouts":"set","ast-page-background-enabled":"default","ast-page-background-meta":{"desktop":{"background-color":"var(--ast-global-color-4)","background-image":"","background-repeat":"repeat","background-position":"center center","background-size":"auto","background-attachment":"scroll","background-type":"","background-media":"","overlay-type":"","overlay-color":"","overlay-opacity":"","overlay-gradient":""},"tablet":{"background-color":"","background-image":"","background-repeat":"repeat","background-position":"center center","background-size":"auto","background-attachment":"scroll","background-type":"","background-media":"","overlay-type":"","overlay-color":"","overlay-opacity":"","overlay-gradient":""},"mobile":{"background-color":"","background-image":"","background-repeat":"repeat","background-position":"center center","background-size":"auto","background-attachment":"scroll","background-type":"","background-media":"","overlay-type":"","overlay-color":"","overlay-opacity":"","overlay-gradient":""}},"ast-content-background-meta":{"desktop":{"background-color":"var(--ast-global-color-5)","background-image":"","background-repeat":"repeat","background-position":"center center","background-size":"auto","background-attachment":"scroll","background-type":"","background-media":"","overlay-type":"","overlay-color":"","overlay-opacity":"","overlay-gradient":""},"tablet":{"background-color":"var(--ast-global-color-5)","background-image":"","background-repeat":"repeat","background-position":"center center","background-size":"auto","background-attachment":"scroll","background-type":"","background-media":"","overlay-type":"","overlay-color":"","overlay-opacity":"","overlay-gradient":""},"mobile":{"background-color":"var(--ast-global-color-5)","background-image":"","background-repeat":"repeat","background-position":"center center","background-size":"auto","background-attachment":"scroll","background-type":"","background-media":"","overlay-type":"","overlay-color":"","overlay-opacity":"","overlay-gradient":""}},"footnotes":""},"class_list":["post-1844","page","type-page","status-publish","hentry"],"aioseo_notices":[],"uagb_featured_image_src":{"full":false,"thumbnail":false,"medium":false,"medium_large":false,"large":false,"1536x1536":false,"2048x2048":false,"trp-custom-language-flag":false},"uagb_author_info":{"display_name":"Andre Moreira","author_link":"https:\/\/lyfx.ai\/es\/author\/amoreira\/"},"uagb_comment_info":0,"uagb_excerpt":"Demystifying Carbon Credits Carbon credits are certificates representing the reduction or removal of one metric ton of carbon dioxide (CO2) or its equivalent in other greenhouse gases (CO2e). These credits are typically purchased by companies or individuals looking to offset their carbon emissions and enhance their sustainability credentials. The carbon credit market is broadly divided&hellip;","_links":{"self":[{"href":"https:\/\/lyfx.ai\/es\/wp-json\/wp\/v2\/pages\/1844","targetHints":{"allow":["GET"]}}],"collection":[{"href":"https:\/\/lyfx.ai\/es\/wp-json\/wp\/v2\/pages"}],"about":[{"href":"https:\/\/lyfx.ai\/es\/wp-json\/wp\/v2\/types\/page"}],"author":[{"embeddable":true,"href":"https:\/\/lyfx.ai\/es\/wp-json\/wp\/v2\/users\/1"}],"replies":[{"embeddable":true,"href":"https:\/\/lyfx.ai\/es\/wp-json\/wp\/v2\/comments?post=1844"}],"version-history":[{"count":9,"href":"https:\/\/lyfx.ai\/es\/wp-json\/wp\/v2\/pages\/1844\/revisions"}],"predecessor-version":[{"id":2683,"href":"https:\/\/lyfx.ai\/es\/wp-json\/wp\/v2\/pages\/1844\/revisions\/2683"}],"wp:attachment":[{"href":"https:\/\/lyfx.ai\/es\/wp-json\/wp\/v2\/media?parent=1844"}],"curies":[{"name":"wp","href":"https:\/\/api.w.org\/{rel}","templated":true}]}}