{"id":930,"date":"2024-02-16T12:23:57","date_gmt":"2024-02-16T11:23:57","guid":{"rendered":"http:\/\/lyfx.ai\/?page_id=930"},"modified":"2026-02-10T08:54:39","modified_gmt":"2026-02-10T07:54:39","slug":"references","status":"publish","type":"page","link":"https:\/\/lyfx.ai\/de\/references\/","title":{"rendered":"Erfolgsgeschichten"},"content":{"rendered":"<div class=\"wp-block-uagb-container uagb-block-006fd12b alignfull uagb-is-root-container\">\n<div style=\"height:50px\" aria-hidden=\"true\" class=\"wp-block-spacer\"><\/div>\n\n\n\n<div class=\"wp-block-cover has-ast-global-color-7-color has-text-color has-link-color wp-elements-efc0a888e03872c7f15323ace93457a6\"><img loading=\"lazy\" decoding=\"async\" width=\"1024\" height=\"288\" class=\"wp-block-cover__image-background wp-image-2500 size-large\" alt=\"\" src=\"http:\/\/lyfx.ai\/wp-content\/uploads\/2025\/07\/lyfX-Herobild-Ressourcen-1024x288.png\" style=\"object-position:10% 50%\" data-object-fit=\"cover\" data-object-position=\"10% 50%\" srcset=\"https:\/\/lyfx.ai\/wp-content\/uploads\/2025\/07\/lyfX-Herobild-Ressourcen-1024x288.png 1024w, https:\/\/lyfx.ai\/wp-content\/uploads\/2025\/07\/lyfX-Herobild-Ressourcen-300x84.png 300w, https:\/\/lyfx.ai\/wp-content\/uploads\/2025\/07\/lyfX-Herobild-Ressourcen-768x216.png 768w, https:\/\/lyfx.ai\/wp-content\/uploads\/2025\/07\/lyfX-Herobild-Ressourcen-1536x432.png 1536w, https:\/\/lyfx.ai\/wp-content\/uploads\/2025\/07\/lyfX-Herobild-Ressourcen-18x5.png 18w, https:\/\/lyfx.ai\/wp-content\/uploads\/2025\/07\/lyfX-Herobild-Ressourcen.png 1920w\" sizes=\"auto, (max-width: 1024px) 100vw, 1024px\" \/><span aria-hidden=\"true\" class=\"wp-block-cover__background has-background-dim-0 has-background-dim\" style=\"background-color:#485165\"><\/span><div class=\"wp-block-cover__inner-container is-layout-flow wp-block-cover-is-layout-flow\">\n<h1 class=\"wp-block-heading has-text-align-left has-ast-global-color-7-color has-text-color has-link-color has-x-large-font-size wp-elements-f78632377e884b8d492a87e7f7cb442e\" style=\"margin-right:var(--wp--preset--spacing--50);margin-left:var(--wp--preset--spacing--50)\">Erfolgsgeschichten<\/h1>\n<\/div><\/div>\n\n\n\n<div style=\"height:30px\" aria-hidden=\"true\" class=\"wp-block-spacer\"><\/div>\n<\/div>\n\n\n\n<div class=\"wp-block-uagb-container uagb-block-c87932e0 alignfull uagb-is-root-container\"><div class=\"uagb-container-inner-blocks-wrap\">\n<div style=\"height:40px\" aria-hidden=\"true\" class=\"wp-block-spacer\"><\/div>\n\n\n\n<div class=\"wp-block-uagb-testimonial uagb-slick-carousel uagb-tm__arrow-outside uagb-block-05f3274f\"><div class=\"is-carousel uagb-tm__columns-1 uagb-tm__items\"><div class=\"uagb-testimonial__wrap  uagb-tm__imgicon-style-circle uagb-tm__image-position-bottom uagb-tm__bg-type-color\"><div class=\"uagb-tm__content\"><div class=\"uagb-tm__overlay\"><\/div><div class=\"uagb-tm__text-wrap\"><div class=\"uagb-tm__desc\">Die Zusammenarbeit mit dem lyfX.ai-Team war eine gro\u00dfartige Erfahrung. Das Projekt verlief reibungslos, das Team war immer da, um unsere Fragen zu beantworten, und wir haben viele neue Erkenntnisse gewonnen.<\/div><div class=\"uagb-tm__meta-inner\"><div class=\"uagb-tm__image-content\"><div class=\"uagb-tm__image\"><img decoding=\"async\" class=\"uagb-tm-img-src\" src=\"http:\/\/lyfx.ai\/wp-content\/uploads\/2024\/03\/Scott-150x150.jpeg\" alt=\"\" width=\"125\" height=\"125\" loading=\"lazy\"\/><\/div><\/div><div class=\"uagb-testimonial-details\"><span class=\"uagb-tm__author-name\">Scott Foxhoven<\/span><span class=\"uagb-tm__company\">The Mosaic Co, USA<\/span><\/div><\/div><\/div><\/div><\/div><div class=\"uagb-testimonial__wrap  uagb-tm__imgicon-style-circle uagb-tm__image-position-bottom uagb-tm__bg-type-color\"><div class=\"uagb-tm__content\"><div class=\"uagb-tm__overlay\"><\/div><div class=\"uagb-tm__text-wrap\"><div class=\"uagb-tm__desc\">Ihr innovativer Ansatz best\u00e4tigte unabh\u00e4ngig die Wirkung unseres Produkts und lieferte uns neue Ideen f\u00fcr die weitere Entwicklung. Eine wirklich wertvolle Partnerschaft!<\/div><div class=\"uagb-tm__meta-inner\"><div class=\"uagb-tm__image-content\"><div class=\"uagb-tm__image\"><img decoding=\"async\" class=\"uagb-tm-img-src\" src=\"http:\/\/lyfx.ai\/wp-content\/uploads\/2024\/02\/Ed-150x150.png\" alt=\"\" width=\"125\" height=\"125\" loading=\"lazy\"\/><\/div><\/div><div class=\"uagb-testimonial-details\"><span class=\"uagb-tm__author-name\">Edward Fuch<\/span><span class=\"uagb-tm__company\">Folium Science, UK<\/span><\/div><\/div><\/div><\/div><\/div><div class=\"uagb-testimonial__wrap  uagb-tm__imgicon-style-circle uagb-tm__image-position-bottom uagb-tm__bg-type-color\"><div class=\"uagb-tm__content\"><div class=\"uagb-tm__overlay\"><\/div><div class=\"uagb-tm__text-wrap\"><div class=\"uagb-tm__desc\">Ihr Einblick in die KI in Verbindung mit ihrem analytischen Ansatz zur Probleml\u00f6sung hat mir wirklich geholfen, meinen gesch\u00e4ftlichen Ansatz f\u00fcr KI zu \u00fcberdenken.<\/div><div class=\"uagb-tm__meta-inner\"><div class=\"uagb-tm__image-content\"><div class=\"uagb-tm__image\"><img decoding=\"async\" class=\"uagb-tm-img-src\" src=\"http:\/\/lyfx.ai\/wp-content\/uploads\/2024\/03\/Jez-150x150.jpeg\" alt=\"\" width=\"125\" height=\"125\" loading=\"lazy\"\/><\/div><\/div><div class=\"uagb-testimonial-details\"><span class=\"uagb-tm__author-name\">Jez (Jeremy) Lofts<\/span><span class=\"uagb-tm__company\">Oxford Strategic, UK<\/span><\/div><\/div><\/div><\/div><\/div><div class=\"uagb-testimonial__wrap  uagb-tm__imgicon-style-circle uagb-tm__image-position-bottom uagb-tm__bg-type-color\"><div class=\"uagb-tm__content\"><div class=\"uagb-tm__overlay\"><\/div><div class=\"uagb-tm__text-wrap\"><div class=\"uagb-tm__desc\">Dank ihrer Anleitung haben viele Mitarbeiter bereits KI-Tools in ihre Arbeitsabl\u00e4ufe integriert, die Produktivit\u00e4t gesteigert und eine sp\u00fcrbare Wirkung erzielt.<\/div><div class=\"uagb-tm__meta-inner\"><div class=\"uagb-tm__image-content\"><div class=\"uagb-tm__image\"><img decoding=\"async\" class=\"uagb-tm-img-src\" src=\"http:\/\/lyfx.ai\/wp-content\/uploads\/2024\/09\/Markus_Pfaender-150x150.jpeg\" alt=\"\" width=\"125\" height=\"125\" loading=\"lazy\"\/><\/div><\/div><div class=\"uagb-testimonial-details\"><span class=\"uagb-tm__author-name\">Dr. Markus Pf\u00e4nder<\/span><span class=\"uagb-tm__company\">K-UTEC Salt Technologies AG, Deutschland<\/span><\/div><\/div><\/div><\/div><\/div><div class=\"uagb-testimonial__wrap  uagb-tm__imgicon-style-circle uagb-tm__image-position-bottom uagb-tm__bg-type-color\"><div class=\"uagb-tm__content\"><div class=\"uagb-tm__overlay\"><\/div><div class=\"uagb-tm__text-wrap\"><div class=\"uagb-tm__desc\">Der von lyfX.ai organisierte KI-Workshop war hervorragend. Er regte zum Nachdenken an und war gleichzeitig sehr praxisorientiert. Die Kolleginnen und Kollegen nahmen umsetzbare Erkenntnisse und ein tieferes Verst\u00e4ndnis daf\u00fcr mit, wie KI effektiv genutzt werden kann.<\/div><div class=\"uagb-tm__meta-inner\"><div class=\"uagb-tm__image-content\"><div class=\"uagb-tm__image\"><img decoding=\"async\" class=\"uagb-tm-img-src\" src=\"http:\/\/lyfx.ai\/wp-content\/uploads\/2025\/11\/Headshot_Octavia-150x150.jpeg\" alt=\"\" width=\"125\" height=\"125\" loading=\"lazy\"\/><\/div><\/div><div class=\"uagb-testimonial-details\"><span class=\"uagb-tm__author-name\">Octavia Andersen<\/span><span class=\"uagb-tm__company\">Stardollar Partners, UK<\/span><\/div><\/div><\/div><\/div><\/div><\/div><\/div>\n\n\n\n<div style=\"height:0px\" aria-hidden=\"true\" class=\"wp-block-spacer\"><\/div>\n<\/div><\/div>\n\n\n\n<div class=\"wp-block-uagb-container uagb-block-32c6b5e1 alignfull uagb-is-root-container\"><div class=\"uagb-container-inner-blocks-wrap\">\n<h3 class=\"wp-block-heading has-text-align-center\"><a href=\"https:\/\/lyfx.ai\/de\/team\/#our_story\" target=\"_blank\" rel=\"noopener\" title=\"Team\">lyfX.ai: Unsere Geschichte<\/a><\/h3>\n\n\n\n<div style=\"height:20px\" aria-hidden=\"true\" class=\"wp-block-spacer\"><\/div>\n\n\n\n<div style=\"height:50px\" aria-hidden=\"true\" class=\"wp-block-spacer\"><\/div>\n<\/div><\/div>\n\n\n\n<div id=\"ref_AI\" class=\"wp-block-uagb-container uagb-block-659d0995 alignfull uagb-is-root-container\"><div class=\"uagb-container-inner-blocks-wrap\">\n<div class=\"wp-block-media-text is-stacked-on-mobile is-image-fill-element\" style=\"grid-template-columns:15% auto\"><figure class=\"wp-block-media-text__media\"><img loading=\"lazy\" decoding=\"async\" width=\"1024\" height=\"1024\" src=\"http:\/\/lyfx.ai\/wp-content\/uploads\/2025\/02\/CS_AI_office.jpg\" alt=\"Snapshot of successful AI integration case study with measurable outcomes.\" class=\"wp-image-1657 size-full\" style=\"object-position:50% 50%\" srcset=\"https:\/\/lyfx.ai\/wp-content\/uploads\/2025\/02\/CS_AI_office.jpg 1024w, https:\/\/lyfx.ai\/wp-content\/uploads\/2025\/02\/CS_AI_office-300x300.jpg 300w, https:\/\/lyfx.ai\/wp-content\/uploads\/2025\/02\/CS_AI_office-150x150.jpg 150w, https:\/\/lyfx.ai\/wp-content\/uploads\/2025\/02\/CS_AI_office-768x768.jpg 768w\" sizes=\"auto, (max-width: 1024px) 100vw, 1024px\" \/><\/figure><div class=\"wp-block-media-text__content\">\n<h4 class=\"wp-block-heading\"><strong>AI<\/strong> in der Verfahrenstechnik<\/h4>\n\n\n\n<h3 class=\"wp-block-heading\" id=\"case-study-1\">Steigerung der Effizienz durch KI<\/h3>\n\n\n\n<p>Ein mittelst\u00e4ndisches Unternehmen aus der Prozessindustrie w\u00fcnschte sich eine schnellere und einheitlichere Berichterstattung, die weniger von wiederholten Entw\u00fcrfen abh\u00e4ngt.<\/p>\n\n\n\n<p>Wir arbeiteten Seite an Seite: praktische Prompting-Sitzungen, leichtgewichtige Tools, die sich in den bestehenden Arbeitsablauf einf\u00fcgten, und ChatGPT-Unterst\u00fctzung, wo es bei Teilen der Analyse half.<\/p>\n\n\n\n<p>Das Ergebnis: schnellere Berichte, konsistentere Ergebnisse und ein Team, das sich bei der t\u00e4glichen Arbeit mit KI wohl f\u00fchlt.<\/p>\n<\/div><\/div>\n\n\n\n<div style=\"height:66px\" aria-hidden=\"true\" class=\"wp-block-spacer\"><\/div>\n<\/div><\/div>\n\n\n\n<div id=\"ref_analysis\" class=\"wp-block-uagb-container uagb-block-bb609323 alignfull uagb-is-root-container\"><div class=\"uagb-container-inner-blocks-wrap\">\n<div class=\"wp-block-media-text has-media-on-the-right is-stacked-on-mobile is-image-fill-element\" style=\"grid-template-columns:auto 15%\"><div class=\"wp-block-media-text__content\">\n<h4 class=\"wp-block-heading\">Fortgeschrittene Datenanalyse in der AgTech-Branche<\/h4>\n\n\n\n<h3 class=\"wp-block-heading\" id=\"case-study-2\">Datengesteuertes N\u00e4hrstoffmanagement f\u00fcr<br>Verbesserte Renditen<\/h3>\n\n\n\n<p>Die Frage lautet: Wie wirken sich N\u00e4hrstoffstrategien auf die Maisertr\u00e4ge an verschiedenen Standorten aus, und wie k\u00f6nnen wir un\u00fcbersichtliche Felddaten in Entscheidungen umsetzen?<\/p>\n\n\n\n<p>Wir haben die Daten gemeinsam untersucht, quartilbasierte Analysen und Prognosemodelle (einschlie\u00dflich neuronaler Netze) verwendet und die Variablen eingegrenzt, die den Ertrag tats\u00e4chlich beeinflussen.<\/p>\n\n\n\n<p>Wir haben festgestellt, dass das Phosphor-Timing ein wichtiger Hebel ist, und haben Boden- und Pflanzensignale identifiziert, die mit einer Genauigkeit von 70%+ einen \u00fcberdurchschnittlichen Ertrag vorhersagen und eine gezieltere D\u00fcngung erm\u00f6glichen.<\/p>\n<\/div><figure class=\"wp-block-media-text__media\"><img loading=\"lazy\" decoding=\"async\" width=\"1024\" height=\"1024\" src=\"http:\/\/lyfx.ai\/wp-content\/uploads\/2025\/02\/CS_soil.jpg\" alt=\"\" class=\"wp-image-1658 size-full\" style=\"object-position:50% 50%\" srcset=\"https:\/\/lyfx.ai\/wp-content\/uploads\/2025\/02\/CS_soil.jpg 1024w, https:\/\/lyfx.ai\/wp-content\/uploads\/2025\/02\/CS_soil-300x300.jpg 300w, https:\/\/lyfx.ai\/wp-content\/uploads\/2025\/02\/CS_soil-150x150.jpg 150w, https:\/\/lyfx.ai\/wp-content\/uploads\/2025\/02\/CS_soil-768x768.jpg 768w\" sizes=\"auto, (max-width: 1024px) 100vw, 1024px\" \/><\/figure><\/div>\n\n\n\n<div style=\"height:66px\" aria-hidden=\"true\" class=\"wp-block-spacer\"><\/div>\n<\/div><\/div>\n\n\n\n<div id=\"ref_consultancy\" class=\"wp-block-uagb-container uagb-block-8e2f98c4 alignfull uagb-is-root-container\"><div class=\"uagb-container-inner-blocks-wrap\">\n<div class=\"wp-block-media-text is-stacked-on-mobile is-image-fill-element\" style=\"grid-template-columns:15% auto\"><figure class=\"wp-block-media-text__media\"><img loading=\"lazy\" decoding=\"async\" width=\"1024\" height=\"1024\" src=\"http:\/\/lyfx.ai\/wp-content\/uploads\/2025\/02\/CS_carbon_credits.jpg\" alt=\"Image of a technician checking a product's carbon credits potential\" class=\"wp-image-1677 size-full\" style=\"object-position:50% 50%\" srcset=\"https:\/\/lyfx.ai\/wp-content\/uploads\/2025\/02\/CS_carbon_credits.jpg 1024w, https:\/\/lyfx.ai\/wp-content\/uploads\/2025\/02\/CS_carbon_credits-300x300.jpg 300w, https:\/\/lyfx.ai\/wp-content\/uploads\/2025\/02\/CS_carbon_credits-150x150.jpg 150w, https:\/\/lyfx.ai\/wp-content\/uploads\/2025\/02\/CS_carbon_credits-768x768.jpg 768w\" sizes=\"auto, (max-width: 1024px) 100vw, 1024px\" \/><\/figure><div class=\"wp-block-media-text__content\">\n<h4 class=\"wp-block-heading\">Carbon Credit Feasibility Sprint<\/h4>\n\n\n\n<h3 class=\"wp-block-heading\">Erschlie\u00dfung des Potenzials f\u00fcr Emissionsgutschriften<\/h3>\n\n\n\n<p>K\u00f6nnte der Ersatz eines Begasungsmittels mit hohem Treibhausgasaussto\u00df durch eine Alternative mit geringeren Umweltauswirkungen eine glaubw\u00fcrdige Emissionsgutschrift erm\u00f6glichen, und ist dies wirtschaftlich sinnvoll?<\/p>\n\n\n\n<p>Wir stimmten die Annahmen fr\u00fchzeitig ab, quantifizierten die Emissionen mit konservativen Sch\u00e4tzungen und erstellten ein Finanzmodell, um die Machbarkeit unter Ber\u00fccksichtigung der methodischen und marktspezifischen Einschr\u00e4nkungen zu testen.<\/p>\n\n\n\n<p>Ergebnis: ein bedeutendes Reduktionspotenzial, ein glaubw\u00fcrdiger Business Case und klare n\u00e4chste Schritte zur Validierung und Umsetzung.<\/p>\n<\/div><\/div>\n\n\n\n<div style=\"height:66px\" aria-hidden=\"true\" class=\"wp-block-spacer\"><\/div>\n<\/div><\/div>\n\n\n\n<div id=\"ref_analysis\" class=\"wp-block-uagb-container uagb-block-fc64952d alignfull uagb-is-root-container\"><div class=\"uagb-container-inner-blocks-wrap\">\n<div class=\"wp-block-media-text has-media-on-the-right is-stacked-on-mobile is-image-fill-element\" style=\"grid-template-columns:auto 15%\"><div class=\"wp-block-media-text__content\">\n<h4 class=\"wp-block-heading\">Fortgeschrittene Datenanalyse in der AgTech-Branche<\/h4>\n\n\n\n<h3 class=\"wp-block-heading\">Fortschrittliche Analyse unterst\u00fctzt Pioniere im Gefl\u00fcgelgesundheitsmanagement<\/h3>\n\n\n\n<p>Unabh\u00e4ngige Validierung der Wirksamkeit und Verst\u00e4ndnis der Leistungsfaktoren unter verschiedenen Bedingungen, basierend auf fast 7.000 Messungen.<\/p>\n\n\n\n<p>Wir haben fortschrittliche Statistiken mit probabilistischer Modellierung kombiniert, um Effekte zu erfassen, die bei Standardanalysen \u00fcbersehen werden, insbesondere in der N\u00e4he der Nachweisgrenzen.<\/p>\n\n\n\n<p>Wir haben eine starke Wirksamkeit best\u00e4tigt und einen besseren Einblick in die Leistung in Hochrisikoszenarien gewonnen, wodurch die Evidenzbasis gest\u00e4rkt und die n\u00e4chsten Studien gestaltet wurden.<\/p>\n<\/div><figure class=\"wp-block-media-text__media\"><img loading=\"lazy\" decoding=\"async\" width=\"1024\" height=\"1024\" src=\"http:\/\/lyfx.ai\/wp-content\/uploads\/2025\/02\/CS_poultry.jpg\" alt=\"Image of Advanced Analysis in  Poultry Health Management\" class=\"wp-image-1656 size-full\" style=\"object-position:50% 50%\" srcset=\"https:\/\/lyfx.ai\/wp-content\/uploads\/2025\/02\/CS_poultry.jpg 1024w, https:\/\/lyfx.ai\/wp-content\/uploads\/2025\/02\/CS_poultry-300x300.jpg 300w, https:\/\/lyfx.ai\/wp-content\/uploads\/2025\/02\/CS_poultry-150x150.jpg 150w, https:\/\/lyfx.ai\/wp-content\/uploads\/2025\/02\/CS_poultry-768x768.jpg 768w\" sizes=\"auto, (max-width: 1024px) 100vw, 1024px\" \/><\/figure><\/div>\n\n\n\n<div style=\"height:66px\" aria-hidden=\"true\" class=\"wp-block-spacer\"><\/div>\n<\/div><\/div>\n\n\n\n<div class=\"wp-block-uagb-container uagb-block-74367799 alignfull uagb-is-root-container\"><div class=\"uagb-container-inner-blocks-wrap\">\n<div class=\"wp-block-media-text is-stacked-on-mobile is-image-fill-element\" style=\"grid-template-columns:15% auto\"><figure class=\"wp-block-media-text__media\"><img loading=\"lazy\" decoding=\"async\" width=\"1024\" height=\"1024\" src=\"http:\/\/lyfx.ai\/wp-content\/uploads\/2025\/05\/Corn_field.jpg\" alt=\"\" class=\"wp-image-2191 size-full\" style=\"object-position:50% 50%\" srcset=\"https:\/\/lyfx.ai\/wp-content\/uploads\/2025\/05\/Corn_field.jpg 1024w, https:\/\/lyfx.ai\/wp-content\/uploads\/2025\/05\/Corn_field-300x300.jpg 300w, https:\/\/lyfx.ai\/wp-content\/uploads\/2025\/05\/Corn_field-150x150.jpg 150w, https:\/\/lyfx.ai\/wp-content\/uploads\/2025\/05\/Corn_field-768x768.jpg 768w, https:\/\/lyfx.ai\/wp-content\/uploads\/2025\/05\/Corn_field-12x12.jpg 12w\" sizes=\"auto, (max-width: 1024px) 100vw, 1024px\" \/><\/figure><div class=\"wp-block-media-text__content\">\n<h4 class=\"wp-block-heading\">Fortgeschrittene Datenanalyse in der AgTech-Branche<\/h4>\n\n\n\n<h3 class=\"wp-block-heading\">Datengest\u00fctzte Einblicke f\u00fcr die Bodenverbesserung<\/h3>\n\n\n\n<p>Finden Sie heraus, wann und wo ein Bodenverbesserer wirkt, indem Sie gro\u00dfe Feldversuche mit sehr unterschiedlichen Ergebnissen und mehr als 40 Variablen durchf\u00fchren.<\/p>\n\n\n\n<p>Wir verglichen \u201cgute\u201d mit \u201cschlechten\u201d F\u00e4llen, modellierten Reaktionsfaktoren mit Hilfe von Modellen des maschinellen Lernens und identifizierten Ausbringungszeitfenster und Bodeneffekte.<\/p>\n\n\n\n<p>Das Ergebnis war eine Verlagerung von einem einheitlichen Leitfaden hin zu standortspezifischen Empfehlungen, wodurch die Konsistenz verbessert und das Risiko von Nachteilen verringert wurde.<\/p>\n<\/div><\/div>\n\n\n\n<div style=\"height:40px\" aria-hidden=\"true\" class=\"wp-block-spacer\"><\/div>\n\n\n\n<div class=\"wp-block-uagb-buttons uagb-buttons__outer-wrap uagb-btn__default-btn uagb-btn-tablet__default-btn uagb-btn-mobile__default-btn uagb-block-a8b9c0d1\"><div class=\"uagb-buttons__wrap uagb-buttons-layout-wrap\">\n<div class=\"wp-block-uagb-buttons-child uagb-buttons__outer-wrap uagb-block-b9c0d1e2 wp-block-button\"><div class=\"uagb-button__wrapper\"><a class=\"uagb-buttons-repeater wp-block-button__link\" aria-label=\"\" href=\"https:\/\/calendly.com\/lyfx\/intro-call-lyfx\" rel=\"follow noopener\" target=\"_blank\" role=\"button\"><div class=\"uagb-button__link\">Buchen Sie einen Anruf<\/div><\/a><\/div><\/div>\n\n\n\n<div class=\"wp-block-uagb-buttons-child uagb-buttons__outer-wrap uagb-block-852c97cc wp-block-button\"><div class=\"uagb-button__wrapper\"><a class=\"uagb-buttons-repeater wp-block-button__link\" aria-label=\"\" href=\"https:\/\/lyfx.ai\/de\/contact\/\" rel=\"follow noopener\" target=\"_blank\" role=\"button\"><div class=\"uagb-button__link\">Nachricht<\/div><\/a><\/div><\/div>\n<\/div><\/div>\n<\/div><\/div>\n\n\n\n<p><\/p>","protected":false},"excerpt":{"rendered":"<p>lyfX.ai: Our Story AI in Process Engineering Enhancing Efficiency Through AI A process-industry SME wanted reporting that is faster, more consistent, and less dependent on repetitive drafting. We worked side by side: hands-on prompting sessions, lightweight tooling that fit their existing workflow, and ChatGPT support where it helped with parts of the analysis. Result: faster [&hellip;]<\/p>\n","protected":false},"author":1,"featured_media":0,"parent":0,"menu_order":0,"comment_status":"closed","ping_status":"closed","template":"","meta":{"_uag_custom_page_level_css":"","site-sidebar-layout":"no-sidebar","site-content-layout":"page-builder","ast-site-content-layout":"full-width-container","site-content-style":"unboxed","site-sidebar-style":"unboxed","ast-global-header-display":"","ast-banner-title-visibility":"","ast-main-header-display":"","ast-hfb-above-header-display":"","ast-hfb-below-header-display":"","ast-hfb-mobile-header-display":"","site-post-title":"disabled","ast-breadcrumbs-content":"","ast-featured-img":"disabled","footer-sml-layout":"","ast-disable-related-posts":"","theme-transparent-header-meta":"enabled","adv-header-id-meta":"","stick-header-meta":"","header-above-stick-meta":"","header-main-stick-meta":"","header-below-stick-meta":"","astra-migrate-meta-layouts":"set","ast-page-background-enabled":"default","ast-page-background-meta":{"desktop":{"background-color":"var(--ast-global-color-4)","background-image":"","background-repeat":"repeat","background-position":"center center","background-size":"auto","background-attachment":"scroll","background-type":"","background-media":"","overlay-type":"","overlay-color":"","overlay-opacity":"","overlay-gradient":""},"tablet":{"background-color":"","background-image":"","background-repeat":"repeat","background-position":"center center","background-size":"auto","background-attachment":"scroll","background-type":"","background-media":"","overlay-type":"","overlay-color":"","overlay-opacity":"","overlay-gradient":""},"mobile":{"background-color":"","background-image":"","background-repeat":"repeat","background-position":"center center","background-size":"auto","background-attachment":"scroll","background-type":"","background-media":"","overlay-type":"","overlay-color":"","overlay-opacity":"","overlay-gradient":""}},"ast-content-background-meta":{"desktop":{"background-color":"var(--ast-global-color-5)","background-image":"","background-repeat":"repeat","background-position":"center center","background-size":"auto","background-attachment":"scroll","background-type":"","background-media":"","overlay-type":"","overlay-color":"","overlay-opacity":"","overlay-gradient":""},"tablet":{"background-color":"var(--ast-global-color-5)","background-image":"","background-repeat":"repeat","background-position":"center center","background-size":"auto","background-attachment":"scroll","background-type":"","background-media":"","overlay-type":"","overlay-color":"","overlay-opacity":"","overlay-gradient":""},"mobile":{"background-color":"var(--ast-global-color-5)","background-image":"","background-repeat":"repeat","background-position":"center center","background-size":"auto","background-attachment":"scroll","background-type":"","background-media":"","overlay-type":"","overlay-color":"","overlay-opacity":"","overlay-gradient":""}},"footnotes":""},"class_list":["post-930","page","type-page","status-publish","hentry"],"aioseo_notices":[],"uagb_featured_image_src":{"full":false,"thumbnail":false,"medium":false,"medium_large":false,"large":false,"1536x1536":false,"2048x2048":false,"trp-custom-language-flag":false},"uagb_author_info":{"display_name":"Andre Moreira","author_link":"https:\/\/lyfx.ai\/de\/author\/amoreira\/"},"uagb_comment_info":0,"uagb_excerpt":"lyfX.ai: Our Story AI in Process Engineering Enhancing Efficiency Through AI A process-industry SME wanted reporting that is faster, more consistent, and less dependent on repetitive drafting. We worked side by side: hands-on prompting sessions, lightweight tooling that fit their existing workflow, and ChatGPT support where it helped with parts of the analysis. Result: faster&hellip;","_links":{"self":[{"href":"https:\/\/lyfx.ai\/de\/wp-json\/wp\/v2\/pages\/930","targetHints":{"allow":["GET"]}}],"collection":[{"href":"https:\/\/lyfx.ai\/de\/wp-json\/wp\/v2\/pages"}],"about":[{"href":"https:\/\/lyfx.ai\/de\/wp-json\/wp\/v2\/types\/page"}],"author":[{"embeddable":true,"href":"https:\/\/lyfx.ai\/de\/wp-json\/wp\/v2\/users\/1"}],"replies":[{"embeddable":true,"href":"https:\/\/lyfx.ai\/de\/wp-json\/wp\/v2\/comments?post=930"}],"version-history":[{"count":10,"href":"https:\/\/lyfx.ai\/de\/wp-json\/wp\/v2\/pages\/930\/revisions"}],"predecessor-version":[{"id":3350,"href":"https:\/\/lyfx.ai\/de\/wp-json\/wp\/v2\/pages\/930\/revisions\/3350"}],"wp:attachment":[{"href":"https:\/\/lyfx.ai\/de\/wp-json\/wp\/v2\/media?parent=930"}],"curies":[{"name":"wp","href":"https:\/\/api.w.org\/{rel}","templated":true}]}}