{"id":3409,"date":"2026-04-28T11:28:30","date_gmt":"2026-04-28T09:28:30","guid":{"rendered":"https:\/\/lyfx.ai\/?page_id=3409"},"modified":"2026-04-28T11:28:31","modified_gmt":"2026-04-28T09:28:31","slug":"autograph","status":"publish","type":"page","link":"https:\/\/lyfx.ai\/de\/autograph\/","title":{"rendered":"AutoGraph"},"content":{"rendered":"<div\n  class=\"wp-block-uagb-container uagb-block-hero-autograph alignfull uagb-is-root-container\"\n>\n  \n  <div class=\"wp-block-cover\" style=\"min-height: 540px;aspect-ratio:unset;\">\n    <img loading=\"lazy\" decoding=\"async\" width=\"1024\" height=\"328\"\n      class=\"wp-block-cover__image-background wp-image-3244 size-large\"\n      alt=\"\"\n      src=\"http:\/\/lyfx.ai\/wp-content\/uploads\/2026\/02\/A002-1024x328.png\"\n      data-object-fit=\"cover\"\n srcset=\"https:\/\/lyfx.ai\/wp-content\/uploads\/2026\/02\/A002-1024x328.png 1024w, https:\/\/lyfx.ai\/wp-content\/uploads\/2026\/02\/A002-300x96.png 300w, https:\/\/lyfx.ai\/wp-content\/uploads\/2026\/02\/A002-768x246.png 768w, https:\/\/lyfx.ai\/wp-content\/uploads\/2026\/02\/A002-18x6.png 18w, https:\/\/lyfx.ai\/wp-content\/uploads\/2026\/02\/A002.png 1115w\" sizes=\"auto, (max-width: 1024px) 100vw, 1024px\" \/><span\n      aria-hidden=\"true\"\n      class=\"wp-block-cover__background has-background-dim-90 has-background-dim\"\n      style=\"background-color: #1a0e2e\"\n    ><\/span>\n    <div class=\"wp-block-cover__inner-container is-layout-flow wp-block-cover-is-layout-flow\">\n      \n      <div style=\"height:40px\" aria-hidden=\"true\" class=\"wp-block-spacer\"><\/div>\n      \n\n      \n      <p\n        class=\"has-text-align-left has-ast-global-color-7-color has-text-color has-link-color wp-elements-88d49bf8f74c7e1e41a834aa0c7c2525\"\n        style=\"          font-size: 14px;          font-style: normal;          font-weight: 600;          letter-spacing: 2.5px;          text-transform: uppercase;        \"\n      >\n        <span style=\"color: #9ef2cc\">AutoGraph by lyfX.ai<\/span>\n      <\/p>\n      \n\n      \n      <h1\n        class=\"wp-block-heading has-text-align-left has-ast-global-color-7-color has-text-color has-link-color has-large-font-size wp-elements-d4d890f4b6621eb5314c9749fc3f2d99\"\n        style=\"margin-bottom: 10px; line-height: 1.15\"\n      >\n        Generative Prozessgestaltung<br \/><span style=\"color: #9ef2cc\"\n          >f\u00fcr Chemieingenieurwesen.Ich bin ein bisschen verwirrt. Sie haben nur ein Span-Tag gesendet, das wahrscheinlich aus einer HTML-Datei stammt. Normalerweise erwarte ich einen kompletten Satz oder eine Frage, die ich \u00fcbersetzen kann.\n\nK\u00f6nnten Sie bitte mehr Text bereitstellen, den ich ins Deutsche \u00fcbersetzen soll?\n      <\/h1>\n      \n\n      \n      <p\n        class=\"has-ast-global-color-7-color has-text-color has-link-color wp-elements-dd2fbc44340ba9f4d2a961464be23780\"\n        style=\"font-size: 20px\"\n      >\n        AutoGraph ist die KI-native Plattform f\u00fcr die Konzeptphase \u2013 in der 80% der Lebenszykluskosten einer Anlage festgelegt werden. Beschreiben Sie Ihre Absicht. Generieren Sie alles andere.\n      <\/p>\n      \n\n      \n      <div style=\"height:20px\" aria-hidden=\"true\" class=\"wp-block-spacer\"><\/div>\n      \n\n      \n      <div\n        class=\"wp-block-uagb-buttons uagb-buttons__outer-wrap uagb-btn__default-btn uagb-btn-tablet__default-btn uagb-btn-mobile__default-btn uagb-block-hero-btns-ag\"\n      >\n        <div class=\"uagb-buttons__wrap uagb-buttons-layout-wrap\">\n          \n          <div\n            class=\"wp-block-uagb-buttons-child uagb-buttons__outer-wrap uagb-block-hero-btn-ag1 wp-block-button\"\n          >\n            <div class=\"uagb-button__wrapper\">\n              <a\n                class=\"uagb-buttons-repeater wp-block-button__link\"\n                aria-label=\"\"\n                href=\"https:\/\/calendly.com\/lyfx\/intro\"\n                rel=\"follow noopener\"\n                target=\"_blank\"\n                role=\"button\"\n                ><div class=\"uagb-button__link\">Sprich mit uns<\/div><\/a>\n            <\/div>\n          <\/div>\n          \n        <\/div>\n      <\/div>\n      \n\n      \n      <div style=\"height:40px\" aria-hidden=\"true\" class=\"wp-block-spacer\"><\/div>\n      \n    <\/div>\n  <\/div>\n  \n<\/div>\n\n\n\n<div\n  class=\"wp-block-uagb-container uagb-block-ag-content alignfull uagb-is-root-container\"\n>\n  <div class=\"uagb-container-inner-blocks-wrap\">\n    \n    <div style=\"height:50px\" aria-hidden=\"true\" class=\"wp-block-spacer\"><\/div>\n    \n\n    \n    <h2 class=\"wp-block-heading\">Konzeptionelle Entscheidungen bestimmen die Lebenszykluskosten<\/h2>\n    \n\n    \n    <p>\n      Etwa 80 %% der Lebenszykluskosten einer Anlage werden bereits in der Konzept- und Front-End-Engineering-Phase festgelegt \u2013 lange bevor die Detailplanung beginnt. Trotzdem l\u00e4uft die Konzeptphase immer noch mit handgezeichneten Blockdiagrammen, in Tabellenkalkulationen zusammengestellten Kostensch\u00e4tzungen und Erfahrungswissen, das mit dem Ausscheiden erfahrener Ingenieure verloren geht.\n    <\/p>\n    \n\n    \n    <p>\n      Der Vergleich von Alternativen dauert Wochen. Chancen gehen verloren. Die nachgelagert eingesetzten Werkzeuge \u2013 CAD, Simulatoren, P&amp;ID-Software \u2013 erreichen nie die Konzeptphase. AutoGraph schon.\n    <\/p>\n    \n\n    \n    <div style=\"height:50px\" aria-hidden=\"true\" class=\"wp-block-spacer\"><\/div>\n    \n\n    \n    <hr\n      class=\"wp-block-separator has-text-color has-ast-global-color-1-color has-alpha-channel-opacity has-ast-global-color-1-background-color has-background is-style-wide\"\n    \/>\n    \n\n    \n    <div style=\"height:50px\" aria-hidden=\"true\" class=\"wp-block-spacer\"><\/div>\n    \n\n    \n    <h2 class=\"wp-block-heading\">Absicht ist drin. Alles andere wurde generiert.<\/h2>\n    \n\n    \n    <p>\n      Die meiste Verfahrenstechnik wird entschieden, bevor sie detailliert wird. Doch die\n      Industrie dreht sich immer noch um Zeichnungen. AutoGraph kehrt das um: Sie beginnen mit der Absicht \u2013 was die Anlage tun soll \u2013 und die Plattform generiert das Blockdiagramm, die Auswahl der Ausr\u00fcstung, die Investitionskosten (CAPEX), die Betriebskosten (OPEX) und den Return on Investment (ROI) darum herum.\n    <\/p>\n    \n\n    \n    <p>\n      Auf einem Graphen-basierten Modell der Anlage aufgebaut, mit k\u00fcnstlicher Intelligenz zur Wissensverarbeitung, die eine propriet\u00e4re Datenbank zu Ausr\u00fcstung und Design abfragt. Jedes Ergebnis ist reproduzierbar, nachvollziehbar und kann von leitenden Ingenieuren \u00fcberpr\u00fcft werden.\n    <\/p>\n    \n\n    \n    <div style=\"height:50px\" aria-hidden=\"true\" class=\"wp-block-spacer\"><\/div>\n    \n\n    \n    <hr\n      class=\"wp-block-separator has-text-color has-ast-global-color-1-color has-alpha-channel-opacity has-ast-global-color-1-background-color has-background is-style-wide\"\n    \/>\n    \n\n    \n    <div style=\"height:50px\" aria-hidden=\"true\" class=\"wp-block-spacer\"><\/div>\n    \n\n    \n    <h2 class=\"wp-block-heading\">Die Produktpalette<\/h2>\n    \n\n    \n    <p>\n      AutoGraph wird als Stapel fokussierter Module geliefert. Jedes einzelne l\u00f6st f\u00fcr sich genommen einen konkreten Teil des Workflow in der Konzeptphase. Gemeinsam bringen sie ein Projekt von der Absicht bis zu einer fundierten Go\/No-Go-Entscheidung.\n    <\/p>\n    \n\n    \n    <div style=\"height:30px\" aria-hidden=\"true\" class=\"wp-block-spacer\"><\/div>\n    \n\n    \n    <div class=\"wp-block-columns is-layout-flex wp-container-core-columns-is-layout-28f84493 wp-block-columns-is-layout-flex\">\n      \n      <div class=\"wp-block-column is-layout-flow wp-block-column-is-layout-flow\">\n        \n        <h3 class=\"wp-block-heading\">PFD-Bank<\/h3>\n        \n\n        \n        <p\n          style=\"            font-size: 12px;            font-weight: 700;            letter-spacing: 2px;            text-transform: uppercase;            color: #4ac2ab;          \"\n        >\n          Aktuell\n        <\/p>\n        \n\n        \n        <p>\n          Das Ingestionsmodul. Laden Sie ein Prozessflussdiagramm hoch und erhalten Sie in wenigen Minuten eine genaue Prozessbeschreibung. Bereits bei K-UTEC in Produktion.\n          <a href=\"https:\/\/lyfx.ai\/de\/pfd-bench\/\">Mehr erfahren \u2192<\/a>\n        <\/p>\n        \n      <\/div>\n      \n\n      \n      <div class=\"wp-block-column is-layout-flow wp-block-column-is-layout-flow\">\n        \n        <h3 class=\"wp-block-heading\">CAPEX-Motor<\/h3>\n        \n\n        \n        <p\n          style=\"            font-size: 12px;            font-weight: 700;            letter-spacing: 2px;            text-transform: uppercase;            color: #9133eb;          \"\n        >\n          In Entwicklung\n        <\/p>\n        \n\n        \n        <p>\n          Das Konzeptkostenmodul. Nimmt ein Blockdiagramm, erstellt Ausr\u00fcstungsspezifikationen und eine CAPEX-Sch\u00e4tzung der Klasse 5, die auf einer realen Ausr\u00fcstungsdatenbank basiert. <a href=\"https:\/\/lyfx.ai\/de\/capex-engine\/\">Mehr erfahren \u2192<\/a>\n        <\/p>\n        \n      <\/div>\n      \n    <\/div>\n    \n\n    \n    <div class=\"wp-block-columns is-layout-flex wp-container-core-columns-is-layout-28f84493 wp-block-columns-is-layout-flex\">\n      \n      <div class=\"wp-block-column is-layout-flow wp-block-column-is-layout-flow\">\n        \n        <h3 class=\"wp-block-heading\">Betriebskosten-Engine<\/h3>\n        \n\n        \n        <p\n          style=\"            font-size: 12px;            font-weight: 700;            letter-spacing: 2px;            text-transform: uppercase;            color: #9b9b9b;          \"\n        >\n          Geplant\n        <\/p>\n        \n\n        \n        <p>\n          Betriebskostenbewertung f\u00fcr jede gegebene Konfiguration. Verbindet sich mit aktuellen und prognostizierten Preisen f\u00fcr Rohstoffe, Energie und Versorgungsleistungen und liefert ein belastbares OPEX-Bild f\u00fcr das zu pr\u00fcfende Design.\n        <\/p>\n        \n      <\/div>\n      \n\n      \n      <div class=\"wp-block-column is-layout-flow wp-block-column-is-layout-flow\">\n        \n        <h3 class=\"wp-block-heading\">ROI-Engine<\/h3>\n        \n\n        \n        <p\n          style=\"            font-size: 12px;            font-weight: 700;            letter-spacing: 2px;            text-transform: uppercase;            color: #9b9b9b;          \"\n        >\n          Geplant\n        <\/p>\n        \n\n        \n        <p>\n          Abzinsung von Cashflows, Kapitalwert (NPV) und Amortisationsanalyse zus\u00e4tzlich zu den CAPEX- und OPEX-Ergebnissen. Vergleichen Sie Alternativen nebeneinander, ohne die Plattform zu verlassen.\n        <\/p>\n        \n      <\/div>\n      \n    <\/div>\n    \n\n    \n    <div style=\"height:30px\" aria-hidden=\"true\" class=\"wp-block-spacer\"><\/div>\n    \n\n    \n    <div\n      class=\"wp-block-group has-ast-global-color-6-background-color has-background is-layout-constrained wp-container-core-group-is-layout-e5c0cd5e wp-block-group-is-layout-constrained\"\n      style=\"        border-radius: 12px;        padding-top: 30px;        padding-right: 30px;        padding-bottom: 30px;        padding-left: 30px;      \"\n    >\n      \n      <h3 class=\"wp-block-heading\">Werkbank<\/h3>\n      \n\n      \n      <p\n        style=\"          font-size: 12px;          font-weight: 700;          letter-spacing: 2px;          text-transform: uppercase;          color: #9133eb;        \"\n      >\n        Integrierte Wirtschafts-Plattform\n      <\/p>\n      \n\n      \n      <p>\n        CAPEX-Engine + OPEX-Engine + ROI-Engine, die zusammen am selben Prozessgraphen arbeiten. Dies ist das Produkt, das die Entscheidungsfindung in der Konzeptphase ver\u00e4ndert \u2013 multiple Alternativen, volle Wirtschaftlichkeit, Hand in Hand mit KI.\n      <\/p>\n      \n    <\/div>\n    \n\n    \n    <div style=\"height:50px\" aria-hidden=\"true\" class=\"wp-block-spacer\"><\/div>\n    \n\n    \n    <hr\n      class=\"wp-block-separator has-text-color has-ast-global-color-1-color has-alpha-channel-opacity has-ast-global-color-1-background-color has-background is-style-wide\"\n    \/>\n    \n\n    \n    <div style=\"height:50px\" aria-hidden=\"true\" class=\"wp-block-spacer\"><\/div>\n    \n\n    \n    <h2 class=\"wp-block-heading\">KI-nativ von Tag eins an<\/h2>\n    \n\n    \n    <p>\n      Branchen\u00fcbliche Ingenieursoftware f\u00fcgt KI nachgelagert hinzu \u2013 f\u00fcr die Detailkonstruktion, P&amp;IDs, 3D-Layouts. Die Konzeptphase, in der die kostspieligen Entscheidungen tats\u00e4chlich getroffen werden, bleibt unadressiert. AutoGraph beginnt dort.\n    <\/p>\n    \n\n    \n    <p>\n      Entwickelt von Gr\u00fcndern mit tiefgreifender Branchenexpertise in der Chemieindustrie, im Ingenieurwesen und angewandter KI. In Partnerschaft mit K-UTEC AG Salt Technologies entwickelt, wo PFD Bench bereits in laufenden Ingenieurprojekten eingesetzt wird.\n    <\/p>\n    \n\n    \n    <div style=\"height:50px\" aria-hidden=\"true\" class=\"wp-block-spacer\"><\/div>\n    \n\n    \n    <hr\n      class=\"wp-block-separator has-text-color has-ast-global-color-1-color has-alpha-channel-opacity has-ast-global-color-1-background-color has-background is-style-wide\"\n    \/>\n    \n\n    \n    <div style=\"height:50px\" aria-hidden=\"true\" class=\"wp-block-spacer\"><\/div>\n    \n\n    \n    <h2 class=\"wp-block-heading\">Lassen Sie uns reden<\/h2>\n    \n\n    \n    <p>\n      Wir sprechen mit Chemieunternehmen, Ingenieurb\u00fcros, Ausr\u00fcstungsherstellern und Integrationspartnern. Wenn Entscheidungen in der Konzeptphase f\u00fcr Ihr Gesch\u00e4ft wichtig sind, w\u00fcrden wir gerne davon h\u00f6ren. Kurzes Gespr\u00e4ch, keine Folien.\n    <\/p>\n    \n\n    \n    <div style=\"height:20px\" aria-hidden=\"true\" class=\"wp-block-spacer\"><\/div>\n    \n\n    \n<div class=\"wp-block-uagb-buttons uagb-buttons__outer-wrap uagb-btn__default-btn uagb-btn-tablet__default-btn uagb-btn-mobile__default-btn uagb-block-a8b9c0d1\"><div class=\"uagb-buttons__wrap uagb-buttons-layout-wrap\">\n<div class=\"wp-block-uagb-buttons-child uagb-buttons__outer-wrap uagb-block-b9c0d1e2 wp-block-button\"><div class=\"uagb-button__wrapper\"><a class=\"uagb-buttons-repeater wp-block-button__link\" aria-label=\"\" href=\"https:\/\/calendly.com\/lyfx\/intro-call-lyfx\" rel=\"follow noopener\" target=\"_blank\" role=\"button\"><div class=\"uagb-button__link\">Buchen Sie einen Anruf<\/div><\/a><\/div><\/div>\n\n\n\n<div class=\"wp-block-uagb-buttons-child uagb-buttons__outer-wrap uagb-block-852c97cc wp-block-button\"><div class=\"uagb-button__wrapper\"><a class=\"uagb-buttons-repeater wp-block-button__link\" aria-label=\"\" href=\"https:\/\/lyfx.ai\/de\/contact\/\" rel=\"follow noopener\" target=\"_blank\" role=\"button\"><div class=\"uagb-button__link\">Nachricht<\/div><\/a><\/div><\/div>\n<\/div><\/div>\n\n  <\/div>\n<\/div>\n\n\n\n<p><\/p>","protected":false},"excerpt":{"rendered":"<p>Concept decisions dominate lifetime cost Around 80% of a plant&#8217;s lifetime cost is locked in during the concept and front-end engineering phase \u2014 long before the detailed design starts. Despite that, the concept phase still runs on hand-drawn block diagrams, cost estimates assembled in spreadsheets, and tribal knowledge that walks out the door when senior [&hellip;]<\/p>\n","protected":false},"author":1,"featured_media":0,"parent":0,"menu_order":0,"comment_status":"closed","ping_status":"closed","template":"","meta":{"_uag_custom_page_level_css":"","site-sidebar-layout":"no-sidebar","site-content-layout":"page-builder","ast-site-content-layout":"full-width-container","site-content-style":"unboxed","site-sidebar-style":"unboxed","ast-global-header-display":"","ast-banner-title-visibility":"","ast-main-header-display":"","ast-hfb-above-header-display":"","ast-hfb-below-header-display":"","ast-hfb-mobile-header-display":"","site-post-title":"disabled","ast-breadcrumbs-content":"","ast-featured-img":"disabled","footer-sml-layout":"","ast-disable-related-posts":"","theme-transparent-header-meta":"enabled","adv-header-id-meta":"","stick-header-meta":"","header-above-stick-meta":"","header-main-stick-meta":"","header-below-stick-meta":"","astra-migrate-meta-layouts":"set","ast-page-background-enabled":"default","ast-page-background-meta":{"desktop":{"background-color":"var(--ast-global-color-4)","background-image":"","background-repeat":"repeat","background-position":"center center","background-size":"auto","background-attachment":"scroll","background-type":"","background-media":"","overlay-type":"","overlay-color":"","overlay-opacity":"","overlay-gradient":""},"tablet":{"background-color":"","background-image":"","background-repeat":"repeat","background-position":"center center","background-size":"auto","background-attachment":"scroll","background-type":"","background-media":"","overlay-type":"","overlay-color":"","overlay-opacity":"","overlay-gradient":""},"mobile":{"background-color":"","background-image":"","background-repeat":"repeat","background-position":"center center","background-size":"auto","background-attachment":"scroll","background-type":"","background-media":"","overlay-type":"","overlay-color":"","overlay-opacity":"","overlay-gradient":""}},"ast-content-background-meta":{"desktop":{"background-color":"var(--ast-global-color-5)","background-image":"","background-repeat":"repeat","background-position":"center center","background-size":"auto","background-attachment":"scroll","background-type":"","background-media":"","overlay-type":"","overlay-color":"","overlay-opacity":"","overlay-gradient":""},"tablet":{"background-color":"var(--ast-global-color-5)","background-image":"","background-repeat":"repeat","background-position":"center center","background-size":"auto","background-attachment":"scroll","background-type":"","background-media":"","overlay-type":"","overlay-color":"","overlay-opacity":"","overlay-gradient":""},"mobile":{"background-color":"var(--ast-global-color-5)","background-image":"","background-repeat":"repeat","background-position":"center center","background-size":"auto","background-attachment":"scroll","background-type":"","background-media":"","overlay-type":"","overlay-color":"","overlay-opacity":"","overlay-gradient":""}},"footnotes":""},"class_list":["post-3409","page","type-page","status-publish","hentry"],"aioseo_notices":[],"uagb_featured_image_src":{"full":false,"thumbnail":false,"medium":false,"medium_large":false,"large":false,"1536x1536":false,"2048x2048":false,"trp-custom-language-flag":false},"uagb_author_info":{"display_name":"Andre Moreira","author_link":"https:\/\/lyfx.ai\/de\/author\/amoreira\/"},"uagb_comment_info":0,"uagb_excerpt":"Concept decisions dominate lifetime cost Around 80% of a plant&#8217;s lifetime cost is locked in during the concept and front-end engineering phase \u2014 long before the detailed design starts. Despite that, the concept phase still runs on hand-drawn block diagrams, cost estimates assembled in spreadsheets, and tribal knowledge that walks out the door when senior&hellip;","_links":{"self":[{"href":"https:\/\/lyfx.ai\/de\/wp-json\/wp\/v2\/pages\/3409","targetHints":{"allow":["GET"]}}],"collection":[{"href":"https:\/\/lyfx.ai\/de\/wp-json\/wp\/v2\/pages"}],"about":[{"href":"https:\/\/lyfx.ai\/de\/wp-json\/wp\/v2\/types\/page"}],"author":[{"embeddable":true,"href":"https:\/\/lyfx.ai\/de\/wp-json\/wp\/v2\/users\/1"}],"replies":[{"embeddable":true,"href":"https:\/\/lyfx.ai\/de\/wp-json\/wp\/v2\/comments?post=3409"}],"version-history":[{"count":1,"href":"https:\/\/lyfx.ai\/de\/wp-json\/wp\/v2\/pages\/3409\/revisions"}],"predecessor-version":[{"id":3410,"href":"https:\/\/lyfx.ai\/de\/wp-json\/wp\/v2\/pages\/3409\/revisions\/3410"}],"wp:attachment":[{"href":"https:\/\/lyfx.ai\/de\/wp-json\/wp\/v2\/media?parent=3409"}],"curies":[{"name":"wp","href":"https:\/\/api.w.org\/{rel}","templated":true}]}}