{"id":2278,"date":"2025-06-02T11:38:18","date_gmt":"2025-06-02T09:38:18","guid":{"rendered":"https:\/\/lyfx.ai\/?page_id=2278"},"modified":"2025-09-01T06:42:54","modified_gmt":"2025-09-01T04:42:54","slug":"trade-show-crystallization","status":"publish","type":"page","link":"https:\/\/lyfx.ai\/de\/trade-show-crystallization\/","title":{"rendered":"Messe - Kristallisation"},"content":{"rendered":"<div class=\"wp-block-uagb-container uagb-block-5e1948c5 alignfull uagb-is-root-container\"><div class=\"uagb-container-inner-blocks-wrap\">\n<div style=\"height:100px\" aria-hidden=\"true\" class=\"wp-block-spacer\"><\/div>\n\n\n\n<h1 class=\"wp-block-heading\">Technologien zur Kristallisation<\/h1>\n<\/div><\/div>\n\n\n\n<div class=\"wp-block-uagb-container uagb-block-65bfa760 alignfull uagb-is-root-container\"><div class=\"uagb-container-inner-blocks-wrap\">\n<div style=\"height:20px\" aria-hidden=\"true\" class=\"wp-block-spacer\"><\/div>\n\n\n\n<h2 class=\"wp-block-heading has-text-align-center\">Gelegenheit zur Zusammenarbeit<\/h2>\n\n\n\n<div style=\"height:20px\" aria-hidden=\"true\" class=\"wp-block-spacer\"><\/div>\n\n\n\n<p><a href=\"http:\/\/www.k-utec.de\/en\" target=\"_blank\" rel=\"noopener\" title=\"\">K-UTEC AG Salztechnologien<\/a>, ein gesch\u00e4tzter Kunde von lyfX.ai, ist ein auf die Verarbeitung von Mineralien und Salzen spezialisiertes Ingenieurb\u00fcro. Das Unternehmen verf\u00fcgt \u00fcber umfassende Erfahrung bei der Umwandlung komplexer Solen und Mutterlaugen in pr\u00e4zise definierte, hochreine Kristalle. Die Arbeit des Unternehmens st\u00fctzt sich auf eine propriet\u00e4re Datenbank zur L\u00f6slichkeit und Thermodynamik von Mehrkomponentensalzen, die durch fortschrittliche Kristallisationsfunktionen unterst\u00fctzt wird.<\/p>\n\n\n\n<p>K-UTEC entwickelt fraktionierte, kalte und geimpfte Kristallisationsprozesse, um spezifische Partikelgr\u00f6\u00dfenverteilungen und gleichbleibend niedrige Verunreinigungsgrade (unter ppm) zu erreichen. Die L\u00f6sungen von K-UTEC sind robust und lassen sich nahtlos von Laborversuchen bis hin zum industriellen Ma\u00dfstab mit Tausenden von Tonnen skalieren. Zu den bemerkenswerten j\u00fcngsten Projekten geh\u00f6ren eine Kaltkristallisationsanlage f\u00fcr KCl in Jordanien mit einer Jahreskapazit\u00e4t von einer Million Tonnen sowie Anlagen zur Herstellung von Sulfat aus Pottasche in pharmazeutischer Qualit\u00e4t und Lithiumkarbonat in Batteriequalit\u00e4t. <\/p>\n\n\n\n<p>K-UTEC befasst sich erfolgreich mit anspruchsvollen anorganischen und organischen Materialien und liefert optimierte Kristalle, die nachgeschaltete Prozesse verbessern.<\/p>\n\n\n\n<div style=\"height:20px\" aria-hidden=\"true\" class=\"wp-block-spacer\"><\/div>\n\n\n\n<div style=\"height:20px\" aria-hidden=\"true\" class=\"wp-block-spacer\"><\/div>\n<\/div><\/div>\n\n\n\n<div class=\"wp-block-uagb-container uagb-block-7f40e216 alignfull uagb-is-root-container\"><div class=\"uagb-container-inner-blocks-wrap\">\n<ul class=\"wp-block-list\">\n<li style=\"padding-top:var(--wp--preset--spacing--30);padding-bottom:var(--wp--preset--spacing--30)\"><strong>Eigener thermodynamischer Motor<\/strong> - firmeneigene L\u00f6slichkeits- und thermochemische Daten f\u00fcr Mehrkomponentensole; Teile davon sind streng gesch\u00fctzt, so dass Wettbewerber sie nicht kopieren k\u00f6nnen<\/li>\n\n\n\n<li style=\"padding-top:var(--wp--preset--spacing--30);padding-bottom:var(--wp--preset--spacing--30)\"><strong>Crystal-Engineering-Werkzeugsatz<\/strong> - fraktionierte Kristallisation (Verdampfung oder Abk\u00fchlung), Kaltkristallisation, Glaserit- und Kainit-Sch\u00f6nit-Umwandlungen, geimpfte Ausf\u00e4llung; alle in der Industrie erprobt<\/li>\n\n\n\n<li style=\"padding-top:var(--wp--preset--spacing--30);padding-bottom:var(--wp--preset--spacing--30)\"><strong>Kontrolle der Morphologie<\/strong> - die F\u00e4higkeit, die Keimbildung und das Wachstum so zu steuern, dass eine enge Korngr\u00f6\u00dfenverteilung, eine frei flie\u00dfende Form und minimale verdeckte Verunreinigungen entstehen<\/li>\n\n\n\n<li><strong>Testzentrum f\u00fcr Pr\u00fcfst\u00e4nde und Pilotanlagen<\/strong> - Test Center mit \u00fcber 2.000 m\u00b2 ausgestattet mit modernster Prozesstechnik in verschiedenen Gr\u00f6\u00dfen<\/li>\n\n\n\n<li style=\"padding-top:var(--wp--preset--spacing--30);padding-bottom:var(--wp--preset--spacing--30)\"><strong>Ma\u00dfstab, der beruhigt<\/strong> - Die Planung einer 1 Mio. t a-\u00b9 Kaltkristallisations-KCl-Anlage (Arab Potash, Jordanien) und einer 100 kt a-\u00b9 Glaserit-zu-SOP-Anlage (CINIS Fertilizer, Schweden) zeigt, dass an beiden Enden der Skala Vertrauen besteht.<\/li>\n\n\n\n<li><strong>Nachgewiesene Erfolgsbilanz bei organischen Materialien<\/strong> - einschlie\u00dflich der Kristallisation von Alanin (Aminos\u00e4ure), der Enantiomerentrennung mittels fortgeschrittener Kristallisationstechniken und anderer damit verbundener Projekte.<\/li>\n\n\n\n<li style=\"padding-top:var(--wp--preset--spacing--30);padding-bottom:var(--wp--preset--spacing--30)\"><strong>Durchg\u00e4ngiges Engagement<\/strong> - \u00dcberpr\u00fcfung von Explorationsdaten, Prozessmodellierung, Pilotkampagnen, Basic- und Detail-Engineering, Inbetriebnahme und Revamp-Optimierung sind im Haus<\/li>\n\n\n\n<li style=\"padding-top:var(--wp--preset--spacing--30);padding-bottom:var(--wp--preset--spacing--30)\"><strong>OEM-neutral, auf Nachhaltigkeit bedacht<\/strong> - die F\u00e4higkeit, die energieeffizienteste Kristallisator-Hardware auf dem Markt zu integrieren und Nebenprodukte zur\u00fcckzugewinnen, um die Abfall- und Wasserbilanz zu verbessern.<\/li>\n<\/ul>\n<\/div><\/div>\n\n\n\n<div class=\"wp-block-uagb-container uagb-block-abd5aec8 alignfull uagb-is-root-container\"><div class=\"uagb-container-inner-blocks-wrap\">\n<blockquote class=\"wp-block-quote is-layout-flow wp-block-quote-is-layout-flow\">\n<p>Wir werden Sie gerne mit den richtigen Kollegen bei K-UTEC in Verbindung bringen, um diese M\u00f6glichkeit zu erkunden!<\/p>\n<\/blockquote>\n<\/div><\/div>\n\n\n\n<p><\/p>","protected":false},"excerpt":{"rendered":"<p>Crystallization technologies Collaboration opportunity K-UTEC AG Salt Technologies, a valued client of lyfX.ai, is an engineering firm specialized in mineral and salt processing. They have deep expertise\u00a0 in transforming complex brines and mother liquors into precisely defined, high-purity crystals. Their work leverages a proprietary database on solubility and thermodynamics of multi-component brines, supported by advanced [&hellip;]<\/p>\n","protected":false},"author":1,"featured_media":0,"parent":0,"menu_order":0,"comment_status":"closed","ping_status":"closed","template":"","meta":{"_uag_custom_page_level_css":"","site-sidebar-layout":"default","site-content-layout":"","ast-site-content-layout":"default","site-content-style":"default","site-sidebar-style":"default","ast-global-header-display":"","ast-banner-title-visibility":"","ast-main-header-display":"","ast-hfb-above-header-display":"","ast-hfb-below-header-display":"","ast-hfb-mobile-header-display":"","site-post-title":"disabled","ast-breadcrumbs-content":"","ast-featured-img":"","footer-sml-layout":"","ast-disable-related-posts":"","theme-transparent-header-meta":"","adv-header-id-meta":"","stick-header-meta":"","header-above-stick-meta":"","header-main-stick-meta":"","header-below-stick-meta":"","astra-migrate-meta-layouts":"set","ast-page-background-enabled":"default","ast-page-background-meta":{"desktop":{"background-color":"var(--ast-global-color-4)","background-image":"","background-repeat":"repeat","background-position":"center center","background-size":"auto","background-attachment":"scroll","background-type":"","background-media":"","overlay-type":"","overlay-color":"","overlay-gradient":""},"tablet":{"background-color":"","background-image":"","background-repeat":"repeat","background-position":"center center","background-size":"auto","background-attachment":"scroll","background-type":"","background-media":"","overlay-type":"","overlay-color":"","overlay-gradient":""},"mobile":{"background-color":"","background-image":"","background-repeat":"repeat","background-position":"center center","background-size":"auto","background-attachment":"scroll","background-type":"","background-media":"","overlay-type":"","overlay-color":"","overlay-gradient":""}},"ast-content-background-meta":{"desktop":{"background-color":"var(--ast-global-color-5)","background-image":"","background-repeat":"repeat","background-position":"center center","background-size":"auto","background-attachment":"scroll","background-type":"","background-media":"","overlay-type":"","overlay-color":"","overlay-gradient":""},"tablet":{"background-color":"var(--ast-global-color-5)","background-image":"","background-repeat":"repeat","background-position":"center center","background-size":"auto","background-attachment":"scroll","background-type":"","background-media":"","overlay-type":"","overlay-color":"","overlay-gradient":""},"mobile":{"background-color":"var(--ast-global-color-5)","background-image":"","background-repeat":"repeat","background-position":"center center","background-size":"auto","background-attachment":"scroll","background-type":"","background-media":"","overlay-type":"","overlay-color":"","overlay-gradient":""}},"footnotes":""},"class_list":["post-2278","page","type-page","status-publish","hentry"],"aioseo_notices":[],"uagb_featured_image_src":{"full":false,"thumbnail":false,"medium":false,"medium_large":false,"large":false,"1536x1536":false,"2048x2048":false,"trp-custom-language-flag":false},"uagb_author_info":{"display_name":"Andre Moreira","author_link":"https:\/\/lyfx.ai\/de\/author\/amoreira\/"},"uagb_comment_info":0,"uagb_excerpt":"Crystallization technologies Collaboration opportunity K-UTEC AG Salt Technologies, a valued client of lyfX.ai, is an engineering firm specialized in mineral and salt processing. They have deep expertise\u00a0 in transforming complex brines and mother liquors into precisely defined, high-purity crystals. Their work leverages a proprietary database on solubility and thermodynamics of multi-component brines, supported by advanced&hellip;","_links":{"self":[{"href":"https:\/\/lyfx.ai\/de\/wp-json\/wp\/v2\/pages\/2278","targetHints":{"allow":["GET"]}}],"collection":[{"href":"https:\/\/lyfx.ai\/de\/wp-json\/wp\/v2\/pages"}],"about":[{"href":"https:\/\/lyfx.ai\/de\/wp-json\/wp\/v2\/types\/page"}],"author":[{"embeddable":true,"href":"https:\/\/lyfx.ai\/de\/wp-json\/wp\/v2\/users\/1"}],"replies":[{"embeddable":true,"href":"https:\/\/lyfx.ai\/de\/wp-json\/wp\/v2\/comments?post=2278"}],"version-history":[{"count":10,"href":"https:\/\/lyfx.ai\/de\/wp-json\/wp\/v2\/pages\/2278\/revisions"}],"predecessor-version":[{"id":2839,"href":"https:\/\/lyfx.ai\/de\/wp-json\/wp\/v2\/pages\/2278\/revisions\/2839"}],"wp:attachment":[{"href":"https:\/\/lyfx.ai\/de\/wp-json\/wp\/v2\/media?parent=2278"}],"curies":[{"name":"wp","href":"https:\/\/api.w.org\/{rel}","templated":true}]}}