{"id":2268,"date":"2025-06-02T11:31:35","date_gmt":"2025-06-02T09:31:35","guid":{"rendered":"https:\/\/lyfx.ai\/?page_id=2268"},"modified":"2025-09-01T06:41:40","modified_gmt":"2025-09-01T04:41:40","slug":"trade-show-agents","status":"publish","type":"page","link":"https:\/\/lyfx.ai\/de\/trade-show-agents\/","title":{"rendered":"Fachmesse - Vertreter"},"content":{"rendered":"<div class=\"wp-block-uagb-container uagb-block-98d043cf alignfull uagb-is-root-container\"><div class=\"uagb-container-inner-blocks-wrap\">\n<div style=\"height:100px\" aria-hidden=\"true\" class=\"wp-block-spacer\"><\/div>\n\n\n\n<h1 class=\"wp-block-heading\"><span style=\"text-decoration: underline;\"><a href=\"https:\/\/agents.lyfx.ai\/agents\/home\" target=\"_blank\" rel=\"noopener\" title=\"\">Intelligente AI-Agenten<\/a><\/span> f\u00fcr die produzierende Industrie<\/h1>\n\n\n\n<ul class=\"wp-block-list\">\n<li>Automatisierung von Arbeitsabl\u00e4ufen mithilfe von KI<\/li>\n\n\n\n<li>Einbindung von Human-in-the-Loop, um Genauigkeit und Einhaltung der Vorschriften zu gew\u00e4hrleisten.<\/li>\n<\/ul>\n<\/div><\/div>\n\n\n\n<div class=\"wp-block-uagb-container uagb-block-65bfa760 alignfull uagb-is-root-container\"><div class=\"uagb-container-inner-blocks-wrap\">\n<div style=\"height:20px\" aria-hidden=\"true\" class=\"wp-block-spacer\"><\/div>\n\n\n\n<h2 class=\"wp-block-heading has-text-align-center\">Unendliche M\u00f6glichkeiten<\/h2>\n\n\n\n<div style=\"height:20px\" aria-hidden=\"true\" class=\"wp-block-spacer\"><\/div>\n\n\n\n<div class=\"wp-block-columns is-layout-flex wp-container-core-columns-is-layout-f130efbf wp-block-columns-is-layout-flex\" style=\"padding-top:var(--wp--preset--spacing--30);padding-right:var(--wp--preset--spacing--30);padding-bottom:var(--wp--preset--spacing--30);padding-left:var(--wp--preset--spacing--30)\">\n<div class=\"wp-block-column is-layout-flow wp-block-column-is-layout-flow\">\n<h3 class=\"wp-block-heading\">\ud83c\udf31 <a href=\"https:\/\/agents.lyfx.ai\/agent\/cccalc\/\" target=\"_blank\" rel=\"noopener\" title=\"\">Berechnungen der Kohlenstoffemissionen (probieren Sie es aus!)<\/a><\/h3>\n\n\n\n<p>Berechnen Sie GWP, Produktionsfu\u00dfabdr\u00fccke, Transportemissionen und den Wert von Emissionsgutschriften mit Pr\u00e4zision und unter Einhaltung der gesetzlichen Vorschriften.<\/p>\n\n\n\n<p>\u2713 GWP Datenbank Integration<br>\u2713 Mehrstufiger Transport<br>\u2713 Bewertung von Emissionsgutschriften<br>\u2713 Einhaltung gesetzlicher Vorschriften<\/p>\n<\/div>\n\n\n\n<div class=\"wp-block-column is-layout-flow wp-block-column-is-layout-flow\">\n<h3 class=\"wp-block-heading\">\ud83d\udee1\ufe0f Stoffsicherheitsbeurteilungen<\/h3>\n\n\n\n<p>Automatisierte Analyse von Sicherheitsdatenbl\u00e4ttern, Risikobewertungen und Konformit\u00e4tspr\u00fcfungen f\u00fcr die Sicherheit am Arbeitsplatz und die Umwelt.<\/p>\n\n\n\n<p>\u2713 SDS-Analyse<br>\u2713 Erstellung einer Risikomatrix<br>\u2713 PSA-Empfehlungen<br>\u2713 Regulatorische Updates<\/p>\n<\/div>\n<\/div>\n\n\n\n<div class=\"wp-block-columns is-layout-flex wp-container-core-columns-is-layout-6dbbbada wp-block-columns-is-layout-flex\" style=\"padding-top:var(--wp--preset--spacing--30);padding-right:var(--wp--preset--spacing--30);padding-bottom:var(--wp--preset--spacing--30);padding-left:var(--wp--preset--spacing--30)\">\n<div class=\"wp-block-column is-layout-flow wp-block-column-is-layout-flow\">\n<h3 class=\"wp-block-heading\">\ud83d\udee3\ufe0f Optimierung der Lieferkette<\/h3>\n\n\n\n<p>Optimieren Sie chemische Lieferketten f\u00fcr Kosten, Nachhaltigkeit und Risikomanagement mit KI-gest\u00fctzter Entscheidungshilfe.<\/p>\n\n\n\n<p>\u2713 Routen-Optimierung<br>\u2713 Kostenanalyse<br>\u2713 Risikobewertung<br>\u2713 Nachhaltigkeitsmetriken<\/p>\n<\/div>\n\n\n\n<div class=\"wp-block-column is-layout-flow wp-block-column-is-layout-flow\">\n<h3 class=\"wp-block-heading\">\ud83e\uddea F&amp;E-Versuchsplanung<\/h3>\n\n\n\n<p>Entwerfen Sie Experimente, sagen Sie Ergebnisse voraus und optimieren Sie Formulierungen mithilfe von KI-gest\u00fctzten Forschungs- und Entwicklungsabl\u00e4ufen.<\/p>\n\n\n\n<p>\u2713 Versuchsplanung<br>\u2713 Ergebnisvorhersage<br>\u2713 Optimierung der Formulierung<br>\u2713 Literaturrecherche<\/p>\n<\/div>\n<\/div>\n\n\n\n<div class=\"wp-block-columns is-layout-flex wp-container-core-columns-is-layout-6dbbbada wp-block-columns-is-layout-flex\" style=\"padding-top:var(--wp--preset--spacing--30);padding-right:var(--wp--preset--spacing--30);padding-bottom:var(--wp--preset--spacing--30);padding-left:var(--wp--preset--spacing--30)\">\n<div class=\"wp-block-column is-layout-flow wp-block-column-is-layout-flow\">\n<h3 class=\"wp-block-heading\">\ud83d\udd2c Automatisierung der Qualit\u00e4tskontrolle<\/h3>\n\n\n\n<p>Automatisieren Sie Qualit\u00e4tskontrollprozesse, analysieren Sie Testergebnisse und erstellen Sie Konformit\u00e4tsberichte mit intelligenten Workflows.<\/p>\n\n\n\n<p>\u2713 Analyse der Testergebnisse<br>\u2713 Trend-Erkennung<br>\u2713 Compliance-Berichterstattung<br>\u2713 Anomalie-Erkennung<\/p>\n<\/div>\n\n\n\n<div class=\"wp-block-column has-border-color has-ast-global-color-1-border-color is-layout-flow wp-block-column-is-layout-flow\" style=\"padding-top:var(--wp--preset--spacing--20);padding-right:var(--wp--preset--spacing--20);padding-bottom:var(--wp--preset--spacing--20);padding-left:var(--wp--preset--spacing--20)\">\n<h3 class=\"wp-block-heading has-ast-global-color-2-color has-text-color has-link-color wp-elements-0c3c6e239f2f2f332f774118ca78ed9c\">\ud83d\udccb <strong>Ihr Anwendungsfall<\/strong><\/h3>\n\n\n\n<p><strong>Ma\u00dfgeschneiderte KI-L\u00f6sungen f\u00fcr Ihre individuellen Herausforderungen - speziell f\u00fcr Sie entwickelt.<\/strong><\/p>\n\n\n\n<p>\u2713 Ma\u00dfgeschneiderte Analyse<br>\u2713 Flexible Integrationen<br>\u2713 Pr\u00e4zisionsl\u00f6sungen<br>\u2713 Expertenunterst\u00fctzung<\/p>\n<\/div>\n<\/div>\n<\/div><\/div>\n\n\n\n<p><\/p>\n\n\n\n<div class=\"wp-block-uagb-container uagb-block-0fc76f12 alignfull uagb-is-root-container\"><div class=\"uagb-container-inner-blocks-wrap\">\n<blockquote class=\"wp-block-quote is-layout-flow wp-block-quote-is-layout-flow\">\n<p>Sprechen Sie noch heute mit unseren Experten und erfahren Sie, wie KI Ihre Arbeitsabl\u00e4ufe verbessern kann!<\/p>\n<\/blockquote>\n<\/div><\/div>","protected":false},"excerpt":{"rendered":"<p>Intelligent AI Agents for Producing Industries Endless Possibilities \ud83c\udf31 Carbon Emissions Calculations (try it!) Calculate GWP, production footprints, transportation emissions, and carbon credits value with precision and regulatory compliance. \u2713 GWP Database Integration\u2713 Multi-step Transportation\u2713 Carbon Credits Valuation\u2713 Regulatory Compliance \ud83d\udee1\ufe0f Chemical Safety Assessments Automated safety data sheet analysis, risk assessments, and compliance checking for [&hellip;]<\/p>\n","protected":false},"author":1,"featured_media":0,"parent":0,"menu_order":0,"comment_status":"closed","ping_status":"closed","template":"","meta":{"_uag_custom_page_level_css":"","site-sidebar-layout":"default","site-content-layout":"","ast-site-content-layout":"default","site-content-style":"default","site-sidebar-style":"default","ast-global-header-display":"","ast-banner-title-visibility":"","ast-main-header-display":"","ast-hfb-above-header-display":"","ast-hfb-below-header-display":"","ast-hfb-mobile-header-display":"","site-post-title":"disabled","ast-breadcrumbs-content":"","ast-featured-img":"","footer-sml-layout":"","ast-disable-related-posts":"","theme-transparent-header-meta":"","adv-header-id-meta":"","stick-header-meta":"","header-above-stick-meta":"","header-main-stick-meta":"","header-below-stick-meta":"","astra-migrate-meta-layouts":"set","ast-page-background-enabled":"default","ast-page-background-meta":{"desktop":{"background-color":"var(--ast-global-color-4)","background-image":"","background-repeat":"repeat","background-position":"center center","background-size":"auto","background-attachment":"scroll","background-type":"","background-media":"","overlay-type":"","overlay-color":"","overlay-gradient":""},"tablet":{"background-color":"","background-image":"","background-repeat":"repeat","background-position":"center center","background-size":"auto","background-attachment":"scroll","background-type":"","background-media":"","overlay-type":"","overlay-color":"","overlay-gradient":""},"mobile":{"background-color":"","background-image":"","background-repeat":"repeat","background-position":"center center","background-size":"auto","background-attachment":"scroll","background-type":"","background-media":"","overlay-type":"","overlay-color":"","overlay-gradient":""}},"ast-content-background-meta":{"desktop":{"background-color":"var(--ast-global-color-5)","background-image":"","background-repeat":"repeat","background-position":"center center","background-size":"auto","background-attachment":"scroll","background-type":"","background-media":"","overlay-type":"","overlay-color":"","overlay-gradient":""},"tablet":{"background-color":"var(--ast-global-color-5)","background-image":"","background-repeat":"repeat","background-position":"center center","background-size":"auto","background-attachment":"scroll","background-type":"","background-media":"","overlay-type":"","overlay-color":"","overlay-gradient":""},"mobile":{"background-color":"var(--ast-global-color-5)","background-image":"","background-repeat":"repeat","background-position":"center center","background-size":"auto","background-attachment":"scroll","background-type":"","background-media":"","overlay-type":"","overlay-color":"","overlay-gradient":""}},"footnotes":""},"class_list":["post-2268","page","type-page","status-publish","hentry"],"aioseo_notices":[],"uagb_featured_image_src":{"full":false,"thumbnail":false,"medium":false,"medium_large":false,"large":false,"1536x1536":false,"2048x2048":false,"trp-custom-language-flag":false},"uagb_author_info":{"display_name":"Andre Moreira","author_link":"https:\/\/lyfx.ai\/de\/author\/amoreira\/"},"uagb_comment_info":0,"uagb_excerpt":"Intelligent AI Agents for Producing Industries Endless Possibilities \ud83c\udf31 Carbon Emissions Calculations (try it!) Calculate GWP, production footprints, transportation emissions, and carbon credits value with precision and regulatory compliance. \u2713 GWP Database Integration\u2713 Multi-step Transportation\u2713 Carbon Credits Valuation\u2713 Regulatory Compliance \ud83d\udee1\ufe0f Chemical Safety Assessments Automated safety data sheet analysis, risk assessments, and compliance checking for&hellip;","_links":{"self":[{"href":"https:\/\/lyfx.ai\/de\/wp-json\/wp\/v2\/pages\/2268","targetHints":{"allow":["GET"]}}],"collection":[{"href":"https:\/\/lyfx.ai\/de\/wp-json\/wp\/v2\/pages"}],"about":[{"href":"https:\/\/lyfx.ai\/de\/wp-json\/wp\/v2\/types\/page"}],"author":[{"embeddable":true,"href":"https:\/\/lyfx.ai\/de\/wp-json\/wp\/v2\/users\/1"}],"replies":[{"embeddable":true,"href":"https:\/\/lyfx.ai\/de\/wp-json\/wp\/v2\/comments?post=2268"}],"version-history":[{"count":10,"href":"https:\/\/lyfx.ai\/de\/wp-json\/wp\/v2\/pages\/2268\/revisions"}],"predecessor-version":[{"id":2838,"href":"https:\/\/lyfx.ai\/de\/wp-json\/wp\/v2\/pages\/2268\/revisions\/2838"}],"wp:attachment":[{"href":"https:\/\/lyfx.ai\/de\/wp-json\/wp\/v2\/media?parent=2268"}],"curies":[{"name":"wp","href":"https:\/\/api.w.org\/{rel}","templated":true}]}}