{"id":2041,"date":"2025-04-08T13:56:03","date_gmt":"2025-04-08T11:56:03","guid":{"rendered":"https:\/\/lyfx.ai\/?page_id=2041"},"modified":"2025-07-12T23:15:28","modified_gmt":"2025-07-12T21:15:28","slug":"data-science-glossary","status":"publish","type":"page","link":"https:\/\/lyfx.ai\/de\/data-science-glossary\/","title":{"rendered":"Datenwissenschaftliches Glossar"},"content":{"rendered":"<div class=\"wp-block-uagb-container uagb-block-08442604 alignfull uagb-is-root-container\">\n<div style=\"height:70px\" aria-hidden=\"true\" class=\"wp-block-spacer\"><\/div>\n\n\n\n<div class=\"wp-block-cover has-ast-global-color-1-color has-text-color has-link-color wp-elements-1849a5b4074683a00cb9622349b36a5b\"><img loading=\"lazy\" decoding=\"async\" width=\"1024\" height=\"288\" class=\"wp-block-cover__image-background wp-image-2501 size-large\" alt=\"\" src=\"http:\/\/lyfx.ai\/wp-content\/uploads\/2025\/07\/lyfX-Herobild-Dienstleistungen-1024x288.png\" data-object-fit=\"cover\" srcset=\"https:\/\/lyfx.ai\/wp-content\/uploads\/2025\/07\/lyfX-Herobild-Dienstleistungen-1024x288.png 1024w, https:\/\/lyfx.ai\/wp-content\/uploads\/2025\/07\/lyfX-Herobild-Dienstleistungen-300x84.png 300w, https:\/\/lyfx.ai\/wp-content\/uploads\/2025\/07\/lyfX-Herobild-Dienstleistungen-768x216.png 768w, https:\/\/lyfx.ai\/wp-content\/uploads\/2025\/07\/lyfX-Herobild-Dienstleistungen-1536x432.png 1536w, https:\/\/lyfx.ai\/wp-content\/uploads\/2025\/07\/lyfX-Herobild-Dienstleistungen-18x5.png 18w, https:\/\/lyfx.ai\/wp-content\/uploads\/2025\/07\/lyfX-Herobild-Dienstleistungen.png 1920w\" sizes=\"auto, (max-width: 1024px) 100vw, 1024px\" \/><span aria-hidden=\"true\" class=\"wp-block-cover__background has-background-dim-0 has-background-dim\" style=\"background-color:#182238\"><\/span><div class=\"wp-block-cover__inner-container is-layout-flow wp-block-cover-is-layout-flow\">\n<h1 class=\"wp-block-heading has-text-align-left has-ast-global-color-1-color has-text-color has-link-color has-x-large-font-size wp-elements-3370c99dbea67c2c2d1c70550b98d0af\" style=\"margin-right:var(--wp--preset--spacing--50);margin-left:var(--wp--preset--spacing--50)\">Daten und KI<\/h1>\n<\/div><\/div>\n\n\n\n<div style=\"height:30px\" aria-hidden=\"true\" class=\"wp-block-spacer\"><\/div>\n<\/div>\n\n\n\n<div class=\"wp-block-uagb-container uagb-block-5a9edaca alignfull uagb-is-root-container\"><div class=\"uagb-container-inner-blocks-wrap\">\n<div class=\"wp-block-uagb-container uagb-block-fb72af9e\">\n<h3 class=\"wp-block-heading\">Datenwissenschaftliches Glossar<\/h3>\n\n\n\n<p><em>KI-generierte Inhalte<\/em><\/p>\n\n\n\n<h4 class=\"wp-block-heading\">A\/B-Tests<\/h4>\n\n\n\n<p>Eine statistische Methode, mit der zwei Versionen (A und B) einer Variablen verglichen werden, um festzustellen, welche besser abschneidet. Dabei wird ein kontrolliertes Experiment durchgef\u00fchrt, bei dem die Nutzer nach dem Zufallsprinzip verschiedenen Varianten eines Produktmerkmals, einer Webseite oder einer Marketingkampagne zugewiesen werden. Die Ergebnisse werden analysiert, um die statistische Signifikanz zu bestimmen und die Entscheidungsfindung zu unterst\u00fctzen.<\/p>\n\n\n\n<h4 class=\"wp-block-heading\">Erkennung von Anomalien<\/h4>\n\n\n\n<p>Die Identifizierung von seltenen Elementen, Ereignissen oder Beobachtungen, die erheblich von der Mehrheit der Daten abweichen und Verdacht erregen. Anomalien k\u00f6nnen auf kritische Vorf\u00e4lle wie Bankbetrug, strukturelle M\u00e4ngel, medizinische Probleme oder Fehler in Texten hinweisen. Zu den Techniken geh\u00f6ren statistische Methoden, Algorithmen f\u00fcr maschinelles Lernen und Deep-Learning-Ans\u00e4tze.<\/p>\n\n\n\n<h4 class=\"wp-block-heading\">Gro\u00dfe Daten<\/h4>\n\n\n\n<p>Extrem gro\u00dfe Datenmengen, die f\u00fcr herk\u00f6mmliche Datenverarbeitungsanwendungen zu komplex sind. Big Data ist durch die \u201c5 Vs\u201d gekennzeichnet: Volumen (Gr\u00f6\u00dfe), Geschwindigkeit (Generierungsgeschwindigkeit), Vielfalt (verschiedene Formen), Wahrhaftigkeit (Qualit\u00e4t und Genauigkeit) und Wert (N\u00fctzlichkeit). F\u00fcr die Verarbeitung und Analyse von Big Data werden in der Regel spezialisierte Tools wie Hadoop, Spark und NoSQL-Datenbanken verwendet.<\/p>\n\n\n\n<h4 class=\"wp-block-heading\">Verursachung<\/h4>\n\n\n\n<p>Eine Beziehung, bei der die Ver\u00e4nderung einer Variablen eine Ver\u00e4nderung einer anderen Variablen direkt beeinflusst oder bewirkt. Der Nachweis von Kausalit\u00e4t erfordert in der Regel kontrollierte Experimente oder fortgeschrittene statistische Techniken wie Kausalschlussverfahren. Das Verst\u00e4ndnis kausaler Zusammenh\u00e4nge ist entscheidend f\u00fcr zuverl\u00e4ssige Vorhersagen und wirksame Interventionen.<\/p>\n\n\n\n<h4 class=\"wp-block-heading\">Klassifizierung<\/h4>\n\n\n\n<p>Eine \u00fcberwachte Lerntechnik, bei der der Algorithmus aus markierten Trainingsdaten lernt und dieses Lernen nutzt, um neue, ungesehene Daten in vordefinierte Kategorien zu klassifizieren. Zu den g\u00e4ngigen Klassifizierungsalgorithmen geh\u00f6ren logistische Regression, Entscheidungsb\u00e4ume, Random Forests, Support Vector Machines und neuronale Netze.<\/p>\n\n\n\n<h4 class=\"wp-block-heading\">Clustering<\/h4>\n\n\n\n<p>Eine un\u00fcberwachte Lerntechnik, die \u00e4hnliche Datenpunkte auf der Grundlage ihrer intrinsischen Merkmale zusammenfasst. In der Datenwissenschaft hilft das Clustering bei der Identifizierung nat\u00fcrlicher Gruppierungen innerhalb von Daten ohne vordefinierte Kennzeichnungen. Beliebte Clustering-Algorithmen sind K-means, hierarchisches Clustering, DBSCAN und Gau\u00dfsche Mischmodelle.<\/p>\n\n\n\n<h4 class=\"wp-block-heading\">Korrelation<\/h4>\n\n\n\n<p>Ein statistisches Ma\u00df, das das Ausma\u00df ausdr\u00fcckt, in dem zwei Variablen linear miteinander verbunden sind. Die Korrelationskoeffizienten reichen von -1 bis +1, wobei Werte, die n\u00e4her an +1 oder -1 liegen, st\u00e4rkere positive bzw. negative Beziehungen anzeigen. \u00dcbliche Korrelationsma\u00dfe sind Pearson's r, Spearman's rank und Kendall's tau.<\/p>\n\n\n\n<h4 class=\"wp-block-heading\">Kreuzvalidierung<\/h4>\n\n\n\n<p>Ein Verfahren zur Modellbewertung, mit dem beurteilt wird, wie gut ein Modell auf einen unabh\u00e4ngigen Datensatz verallgemeinert werden kann. Dabei werden die Daten in mehrere Teilmengen aufgeteilt, das Modell auf einigen Teilmengen (Trainingsmengen) trainiert und auf anderen (Validierungsmengen) validiert. Zu den g\u00e4ngigen Methoden geh\u00f6ren die k-fache Kreuzvalidierung, die Leave-One-Out-Kreuzvalidierung und die stratifizierte Kreuzvalidierung.<\/p>\n\n\n\n<h4 class=\"wp-block-heading\">Datentechnik<\/h4>\n\n\n\n<p>Die Disziplin konzentrierte sich auf den Entwurf, den Aufbau und die Wartung der Infrastruktur und Architektur f\u00fcr die Datenerzeugung, -speicherung und -analyse. Data Engineers entwickeln Datenpipelines, erstellen Data Warehouses und gew\u00e4hrleisten die Verf\u00fcgbarkeit, Konsistenz und Qualit\u00e4t der Daten f\u00fcr Data Scientists und Analysten.<\/p>\n\n\n\n<h4 class=\"wp-block-heading\">Data Mining<\/h4>\n\n\n\n<p>Der Prozess der Entdeckung von Mustern, Korrelationen, Anomalien und n\u00fctzlichen Informationen aus gro\u00dfen Datens\u00e4tzen mithilfe von Methoden an der Schnittstelle von maschinellem Lernen, Statistik und Datenbanksystemen. Data Mining umfasst Aufgaben wie das Lernen von Assoziationsregeln, Clustering, Klassifizierung und Regression.<\/p>\n\n\n\n<h4 class=\"wp-block-heading\">Daten-Pipeline<\/h4>\n\n\n\n<p>Eine Reihe von Prozessen, die Daten aus verschiedenen Quellen extrahieren, in ein n\u00fctzliches Format umwandeln und zur Analyse oder Speicherung in ein System laden. Datenpipelines automatisieren den Datenfluss und sorgen f\u00fcr Konsistenz, Zuverl\u00e4ssigkeit und Effizienz bei der Datenverarbeitung. Moderne Datenpipelines umfassen h\u00e4ufig Echtzeitverarbeitungsfunktionen.<\/p>\n\n\n\n<h4 class=\"wp-block-heading\">Vorverarbeitung von Daten<\/h4>\n\n\n\n<p>Die Umwandlung von Rohdaten in ein sauberes, strukturiertes Format, das f\u00fcr die Analyse geeignet ist. Dieser entscheidende Schritt umfasst die Behandlung fehlender Werte, das Entfernen von Duplikaten, die Normalisierung, die Standardisierung, die Kodierung kategorischer Variablen und die Merkmalsskalierung. Eine effektive Vorverarbeitung wirkt sich direkt auf die Qualit\u00e4t der aus den Daten gewonnenen Erkenntnisse aus.<\/p>\n\n\n\n<h4 class=\"wp-block-heading\">Datenwissenschaft<\/h4>\n\n\n\n<p>Ein interdisziplin\u00e4rer Bereich, der wissenschaftliche Methoden, Prozesse, Algorithmen und Systeme einsetzt, um Wissen und Erkenntnisse aus strukturierten und unstrukturierten Daten zu gewinnen. Data Science kombiniert Fachwissen aus den Bereichen Statistik, Mathematik, Informatik, Fachwissen und Datenvisualisierung, um komplexe analytische Probleme zu l\u00f6sen und datengest\u00fctzte Entscheidungen zu treffen.<\/p>\n\n\n\n<h4 class=\"wp-block-heading\">Datenvisualisierung<\/h4>\n\n\n\n<p>Die grafische Darstellung von Informationen und Daten mit Hilfe von visuellen Elementen wie Diagrammen, Schaubildern, Karten und Dashboards. Eine effektive Datenvisualisierung hilft dabei, komplexe Datenbeziehungen und -muster intuitiv zu kommunizieren und den Beteiligten Einblicke zu gew\u00e4hren. Zu den g\u00e4ngigen Tools geh\u00f6ren Tableau, Power BI, matplotlib und D3.js.<\/p>\n\n\n\n<h4 class=\"wp-block-heading\">Datenwrangling<\/h4>\n\n\n\n<p>Der Prozess der Umwandlung und des Mappings von Rohdaten in ein anderes Format, um sie f\u00fcr die Analyse besser geeignet zu machen. Dazu geh\u00f6ren Bereinigung, Strukturierung, Anreicherung, Validierung und Ver\u00f6ffentlichung von Daten. Das Data Wrangling nimmt in der Regel 60-80% der Zeit eines Datenwissenschaftlers in Anspruch, ist aber f\u00fcr die Gew\u00e4hrleistung zuverl\u00e4ssiger Analyseergebnisse unerl\u00e4sslich.<\/p>\n\n\n\n<h4 class=\"wp-block-heading\">Datenbank<\/h4>\n\n\n\n<p>Eine organisierte Sammlung von strukturierten Daten, die elektronisch gespeichert und abgerufen werden. Datenbanken sind darauf ausgelegt, Daten effizient zu speichern, abzurufen und entsprechend den Anforderungen von Benutzern und Anwendungen zu verwalten. Zu den Typen geh\u00f6ren relationale Datenbanken (MySQL, PostgreSQL), NoSQL-Datenbanken (MongoDB, Cassandra), Zeitseriendatenbanken und Graphdatenbanken.<\/p>\n\n\n\n<h4 class=\"wp-block-heading\">Deskriptive Analytik<\/h4>\n\n\n\n<p>Die Untersuchung historischer Daten, um zu verstehen, was in der Vergangenheit geschehen ist. Diese Art der Analyse fasst Rohdaten zusammen und stellt Muster, Trends und Beziehungen durch Messungen der zentralen Tendenz, der Streuung und der Visualisierung dar. Die deskriptive Analyse beantwortet die Frage \u201cWas ist passiert?\u201d und bildet die Grundlage f\u00fcr weitergehende Analysen.<\/p>\n\n\n\n<h4 class=\"wp-block-heading\">Dimensionalit\u00e4tsreduktion<\/h4>\n\n\n\n<p>Techniken zur Verringerung der Anzahl von Merkmalen in einem Datensatz, wobei so viele Informationen wie m\u00f6glich erhalten bleiben. Damit wird dem \u201cFluch der Dimensionalit\u00e4t\u201d begegnet und die Leistung des Modells verbessert, indem redundante oder irrelevante Merkmale entfernt werden. Zu den g\u00e4ngigen Methoden geh\u00f6ren die Hauptkomponentenanalyse (PCA), t-SNE und Autoencoder.<\/p>\n\n\n\n<h4 class=\"wp-block-heading\">ETL (Extrahieren, Transformieren, Laden)<\/h4>\n\n\n\n<p>Ein dreistufiger Prozess, der verwendet wird, um Daten aus verschiedenen Quellen zu sammeln, sie umzuwandeln, damit sie den betrieblichen Anforderungen entsprechen, und sie in eine Zieldatenbank oder ein Data Warehouse zu laden. ETL ist ein grundlegender Bestandteil von Datenintegrationsstrategien und gew\u00e4hrleistet die Datenkonsistenz zwischen verschiedenen Systemen und Anwendungen. Moderne Ans\u00e4tze k\u00f6nnen ELT (Extract, Load, Transform) verwenden, wenn sie mit Data Lakes arbeiten.<\/p>\n\n\n\n<h4 class=\"wp-block-heading\">Explorative Datenanalyse (EDA)<\/h4>\n\n\n\n<p>Ein kritischer Ansatz zur Analyse von Datens\u00e4tzen, um deren Hauptmerkmale zusammenzufassen, wobei h\u00e4ufig visuelle Methoden zum Einsatz kommen. EDA hilft dabei, Muster zu erkennen, Anomalien zu entdecken, Hypothesen zu testen und Annahmen zu \u00fcberpr\u00fcfen, bevor anspruchsvollere Techniken angewendet werden. Sie umfasst in der Regel zusammenfassende Statistiken, Korrelationsanalysen und Visualisierungen wie Histogramme, Streudiagramme und Boxplots.<\/p>\n\n\n\n<h4 class=\"wp-block-heading\">Technische Merkmale<\/h4>\n\n\n\n<p>Der Prozess der Auswahl, \u00c4nderung oder Erstellung von Merkmalen (Variablen) aus Rohdaten, um die Leistung von Modellen f\u00fcr maschinelles Lernen zu verbessern. Dies kann Techniken wie One-Hot-Codierung, Binning, Skalierung, polynomiale Merkmale oder die Erstellung dom\u00e4nenspezifischer Variablen umfassen. Effektives Feature-Engineering erfordert Fachwissen und kreative Probleml\u00f6sungen.<\/p>\n\n\n\n<h4 class=\"wp-block-heading\">Hypothesenpr\u00fcfung<\/h4>\n\n\n\n<p>Eine statistische Methode, mit der auf der Grundlage von Stichprobendaten R\u00fcckschl\u00fcsse auf eine Grundgesamtheit gezogen werden k\u00f6nnen. Sie umfasst die Formulierung einer Nullhypothese und einer Alternativhypothese, die Erhebung von Daten, die Berechnung von Teststatistiken und die Entscheidung, ob die Nullhypothese auf der Grundlage eines vorgegebenen Signifikanzniveaus (in der Regel 0,05) verworfen werden soll.<\/p>\n\n\n\n<h4 class=\"wp-block-heading\">KPI (Key Performance Indicator)<\/h4>\n\n\n\n<p>Quantifizierbare Messwerte, die zur Bewertung des Erfolgs einer Organisation, eines Projekts oder einer bestimmten Aktivit\u00e4t bei der Erreichung von Zielen verwendet werden. In der Datenwissenschaft helfen KPIs dabei, den Fortschritt zu verfolgen, die Leistung zu bewerten und Entscheidungen zu treffen. Wirksame KPIs sind spezifisch, messbar, erreichbar, relevant und zeitgebunden (SMART).<\/p>\n\n\n\n<h4 class=\"wp-block-heading\">Maschinelles Lernen<\/h4>\n\n\n\n<p>Ein Teilbereich der k\u00fcnstlichen Intelligenz, der Systemen die F\u00e4higkeit verleiht, automatisch zu lernen und sich aufgrund von Erfahrungen zu verbessern, ohne explizit programmiert zu werden. In der Datenwissenschaft erstellen maschinelle Lernalgorithmen mathematische Modelle auf der Grundlage von Beispieldaten, um Vorhersagen oder Entscheidungen ohne menschliches Eingreifen zu treffen.<\/p>\n\n\n\n<h4 class=\"wp-block-heading\">Bewertung des Modells<\/h4>\n\n\n\n<p>Der Prozess der Bewertung der Leistung eines Modells anhand verschiedener Metriken und Techniken. Bei Klassifizierungsproblemen geh\u00f6ren zu den g\u00e4ngigen Metriken Genauigkeit, Pr\u00e4zision, R\u00fcckruf, F1-Score und AUC-ROC. Bei Regressionsproblemen geh\u00f6ren zu den Metriken der mittlere quadratische Fehler, der mittlere absolute Fehler und R-Quadrat. Die Kreuzvalidierung wird h\u00e4ufig verwendet, um eine zuverl\u00e4ssige Bewertung zu gew\u00e4hrleisten.<\/p>\n\n\n\n<h4 class=\"wp-block-heading\">Pr\u00e4diktive Analytik<\/h4>\n\n\n\n<p>Die Verwendung historischer Daten, statistischer Algorithmen und Techniken des maschinellen Lernens, um die Wahrscheinlichkeit k\u00fcnftiger Ergebnisse zu ermitteln. Pr\u00e4diktive Modelle extrahieren Muster aus historischen Daten, um Risiken und Chancen zu ermitteln. Zu den Anwendungen geh\u00f6ren Kreditw\u00fcrdigkeitspr\u00fcfung, Vorhersage der Kundenabwanderung, Betrugserkennung und Bedarfsprognosen.<\/p>\n\n\n\n<h4 class=\"wp-block-heading\">Pr\u00e4skriptive Analytik<\/h4>\n\n\n\n<p>Die fortschrittlichste Form der Analyse, die Handlungsempfehlungen zur Optimierung von Gesch\u00e4ftsergebnissen gibt. Sie nutzt Optimierungsalgorithmen, Simulationen und Gesch\u00e4ftsregeln, um Entscheidungsoptionen und deren Auswirkungen vorzuschlagen. Die pr\u00e4skriptive Analytik beantwortet die Frage \u201cWas sollen wir tun?\u201d und baut oft auf den Erkenntnissen der pr\u00e4diktiven Analytik auf.<\/p>\n\n\n\n<h4 class=\"wp-block-heading\">Regression<\/h4>\n\n\n\n<p>Eine Reihe statistischer Methoden, die zur Sch\u00e4tzung der Beziehungen zwischen Variablen verwendet werden, insbesondere wie sich eine abh\u00e4ngige Variable ver\u00e4ndert, wenn unabh\u00e4ngige Variablen variiert werden. Dazu geh\u00f6ren die lineare Regression, die polynomiale Regression, die logistische Regression (f\u00fcr bin\u00e4re Ergebnisse) und fortgeschrittenere Techniken wie die Ridge- und Lassoregression, die eine Regularisierung beinhalten.<\/p>\n\n\n\n<h4 class=\"wp-block-heading\">SQL (Strukturierte Abfragesprache)<\/h4>\n\n\n\n<p>Eine dom\u00e4nenspezifische Sprache, die zur Verwaltung und Bearbeitung von relationalen Datenbanken verwendet wird. SQL erm\u00f6glicht Datenwissenschaftlern das Abrufen, Aktualisieren, Einf\u00fcgen und L\u00f6schen von Daten sowie das Erstellen und \u00c4ndern von Datenbankstrukturen. Trotz des Aufkommens von NoSQL-Datenbanken bleibt SQL f\u00fcr die Datenanalyse unverzichtbar und wird h\u00e4ufig in Verbindung mit anderen Programmiersprachen wie Python und R verwendet.<\/p>\n\n\n\n<h4 class=\"wp-block-heading\">Statistische Inferenz<\/h4>\n\n\n\n<p>Der Prozess des Ziehens von Schlussfolgerungen \u00fcber Populationen oder wissenschaftliche Wahrheiten aus Daten. Die statistische Inferenz umfasst Sch\u00e4tzung (Bestimmung von Parameterwerten), Hypothesentests und Vorhersage. Sie quantifiziert die Unsicherheit mithilfe von Konfidenzintervallen, p-Werten und Bayes'schen Methoden und erm\u00f6glicht es Datenwissenschaftlern, zuverl\u00e4ssige Verallgemeinerungen \u00fcber die beobachteten Daten hinaus zu treffen.<\/p>\n\n\n\n<h4 class=\"wp-block-heading\">Zeitreihenanalyse<\/h4>\n\n\n\n<p>Die Analyse von aufeinanderfolgenden Datenpunkten, die im Laufe der Zeit gesammelt wurden. Die Zeitreihenanalyse konzentriert sich auf die Erkennung von Trends, Saisonalit\u00e4t, Zyklizit\u00e4t und unregelm\u00e4\u00dfigen Komponenten in zeitlichen Daten. Zu den Techniken geh\u00f6ren ARIMA-Modelle, exponentielle Gl\u00e4ttung und fortschrittlichere Ans\u00e4tze wie neuronale Netze (LSTM) mit Anwendungen in den Bereichen Finanzen, Wirtschaft, Wettervorhersage und IoT-Analytik.<\/p>\n\n\n\n<hr class=\"wp-block-separator has-text-color has-ast-global-color-2-color has-alpha-channel-opacity has-ast-global-color-2-background-color has-background is-style-wide\"\/>\n\n\n\n<div class=\"wp-block-group is-layout-constrained wp-block-group-is-layout-constrained\" style=\"padding-top:var(--wp--preset--spacing--20);padding-bottom:var(--wp--preset--spacing--20)\">\n<h3 class=\"wp-block-heading\">Mehr<\/h3>\n\n\n\n<p>Brauchen Sie Hilfe bei der Nutzung von Daten und KI? Wir haben das Fachwissen, die F\u00e4higkeiten und das Netzwerk, um Sie zu unterst\u00fctzen. Kontaktieren Sie uns, um loszulegen.<\/p>\n\n\n\n<ul class=\"wp-block-list\">\n<li><a href=\"mailto: info@lyfx.ai\">Kontakt<\/a><\/li>\n\n\n\n<li><a href=\"http:\/\/lyfx.ai\/wp-content\/uploads\/2025\/02\/AI-and-Data-Readiness-Check-in-a-nutshell.pdf\" target=\"_blank\" rel=\"noreferrer noopener\">AI &amp; Data Readiness Check<\/a><\/li>\n<\/ul>\n<\/div>\n<\/div>\n<\/div><\/div>\n\n\n\n<p><\/p>","protected":false},"excerpt":{"rendered":"<p>Data Science Glossary AI generated content A\/B Testing A statistical method used to compare two versions (A and B) of a variable to determine which performs better. It involves running a controlled experiment where users are randomly assigned to different variations of a product feature, webpage, or marketing campaign. The results are analyzed to determine [&hellip;]<\/p>\n","protected":false},"author":1,"featured_media":0,"parent":0,"menu_order":0,"comment_status":"closed","ping_status":"closed","template":"","meta":{"_uag_custom_page_level_css":"","site-sidebar-layout":"no-sidebar","site-content-layout":"page-builder","ast-site-content-layout":"full-width-container","site-content-style":"unboxed","site-sidebar-style":"unboxed","ast-global-header-display":"","ast-banner-title-visibility":"","ast-main-header-display":"","ast-hfb-above-header-display":"","ast-hfb-below-header-display":"","ast-hfb-mobile-header-display":"","site-post-title":"disabled","ast-breadcrumbs-content":"","ast-featured-img":"disabled","footer-sml-layout":"","ast-disable-related-posts":"","theme-transparent-header-meta":"enabled","adv-header-id-meta":"","stick-header-meta":"","header-above-stick-meta":"","header-main-stick-meta":"","header-below-stick-meta":"","astra-migrate-meta-layouts":"set","ast-page-background-enabled":"default","ast-page-background-meta":{"desktop":{"background-color":"var(--ast-global-color-4)","background-image":"","background-repeat":"repeat","background-position":"center center","background-size":"auto","background-attachment":"scroll","background-type":"","background-media":"","overlay-type":"","overlay-color":"","overlay-opacity":"","overlay-gradient":""},"tablet":{"background-color":"","background-image":"","background-repeat":"repeat","background-position":"center center","background-size":"auto","background-attachment":"scroll","background-type":"","background-media":"","overlay-type":"","overlay-color":"","overlay-opacity":"","overlay-gradient":""},"mobile":{"background-color":"","background-image":"","background-repeat":"repeat","background-position":"center center","background-size":"auto","background-attachment":"scroll","background-type":"","background-media":"","overlay-type":"","overlay-color":"","overlay-opacity":"","overlay-gradient":""}},"ast-content-background-meta":{"desktop":{"background-color":"var(--ast-global-color-5)","background-image":"","background-repeat":"repeat","background-position":"center center","background-size":"auto","background-attachment":"scroll","background-type":"","background-media":"","overlay-type":"","overlay-color":"","overlay-opacity":"","overlay-gradient":""},"tablet":{"background-color":"var(--ast-global-color-5)","background-image":"","background-repeat":"repeat","background-position":"center center","background-size":"auto","background-attachment":"scroll","background-type":"","background-media":"","overlay-type":"","overlay-color":"","overlay-opacity":"","overlay-gradient":""},"mobile":{"background-color":"var(--ast-global-color-5)","background-image":"","background-repeat":"repeat","background-position":"center center","background-size":"auto","background-attachment":"scroll","background-type":"","background-media":"","overlay-type":"","overlay-color":"","overlay-opacity":"","overlay-gradient":""}},"footnotes":""},"class_list":["post-2041","page","type-page","status-publish","hentry"],"aioseo_notices":[],"uagb_featured_image_src":{"full":false,"thumbnail":false,"medium":false,"medium_large":false,"large":false,"1536x1536":false,"2048x2048":false,"trp-custom-language-flag":false},"uagb_author_info":{"display_name":"Andre Moreira","author_link":"https:\/\/lyfx.ai\/de\/author\/amoreira\/"},"uagb_comment_info":0,"uagb_excerpt":"Data Science Glossary AI generated content A\/B Testing A statistical method used to compare two versions (A and B) of a variable to determine which performs better. It involves running a controlled experiment where users are randomly assigned to different variations of a product feature, webpage, or marketing campaign. The results are analyzed to determine&hellip;","_links":{"self":[{"href":"https:\/\/lyfx.ai\/de\/wp-json\/wp\/v2\/pages\/2041","targetHints":{"allow":["GET"]}}],"collection":[{"href":"https:\/\/lyfx.ai\/de\/wp-json\/wp\/v2\/pages"}],"about":[{"href":"https:\/\/lyfx.ai\/de\/wp-json\/wp\/v2\/types\/page"}],"author":[{"embeddable":true,"href":"https:\/\/lyfx.ai\/de\/wp-json\/wp\/v2\/users\/1"}],"replies":[{"embeddable":true,"href":"https:\/\/lyfx.ai\/de\/wp-json\/wp\/v2\/comments?post=2041"}],"version-history":[{"count":3,"href":"https:\/\/lyfx.ai\/de\/wp-json\/wp\/v2\/pages\/2041\/revisions"}],"predecessor-version":[{"id":2704,"href":"https:\/\/lyfx.ai\/de\/wp-json\/wp\/v2\/pages\/2041\/revisions\/2704"}],"wp:attachment":[{"href":"https:\/\/lyfx.ai\/de\/wp-json\/wp\/v2\/media?parent=2041"}],"curies":[{"name":"wp","href":"https:\/\/api.w.org\/{rel}","templated":true}]}}