{"id":2033,"date":"2025-04-08T13:44:54","date_gmt":"2025-04-08T11:44:54","guid":{"rendered":"https:\/\/lyfx.ai\/?page_id=2033"},"modified":"2025-07-12T22:57:29","modified_gmt":"2025-07-12T20:57:29","slug":"ai-glossary","status":"publish","type":"page","link":"https:\/\/lyfx.ai\/de\/ai-glossary\/","title":{"rendered":"KI und maschinelles Lernen Glossar"},"content":{"rendered":"<div class=\"wp-block-uagb-container uagb-block-8bbdfd71 alignfull uagb-is-root-container\">\n<div style=\"height:70px\" aria-hidden=\"true\" class=\"wp-block-spacer\"><\/div>\n\n\n\n<div class=\"wp-block-cover has-ast-global-color-1-color has-text-color has-link-color wp-elements-1849a5b4074683a00cb9622349b36a5b\"><img loading=\"lazy\" decoding=\"async\" width=\"1024\" height=\"288\" class=\"wp-block-cover__image-background wp-image-2501 size-large\" alt=\"\" src=\"http:\/\/lyfx.ai\/wp-content\/uploads\/2025\/07\/lyfX-Herobild-Dienstleistungen-1024x288.png\" data-object-fit=\"cover\" srcset=\"https:\/\/lyfx.ai\/wp-content\/uploads\/2025\/07\/lyfX-Herobild-Dienstleistungen-1024x288.png 1024w, https:\/\/lyfx.ai\/wp-content\/uploads\/2025\/07\/lyfX-Herobild-Dienstleistungen-300x84.png 300w, https:\/\/lyfx.ai\/wp-content\/uploads\/2025\/07\/lyfX-Herobild-Dienstleistungen-768x216.png 768w, https:\/\/lyfx.ai\/wp-content\/uploads\/2025\/07\/lyfX-Herobild-Dienstleistungen-1536x432.png 1536w, https:\/\/lyfx.ai\/wp-content\/uploads\/2025\/07\/lyfX-Herobild-Dienstleistungen-18x5.png 18w, https:\/\/lyfx.ai\/wp-content\/uploads\/2025\/07\/lyfX-Herobild-Dienstleistungen.png 1920w\" sizes=\"auto, (max-width: 1024px) 100vw, 1024px\" \/><span aria-hidden=\"true\" class=\"wp-block-cover__background has-background-dim-0 has-background-dim\" style=\"background-color:#182238\"><\/span><div class=\"wp-block-cover__inner-container is-layout-flow wp-block-cover-is-layout-flow\">\n<h1 class=\"wp-block-heading has-text-align-left has-ast-global-color-1-color has-text-color has-link-color has-x-large-font-size wp-elements-3370c99dbea67c2c2d1c70550b98d0af\" style=\"margin-right:var(--wp--preset--spacing--50);margin-left:var(--wp--preset--spacing--50)\">Daten und KI<\/h1>\n<\/div><\/div>\n\n\n\n<div style=\"height:30px\" aria-hidden=\"true\" class=\"wp-block-spacer\"><\/div>\n<\/div>\n\n\n\n<div class=\"wp-block-uagb-container uagb-block-5a9edaca alignfull uagb-is-root-container\"><div class=\"uagb-container-inner-blocks-wrap\">\n<div class=\"wp-block-uagb-container uagb-block-fb72af9e\">\n<h3 class=\"wp-block-heading\">KI und maschinelles Lernen Glossar<\/h3>\n\n\n\n<p><em>KI-generierte Inhalte<\/em><\/p>\n\n\n\n<h4 class=\"wp-block-heading\">Algorithmus<\/h4>\n\n\n\n<p>Eine Reihe von Regeln oder Anweisungen, die ein Computer schrittweise befolgt, um ein Problem zu l\u00f6sen oder eine Aufgabe zu erf\u00fcllen. Algorithmen in der KI k\u00f6nnen von einfachen Entscheidungsregeln bis hin zu komplexen mathematischen Verfahren reichen.<\/p>\n\n\n\n<h4 class=\"wp-block-heading\">K\u00fcnstliche Intelligenz (KI)<\/h4>\n\n\n\n<p>Der Bereich der Informatik konzentriert sich auf die Entwicklung von Systemen, die Aufgaben erf\u00fcllen k\u00f6nnen, die normalerweise menschliche Intelligenz erfordern. Dazu geh\u00f6ren logisches Denken, Lernen, Planung, Wahrnehmung, Sprachverst\u00e4ndnis und Probleml\u00f6sung.<\/p>\n\n\n\n<h4 class=\"wp-block-heading\">Vorurteil<\/h4>\n\n\n\n<p>Jeder systematische Fehler, der dazu f\u00fchrt, dass ein Modell durchweg in eine bestimmte Richtung verzerrte Ergebnisse liefert. Verzerrungen k\u00f6nnen durch unausgewogene Trainingsdaten, fehlerhafte Annahmen im Modelldesign oder die Art der Datenerfassung entstehen. Die Beseitigung von Verzerrungen ist entscheidend f\u00fcr die Schaffung fairer und gerechter KI-Systeme.<\/p>\n\n\n\n<h4 class=\"wp-block-heading\">Clustering<\/h4>\n\n\n\n<p>Eine un\u00fcberwachte Lerntechnik, die \u00e4hnliche Datenpunkte auf der Grundlage ihrer Merkmale oder Eigenschaften zusammenfasst. Im Gegensatz zur Klassifizierung werden beim Clustering keine vordefinierten Bezeichnungen verwendet. Zu den g\u00e4ngigen Clustering-Algorithmen geh\u00f6ren K-Means, DBSCAN und hierarchisches Clustering.<\/p>\n\n\n\n<h4 class=\"wp-block-heading\">Computer Vision<\/h4>\n\n\n\n<p>Ein Bereich der KI, der es Computern erm\u00f6glicht, visuelle Informationen aus der Welt zu interpretieren und zu verstehen. Dazu geh\u00f6ren Bilderkennung, Objekterkennung, Szenenrekonstruktion und Videoanalyse. Bildverarbeitungssysteme sollen die menschlichen visuellen F\u00e4higkeiten nachahmen und \u00fcbertreffen.<\/p>\n\n\n\n<h4 class=\"wp-block-heading\">Entscheidungsbaum<\/h4>\n\n\n\n<p>Ein Vorhersagemodell, das eine baumartige Struktur von Entscheidungen und deren m\u00f6glichen Folgen verwendet. Jeder interne Knoten steht f\u00fcr eine Entscheidung auf der Grundlage eines Merkmals, jeder Zweig f\u00fcr ein Ergebnis dieser Entscheidung und jeder Blattknoten f\u00fcr eine Klassenbezeichnung oder eine Wertvorhersage.<\/p>\n\n\n\n<h4 class=\"wp-block-heading\">Tiefes Lernen<\/h4>\n\n\n\n<p>Ein spezieller Teilbereich des maschinellen Lernens, bei dem k\u00fcnstliche neuronale Netze mit mehreren Schichten (daher \u201ctief\u201d) verwendet werden, um schrittweise h\u00f6herwertige Merkmale aus dem Rohdatenmaterial zu extrahieren. Deep Learning hat Bereiche wie Bilderkennung, nat\u00fcrliche Sprachverarbeitung und Spiele revolutioniert.<\/p>\n\n\n\n<h4 class=\"wp-block-heading\">Dimensionalit\u00e4tsreduktion<\/h4>\n\n\n\n<p>Eine Reihe von Techniken, die dazu dienen, die Anzahl der Merkmale in einem Datensatz zu reduzieren und dabei so viele Informationen wie m\u00f6glich zu erhalten. Dies hilft, den \u201cFluch der Dimensionalit\u00e4t\u201d zu bek\u00e4mpfen, verbessert die Berechnungseffizienz und kann Muster besser erkennen lassen. Zu den g\u00e4ngigen Methoden geh\u00f6ren PCA, t-SNE und Autocodierer.<\/p>\n\n\n\n<h4 class=\"wp-block-heading\">Ensemble-Methoden<\/h4>\n\n\n\n<p>Techniken, die mehrere Modelle kombinieren, um die Gesamtleistung zu verbessern. Durch die Nutzung der St\u00e4rken verschiedener Modelle erreichen Ensembles in der Regel eine h\u00f6here Genauigkeit und Robustheit als einzelne Modelle. Beliebte Ans\u00e4tze sind Bagging, Boosting und Stacking.<\/p>\n\n\n\n<h4 class=\"wp-block-heading\">Erkl\u00e4rbare KI (XAI)<\/h4>\n\n\n\n<p>Ein neuer Bereich, der sich darauf konzentriert, KI-Entscheidungen f\u00fcr den Menschen transparent und interpretierbar zu machen. XAI zielt darauf ab, Methoden und Werkzeuge zu entwickeln, die den Nutzern helfen zu verstehen, warum ein KI-System eine bestimmte Entscheidung getroffen hat, was f\u00fcr den Aufbau von Vertrauen und die Sicherstellung der Verantwortlichkeit bei Anwendungen, bei denen viel auf dem Spiel steht, entscheidend ist.<\/p>\n\n\n\n<h4 class=\"wp-block-heading\">Merkmal<\/h4>\n\n\n\n<p>Eine messbare Eigenschaft oder ein Merkmal des zu beobachtenden Ph\u00e4nomens. Merkmale sind die Eingaben, die von Modellen f\u00fcr maschinelles Lernen verwendet werden, um Vorhersagen zu treffen. Eine gute Auswahl und Entwicklung von Merkmalen ist oft entscheidend f\u00fcr die Leistung des Modells.<\/p>\n\n\n\n<h4 class=\"wp-block-heading\">Generative adversarische Netze (GANs)<\/h4>\n\n\n\n<p>Ein Rahmen, in dem zwei neuronale Netze - ein Generator und ein Diskriminator - gegeneinander antreten. Der Generator erstellt synthetische Datenproben, w\u00e4hrend der Diskriminator versucht, zwischen echten und gef\u00e4lschten Proben zu unterscheiden. Durch diesen gegens\u00e4tzlichen Prozess k\u00f6nnen GANs bemerkenswert realistische synthetische Inhalte erzeugen.<\/p>\n\n\n\n<h4 class=\"wp-block-heading\">Gradienter Abstieg<\/h4>\n\n\n\n<p>Ein Optimierungsalgorithmus, der zur Minimierung einer Funktion verwendet wird, indem er sich iterativ in die Richtung des steilsten Abstiegs bewegt. Beim maschinellen Lernen wird er verwendet, um durch Minimierung der Verlustfunktion die optimalen Gewichte f\u00fcr ein Modell zu finden. Zu den Varianten geh\u00f6ren der stochastische Gradientenabstieg (SGD) und der Mini-Batch-Gradientenabstieg.<\/p>\n\n\n\n<h4 class=\"wp-block-heading\">Hyperparameter<\/h4>\n\n\n\n<p>Vor dem Training eines Modells festgelegte Konfigurationseinstellungen, die den Lernprozess steuern. Im Gegensatz zu den Modellparametern (Gewichte und Verzerrungen), die w\u00e4hrend des Trainings erlernt werden, m\u00fcssen die Hyperparameter manuell festgelegt oder mithilfe von Techniken wie der Gittersuche oder der Bayes'schen Optimierung abgestimmt werden.<\/p>\n\n\n\n<h4 class=\"wp-block-heading\">Etikett<\/h4>\n\n\n\n<p>Die Zielvariable oder das Ergebnis, das ein \u00fcberwachtes Lernmodell vorhersagen soll. Labels sind die \u201cAntworten\u201d in den Trainingsdaten, die das Modell lernt, mit bestimmten Eingangsmerkmalen zu verkn\u00fcpfen.<\/p>\n\n\n\n<h4 class=\"wp-block-heading\">Verlustfunktion<\/h4>\n\n\n\n<p>Eine mathematische Funktion, die die Differenz zwischen den Vorhersagen eines Modells und den tats\u00e4chlichen Werten misst. Das Ziel beim Training ist es, diese Funktion zu minimieren. G\u00e4ngige Verlustfunktionen sind der mittlere quadratische Fehler f\u00fcr die Regression und die Kreuzentropie f\u00fcr die Klassifizierung.<\/p>\n\n\n\n<h4 class=\"wp-block-heading\">Maschinelles Lernen (ML)<\/h4>\n\n\n\n<p>Ein Teilbereich der k\u00fcnstlichen Intelligenz, bei dem Systeme Muster aus Daten lernen, ohne ausdr\u00fccklich mit Regeln programmiert zu werden. ML-Algorithmen verbessern ihre Leistung mit zunehmender Erfahrung und passen ihr Verhalten an, wenn sie mehr Daten erhalten.<\/p>\n\n\n\n<h4 class=\"wp-block-heading\">Modell<\/h4>\n\n\n\n<p>Eine mathematische oder rechnerische Darstellung, die Muster in Daten erfasst. Beim maschinellen Lernen definieren Modelle die Beziehung zwischen Eingabemerkmalen und Ausgabevorhersagen. Modelle k\u00f6nnen von einfachen linearen Gleichungen bis hin zu komplexen neuronalen Netzen mit Millionen von Parametern reichen.<\/p>\n\n\n\n<h4 class=\"wp-block-heading\">Nat\u00fcrliche Sprachverarbeitung (NLP)<\/h4>\n\n\n\n<p>Der Bereich der k\u00fcnstlichen Intelligenz, der sich damit befasst, Computer in die Lage zu versetzen, menschliche Sprache zu verstehen, zu interpretieren und zu erzeugen. NLP umfasst Aufgaben wie Stimmungsanalyse, maschinelle \u00dcbersetzung, Fragenbeantwortung und Textzusammenfassung.<\/p>\n\n\n\n<h4 class=\"wp-block-heading\">Neuronales Netz<\/h4>\n\n\n\n<p>Ein Computersystem, das von den biologischen neuronalen Netzen im menschlichen Gehirn inspiriert ist. Es besteht aus miteinander verbundenen Knoten (Neuronen), die in Schichten organisiert sind und Informationen verarbeiten, indem sie die St\u00e4rke der Verbindungen anpassen. Neuronale Netze bilden die Grundlage des Deep Learning.<\/p>\n\n\n\n<h4 class=\"wp-block-heading\">\u00dcberanpassung<\/h4>\n\n\n\n<p>Ein Modellierungsfehler, bei dem ein Modell die Trainingsdaten zu perfekt lernt, einschlie\u00dflich des Rauschens und der Ausrei\u00dfer. Ein \u00fcberangepasstes Modell erbringt gute Leistungen bei den Trainingsdaten, kann aber nicht auf neue, ungesehene Daten verallgemeinert werden. Techniken wie Regularisierung und Kreuzvalidierung helfen, Overfitting zu verhindern.<\/p>\n\n\n\n<h4 class=\"wp-block-heading\">Zuf\u00e4lliger Wald<\/h4>\n\n\n\n<p>Ein Ensemble-Lernverfahren, bei dem mehrere Entscheidungsb\u00e4ume kombiniert werden, um die Genauigkeit zu verbessern und die \u00dcberanpassung zu kontrollieren. Jeder Baum im Wald wird auf einer zuf\u00e4lligen Teilmenge der Daten und Merkmale trainiert, und die endg\u00fcltige Vorhersage ist in der Regel der Durchschnitt (f\u00fcr Regression) oder die Mehrheitsentscheidung (f\u00fcr Klassifizierung) aller B\u00e4ume.<\/p>\n\n\n\n<h4 class=\"wp-block-heading\">Regularisierung<\/h4>\n\n\n\n<p>Eine Reihe von Techniken, die dazu dienen, eine \u00dcberanpassung zu verhindern, indem der Verlustfunktion ein Strafterm hinzugef\u00fcgt wird, der von komplexen Modellen abh\u00e4lt. Zu den g\u00e4ngigen Regularisierungsmethoden geh\u00f6ren L1 (Lasso), L2 (Ridge), Dropout und fr\u00fchzeitiges Stoppen.<\/p>\n\n\n\n<h4 class=\"wp-block-heading\">Reinforcement Learning<\/h4>\n\n\n\n<p>Eine Art des maschinellen Lernens, bei dem ein Agent lernt, Entscheidungen zu treffen, indem er in einer Umgebung Aktionen ausf\u00fchrt, um die kumulierten Belohnungen zu maximieren. Der Agent lernt durch Versuch und Irrtum und erh\u00e4lt Feedback in Form von Belohnungen oder Strafen. Dieser Ansatz hat sich in Bereichen wie Spiele und Robotik bew\u00e4hrt.<\/p>\n\n\n\n<h4 class=\"wp-block-heading\">Support-Vektor-Maschine (SVM)<\/h4>\n\n\n\n<p>Ein \u00fcberwachter Lernalgorithmus, der die optimale Hyperebene zur Trennung verschiedener Klassen im Merkmalsraum findet. SVMs zielen darauf ab, den Abstand zwischen den Klassen zu maximieren und k\u00f6nnen durch die Verwendung von Kernel-Funktionen sowohl lineare als auch nicht-lineare Klassifizierungen durchf\u00fchren.<\/p>\n\n\n\n<h4 class=\"wp-block-heading\">\u00dcberwachtes Lernen<\/h4>\n\n\n\n<p>Ein Paradigma des maschinellen Lernens, bei dem Algorithmen aus markierten Trainingsdaten lernen. Das Modell lernt, Eingaben auf der Grundlage von Beispiel-Eingabe-Ausgabe-Paaren auf Ausgaben abzubilden, so dass es Vorhersagen f\u00fcr neue, ungesehene Daten treffen kann.<\/p>\n\n\n\n<h4 class=\"wp-block-heading\">Testdaten<\/h4>\n\n\n\n<p>Eine Teilmenge von Daten, die zur Bewertung der Leistung eines Modells nach dem Training verwendet wird. Diese Daten werden vom Trainingsprozess getrennt gehalten, um eine unvoreingenommene Bewertung der Generalisierung des Modells auf neue, ungesehene Beispiele zu erm\u00f6glichen.<\/p>\n\n\n\n<h4 class=\"wp-block-heading\">Ausbildungsdaten<\/h4>\n\n\n\n<p>Der Datensatz, der zum Lernen eines maschinellen Lernmodells verwendet wird. Er enth\u00e4lt Beispiele mit Merkmalen und (beim \u00fcberwachten Lernen) die entsprechenden Bezeichnungen. Die Qualit\u00e4t, Quantit\u00e4t und Vielfalt der Trainingsdaten hat einen erheblichen Einfluss auf die Leistung des Modells.<\/p>\n\n\n\n<h4 class=\"wp-block-heading\">Lernen \u00fcbertragen<\/h4>\n\n\n\n<p>Eine Technik, bei der das aus dem Training eines Modells f\u00fcr eine Aufgabe gewonnene Wissen auf eine andere, aber verwandte Aufgabe angewendet wird. Dieser Ansatz ist besonders n\u00fctzlich, wenn f\u00fcr die Zielaufgabe nur begrenzte Daten zur Verf\u00fcgung stehen, da er bereits vorhandenes Wissen aus einem Ausgangsbereich nutzt.<\/p>\n\n\n\n<h4 class=\"wp-block-heading\">Underfitting<\/h4>\n\n\n\n<p>Ein Modellierungsfehler, bei dem ein Modell zu einfach ist, um die zugrunde liegenden Muster in den Daten zu erfassen. Ein unzureichend angepasstes Modell schneidet sowohl bei den Trainings- als auch bei den Testdaten schlecht ab. Zu den L\u00f6sungen geh\u00f6ren die Verwendung komplexerer Modelle, das Hinzuf\u00fcgen von Merkmalen oder die Verringerung der Regularisierung.<\/p>\n\n\n\n<h4 class=\"wp-block-heading\">Un\u00fcberwachtes Lernen<\/h4>\n\n\n\n<p>Ein Ansatz des maschinellen Lernens, bei dem Algorithmen Muster in nicht beschrifteten Daten erkennen. Ohne explizite Vorgaben f\u00fcr die Vorhersage entdecken diese Modelle versteckte Strukturen, Beziehungen oder Gruppierungen in den Daten. Zu den \u00fcblichen Anwendungen geh\u00f6ren Clustering, Dimensionalit\u00e4tsreduktion und Erkennung von Anomalien.<\/p>\n\n\n\n<h4 class=\"wp-block-heading\">Abweichung<\/h4>\n\n\n\n<p>Ein Ma\u00df daf\u00fcr, wie sehr sich die Vorhersagen eines Modells \u00e4ndern w\u00fcrden, wenn es mit anderen Daten trainiert w\u00fcrde. Eine hohe Varianz zeigt an, dass ein Modell zu empfindlich auf Schwankungen in den Trainingsdaten reagiert, was h\u00e4ufig zu einer \u00dcberanpassung f\u00fchrt. Der Kompromiss zwischen Bias und Varianz ist ein grundlegendes Konzept bei der Auswahl von Modellen f\u00fcr maschinelles Lernen.<\/p>\n\n\n\n<hr class=\"wp-block-separator has-text-color has-ast-global-color-2-color has-alpha-channel-opacity has-ast-global-color-2-background-color has-background is-style-wide\"\/>\n\n\n\n<div class=\"wp-block-group is-layout-constrained wp-block-group-is-layout-constrained\" style=\"padding-top:var(--wp--preset--spacing--20);padding-bottom:var(--wp--preset--spacing--20)\">\n<h3 class=\"wp-block-heading\">Mehr<\/h3>\n\n\n\n<p>Brauchen Sie Hilfe bei der Nutzung von Daten und KI? Wir haben das Fachwissen, die F\u00e4higkeiten und das Netzwerk, um Sie zu unterst\u00fctzen. Kontaktieren Sie uns, um loszulegen.<\/p>\n\n\n\n<ul class=\"wp-block-list\">\n<li><a href=\"mailto: info@lyfx.ai\">Kontakt<\/a><\/li>\n\n\n\n<li><a href=\"http:\/\/lyfx.ai\/wp-content\/uploads\/2025\/02\/AI-and-Data-Readiness-Check-in-a-nutshell.pdf\" target=\"_blank\" rel=\"noreferrer noopener\">AI &amp; Data Readiness Check<\/a><\/li>\n<\/ul>\n<\/div>\n<\/div>\n<\/div><\/div>\n\n\n\n<p><\/p>","protected":false},"excerpt":{"rendered":"<p>AI and Machine Learning Glossary AI generated content Algorithm A step-by-step set of rules or instructions that a computer follows to solve a problem or perform a task. Algorithms in AI can range from simple decision rules to complex mathematical procedures. Artificial Intelligence (AI) The field of computer science focused on creating systems that can [&hellip;]<\/p>\n","protected":false},"author":1,"featured_media":0,"parent":0,"menu_order":0,"comment_status":"closed","ping_status":"closed","template":"","meta":{"_uag_custom_page_level_css":"","site-sidebar-layout":"no-sidebar","site-content-layout":"page-builder","ast-site-content-layout":"full-width-container","site-content-style":"unboxed","site-sidebar-style":"unboxed","ast-global-header-display":"","ast-banner-title-visibility":"","ast-main-header-display":"","ast-hfb-above-header-display":"","ast-hfb-below-header-display":"","ast-hfb-mobile-header-display":"","site-post-title":"disabled","ast-breadcrumbs-content":"","ast-featured-img":"disabled","footer-sml-layout":"","ast-disable-related-posts":"","theme-transparent-header-meta":"enabled","adv-header-id-meta":"","stick-header-meta":"","header-above-stick-meta":"","header-main-stick-meta":"","header-below-stick-meta":"","astra-migrate-meta-layouts":"set","ast-page-background-enabled":"default","ast-page-background-meta":{"desktop":{"background-color":"var(--ast-global-color-4)","background-image":"","background-repeat":"repeat","background-position":"center center","background-size":"auto","background-attachment":"scroll","background-type":"","background-media":"","overlay-type":"","overlay-color":"","overlay-opacity":"","overlay-gradient":""},"tablet":{"background-color":"","background-image":"","background-repeat":"repeat","background-position":"center center","background-size":"auto","background-attachment":"scroll","background-type":"","background-media":"","overlay-type":"","overlay-color":"","overlay-opacity":"","overlay-gradient":""},"mobile":{"background-color":"","background-image":"","background-repeat":"repeat","background-position":"center center","background-size":"auto","background-attachment":"scroll","background-type":"","background-media":"","overlay-type":"","overlay-color":"","overlay-opacity":"","overlay-gradient":""}},"ast-content-background-meta":{"desktop":{"background-color":"var(--ast-global-color-5)","background-image":"","background-repeat":"repeat","background-position":"center center","background-size":"auto","background-attachment":"scroll","background-type":"","background-media":"","overlay-type":"","overlay-color":"","overlay-opacity":"","overlay-gradient":""},"tablet":{"background-color":"var(--ast-global-color-5)","background-image":"","background-repeat":"repeat","background-position":"center center","background-size":"auto","background-attachment":"scroll","background-type":"","background-media":"","overlay-type":"","overlay-color":"","overlay-opacity":"","overlay-gradient":""},"mobile":{"background-color":"var(--ast-global-color-5)","background-image":"","background-repeat":"repeat","background-position":"center center","background-size":"auto","background-attachment":"scroll","background-type":"","background-media":"","overlay-type":"","overlay-color":"","overlay-opacity":"","overlay-gradient":""}},"footnotes":""},"class_list":["post-2033","page","type-page","status-publish","hentry"],"aioseo_notices":[],"uagb_featured_image_src":{"full":false,"thumbnail":false,"medium":false,"medium_large":false,"large":false,"1536x1536":false,"2048x2048":false,"trp-custom-language-flag":false},"uagb_author_info":{"display_name":"Andre Moreira","author_link":"https:\/\/lyfx.ai\/de\/author\/amoreira\/"},"uagb_comment_info":0,"uagb_excerpt":"AI and Machine Learning Glossary AI generated content Algorithm A step-by-step set of rules or instructions that a computer follows to solve a problem or perform a task. Algorithms in AI can range from simple decision rules to complex mathematical procedures. Artificial Intelligence (AI) The field of computer science focused on creating systems that can&hellip;","_links":{"self":[{"href":"https:\/\/lyfx.ai\/de\/wp-json\/wp\/v2\/pages\/2033","targetHints":{"allow":["GET"]}}],"collection":[{"href":"https:\/\/lyfx.ai\/de\/wp-json\/wp\/v2\/pages"}],"about":[{"href":"https:\/\/lyfx.ai\/de\/wp-json\/wp\/v2\/types\/page"}],"author":[{"embeddable":true,"href":"https:\/\/lyfx.ai\/de\/wp-json\/wp\/v2\/users\/1"}],"replies":[{"embeddable":true,"href":"https:\/\/lyfx.ai\/de\/wp-json\/wp\/v2\/comments?post=2033"}],"version-history":[{"count":6,"href":"https:\/\/lyfx.ai\/de\/wp-json\/wp\/v2\/pages\/2033\/revisions"}],"predecessor-version":[{"id":2686,"href":"https:\/\/lyfx.ai\/de\/wp-json\/wp\/v2\/pages\/2033\/revisions\/2686"}],"wp:attachment":[{"href":"https:\/\/lyfx.ai\/de\/wp-json\/wp\/v2\/media?parent=2033"}],"curies":[{"name":"wp","href":"https:\/\/api.w.org\/{rel}","templated":true}]}}