{"id":1844,"date":"2025-03-24T14:45:52","date_gmt":"2025-03-24T13:45:52","guid":{"rendered":"https:\/\/lyfx.ai\/?page_id=1844"},"modified":"2025-07-12T22:54:21","modified_gmt":"2025-07-12T20:54:21","slug":"carbon-credits","status":"publish","type":"page","link":"https:\/\/lyfx.ai\/de\/carbon-credits\/","title":{"rendered":"Emissionsgutschriften"},"content":{"rendered":"<div class=\"wp-block-uagb-container uagb-block-8b781be5 alignfull uagb-is-root-container\">\n<div style=\"height:70px\" aria-hidden=\"true\" class=\"wp-block-spacer\"><\/div>\n\n\n\n<div class=\"wp-block-cover\" style=\"min-height:430px;aspect-ratio:unset;\"><img loading=\"lazy\" decoding=\"async\" width=\"1024\" height=\"288\" class=\"wp-block-cover__image-background wp-image-2497 size-large\" alt=\"\" src=\"http:\/\/lyfx.ai\/wp-content\/uploads\/2025\/07\/lyfX-Herobild-Team-1024x288.png\" data-object-fit=\"cover\" srcset=\"https:\/\/lyfx.ai\/wp-content\/uploads\/2025\/07\/lyfX-Herobild-Team-1024x288.png 1024w, https:\/\/lyfx.ai\/wp-content\/uploads\/2025\/07\/lyfX-Herobild-Team-300x84.png 300w, https:\/\/lyfx.ai\/wp-content\/uploads\/2025\/07\/lyfX-Herobild-Team-768x216.png 768w, https:\/\/lyfx.ai\/wp-content\/uploads\/2025\/07\/lyfX-Herobild-Team-1536x432.png 1536w, https:\/\/lyfx.ai\/wp-content\/uploads\/2025\/07\/lyfX-Herobild-Team-18x5.png 18w, https:\/\/lyfx.ai\/wp-content\/uploads\/2025\/07\/lyfX-Herobild-Team.png 1920w\" sizes=\"auto, (max-width: 1024px) 100vw, 1024px\" \/><span aria-hidden=\"true\" class=\"wp-block-cover__background has-background-dim\" style=\"background-color:#1e2e56\"><\/span><div class=\"wp-block-cover__inner-container is-layout-flow wp-block-cover-is-layout-flow\">\n<h1 class=\"wp-block-heading has-text-align-left has-ast-global-color-2-color has-text-color has-link-color has-x-large-font-size wp-elements-bc2cf285ea58d7722ec25a602f417b0b\" style=\"margin-right:var(--wp--preset--spacing--50);margin-left:var(--wp--preset--spacing--50)\">Emissionsgutschriften<\/h1>\n<\/div><\/div>\n\n\n\n<div style=\"height:30px\" aria-hidden=\"true\" class=\"wp-block-spacer\"><\/div>\n<\/div>\n\n\n\n<div class=\"wp-block-uagb-container uagb-block-5a9edaca alignfull uagb-is-root-container\"><div class=\"uagb-container-inner-blocks-wrap\">\n<div class=\"wp-block-uagb-container uagb-block-fb72af9e\">\n<h3 class=\"wp-block-heading\">Entmystifizierung von Emissionsgutschriften<\/h3>\n\n\n\n<p><strong>Emissionsgutschriften sind Zertifikate, die f\u00fcr die Verringerung oder Beseitigung einer Tonne Kohlendioxid (CO2) oder des \u00c4quivalents in anderen Treibhausgasen (CO2e) stehen. <\/strong>Diese Gutschriften werden in der Regel von Unternehmen oder Einzelpersonen erworben, die ihre Kohlenstoffemissionen ausgleichen und ihre Nachhaltigkeitsbilanz verbessern wollen. Der Markt f\u00fcr Emissionsgutschriften l\u00e4sst sich grob in zwei Kategorien unterteilen: M\u00e4rkte f\u00fcr die Einhaltung von Vorschriften und freiwillige M\u00e4rkte.<\/p>\n\n\n\n<p>Die M\u00e4rkte f\u00fcr die Einhaltung der Vorschriften funktionieren im Rahmen gesetzlich vorgeschriebener Systeme, wie dem Emissionshandelssystem der Europ\u00e4ischen Union (EU ETS). Im Rahmen dieses Systems zur Begrenzung und zum Handel mit Emissionszertifikaten m\u00fcssen Gro\u00dfemittenten f\u00fcr ihre Emissionen entsprechende Zertifikate erwerben. Jedes Zertifikat erlaubt die Emission von einer Tonne CO2. Unternehmen, die weniger als die ihnen zugeteilten Zertifikate aussto\u00dfen, k\u00f6nnen den \u00dcberschuss verkaufen, w\u00e4hrend diejenigen, die ihre Grenzwerte \u00fcberschreiten, zus\u00e4tzliche Zertifikate erwerben m\u00fcssen. Die Ausgestaltung des Systems gew\u00e4hrleistet, dass die Emissionen im Einklang mit den festgelegten Klimazielen reduziert werden.<\/p>\n\n\n\n<p>Im Gegensatz zu freiwilligen M\u00e4rkten, auf denen die Unternehmen ihre eigenen Ziele festlegen, ist im EU-Emissionshandelssystem die CO2-Menge, die Branchen wie die Stromerzeugung, die Schwerindustrie (z. B. Stahl, Zement) und der Luftverkehr aussto\u00dfen d\u00fcrfen, streng geregelt. Der Handel mit Zertifikaten hilft den Unternehmen, ihre gesetzlichen Verpflichtungen auf kosteneffiziente Weise zu erf\u00fcllen.<\/p>\n\n\n\n<p>Freiwillige Kohlenstoffm\u00e4rkte (Voluntary Carbon Markets - VCM) bieten einen flexiblen, marktgesteuerten Ansatz f\u00fcr Unternehmen und Einzelpersonen, die Kohlenstoffneutralit\u00e4t anstreben oder Umweltverantwortung zeigen wollen. Anders als Compliance-M\u00e4rkte sind VCM nicht gesetzlich vorgeschrieben, sondern werden von internen Unternehmenszielen und den Erwartungen der Verbraucher bestimmt.<\/p>\n\n\n\n<p>Emissionsgutschriften im Rahmen von VCMs werden nach Rahmenwerken ausgestellt, die von Standardorganisationen wie dem Verified Carbon Standard (VCS) oder dem Gold Standard von Verra festgelegt wurden. Diese bieten strenge Rahmenbedingungen, um sicherzustellen, dass die gutgeschriebenen Emissionsreduzierungen oder -beseitigungen real, zus\u00e4tzlich, dauerhaft und genau quantifiziert sind. Zugelassene Methoden bieten Richtlinien, die auf verschiedene Projekttypen zugeschnitten sind (z. B. Aufforstung, erneuerbare Energien, industrielle Prozessverbesserungen). Jede Methode ist so strukturiert, dass eine umfassende \u00dcberwachung, Berichterstattung und \u00dcberpr\u00fcfung der Emissionsreduzierungen gew\u00e4hrleistet ist.<\/p>\n\n\n\n<p>Die Integrit\u00e4t von Emissionsgutschriften h\u00e4ngt in hohem Ma\u00dfe von Daten ab - ihrer Qualit\u00e4t, Zuverl\u00e4ssigkeit und Transparenz. Eine genaue und konsistente Datenerhebung ist unerl\u00e4sslich, um glaubw\u00fcrdige Ausgangswerte festzulegen, Reduktionen zu \u00fcberpr\u00fcfen und sicherzustellen, dass die Gutschriften tats\u00e4chlich die beabsichtigten Umweltvorteile widerspiegeln.<\/p>\n\n\n\n<p>Gutschriften k\u00f6nnen auf internationalen M\u00e4rkten gekauft und verkauft werden, wobei die Preise h\u00e4ufig von Angebot, Nachfrage und wahrgenommener Glaubw\u00fcrdigkeit beeinflusst werden. VCMs erm\u00f6glichen die Anrechnung einer breiteren Palette von Aktivit\u00e4ten, einschlie\u00dflich naturbasierter L\u00f6sungen, technologischer Innovationen und industrieller Verbesserungen.<\/p>\n\n\n\n<p>Ein wichtiger Aspekt der Erzeugung von Emissionsgutschriften ist die Zus\u00e4tzlichkeit. Damit ein Projekt f\u00fcr Emissionsgutschriften in Frage kommt, muss es nachweisen, dass die Emissionsreduzierung ohne die Durchf\u00fchrung des Projekts nicht stattgefunden h\u00e4tte. Dazu muss nachgewiesen werden, dass das Projekt auf finanzielle, technische oder marktbedingte Hindernisse st\u00f6\u00dft, die seine Durchf\u00fchrung unter normalen Umst\u00e4nden verhindern.<\/p>\n\n\n\n<p>W\u00e4hrend finanzielle Hindernisse \u00fcblicherweise f\u00fcr den Nachweis der Zus\u00e4tzlichkeit herangezogen werden, k\u00f6nnen auch nicht-finanzielle Hindernisse wie Marktwiderstand, regulatorische Herausforderungen oder mangelnde Vertrautheit mit neuen Technologien eine Rolle spielen. Der Nachweis der Zus\u00e4tzlichkeit ist entscheidend, um die Glaubw\u00fcrdigkeit und Integrit\u00e4t von Emissionsgutschriften zu gew\u00e4hrleisten.<\/p>\n\n\n\n<h4 class=\"wp-block-heading\"><strong>Kosten und Zeitplan<\/strong><\/h4>\n\n\n\n<p>Zu den Kosten, die mit der Entwicklung von Projekten f\u00fcr freiwillige M\u00e4rkte verbunden sind, geh\u00f6ren die Anpassung bestehender oder die Entwicklung neuer Methoden, die Validierung durch Drittorganisationen und die Registrierung von Projekten bei Standardorganisationen. Zus\u00e4tzliche Kosten entstehen durch laufende \u00dcberwachungs- und Verifizierungsaktivit\u00e4ten sowie durch Verwaltungsgeb\u00fchren, die an Standardorganisationen wie Verra oder Gold Standard gezahlt werden.<\/p>\n\n\n\n<p>Der Zeitplan f\u00fcr die Entwicklung und Registrierung eines Projekts h\u00e4ngt davon ab, ob eine bestehende Methodik angepasst oder eine neue erstellt wird. Im Allgemeinen kann dieser Prozess zwischen 12 und 24 Monaten dauern, von der Entwicklung der Methodik bis zur Projektregistrierung und Kreditvergabe.<\/p>\n\n\n\n<p>(<em>KI-generierte Inhalte<\/em>)<\/p>\n\n\n\n<hr class=\"wp-block-separator has-text-color has-ast-global-color-2-color has-alpha-channel-opacity has-ast-global-color-2-background-color has-background is-style-wide\"\/>\n\n\n\n<h3 class=\"wp-block-heading\">Mehr<\/h3>\n\n\n\n<p>Brauchen Sie Hilfe bei der Nutzung von Emissionsgutschriften? Wir haben das Fachwissen, die Datenkenntnisse und das Netzwerk, um Sie zu beraten. Kontaktieren Sie uns, um loszulegen.<\/p>\n\n\n\n<ul class=\"wp-block-list\">\n<li><a href=\"mailto: info@lyfx.ai\">Kontakt<\/a><\/li>\n\n\n\n<li><a href=\"https:\/\/lyfx.ai\/de\/carbon-credits\/\">Entmystifizierung von Emissionsgutschriften<\/a><\/li>\n\n\n\n<li><a href=\"https:\/\/lyfx.ai\/de\/carbon-credits-glossary\/\">Glossar der Kohlenstoffkredite<\/a><\/li>\n\n\n\n<li>AI-f\u00e4higer Carbon Credits-Rechner<\/li>\n<\/ul>\n<\/div>\n<\/div><\/div>\n\n\n\n<p><\/p>","protected":false},"excerpt":{"rendered":"<p>Demystifying Carbon Credits Carbon credits are certificates representing the reduction or removal of one metric ton of carbon dioxide (CO2) or its equivalent in other greenhouse gases (CO2e). These credits are typically purchased by companies or individuals looking to offset their carbon emissions and enhance their sustainability credentials. The carbon credit market is broadly divided [&hellip;]<\/p>\n","protected":false},"author":1,"featured_media":0,"parent":0,"menu_order":0,"comment_status":"closed","ping_status":"closed","template":"","meta":{"_uag_custom_page_level_css":"","site-sidebar-layout":"no-sidebar","site-content-layout":"page-builder","ast-site-content-layout":"full-width-container","site-content-style":"unboxed","site-sidebar-style":"unboxed","ast-global-header-display":"","ast-banner-title-visibility":"","ast-main-header-display":"","ast-hfb-above-header-display":"","ast-hfb-below-header-display":"","ast-hfb-mobile-header-display":"","site-post-title":"disabled","ast-breadcrumbs-content":"","ast-featured-img":"disabled","footer-sml-layout":"","ast-disable-related-posts":"","theme-transparent-header-meta":"enabled","adv-header-id-meta":"","stick-header-meta":"","header-above-stick-meta":"","header-main-stick-meta":"","header-below-stick-meta":"","astra-migrate-meta-layouts":"set","ast-page-background-enabled":"default","ast-page-background-meta":{"desktop":{"background-color":"var(--ast-global-color-4)","background-image":"","background-repeat":"repeat","background-position":"center center","background-size":"auto","background-attachment":"scroll","background-type":"","background-media":"","overlay-type":"","overlay-color":"","overlay-opacity":"","overlay-gradient":""},"tablet":{"background-color":"","background-image":"","background-repeat":"repeat","background-position":"center center","background-size":"auto","background-attachment":"scroll","background-type":"","background-media":"","overlay-type":"","overlay-color":"","overlay-opacity":"","overlay-gradient":""},"mobile":{"background-color":"","background-image":"","background-repeat":"repeat","background-position":"center center","background-size":"auto","background-attachment":"scroll","background-type":"","background-media":"","overlay-type":"","overlay-color":"","overlay-opacity":"","overlay-gradient":""}},"ast-content-background-meta":{"desktop":{"background-color":"var(--ast-global-color-5)","background-image":"","background-repeat":"repeat","background-position":"center center","background-size":"auto","background-attachment":"scroll","background-type":"","background-media":"","overlay-type":"","overlay-color":"","overlay-opacity":"","overlay-gradient":""},"tablet":{"background-color":"var(--ast-global-color-5)","background-image":"","background-repeat":"repeat","background-position":"center center","background-size":"auto","background-attachment":"scroll","background-type":"","background-media":"","overlay-type":"","overlay-color":"","overlay-opacity":"","overlay-gradient":""},"mobile":{"background-color":"var(--ast-global-color-5)","background-image":"","background-repeat":"repeat","background-position":"center center","background-size":"auto","background-attachment":"scroll","background-type":"","background-media":"","overlay-type":"","overlay-color":"","overlay-opacity":"","overlay-gradient":""}},"footnotes":""},"class_list":["post-1844","page","type-page","status-publish","hentry"],"aioseo_notices":[],"uagb_featured_image_src":{"full":false,"thumbnail":false,"medium":false,"medium_large":false,"large":false,"1536x1536":false,"2048x2048":false,"trp-custom-language-flag":false},"uagb_author_info":{"display_name":"Andre Moreira","author_link":"https:\/\/lyfx.ai\/de\/author\/amoreira\/"},"uagb_comment_info":0,"uagb_excerpt":"Demystifying Carbon Credits Carbon credits are certificates representing the reduction or removal of one metric ton of carbon dioxide (CO2) or its equivalent in other greenhouse gases (CO2e). These credits are typically purchased by companies or individuals looking to offset their carbon emissions and enhance their sustainability credentials. The carbon credit market is broadly divided&hellip;","_links":{"self":[{"href":"https:\/\/lyfx.ai\/de\/wp-json\/wp\/v2\/pages\/1844","targetHints":{"allow":["GET"]}}],"collection":[{"href":"https:\/\/lyfx.ai\/de\/wp-json\/wp\/v2\/pages"}],"about":[{"href":"https:\/\/lyfx.ai\/de\/wp-json\/wp\/v2\/types\/page"}],"author":[{"embeddable":true,"href":"https:\/\/lyfx.ai\/de\/wp-json\/wp\/v2\/users\/1"}],"replies":[{"embeddable":true,"href":"https:\/\/lyfx.ai\/de\/wp-json\/wp\/v2\/comments?post=1844"}],"version-history":[{"count":9,"href":"https:\/\/lyfx.ai\/de\/wp-json\/wp\/v2\/pages\/1844\/revisions"}],"predecessor-version":[{"id":2683,"href":"https:\/\/lyfx.ai\/de\/wp-json\/wp\/v2\/pages\/1844\/revisions\/2683"}],"wp:attachment":[{"href":"https:\/\/lyfx.ai\/de\/wp-json\/wp\/v2\/media?parent=1844"}],"curies":[{"name":"wp","href":"https:\/\/api.w.org\/{rel}","templated":true}]}}