{"id":930,"date":"2024-02-16T12:23:57","date_gmt":"2024-02-16T11:23:57","guid":{"rendered":"http:\/\/lyfx.ai\/?page_id=930"},"modified":"2026-02-10T08:54:39","modified_gmt":"2026-02-10T07:54:39","slug":"references","status":"publish","type":"page","link":"http:\/\/lyfx.ai\/es\/references\/","title":{"rendered":"Casos de \u00e9xito"},"content":{"rendered":"<div class=\"wp-block-uagb-container uagb-block-006fd12b alignfull uagb-is-root-container\">\n<div style=\"height:50px\" aria-hidden=\"true\" class=\"wp-block-spacer\"><\/div>\n\n\n\n<div class=\"wp-block-cover has-ast-global-color-7-color has-text-color has-link-color wp-elements-efc0a888e03872c7f15323ace93457a6\"><img loading=\"lazy\" decoding=\"async\" width=\"1024\" height=\"288\" class=\"wp-block-cover__image-background wp-image-2500 size-large\" alt=\"\" src=\"http:\/\/lyfx.ai\/wp-content\/uploads\/2025\/07\/lyfX-Herobild-Ressourcen-1024x288.png\" style=\"object-position:10% 50%\" data-object-fit=\"cover\" data-object-position=\"10% 50%\" srcset=\"http:\/\/lyfx.ai\/wp-content\/uploads\/2025\/07\/lyfX-Herobild-Ressourcen-1024x288.png 1024w, http:\/\/lyfx.ai\/wp-content\/uploads\/2025\/07\/lyfX-Herobild-Ressourcen-300x84.png 300w, http:\/\/lyfx.ai\/wp-content\/uploads\/2025\/07\/lyfX-Herobild-Ressourcen-768x216.png 768w, http:\/\/lyfx.ai\/wp-content\/uploads\/2025\/07\/lyfX-Herobild-Ressourcen-1536x432.png 1536w, http:\/\/lyfx.ai\/wp-content\/uploads\/2025\/07\/lyfX-Herobild-Ressourcen-18x5.png 18w, http:\/\/lyfx.ai\/wp-content\/uploads\/2025\/07\/lyfX-Herobild-Ressourcen.png 1920w\" sizes=\"auto, (max-width: 1024px) 100vw, 1024px\" \/><span aria-hidden=\"true\" class=\"wp-block-cover__background has-background-dim-0 has-background-dim\" style=\"background-color:#485165\"><\/span><div class=\"wp-block-cover__inner-container is-layout-flow wp-block-cover-is-layout-flow\">\n<h1 class=\"wp-block-heading has-text-align-left has-ast-global-color-7-color has-text-color has-link-color has-x-large-font-size wp-elements-f78632377e884b8d492a87e7f7cb442e\" style=\"margin-right:var(--wp--preset--spacing--50);margin-left:var(--wp--preset--spacing--50)\">Casos de \u00e9xito<\/h1>\n<\/div><\/div>\n\n\n\n<div style=\"height:30px\" aria-hidden=\"true\" class=\"wp-block-spacer\"><\/div>\n<\/div>\n\n\n\n<div class=\"wp-block-uagb-container uagb-block-c87932e0 alignfull uagb-is-root-container\"><div class=\"uagb-container-inner-blocks-wrap\">\n<div style=\"height:40px\" aria-hidden=\"true\" class=\"wp-block-spacer\"><\/div>\n\n\n\n<div class=\"wp-block-uagb-testimonial uagb-slick-carousel uagb-tm__arrow-outside uagb-block-05f3274f\"><div class=\"is-carousel uagb-tm__columns-1 uagb-tm__items\"><div class=\"uagb-testimonial__wrap  uagb-tm__imgicon-style-circle uagb-tm__image-position-bottom uagb-tm__bg-type-color\"><div class=\"uagb-tm__content\"><div class=\"uagb-tm__overlay\"><\/div><div class=\"uagb-tm__text-wrap\"><div class=\"uagb-tm__desc\">Trabajar con el equipo de lyfX.ai fue una gran experiencia. El proyecto se desarroll\u00f3 sin problemas, el equipo siempre estuvo ah\u00ed para responder a nuestras preguntas y obtuvimos muchas nuevas perspectivas.<\/div><div class=\"uagb-tm__meta-inner\"><div class=\"uagb-tm__image-content\"><div class=\"uagb-tm__image\"><img decoding=\"async\" class=\"uagb-tm-img-src\" src=\"http:\/\/lyfx.ai\/wp-content\/uploads\/2024\/03\/Scott-150x150.jpeg\" alt=\"\" width=\"125\" height=\"125\" loading=\"lazy\"\/><\/div><\/div><div class=\"uagb-testimonial-details\"><span class=\"uagb-tm__author-name\">Scott Foxhoven<\/span><span class=\"uagb-tm__company\">The Mosaic Co., EE.UU.<\/span><\/div><\/div><\/div><\/div><\/div><div class=\"uagb-testimonial__wrap  uagb-tm__imgicon-style-circle uagb-tm__image-position-bottom uagb-tm__bg-type-color\"><div class=\"uagb-tm__content\"><div class=\"uagb-tm__overlay\"><\/div><div class=\"uagb-tm__text-wrap\"><div class=\"uagb-tm__desc\">Su enfoque vanguardista valid\u00f3 de forma independiente el efecto de nuestro producto y nos aport\u00f3 nuevas ideas para seguir desarroll\u00e1ndolo. Una colaboraci\u00f3n realmente valiosa.<\/div><div class=\"uagb-tm__meta-inner\"><div class=\"uagb-tm__image-content\"><div class=\"uagb-tm__image\"><img decoding=\"async\" class=\"uagb-tm-img-src\" src=\"http:\/\/lyfx.ai\/wp-content\/uploads\/2024\/02\/Ed-150x150.png\" alt=\"\" width=\"125\" height=\"125\" loading=\"lazy\"\/><\/div><\/div><div class=\"uagb-testimonial-details\"><span class=\"uagb-tm__author-name\">Edward Fuch<\/span><span class=\"uagb-tm__company\">Folium Science, Reino Unido<\/span><\/div><\/div><\/div><\/div><\/div><div class=\"uagb-testimonial__wrap  uagb-tm__imgicon-style-circle uagb-tm__image-position-bottom uagb-tm__bg-type-color\"><div class=\"uagb-tm__content\"><div class=\"uagb-tm__overlay\"><\/div><div class=\"uagb-tm__text-wrap\"><div class=\"uagb-tm__desc\">Su conocimiento de la IA y su enfoque anal\u00edtico de la resoluci\u00f3n de problemas me han ayudado a replantearme mi enfoque empresarial de la IA.<\/div><div class=\"uagb-tm__meta-inner\"><div class=\"uagb-tm__image-content\"><div class=\"uagb-tm__image\"><img decoding=\"async\" class=\"uagb-tm-img-src\" src=\"http:\/\/lyfx.ai\/wp-content\/uploads\/2024\/03\/Jez-150x150.jpeg\" alt=\"\" width=\"125\" height=\"125\" loading=\"lazy\"\/><\/div><\/div><div class=\"uagb-testimonial-details\"><span class=\"uagb-tm__author-name\">Jez (Jeremy) Lofts<\/span><span class=\"uagb-tm__company\">Oxford Strategic, Reino Unido<\/span><\/div><\/div><\/div><\/div><\/div><div class=\"uagb-testimonial__wrap  uagb-tm__imgicon-style-circle uagb-tm__image-position-bottom uagb-tm__bg-type-color\"><div class=\"uagb-tm__content\"><div class=\"uagb-tm__overlay\"><\/div><div class=\"uagb-tm__text-wrap\"><div class=\"uagb-tm__desc\">Gracias a su orientaci\u00f3n, muchos empleados ya han integrado herramientas de IA en sus flujos de trabajo, aumentando la productividad y teniendo un impacto tangible.<\/div><div class=\"uagb-tm__meta-inner\"><div class=\"uagb-tm__image-content\"><div class=\"uagb-tm__image\"><img decoding=\"async\" class=\"uagb-tm-img-src\" src=\"http:\/\/lyfx.ai\/wp-content\/uploads\/2024\/09\/Markus_Pfaender-150x150.jpeg\" alt=\"\" width=\"125\" height=\"125\" loading=\"lazy\"\/><\/div><\/div><div class=\"uagb-testimonial-details\"><span class=\"uagb-tm__author-name\">Dr. Markus Pf\u00e4nder<\/span><span class=\"uagb-tm__company\">K-UTEC Salt Technologies AG, Alemania<\/span><\/div><\/div><\/div><\/div><\/div><div class=\"uagb-testimonial__wrap  uagb-tm__imgicon-style-circle uagb-tm__image-position-bottom uagb-tm__bg-type-color\"><div class=\"uagb-tm__content\"><div class=\"uagb-tm__overlay\"><\/div><div class=\"uagb-tm__text-wrap\"><div class=\"uagb-tm__desc\">El taller sobre IA organizado por lyfX.ai fue extraordinario. Hizo reflexionar y fue muy pr\u00e1ctico, y los compa\u00f1eros se fueron con ideas pr\u00e1cticas y un conocimiento m\u00e1s profundo de c\u00f3mo utilizar la IA de forma eficaz.<\/div><div class=\"uagb-tm__meta-inner\"><div class=\"uagb-tm__image-content\"><div class=\"uagb-tm__image\"><img decoding=\"async\" class=\"uagb-tm-img-src\" src=\"http:\/\/lyfx.ai\/wp-content\/uploads\/2025\/11\/Headshot_Octavia-150x150.jpeg\" alt=\"\" width=\"125\" height=\"125\" loading=\"lazy\"\/><\/div><\/div><div class=\"uagb-testimonial-details\"><span class=\"uagb-tm__author-name\">Octavia Andersen<\/span><span class=\"uagb-tm__company\">Stardollar Partners, Reino Unido<\/span><\/div><\/div><\/div><\/div><\/div><\/div><\/div>\n\n\n\n<div style=\"height:0px\" aria-hidden=\"true\" class=\"wp-block-spacer\"><\/div>\n<\/div><\/div>\n\n\n\n<div class=\"wp-block-uagb-container uagb-block-32c6b5e1 alignfull uagb-is-root-container\"><div class=\"uagb-container-inner-blocks-wrap\">\n<h3 class=\"wp-block-heading has-text-align-center\"><a href=\"https:\/\/lyfx.ai\/es\/team\/#our_story\" target=\"_blank\" rel=\"noopener\" title=\"Equipo\">lyfX.ai: Nuestra historia<\/a><\/h3>\n\n\n\n<div style=\"height:20px\" aria-hidden=\"true\" class=\"wp-block-spacer\"><\/div>\n\n\n\n<div style=\"height:50px\" aria-hidden=\"true\" class=\"wp-block-spacer\"><\/div>\n<\/div><\/div>\n\n\n\n<div id=\"ref_AI\" class=\"wp-block-uagb-container uagb-block-659d0995 alignfull uagb-is-root-container\"><div class=\"uagb-container-inner-blocks-wrap\">\n<div class=\"wp-block-media-text is-stacked-on-mobile is-image-fill-element\" style=\"grid-template-columns:15% auto\"><figure class=\"wp-block-media-text__media\"><img loading=\"lazy\" decoding=\"async\" width=\"1024\" height=\"1024\" src=\"http:\/\/lyfx.ai\/wp-content\/uploads\/2025\/02\/CS_AI_office.jpg\" alt=\"Snapshot of successful AI integration case study with measurable outcomes.\" class=\"wp-image-1657 size-full\" style=\"object-position:50% 50%\" srcset=\"http:\/\/lyfx.ai\/wp-content\/uploads\/2025\/02\/CS_AI_office.jpg 1024w, http:\/\/lyfx.ai\/wp-content\/uploads\/2025\/02\/CS_AI_office-300x300.jpg 300w, http:\/\/lyfx.ai\/wp-content\/uploads\/2025\/02\/CS_AI_office-150x150.jpg 150w, http:\/\/lyfx.ai\/wp-content\/uploads\/2025\/02\/CS_AI_office-768x768.jpg 768w\" sizes=\"auto, (max-width: 1024px) 100vw, 1024px\" \/><\/figure><div class=\"wp-block-media-text__content\">\n<h4 class=\"wp-block-heading\"><strong>AI<\/strong> en Ingenier\u00eda de procesos<\/h4>\n\n\n\n<h3 class=\"wp-block-heading\" id=\"case-study-1\">Mejorar la eficiencia mediante la IA<\/h3>\n\n\n\n<p>Una PYME del sector de procesos quer\u00eda informes m\u00e1s r\u00e1pidos, coherentes y menos dependientes de la redacci\u00f3n repetitiva.<\/p>\n\n\n\n<p>Trabajamos codo con codo: sesiones pr\u00e1cticas de orientaci\u00f3n, herramientas ligeras que se adaptaban a su flujo de trabajo existente y apoyo de ChatGPT en los casos en que resultaba \u00fatil para algunas partes del an\u00e1lisis.<\/p>\n\n\n\n<p>Resultado: informes m\u00e1s r\u00e1pidos, resultados m\u00e1s coherentes y un equipo que se siente c\u00f3modo utilizando la IA en su trabajo diario.<\/p>\n<\/div><\/div>\n\n\n\n<div style=\"height:66px\" aria-hidden=\"true\" class=\"wp-block-spacer\"><\/div>\n<\/div><\/div>\n\n\n\n<div id=\"ref_analysis\" class=\"wp-block-uagb-container uagb-block-bb609323 alignfull uagb-is-root-container\"><div class=\"uagb-container-inner-blocks-wrap\">\n<div class=\"wp-block-media-text has-media-on-the-right is-stacked-on-mobile is-image-fill-element\" style=\"grid-template-columns:auto 15%\"><div class=\"wp-block-media-text__content\">\n<h4 class=\"wp-block-heading\">An\u00e1lisis avanzado de datos en AgTech<\/h4>\n\n\n\n<h3 class=\"wp-block-heading\" id=\"case-study-2\">Gesti\u00f3n de nutrientes basada en datos<br>Rendimientos mejorados<\/h3>\n\n\n\n<p>La pregunta: \u00bfc\u00f3mo afectan las estrategias nutricionales al rendimiento del ma\u00edz en los distintos emplazamientos y c\u00f3mo transformamos los desordenados datos de campo en decisiones?<\/p>\n\n\n\n<p>Exploramos juntos los datos, utilizamos an\u00e1lisis basados en cuartiles y modelos predictivos (incluidas redes neuronales), y acotamos las variables que realmente mueven el rendimiento.<\/p>\n\n\n\n<p>Descubrimos que el momento de aplicaci\u00f3n del f\u00f3sforo es una palanca clave e identificamos se\u00f1ales del suelo y la planta que predicen el rendimiento por encima de la media con una precisi\u00f3n 70%+, lo que permite una fertilizaci\u00f3n m\u00e1s espec\u00edfica.<\/p>\n<\/div><figure class=\"wp-block-media-text__media\"><img loading=\"lazy\" decoding=\"async\" width=\"1024\" height=\"1024\" src=\"http:\/\/lyfx.ai\/wp-content\/uploads\/2025\/02\/CS_soil.jpg\" alt=\"\" class=\"wp-image-1658 size-full\" style=\"object-position:50% 50%\" srcset=\"http:\/\/lyfx.ai\/wp-content\/uploads\/2025\/02\/CS_soil.jpg 1024w, http:\/\/lyfx.ai\/wp-content\/uploads\/2025\/02\/CS_soil-300x300.jpg 300w, http:\/\/lyfx.ai\/wp-content\/uploads\/2025\/02\/CS_soil-150x150.jpg 150w, http:\/\/lyfx.ai\/wp-content\/uploads\/2025\/02\/CS_soil-768x768.jpg 768w\" sizes=\"auto, (max-width: 1024px) 100vw, 1024px\" \/><\/figure><\/div>\n\n\n\n<div style=\"height:66px\" aria-hidden=\"true\" class=\"wp-block-spacer\"><\/div>\n<\/div><\/div>\n\n\n\n<div id=\"ref_consultancy\" class=\"wp-block-uagb-container uagb-block-8e2f98c4 alignfull uagb-is-root-container\"><div class=\"uagb-container-inner-blocks-wrap\">\n<div class=\"wp-block-media-text is-stacked-on-mobile is-image-fill-element\" style=\"grid-template-columns:15% auto\"><figure class=\"wp-block-media-text__media\"><img loading=\"lazy\" decoding=\"async\" width=\"1024\" height=\"1024\" src=\"http:\/\/lyfx.ai\/wp-content\/uploads\/2025\/02\/CS_carbon_credits.jpg\" alt=\"Image of a technician checking a product's carbon credits potential\" class=\"wp-image-1677 size-full\" style=\"object-position:50% 50%\" srcset=\"http:\/\/lyfx.ai\/wp-content\/uploads\/2025\/02\/CS_carbon_credits.jpg 1024w, http:\/\/lyfx.ai\/wp-content\/uploads\/2025\/02\/CS_carbon_credits-300x300.jpg 300w, http:\/\/lyfx.ai\/wp-content\/uploads\/2025\/02\/CS_carbon_credits-150x150.jpg 150w, http:\/\/lyfx.ai\/wp-content\/uploads\/2025\/02\/CS_carbon_credits-768x768.jpg 768w\" sizes=\"auto, (max-width: 1024px) 100vw, 1024px\" \/><\/figure><div class=\"wp-block-media-text__content\">\n<h4 class=\"wp-block-heading\">Sprint sobre la viabilidad de los cr\u00e9ditos de carbono<\/h4>\n\n\n\n<h3 class=\"wp-block-heading\">Liberar el potencial de los cr\u00e9ditos de carbono<\/h3>\n\n\n\n<p>\u00bfPodr\u00eda la sustituci\u00f3n de un fumigante con alto potencial de calentamiento atmosf\u00e9rico por una alternativa de menor impacto suponer un caso cre\u00edble de cr\u00e9ditos de carbono, y tiene sentido desde el punto de vista empresarial?<\/p>\n\n\n\n<p>Alineamos los supuestos en una fase temprana, cuantificamos las emisiones con estimaciones conservadoras y construimos un modelo financiero para someter la viabilidad a pruebas de estr\u00e9s frente a la metodolog\u00eda y las limitaciones del mercado.<\/p>\n\n\n\n<p>Resultado: un potencial de reducci\u00f3n significativo, un argumento comercial cre\u00edble y pasos claros para la validaci\u00f3n y ejecuci\u00f3n.<\/p>\n<\/div><\/div>\n\n\n\n<div style=\"height:66px\" aria-hidden=\"true\" class=\"wp-block-spacer\"><\/div>\n<\/div><\/div>\n\n\n\n<div id=\"ref_analysis\" class=\"wp-block-uagb-container uagb-block-fc64952d alignfull uagb-is-root-container\"><div class=\"uagb-container-inner-blocks-wrap\">\n<div class=\"wp-block-media-text has-media-on-the-right is-stacked-on-mobile is-image-fill-element\" style=\"grid-template-columns:auto 15%\"><div class=\"wp-block-media-text__content\">\n<h4 class=\"wp-block-heading\">An\u00e1lisis avanzado de datos en AgTech<\/h4>\n\n\n\n<h3 class=\"wp-block-heading\">Los an\u00e1lisis avanzados ayudan a los pioneros en la gesti\u00f3n sanitaria de las aves de corral<\/h3>\n\n\n\n<p>Valide de forma independiente la eficacia y comprenda los impulsores del rendimiento en distintas condiciones, bas\u00e1ndose en casi 7.000 mediciones.<\/p>\n\n\n\n<p>Combinamos estad\u00edsticas avanzadas con modelos probabil\u00edsticos para captar efectos que los an\u00e1lisis est\u00e1ndar pasan por alto, especialmente cerca de los l\u00edmites de detecci\u00f3n.<\/p>\n\n\n\n<p>Confirmamos una gran eficacia y descubrimos una mejor comprensi\u00f3n del rendimiento en escenarios de alto riesgo, reforzando la base de pruebas y dando forma a los pr\u00f3ximos ensayos.<\/p>\n<\/div><figure class=\"wp-block-media-text__media\"><img loading=\"lazy\" decoding=\"async\" width=\"1024\" height=\"1024\" src=\"http:\/\/lyfx.ai\/wp-content\/uploads\/2025\/02\/CS_poultry.jpg\" alt=\"Image of Advanced Analysis in  Poultry Health Management\" class=\"wp-image-1656 size-full\" style=\"object-position:50% 50%\" srcset=\"http:\/\/lyfx.ai\/wp-content\/uploads\/2025\/02\/CS_poultry.jpg 1024w, http:\/\/lyfx.ai\/wp-content\/uploads\/2025\/02\/CS_poultry-300x300.jpg 300w, http:\/\/lyfx.ai\/wp-content\/uploads\/2025\/02\/CS_poultry-150x150.jpg 150w, http:\/\/lyfx.ai\/wp-content\/uploads\/2025\/02\/CS_poultry-768x768.jpg 768w\" sizes=\"auto, (max-width: 1024px) 100vw, 1024px\" \/><\/figure><\/div>\n\n\n\n<div style=\"height:66px\" aria-hidden=\"true\" class=\"wp-block-spacer\"><\/div>\n<\/div><\/div>\n\n\n\n<div class=\"wp-block-uagb-container uagb-block-74367799 alignfull uagb-is-root-container\"><div class=\"uagb-container-inner-blocks-wrap\">\n<div class=\"wp-block-media-text is-stacked-on-mobile is-image-fill-element\" style=\"grid-template-columns:15% auto\"><figure class=\"wp-block-media-text__media\"><img loading=\"lazy\" decoding=\"async\" width=\"1024\" height=\"1024\" src=\"http:\/\/lyfx.ai\/wp-content\/uploads\/2025\/05\/Corn_field.jpg\" alt=\"\" class=\"wp-image-2191 size-full\" style=\"object-position:50% 50%\" srcset=\"http:\/\/lyfx.ai\/wp-content\/uploads\/2025\/05\/Corn_field.jpg 1024w, http:\/\/lyfx.ai\/wp-content\/uploads\/2025\/05\/Corn_field-300x300.jpg 300w, http:\/\/lyfx.ai\/wp-content\/uploads\/2025\/05\/Corn_field-150x150.jpg 150w, http:\/\/lyfx.ai\/wp-content\/uploads\/2025\/05\/Corn_field-768x768.jpg 768w, http:\/\/lyfx.ai\/wp-content\/uploads\/2025\/05\/Corn_field-12x12.jpg 12w\" sizes=\"auto, (max-width: 1024px) 100vw, 1024px\" \/><\/figure><div class=\"wp-block-media-text__content\">\n<h4 class=\"wp-block-heading\">An\u00e1lisis avanzado de datos en AgTech<\/h4>\n\n\n\n<h3 class=\"wp-block-heading\">Datos para mejorar el suelo<\/h3>\n\n\n\n<p>Descubra cu\u00e1ndo y d\u00f3nde funciona un mejorador del suelo, utilizando ensayos de campo a gran escala con resultados muy variables y m\u00e1s de 40 variables.<\/p>\n\n\n\n<p>Comparamos los casos \u201cbuenos\u201d con los \u201cmalos\u201d, modelizamos los impulsores de la respuesta mediante modelos de aprendizaje autom\u00e1tico e identificamos las ventanas de tasa de aplicaci\u00f3n y los efectos del tipo de suelo.<\/p>\n\n\n\n<p>El resultado fue que se pas\u00f3 de una orientaci\u00f3n \u00fanica a recomendaciones espec\u00edficas para cada lugar, lo que mejor\u00f3 la coherencia y redujo el riesgo de p\u00e9rdidas.<\/p>\n<\/div><\/div>\n\n\n\n<div style=\"height:40px\" aria-hidden=\"true\" class=\"wp-block-spacer\"><\/div>\n\n\n\n<div class=\"wp-block-uagb-buttons uagb-buttons__outer-wrap uagb-btn__default-btn uagb-btn-tablet__default-btn uagb-btn-mobile__default-btn uagb-block-a8b9c0d1\"><div class=\"uagb-buttons__wrap uagb-buttons-layout-wrap\">\n<div class=\"wp-block-uagb-buttons-child uagb-buttons__outer-wrap uagb-block-b9c0d1e2 wp-block-button\"><div class=\"uagb-button__wrapper\"><a class=\"uagb-buttons-repeater wp-block-button__link\" aria-label=\"\" href=\"https:\/\/calendly.com\/lyfx\/intro-call-lyfx\" rel=\"follow noopener\" target=\"_blank\" role=\"button\"><div class=\"uagb-button__link\">Reservar una llamada<\/div><\/a><\/div><\/div>\n\n\n\n<div class=\"wp-block-uagb-buttons-child uagb-buttons__outer-wrap uagb-block-852c97cc wp-block-button\"><div class=\"uagb-button__wrapper\"><a class=\"uagb-buttons-repeater wp-block-button__link\" aria-label=\"\" href=\"https:\/\/lyfx.ai\/es\/contact\/\" rel=\"follow noopener\" target=\"_blank\" role=\"button\"><div class=\"uagb-button__link\">Mensaje<\/div><\/a><\/div><\/div>\n<\/div><\/div>\n<\/div><\/div>\n\n\n\n<p><\/p>","protected":false},"excerpt":{"rendered":"<p>lyfX.ai: Our Story AI in Process Engineering Enhancing Efficiency Through AI A process-industry SME wanted reporting that is faster, more consistent, and less dependent on repetitive drafting. We worked side by side: hands-on prompting sessions, lightweight tooling that fit their existing workflow, and ChatGPT support where it helped with parts of the analysis. Result: faster [&hellip;]<\/p>\n","protected":false},"author":1,"featured_media":0,"parent":0,"menu_order":0,"comment_status":"closed","ping_status":"closed","template":"","meta":{"_uag_custom_page_level_css":"","site-sidebar-layout":"no-sidebar","site-content-layout":"page-builder","ast-site-content-layout":"full-width-container","site-content-style":"unboxed","site-sidebar-style":"unboxed","ast-global-header-display":"","ast-banner-title-visibility":"","ast-main-header-display":"","ast-hfb-above-header-display":"","ast-hfb-below-header-display":"","ast-hfb-mobile-header-display":"","site-post-title":"disabled","ast-breadcrumbs-content":"","ast-featured-img":"disabled","footer-sml-layout":"","ast-disable-related-posts":"","theme-transparent-header-meta":"enabled","adv-header-id-meta":"","stick-header-meta":"","header-above-stick-meta":"","header-main-stick-meta":"","header-below-stick-meta":"","astra-migrate-meta-layouts":"set","ast-page-background-enabled":"default","ast-page-background-meta":{"desktop":{"background-color":"var(--ast-global-color-4)","background-image":"","background-repeat":"repeat","background-position":"center center","background-size":"auto","background-attachment":"scroll","background-type":"","background-media":"","overlay-type":"","overlay-color":"","overlay-opacity":"","overlay-gradient":""},"tablet":{"background-color":"","background-image":"","background-repeat":"repeat","background-position":"center center","background-size":"auto","background-attachment":"scroll","background-type":"","background-media":"","overlay-type":"","overlay-color":"","overlay-opacity":"","overlay-gradient":""},"mobile":{"background-color":"","background-image":"","background-repeat":"repeat","background-position":"center center","background-size":"auto","background-attachment":"scroll","background-type":"","background-media":"","overlay-type":"","overlay-color":"","overlay-opacity":"","overlay-gradient":""}},"ast-content-background-meta":{"desktop":{"background-color":"var(--ast-global-color-5)","background-image":"","background-repeat":"repeat","background-position":"center center","background-size":"auto","background-attachment":"scroll","background-type":"","background-media":"","overlay-type":"","overlay-color":"","overlay-opacity":"","overlay-gradient":""},"tablet":{"background-color":"var(--ast-global-color-5)","background-image":"","background-repeat":"repeat","background-position":"center center","background-size":"auto","background-attachment":"scroll","background-type":"","background-media":"","overlay-type":"","overlay-color":"","overlay-opacity":"","overlay-gradient":""},"mobile":{"background-color":"var(--ast-global-color-5)","background-image":"","background-repeat":"repeat","background-position":"center center","background-size":"auto","background-attachment":"scroll","background-type":"","background-media":"","overlay-type":"","overlay-color":"","overlay-opacity":"","overlay-gradient":""}},"footnotes":""},"class_list":["post-930","page","type-page","status-publish","hentry"],"aioseo_notices":[],"uagb_featured_image_src":{"full":false,"thumbnail":false,"medium":false,"medium_large":false,"large":false,"1536x1536":false,"2048x2048":false,"trp-custom-language-flag":false},"uagb_author_info":{"display_name":"Andre Moreira","author_link":"http:\/\/lyfx.ai\/es\/author\/amoreira\/"},"uagb_comment_info":0,"uagb_excerpt":"lyfX.ai: Our Story AI in Process Engineering Enhancing Efficiency Through AI A process-industry SME wanted reporting that is faster, more consistent, and less dependent on repetitive drafting. We worked side by side: hands-on prompting sessions, lightweight tooling that fit their existing workflow, and ChatGPT support where it helped with parts of the analysis. Result: faster&hellip;","_links":{"self":[{"href":"http:\/\/lyfx.ai\/es\/wp-json\/wp\/v2\/pages\/930","targetHints":{"allow":["GET"]}}],"collection":[{"href":"http:\/\/lyfx.ai\/es\/wp-json\/wp\/v2\/pages"}],"about":[{"href":"http:\/\/lyfx.ai\/es\/wp-json\/wp\/v2\/types\/page"}],"author":[{"embeddable":true,"href":"http:\/\/lyfx.ai\/es\/wp-json\/wp\/v2\/users\/1"}],"replies":[{"embeddable":true,"href":"http:\/\/lyfx.ai\/es\/wp-json\/wp\/v2\/comments?post=930"}],"version-history":[{"count":10,"href":"http:\/\/lyfx.ai\/es\/wp-json\/wp\/v2\/pages\/930\/revisions"}],"predecessor-version":[{"id":3350,"href":"http:\/\/lyfx.ai\/es\/wp-json\/wp\/v2\/pages\/930\/revisions\/3350"}],"wp:attachment":[{"href":"http:\/\/lyfx.ai\/es\/wp-json\/wp\/v2\/media?parent=930"}],"curies":[{"name":"wp","href":"https:\/\/api.w.org\/{rel}","templated":true}]}}