{"id":2371,"date":"2025-06-05T23:26:21","date_gmt":"2025-06-05T21:26:21","guid":{"rendered":"https:\/\/lyfx.ai\/?page_id=2371"},"modified":"2026-02-10T08:47:25","modified_gmt":"2026-02-10T07:47:25","slug":"services","status":"publish","type":"page","link":"http:\/\/lyfx.ai\/es\/services\/","title":{"rendered":"Qu\u00e9 hacemos"},"content":{"rendered":"<div class=\"wp-block-uagb-container uagb-block-b7223fb6 alignfull uagb-is-root-container\">\n<div style=\"height:70px\" aria-hidden=\"true\" class=\"wp-block-spacer\"><\/div>\n\n\n\n<div class=\"wp-block-cover\"><img loading=\"lazy\" decoding=\"async\" width=\"1024\" height=\"288\" class=\"wp-block-cover__image-background wp-image-2501 size-large\" alt=\"\" src=\"http:\/\/lyfx.ai\/wp-content\/uploads\/2025\/07\/lyfX-Herobild-Dienstleistungen-1024x288.png\" data-object-fit=\"cover\" srcset=\"http:\/\/lyfx.ai\/wp-content\/uploads\/2025\/07\/lyfX-Herobild-Dienstleistungen-1024x288.png 1024w, http:\/\/lyfx.ai\/wp-content\/uploads\/2025\/07\/lyfX-Herobild-Dienstleistungen-300x84.png 300w, http:\/\/lyfx.ai\/wp-content\/uploads\/2025\/07\/lyfX-Herobild-Dienstleistungen-768x216.png 768w, http:\/\/lyfx.ai\/wp-content\/uploads\/2025\/07\/lyfX-Herobild-Dienstleistungen-1536x432.png 1536w, http:\/\/lyfx.ai\/wp-content\/uploads\/2025\/07\/lyfX-Herobild-Dienstleistungen-18x5.png 18w, http:\/\/lyfx.ai\/wp-content\/uploads\/2025\/07\/lyfX-Herobild-Dienstleistungen.png 1920w\" sizes=\"auto, (max-width: 1024px) 100vw, 1024px\" \/><span aria-hidden=\"true\" class=\"wp-block-cover__background has-background-dim-0 has-background-dim\" style=\"background-color:#182238\"><\/span><div class=\"wp-block-cover__inner-container is-layout-flow wp-block-cover-is-layout-flow\">\n<h1 class=\"wp-block-heading has-text-align-left has-ast-global-color-7-color has-text-color has-link-color has-x-large-font-size wp-elements-107514234b77e96cd9dfe737e799a796\" style=\"margin-right:var(--wp--preset--spacing--50);margin-left:var(--wp--preset--spacing--50)\">\n        Qu\u00e9 hacemos\n      <\/h1>\n<\/div><\/div>\n\n\n\n<div style=\"height:30px\" aria-hidden=\"true\" class=\"wp-block-spacer\"><\/div>\n<\/div>\n\n\n\n<div class=\"wp-block-uagb-container uagb-block-5a9edaca alignfull uagb-is-root-container\"><div class=\"uagb-container-inner-blocks-wrap\">\n<div style=\"height:40px\" aria-hidden=\"true\" class=\"wp-block-spacer\"><\/div>\n\n\n\n<h2 class=\"wp-block-heading\">Estudio de productos<\/h2>\n\n\n\n<p>\n      Desarrollamos productos de Datos e IA para empresas manufactureras. Con sus\n      validamos ideas r\u00e1pidamente, dise\u00f1amos experiencias f\u00e1ciles de usar y construimos\n      sistemas fiables que pueden entrar en producci\u00f3n.\n    <\/p>\n\n\n\n<p>\n      Combinamos estrategia, dise\u00f1o, datos e ingenier\u00eda para pasar del prototipo a la producci\u00f3n con resultados claros.\n      a la producci\u00f3n con resultados claros.\n    <\/p>\n\n\n\n<div class=\"wp-block-uagb-container uagb-block-657008e0\">\n<blockquote class=\"wp-block-quote is-layout-flow wp-block-quote-is-layout-flow\">\n<p>\n          lyfX.ai nos ha ayudado a adoptar modernas herramientas de IA en nuestro trabajo diario.\n          Muchos compa\u00f1eros utilizan estas herramientas en su trabajo diario, aumentando\n          productividad y teniendo un impacto tangible.\n        <\/p>\n\n\n\n<p class=\"has-text-align-right\">Dr. Markus Pf\u00e4nder<\/p>\n\n\n\n<p class=\"has-text-align-right\">K-UTEC AG Tecnolog\u00edas de la sal, Alemania<\/p>\n<\/blockquote>\n<\/div>\n\n\n\n<div style=\"height:50px\" aria-hidden=\"true\" class=\"wp-block-spacer\"><\/div>\n\n\n\n<div class=\"wp-block-uagb-buttons uagb-buttons__outer-wrap uagb-btn__default-btn uagb-btn-tablet__default-btn uagb-btn-mobile__default-btn uagb-block-236d6bdc\"><div class=\"uagb-buttons__wrap uagb-buttons-layout-wrap\">\n<div class=\"wp-block-uagb-buttons-child uagb-buttons__outer-wrap uagb-block-4f33a9c1 wp-block-button\"><div class=\"uagb-button__wrapper\"><a class=\"uagb-buttons-repeater wp-block-button__link\" aria-label=\"\" href=\"https:\/\/lyfx.ai\/es\/pfd-bench\/\" rel=\"follow noopener\" target=\"_blank\" role=\"button\"><div class=\"uagb-button__link\">Producto destacado: Banco PFD<\/div><\/a><\/div><\/div>\n<\/div><\/div>\n\n\n\n<div style=\"height:50px\" aria-hidden=\"true\" class=\"wp-block-spacer\"><\/div>\n\n\n\n<figure class=\"wp-block-image aligncenter size-large\"><img loading=\"lazy\" decoding=\"async\" width=\"1024\" height=\"683\" src=\"http:\/\/lyfx.ai\/wp-content\/uploads\/2025\/11\/shutterstock_2658852275-1024x683.jpg\" alt=\"Two managers discussing about a new application and its features.\" class=\"wp-image-2902\" srcset=\"http:\/\/lyfx.ai\/wp-content\/uploads\/2025\/11\/shutterstock_2658852275-1024x683.jpg 1024w, http:\/\/lyfx.ai\/wp-content\/uploads\/2025\/11\/shutterstock_2658852275-300x200.jpg 300w, http:\/\/lyfx.ai\/wp-content\/uploads\/2025\/11\/shutterstock_2658852275-768x512.jpg 768w, http:\/\/lyfx.ai\/wp-content\/uploads\/2025\/11\/shutterstock_2658852275-1536x1024.jpg 1536w, http:\/\/lyfx.ai\/wp-content\/uploads\/2025\/11\/shutterstock_2658852275-2048x1365.jpg 2048w, http:\/\/lyfx.ai\/wp-content\/uploads\/2025\/11\/shutterstock_2658852275-18x12.jpg 18w\" sizes=\"auto, (max-width: 1024px) 100vw, 1024px\" \/><\/figure>\n\n\n\n<div style=\"height:50px\" aria-hidden=\"true\" class=\"wp-block-spacer\"><\/div>\n\n\n\n<hr class=\"wp-block-separator has-text-color has-ast-global-color-1-color has-alpha-channel-opacity has-ast-global-color-1-background-color has-background is-style-wide\"\/>\n\n\n\n<div style=\"height:50px\" aria-hidden=\"true\" class=\"wp-block-spacer\"><\/div>\n\n\n\n<h2 class=\"wp-block-heading\">An\u00e1lisis de datos e IA<\/h2>\n\n\n\n<p>\n      Trabajamos con usted para evaluar y estructurar sus datos de modo que pueda confiar en ellos.\n      Despu\u00e9s los exploramos juntos para sacar a la luz patrones, crear las m\u00e9tricas adecuadas\n      y convertir la informaci\u00f3n en mejores decisiones.\n    <\/p>\n\n\n\n<p>\n      Cuando la IA tiene sentido, codesarrollamos casos de uso pr\u00e1cticos, distribuimos\n      y la integramos en los flujos de trabajo cotidianos para que se utilice.\n    <\/p>\n\n\n\n<div class=\"wp-block-uagb-container uagb-block-52c3ca14\">\n<blockquote class=\"wp-block-quote is-layout-flow wp-block-quote-is-layout-flow\">\n<p>\n          Trabajar con el equipo de lyfX.ai fue una gran experiencia. El proyecto\n          siempre estaba ah\u00ed para responder a nuestras preguntas y obtuvimos muchas\n          y obtuvimos muchas ideas nuevas.\n        <\/p>\n\n\n\n<p class=\"has-text-align-right\">Doctor Scott Foxhoven<\/p>\n\n\n\n<p class=\"has-text-align-right\">The Mosaic Company, EE.UU.<\/p>\n<\/blockquote>\n<\/div>\n\n\n\n<div style=\"height:30px\" aria-hidden=\"true\" class=\"wp-block-spacer\"><\/div>\n\n\n\n<figure class=\"wp-block-image aligncenter size-large\"><img loading=\"lazy\" decoding=\"async\" width=\"1024\" height=\"576\" src=\"http:\/\/lyfx.ai\/wp-content\/uploads\/2025\/06\/shutterstock_1361025671-1024x576.jpg\" alt=\"Scientist in a analytical lab collecting data for analysis.\" class=\"wp-image-2404\" srcset=\"http:\/\/lyfx.ai\/wp-content\/uploads\/2025\/06\/shutterstock_1361025671-1024x576.jpg 1024w, http:\/\/lyfx.ai\/wp-content\/uploads\/2025\/06\/shutterstock_1361025671-300x169.jpg 300w, http:\/\/lyfx.ai\/wp-content\/uploads\/2025\/06\/shutterstock_1361025671-768x432.jpg 768w, http:\/\/lyfx.ai\/wp-content\/uploads\/2025\/06\/shutterstock_1361025671-1536x864.jpg 1536w, http:\/\/lyfx.ai\/wp-content\/uploads\/2025\/06\/shutterstock_1361025671-2048x1152.jpg 2048w, http:\/\/lyfx.ai\/wp-content\/uploads\/2025\/06\/shutterstock_1361025671-18x10.jpg 18w\" sizes=\"auto, (max-width: 1024px) 100vw, 1024px\" \/><\/figure>\n\n\n\n<div style=\"height:50px\" aria-hidden=\"true\" class=\"wp-block-spacer\"><\/div>\n\n\n\n<hr class=\"wp-block-separator has-text-color has-ast-global-color-1-color has-alpha-channel-opacity has-ast-global-color-1-background-color has-background is-style-wide\"\/>\n\n\n\n<div style=\"height:50px\" aria-hidden=\"true\" class=\"wp-block-spacer\"><\/div>\n\n\n\n<h2 class=\"wp-block-heading\">Talleres<\/h2>\n\n\n\n<p>\n      Como nosotros mismos creamos productos de IA, los talleres son pr\u00e1cticos: casos de uso reales, herramientas reales y resultados reales, no presentaciones de diapositivas.\n      reales, herramientas reales y resultados reales, no diapositivas.\n    <\/p>\n\n\n\n<p>\n      Trabajamos juntos a trav\u00e9s de un peque\u00f1o conjunto de flujos de trabajo concretos, desde el aviso\n      hasta la codificaci\u00f3n de agentes. Te ir\u00e1s con ejemplos pr\u00e1cticos, patrones reutilizables y\n      para aplicarlos en el trabajo diario.\n    <\/p>\n\n\n\n<div class=\"wp-block-uagb-container uagb-block-73926824\">\n<blockquote class=\"wp-block-quote is-layout-flow wp-block-quote-is-layout-flow\">\n<p>\n          El taller de IA organizado por lyfX.ai fue excepcional. Fue\n          y muy pr\u00e1ctico. Los comentarios del equipo de\n          equipo de Stardollar fue abrumadoramente positiva.\n        <\/p>\n\n\n\n<p class=\"has-text-align-right\">Octavia Andersen<\/p>\n\n\n\n<p class=\"has-text-align-right\">Stardollar Partners, Reino Unido<\/p>\n<\/blockquote>\n<\/div>\n\n\n\n<div style=\"height:30px\" aria-hidden=\"true\" class=\"wp-block-spacer\"><\/div>\n\n\n\n<figure class=\"wp-block-image aligncenter size-large\"><img loading=\"lazy\" decoding=\"async\" width=\"1024\" height=\"683\" src=\"http:\/\/lyfx.ai\/wp-content\/uploads\/2025\/06\/shutterstock_1843016377-1024x683.jpg\" alt=\"Team discussing the latest AI use cases as part of a workshop.\" class=\"wp-image-2406\" srcset=\"http:\/\/lyfx.ai\/wp-content\/uploads\/2025\/06\/shutterstock_1843016377-1024x683.jpg 1024w, http:\/\/lyfx.ai\/wp-content\/uploads\/2025\/06\/shutterstock_1843016377-300x200.jpg 300w, http:\/\/lyfx.ai\/wp-content\/uploads\/2025\/06\/shutterstock_1843016377-768x512.jpg 768w, http:\/\/lyfx.ai\/wp-content\/uploads\/2025\/06\/shutterstock_1843016377-1536x1024.jpg 1536w, http:\/\/lyfx.ai\/wp-content\/uploads\/2025\/06\/shutterstock_1843016377-2048x1365.jpg 2048w, http:\/\/lyfx.ai\/wp-content\/uploads\/2025\/06\/shutterstock_1843016377-18x12.jpg 18w\" sizes=\"auto, (max-width: 1024px) 100vw, 1024px\" \/><\/figure>\n\n\n\n<div style=\"height:50px\" aria-hidden=\"true\" class=\"wp-block-spacer\"><\/div>\n\n\n\n<hr class=\"wp-block-separator has-text-color has-ast-global-color-1-color has-alpha-channel-opacity has-ast-global-color-1-background-color has-background is-style-wide\"\/>\n\n\n\n<div style=\"height:50px\" aria-hidden=\"true\" class=\"wp-block-spacer\"><\/div>\n\n\n\n<h2 class=\"wp-block-heading\">Hablemos<\/h2>\n\n\n\n<p>\u00bfQuieres que exploremos juntos un caso de uso o simplemente ver si encaja? Concierta una breve llamada. Sin compromiso, sin diapositivas. <\/p>\n\n\n\n<div style=\"height:20px\" aria-hidden=\"true\" class=\"wp-block-spacer\"><\/div>\n\n\n\n<div class=\"wp-block-uagb-buttons uagb-buttons__outer-wrap uagb-btn__default-btn uagb-btn-tablet__default-btn uagb-btn-mobile__default-btn uagb-block-a8b9c0d1\"><div class=\"uagb-buttons__wrap uagb-buttons-layout-wrap\">\n<div class=\"wp-block-uagb-buttons-child uagb-buttons__outer-wrap uagb-block-b9c0d1e2 wp-block-button\"><div class=\"uagb-button__wrapper\"><a class=\"uagb-buttons-repeater wp-block-button__link\" aria-label=\"\" href=\"https:\/\/calendly.com\/lyfx\/intro-call-lyfx\" rel=\"follow noopener\" target=\"_blank\" role=\"button\"><div class=\"uagb-button__link\">Reservar una llamada<\/div><\/a><\/div><\/div>\n\n\n\n<div class=\"wp-block-uagb-buttons-child uagb-buttons__outer-wrap uagb-block-852c97cc wp-block-button\"><div class=\"uagb-button__wrapper\"><a class=\"uagb-buttons-repeater wp-block-button__link\" aria-label=\"\" href=\"https:\/\/lyfx.ai\/es\/contact\/\" rel=\"follow noopener\" target=\"_blank\" role=\"button\"><div class=\"uagb-button__link\">Mensaje<\/div><\/a><\/div><\/div>\n<\/div><\/div>\n<\/div><\/div>\n\n\n\n<p><\/p>","protected":false},"excerpt":{"rendered":"<p>Product Studio We develop Data and AI products for manufacturing companies. With your users, we validate ideas fast, design user-friendly experiences, and build reliable systems that can go live in production. We combine strategy, design, data, and engineering to move from prototype to production with clear outcomes. lyfX.ai has been helping us adopt modern AI [&hellip;]<\/p>\n","protected":false},"author":1,"featured_media":0,"parent":0,"menu_order":0,"comment_status":"closed","ping_status":"closed","template":"","meta":{"_uag_custom_page_level_css":"","site-sidebar-layout":"no-sidebar","site-content-layout":"page-builder","ast-site-content-layout":"full-width-container","site-content-style":"unboxed","site-sidebar-style":"unboxed","ast-global-header-display":"","ast-banner-title-visibility":"","ast-main-header-display":"","ast-hfb-above-header-display":"","ast-hfb-below-header-display":"","ast-hfb-mobile-header-display":"","site-post-title":"disabled","ast-breadcrumbs-content":"","ast-featured-img":"disabled","footer-sml-layout":"","ast-disable-related-posts":"","theme-transparent-header-meta":"enabled","adv-header-id-meta":"","stick-header-meta":"","header-above-stick-meta":"","header-main-stick-meta":"","header-below-stick-meta":"","astra-migrate-meta-layouts":"set","ast-page-background-enabled":"default","ast-page-background-meta":{"desktop":{"background-color":"var(--ast-global-color-4)","background-image":"","background-repeat":"repeat","background-position":"center center","background-size":"auto","background-attachment":"scroll","background-type":"","background-media":"","overlay-type":"","overlay-color":"","overlay-opacity":"","overlay-gradient":""},"tablet":{"background-color":"","background-image":"","background-repeat":"repeat","background-position":"center center","background-size":"auto","background-attachment":"scroll","background-type":"","background-media":"","overlay-type":"","overlay-color":"","overlay-opacity":"","overlay-gradient":""},"mobile":{"background-color":"","background-image":"","background-repeat":"repeat","background-position":"center center","background-size":"auto","background-attachment":"scroll","background-type":"","background-media":"","overlay-type":"","overlay-color":"","overlay-opacity":"","overlay-gradient":""}},"ast-content-background-meta":{"desktop":{"background-color":"var(--ast-global-color-5)","background-image":"","background-repeat":"repeat","background-position":"center center","background-size":"auto","background-attachment":"scroll","background-type":"","background-media":"","overlay-type":"","overlay-color":"","overlay-opacity":"","overlay-gradient":""},"tablet":{"background-color":"var(--ast-global-color-5)","background-image":"","background-repeat":"repeat","background-position":"center center","background-size":"auto","background-attachment":"scroll","background-type":"","background-media":"","overlay-type":"","overlay-color":"","overlay-opacity":"","overlay-gradient":""},"mobile":{"background-color":"var(--ast-global-color-5)","background-image":"","background-repeat":"repeat","background-position":"center center","background-size":"auto","background-attachment":"scroll","background-type":"","background-media":"","overlay-type":"","overlay-color":"","overlay-opacity":"","overlay-gradient":""}},"footnotes":""},"class_list":["post-2371","page","type-page","status-publish","hentry"],"aioseo_notices":[],"uagb_featured_image_src":{"full":false,"thumbnail":false,"medium":false,"medium_large":false,"large":false,"1536x1536":false,"2048x2048":false,"trp-custom-language-flag":false},"uagb_author_info":{"display_name":"Andre Moreira","author_link":"http:\/\/lyfx.ai\/es\/author\/amoreira\/"},"uagb_comment_info":0,"uagb_excerpt":"Product Studio We develop Data and AI products for manufacturing companies. With your users, we validate ideas fast, design user-friendly experiences, and build reliable systems that can go live in production. We combine strategy, design, data, and engineering to move from prototype to production with clear outcomes. lyfX.ai has been helping us adopt modern AI&hellip;","_links":{"self":[{"href":"http:\/\/lyfx.ai\/es\/wp-json\/wp\/v2\/pages\/2371","targetHints":{"allow":["GET"]}}],"collection":[{"href":"http:\/\/lyfx.ai\/es\/wp-json\/wp\/v2\/pages"}],"about":[{"href":"http:\/\/lyfx.ai\/es\/wp-json\/wp\/v2\/types\/page"}],"author":[{"embeddable":true,"href":"http:\/\/lyfx.ai\/es\/wp-json\/wp\/v2\/users\/1"}],"replies":[{"embeddable":true,"href":"http:\/\/lyfx.ai\/es\/wp-json\/wp\/v2\/comments?post=2371"}],"version-history":[{"count":9,"href":"http:\/\/lyfx.ai\/es\/wp-json\/wp\/v2\/pages\/2371\/revisions"}],"predecessor-version":[{"id":3346,"href":"http:\/\/lyfx.ai\/es\/wp-json\/wp\/v2\/pages\/2371\/revisions\/3346"}],"wp:attachment":[{"href":"http:\/\/lyfx.ai\/es\/wp-json\/wp\/v2\/media?parent=2371"}],"curies":[{"name":"wp","href":"https:\/\/api.w.org\/{rel}","templated":true}]}}